{"id":978,"date":"2016-01-31T14:18:19","date_gmt":"2016-01-31T12:18:19","guid":{"rendered":"http:\/\/archeol.sav.sk\/?page_id=978"},"modified":"2016-01-31T14:33:14","modified_gmt":"2016-01-31T12:33:14","slug":"978-2","status":"publish","type":"page","link":"https:\/\/archeol.sav.sk\/index.php\/sk\/978-2\/","title":{"rendered":"Bojn\u00e1"},"content":{"rendered":"<p>Realiz\u00e1cia v\u00fdskumu: PhDr. Karol Pieta, DrSc., Mgr. Miriam Jakub\u010dinov\u00e1, Dr. Zbigniew Robak, Mgr. Tereza Vang\u013eov\u00e1<\/p>\n<p>Technick\u00e1 spolupr\u00e1ca: \u0160tefan Hritz<\/p>\n<p>Rok v\u00fdskumu: 2015<\/p>\n<p>Druh v\u00fdskumu: systematick\u00fd, pre vedeck\u00e9 a dokumenta\u010dn\u00e9 \u00fa\u010dely<\/p>\n<p>Druh n\u00e1leziska: s\u00fastava hrad\u00edsk<\/p>\n<p>Datovanie: v\u010dasn\u00fd stredovek (7.-10. storo\u010die)<\/p>\n<figure id=\"attachment_982\" aria-describedby=\"caption-attachment-982\" style=\"width: 290px\" class=\"wp-caption alignright\"><img decoding=\"async\" loading=\"lazy\" class=\"wp-image-982 size-medium\" src=\"http:\/\/archeol.sav.sk\/files\/Bojn\u00e1-015_2-300x225.jpg\" alt=\"Bojn\u00e1 015_2\" width=\"300\" height=\"225\" srcset=\"https:\/\/archeol.sav.sk\/files\/Bojn\u00e1-015_2-300x225.jpg 300w, https:\/\/archeol.sav.sk\/files\/Bojn\u00e1-015_2-768x576.jpg 768w, https:\/\/archeol.sav.sk\/files\/Bojn\u00e1-015_2-1024x768.jpg 1024w\" sizes=\"(max-width: 300px) 100vw, 300px\" \/><figcaption id=\"caption-attachment-982\" class=\"wp-caption-text\">Severn\u00e9 kr\u00eddlo br\u00e1ny po\u010das pamiatkovej \u00fapravy (Foto: K. Pieta)<\/figcaption><\/figure>\n<p>Na hradisku Bojn\u00e1 I \u2013 Valy sa v\u00a0roku 2015 v\u00a0r\u00e1mci projektu APVV-14-0842 sk\u00famali detaily v\u00fdchodnej br\u00e1ny, kde sa zistil priebeh \u010dela hradby a\u00a0profil priekopy pred ju\u017en\u00fdm kr\u00eddlom. V\u00a0r\u00e1mci statick\u00e9ho\u00a0 zabezpe\u010denia telesa severn\u00e9ho kr\u00eddla tejto br\u00e1ny sa zrekon\u0161truoval priebeh vn\u00fatornej drevenej v\u00fdstu\u017ee spojenej ko\u0161inov\u00fdm v\u00fdpletom.<\/p>\n<p>V\u00fdskum z\u00e1padn\u00e9ho valu doplnil rez vonkaj\u0161ej \u010dasti n\u00e1sypu, ktor\u00fd zachytil priebeh priekopy, z\u00e1klad kamennej plenty, podporn\u00e9 m\u00fariky a\u00a0kolov\u00e9 jamy z\u00e1kladnej sch\u00e9my stavebn\u00e9ho rie\u0161enia n\u00e1sypu. Na z\u00e1klade t\u00fdchto zvisl\u00fdch prvkov sa za\u010dalo s\u00a0experiment\u00e1lnou hmotovou rekon\u0161trukciou vn\u00fatorn\u00fdch \u010dast\u00ed komory valu.<\/p>\n<p>V\u00a0r\u00e1mci vn\u00fatorn\u00e9ho are\u00e1lu sa presk\u00famala ve\u013ek\u00e1 kov\u00e1\u010dska diel\u0148a na z\u00e1padnom predhrad\u00ed a\u00a0 v\u00a0strede plochy opevnenia\u00a0 sa zistili \u010fal\u0161ie hospod\u00e1rske objekty a jedna zemnica.<\/p>\n<p>Ter\u00e9nne \u00fapravy a\u00a0rekon\u0161trukcie na hradisku Bojn\u00e1 I \u2013 Valy\u00a0 okrem ich experiment\u00e1lnej odbornej hodnoty sl\u00fa\u017eia\u00a0 spolu s\u00a0miestnym M\u00fazeom Ve\u013ekej Moravy na prezent\u00e1ciu lokality pre n\u00e1v\u0161tevn\u00edkov. Na hradisku Valy sa uskuto\u010dnil tret\u00ed ro\u010dn\u00edk Cyrilo-metodsk\u00fdch sl\u00e1vnost\u00ed za hojnej \u00fa\u010dasti verejnosti.<\/p>\n<p>&nbsp;<\/p>\n<p>Na hradisku Bojn\u00e1 III syst\u00e9m opevnenia podstatne doplnilo sn\u00edmkovanie LIDAR-om. Preverili sa novo zisten\u00e9\u00a0 valy a\u00a0priekopy a\u00a0orienta\u010dn\u00fdmi rezmi sa z\u00edskali vzorky pre datovanie a\u00a0inform\u00e1cie o\u00a0kon\u0161trukcii opevnen\u00ed.<\/p>\n<p>&nbsp;<\/p>\n<h4>Literat\u00fara:<\/h4>\n<p>Pieta\/Z. Robak (ed.): Bojn\u00e1 2. Nov\u00e9 v\u00fdsledky v\u00fdskumov v\u010dasnostredovek\u00fdch hrad\u00edsk. Archaeologica Slovaca Monographiae Studia Instituti Archaeologici Nitriensis Academiae Scientiarum Slovacae Tomus XXVII, Nitra 2015. Monografia.<\/p>\n<p>&nbsp;<\/p>\n<h4>Autorizovan\u00e9 kapitoly, t\u00fdkaj\u00face sa v\u00fdskumu Bojn\u00e1:<\/h4>\n<ol start=\"2013\">\n<li>Pieta: V\u010dasnostredovek\u00e9 mocensk\u00e9 centrum Bojn\u00e1 \u2013 v\u00fdskumy v rokoch 2007-2013.<\/li>\n<\/ol>\n<p>Fr\u00fchmittelalterliches Machtzentrum Bojn\u00e1 \u2013 Ausgrabungen in den Jahren 2007-2013.<\/p>\n<ol>\n<li>Robak: K ot\u00e1zke po\u010diatkov v\u010dasnostredovek\u00e9ho os\u00eddlenia Bojnej. On the question of beginning of the early medieval settlement at Bojn\u00e1.<\/li>\n<li>Jakub\u010dinov\u00e1 \u2014 T. Vang\u013eov\u00e1: Pr\u00edspevok k vn\u00fatornej z\u00e1stavbe hradiska Bojn\u00e1 I-Valy. Beitrag zur Bauweise des Burgwalls Bojn\u00e1 I \u2013 Valy.<\/li>\n<li>Jakub\u010dinov\u00e1 Ostrohy s h\u00e1\u010dikmi z\u00a0Bojnej. Hakensporen aus Bojn\u00e1.<\/li>\n<li>Ruttkay: Vyu\u017eitie leteckej prospekcie a\u00a0skenovania pri v\u00fdskume hrad\u00edsk a\u00a0ich z\u00e1zemia na z\u00e1padnom Slovensku. Die Nutzung der Luftbildaufnahmen und -scanning bei der Erforschung der Burgw\u00e4lle und ihres Hinterlandes in der Westslowakei.<\/li>\n<li>Henning, \u2013 K.-U. Heussner &#8211; K. Pieta &#8211; M. Ruttkay: Bojn\u00e1 a datovanie hrad\u00edsk Nitrianskeho knie\u017eatstva. Pr\u00ednos pr\u00edrodovedn\u00fdch met\u00f3d k archerologick\u00e9mu v\u00fdskumu.\u00a0Bojn\u00e1 und die Datierung fr\u00fchmittelalterlicher Burgw\u00e4lle im Nitraer F\u00fcrstentum. Beitrag der naturwissenschaftlichen Methoden zur arch\u00e4ologischen Forschung<\/li>\n<\/ol>\n<p>&nbsp;<\/p>\n<figure id=\"attachment_984\" aria-describedby=\"caption-attachment-984\" style=\"width: 290px\" class=\"wp-caption alignnone\"><a href=\"http:\/\/archeol.sav.sk\/files\/Bojn\u00e1-015_1.jpg\"><img decoding=\"async\" loading=\"lazy\" class=\"wp-image-984 size-medium\" src=\"http:\/\/archeol.sav.sk\/files\/Bojn\u00e1-015_1-300x225.jpg\" alt=\"Bojn\u00e1 015_1\" width=\"300\" height=\"225\" srcset=\"https:\/\/archeol.sav.sk\/files\/Bojn\u00e1-015_1-300x225.jpg 300w, https:\/\/archeol.sav.sk\/files\/Bojn\u00e1-015_1-768x576.jpg 768w, https:\/\/archeol.sav.sk\/files\/Bojn\u00e1-015_1-1024x768.jpg 1024w\" sizes=\"(max-width: 300px) 100vw, 300px\" \/><\/a><figcaption id=\"caption-attachment-984\" class=\"wp-caption-text\">V\u00fdchodn\u00e1 br\u00e1na \u2013 poh\u013ead zvn\u00fatra hradiska (Foto: K. Pieta)<\/figcaption><\/figure>\n<figure id=\"attachment_986\" aria-describedby=\"caption-attachment-986\" style=\"width: 290px\" class=\"wp-caption alignnone\"><a href=\"http:\/\/archeol.sav.sk\/files\/Bojn\u00e1-015_8.jpg\"><img decoding=\"async\" loading=\"lazy\" class=\"wp-image-986 size-medium\" src=\"http:\/\/archeol.sav.sk\/files\/Bojn\u00e1-015_8-300x225.jpg\" alt=\"Bojn\u00e1 015_8\" width=\"300\" height=\"225\" srcset=\"https:\/\/archeol.sav.sk\/files\/Bojn\u00e1-015_8-300x225.jpg 300w, https:\/\/archeol.sav.sk\/files\/Bojn\u00e1-015_8-768x576.jpg 768w, https:\/\/archeol.sav.sk\/files\/Bojn\u00e1-015_8-1024x768.jpg 1024w\" sizes=\"(max-width: 300px) 100vw, 300px\" \/><\/a><figcaption id=\"caption-attachment-986\" class=\"wp-caption-text\">Stavba zemnice 3 na origin\u00e1lnych z\u00e1kladoch (Foto: K. Pieta)<\/figcaption><\/figure>\n<figure id=\"attachment_987\" aria-describedby=\"caption-attachment-987\" style=\"width: 290px\" class=\"wp-caption alignnone\"><a href=\"http:\/\/archeol.sav.sk\/files\/Bojn\u00e1-015_9.jpg\"><img decoding=\"async\" loading=\"lazy\" class=\"wp-image-987 size-medium\" src=\"http:\/\/archeol.sav.sk\/files\/Bojn\u00e1-015_9-300x225.jpg\" alt=\"Bojn\u00e1 015_9\" width=\"300\" height=\"225\" srcset=\"https:\/\/archeol.sav.sk\/files\/Bojn\u00e1-015_9-300x225.jpg 300w, https:\/\/archeol.sav.sk\/files\/Bojn\u00e1-015_9-768x576.jpg 768w, https:\/\/archeol.sav.sk\/files\/Bojn\u00e1-015_9-1024x768.jpg 1024w\" sizes=\"(max-width: 300px) 100vw, 300px\" \/><\/a><figcaption id=\"caption-attachment-987\" class=\"wp-caption-text\">V\u00fdskumn\u00e9 ter\u00e9nne pr\u00e1ce na ploche 5 (Foto. K. Pieta)<\/figcaption><\/figure>\n<figure id=\"attachment_989\" aria-describedby=\"caption-attachment-989\" style=\"width: 290px\" class=\"wp-caption alignnone\"><a href=\"http:\/\/archeol.sav.sk\/files\/Bojn\u00e1-015_11.jpg\"><img decoding=\"async\" loading=\"lazy\" class=\"wp-image-989 size-medium\" src=\"http:\/\/archeol.sav.sk\/files\/Bojn\u00e1-015_11-300x225.jpg\" alt=\"Bojn\u00e1 015_11\" width=\"300\" height=\"225\" srcset=\"https:\/\/archeol.sav.sk\/files\/Bojn\u00e1-015_11-300x225.jpg 300w, https:\/\/archeol.sav.sk\/files\/Bojn\u00e1-015_11-768x576.jpg 768w, https:\/\/archeol.sav.sk\/files\/Bojn\u00e1-015_11-1024x768.jpg 1024w\" sizes=\"(max-width: 300px) 100vw, 300px\" \/><\/a><figcaption id=\"caption-attachment-989\" class=\"wp-caption-text\">Experiment\u00e1lna archeol\u00f3gia (Foto. K. Pieta)<\/figcaption><\/figure>\n<p>&nbsp;<\/p>\n<p>&nbsp;<\/p>\n","protected":false},"excerpt":{"rendered":"<p>Realiz\u00e1cia v\u00fdskumu: PhDr. Karol Pieta, DrSc., Mgr. Miriam Jakub\u010dinov\u00e1, Dr. Zbigniew Robak, Mgr. Tereza Vang\u013eov\u00e1 Technick\u00e1 spolupr\u00e1ca: \u0160tefan Hritz Rok v\u00fdskumu: 2015 Druh v\u00fdskumu: systematick\u00fd, pre vedeck\u00e9 a dokumenta\u010dn\u00e9 \u00fa\u010dely Druh n\u00e1leziska: s\u00fastava hrad\u00edsk Datovanie: v\u010dasn\u00fd stredovek (7.-10. storo\u010die) Na hradisku Bojn\u00e1 I \u2013 Valy sa v\u00a0roku 2015 v\u00a0r\u00e1mci projektu APVV-14-0842 sk\u00famali detaily v\u00fdchodnej br\u00e1ny, &#8230; <a class=\"read-more\" href=\"https:\/\/archeol.sav.sk\/index.php\/sk\/978-2\/\">\u010c\u00edtajte viac<\/a><\/p>\n","protected":false},"author":2,"featured_media":0,"parent":0,"menu_order":0,"comment_status":"closed","ping_status":"closed","template":"","meta":[],"_links":{"self":[{"href":"https:\/\/archeol.sav.sk\/index.php\/wp-json\/wp\/v2\/pages\/978"}],"collection":[{"href":"https:\/\/archeol.sav.sk\/index.php\/wp-json\/wp\/v2\/pages"}],"about":[{"href":"https:\/\/archeol.sav.sk\/index.php\/wp-json\/wp\/v2\/types\/page"}],"author":[{"embeddable":true,"href":"https:\/\/archeol.sav.sk\/index.php\/wp-json\/wp\/v2\/users\/2"}],"replies":[{"embeddable":true,"href":"https:\/\/archeol.sav.sk\/index.php\/wp-json\/wp\/v2\/comments?post=978"}],"version-history":[{"count":4,"href":"https:\/\/archeol.sav.sk\/index.php\/wp-json\/wp\/v2\/pages\/978\/revisions"}],"predecessor-version":[{"id":990,"href":"https:\/\/archeol.sav.sk\/index.php\/wp-json\/wp\/v2\/pages\/978\/revisions\/990"}],"wp:attachment":[{"href":"https:\/\/archeol.sav.sk\/index.php\/wp-json\/wp\/v2\/media?parent=978"}],"curies":[{"name":"wp","href":"https:\/\/api.w.org\/{rel}","templated":true}]}}