{"id":96,"date":"2015-05-02T23:48:03","date_gmt":"2015-05-02T21:48:03","guid":{"rendered":"http:\/\/chcemlego.sk\/?page_id=96"},"modified":"2024-09-12T10:52:26","modified_gmt":"2024-09-12T08:52:26","slug":"kniznica","status":"publish","type":"page","link":"https:\/\/archeol.sav.sk\/index.php\/sk\/kniznica\/","title":{"rendered":"Kni\u017enica"},"content":{"rendered":"<h1>Inform\u00e1cie o kni\u017enici Archeologick\u00e9ho \u00fastavu SAV v Nitre<\/h1>\n<table border=\"0\" width=\"620\">\n<tbody>\n<tr>\n<td align=\"center\" bgcolor=\"#ffffff\" width=\"310\"><b>Adresa:<\/b><\/p>\n<p>Archeologick\u00fd \u00fastav SAV<br \/>\nAkademick\u00e1 2<br \/>\n949 21<br \/>\nNitra<\/p>\n<p>V budove n\u00e1s n\u00e1jdete na pr\u00edzem\u00ed!<\/td>\n<td align=\"center\" bgcolor=\"#ffffff\"><b>Person\u00e1lne obsadenie:<\/b><\/p>\n<p>Gabriela Holkov\u00e1, Mgr. Lucia Lieskovsk\u00e1, Vojtech Darnadi<\/p>\n<p>*<b>tel. :<\/b> 037\/6943209<br \/>\n<b>e-mail : <\/b><a href=\"mailto:gabriela.holkova@savba.sk\">gabriela.holkova@savba.sk<\/a><\/td>\n<\/tr>\n<tr>\n<td align=\"center\" bgcolor=\"#ffffff\" width=\"310\"><strong>Otv\u00e1racie hodiny:<\/strong><\/p>\n<p>Pondelok-Piatok 7:30 &#8211; 15:30 hod.<\/p>\n<p>Obedn\u00e1 prest\u00e1vka: 11:30 &#8211; 12:00 hod.<\/td>\n<td align=\"center\" bgcolor=\"#ffffff\"><b>Poskytovan\u00e9 slu\u017eby:<\/b><\/p>\n<ul type=\"SQUARE\">\n<li>v\u00fdpo\u017ei\u010dn\u00e9<\/li>\n<li>informa\u010dno-konzulta\u010dn\u00e9<\/li>\n<\/ul>\n<\/td>\n<\/tr>\n<\/tbody>\n<\/table>\n<hr \/>\n<p><strong>Nieko\u013eko slov o n\u00e1s:<\/strong><\/p>\n<p><img decoding=\"async\" loading=\"lazy\" class=\"size-medium wp-image-4803 alignright\" src=\"http:\/\/archeol.sav.sk\/files\/kniznica1-300x225.jpg\" alt=\"\" width=\"300\" height=\"225\" srcset=\"https:\/\/archeol.sav.sk\/files\/kniznica1-300x225.jpg 300w, https:\/\/archeol.sav.sk\/files\/kniznica1.jpg 400w\" sizes=\"(max-width: 300px) 100vw, 300px\" \/><\/p>\n<p>Kni\u017enica Archeologick\u00e9ho \u00fastavu SAV sa za\u010dala budova\u0165 z\u00e1rove\u0148 so vznikom \u0160t\u00e1tneho archeologick\u00e9ho \u00fastavu v roku 1939. V roku 1953, kedy bol tento za\u010dlenen\u00fd do novovzniknutej Slovenskej akad\u00e9mie vied, mala kni\u017enica vy\u0161e 4000 zv\u00e4zkov. V s\u00fa\u010dasnosti pln\u00ed funkciu \u0161pecializovanej kni\u017enice, ktor\u00e1 zabezpe\u010duje prierezov\u00fa informa\u010dn\u00fa \u010dinnos\u0165 v oblasti archeologick\u00e9ho v\u00fdskumu. V kni\u017enici sa uchov\u00e1vaj\u00fa a spracov\u00e1vaj\u00fa sekund\u00e1rne pramene z oblasti archeol\u00f3gie. V tomto \u010dase je to u\u017e viac ako 40 170 monografi\u00ed a zborn\u00edkov, viac ako 31 210 \u010dasopisov a\u00a07 130 separ\u00e1tov, 633 AVN a\u00a0na pobo\u010dk\u00e1ch 13\u00a0900 publik\u00e1ci\u00ed.<\/p>\n<p>Z\u00edskavanie kni\u017eni\u010dn\u00e9ho fondu sa tak v minulosti, ako i teraz realizuje r\u00f4znymi sp\u00f4sobmi. Dominantn\u00e1 je v\u00fdmena. Zhruba 90 % pr\u00edrastkov z\u00edskava kni\u017enica od svojich v\u00fdmenn\u00fdch partnerov v\u00fdmenou za knihy a \u010dasopisy z produkcie Archeologick\u00e9ho \u00fastavu. V\u00fdmenn\u00ed partneri s\u00fa preva\u017ene in\u0161tit\u00facie archeologick\u00e9ho zamerania, ale aj univerzity, \u0161t\u00e1tne vedeck\u00e9 kni\u017enice, nakladate\u013estv\u00e1, redakcie \u010dasopisov i jednotlivci asi z 50 \u0161t\u00e1tov sveta.<\/p>\n<p>Kni\u017enica m\u00e1 k dispoz\u00edcii autorsk\u00fd katal\u00f3g, katal\u00f3g \u010dasopisov a kartot\u00e9ku s\u00e9ri\u00ed. Zamestnanci A\u00da SAV maj\u00fa pr\u00edstup ku v\u0161etk\u00fdm publik\u00e1ci\u00e1m vo\u013ene (okrem historick\u00e9ho fondu, ktor\u00fd sa po\u017ei\u010diava iba prezenta\u010dne), ostatn\u00e1 verejnos\u0165 len prezen\u010dne v \u0161tudovni. \u010casopisy s\u00fa ulo\u017een\u00e9 pod\u013ea \u0161t\u00e1tov, knihy syst\u00e9mom numerus currens. Nearcheologick\u00e9 publik\u00e1cie (encyklop\u00e9die, slovn\u00edky, bibliografie\u2026) s\u00fa vy\u010dlenen\u00e9 v pr\u00edru\u010dnej kni\u017enici. V datab\u00e1ze DAVINCI sa nach\u00e1dzaj\u00fa v\u0161etky monografie, zborn\u00edky, \u010dasopisy, CD nosi\u010de a\u00a0separ\u00e1ty.<\/p>\n<p><a href=\"http:\/\/savnr.dawinci.sk\/?fs=067F5879A3F84483A659C2F50C7AB76A&amp;fn=main\">On line katal\u00f3g<\/a> je dostupn\u00fd na internetovej adrese Archeologick\u00e9ho \u00fastavu pod \u201eKni\u017enica\u201c.<\/p>\n<p><img decoding=\"async\" loading=\"lazy\" class=\"size-medium wp-image-4804 alignleft\" src=\"http:\/\/archeol.sav.sk\/files\/kniznica2-300x272.jpg\" alt=\"\" width=\"300\" height=\"272\" srcset=\"https:\/\/archeol.sav.sk\/files\/kniznica2-300x272.jpg 300w, https:\/\/archeol.sav.sk\/files\/kniznica2.jpg 563w\" sizes=\"(max-width: 300px) 100vw, 300px\" \/><\/p>\n<p>Pre na\u0161ich v\u00fdmenn\u00fdch partnerov je k dispoz\u00edcii v\u00fdmenn\u00fd fond literat\u00fary v po\u010dte takmer 47 000 publik\u00e1ci\u00ed. Archeologick\u00fd \u00fastav vyd\u00e1va ka\u017edoro\u010dne tri periodik\u00e1, monografie pracovn\u00edkov \u00fastavu a r\u00f4zne zborn\u00edky. V\u0161etky tieto knihy, a viacer\u00e9 z nich vy\u0161li v cudz\u00edch jazykoch \u2013 nemeckom, anglickom, s\u00fa v\u00fdhodn\u00fdm artiklom na v\u00fdmenu.<\/p>\n<p>Kni\u017enicu vyu\u017e\u00edvaj\u00fa preva\u017ene pracovn\u00edci Archeologick\u00e9ho \u00fastavu, \u0161tudenti Univerzity Kon\u0161tant\u00edna Filozofa z Nitry a zamestnanci m\u00faze\u00ed z celej republiky. Nako\u013eko sa niektor\u00e9 informa\u010dn\u00e9 pramene zo zahrani\u010dia vyskytuj\u00fa len v tejto kni\u017enici, dos\u0165 \u010dasto vyu\u017e\u00edvaj\u00fa jej slu\u017eby z\u00e1ujemcovia prostredn\u00edctvom Medzikni\u017eni\u010dnej v\u00fdmennej slu\u017eby. Informa\u010dn\u00fd syst\u00e9m CEZL \u2013 poskytuje v Univerzitnej kni\u017enici v Bratislave i v Slovenskej n\u00e1rodnej kni\u017enici v Martine \u010ditate\u013eom z cel\u00e9ho Slovenska presn\u00e9 inform\u00e1cie o fondoch kni\u017enice Archeologick\u00e9ho \u00fastavu SAV v Nitre.<\/p>\n<p>&nbsp;<\/p>\n<p>&nbsp;<\/p>\n<p>&nbsp;<\/p>\n","protected":false},"excerpt":{"rendered":"<p>Inform\u00e1cie o kni\u017enici Archeologick\u00e9ho \u00fastavu SAV v Nitre Adresa: Archeologick\u00fd \u00fastav SAV Akademick\u00e1 2 949 21 Nitra V budove n\u00e1s n\u00e1jdete na pr\u00edzem\u00ed! Person\u00e1lne obsadenie: Gabriela Holkov\u00e1, Mgr. Lucia Lieskovsk\u00e1, Vojtech Darnadi *tel. : 037\/6943209 e-mail : gabriela.holkova@savba.sk Otv\u00e1racie hodiny: Pondelok-Piatok 7:30 &#8211; 15:30 hod. Obedn\u00e1 prest\u00e1vka: 11:30 &#8211; 12:00 hod. Poskytovan\u00e9 slu\u017eby: v\u00fdpo\u017ei\u010dn\u00e9 informa\u010dno-konzulta\u010dn\u00e9 &#8230; <a class=\"read-more\" href=\"https:\/\/archeol.sav.sk\/index.php\/sk\/kniznica\/\">\u010c\u00edtajte viac<\/a><\/p>\n","protected":false},"author":1,"featured_media":0,"parent":0,"menu_order":0,"comment_status":"closed","ping_status":"closed","template":"","meta":[],"_links":{"self":[{"href":"https:\/\/archeol.sav.sk\/index.php\/wp-json\/wp\/v2\/pages\/96"}],"collection":[{"href":"https:\/\/archeol.sav.sk\/index.php\/wp-json\/wp\/v2\/pages"}],"about":[{"href":"https:\/\/archeol.sav.sk\/index.php\/wp-json\/wp\/v2\/types\/page"}],"author":[{"embeddable":true,"href":"https:\/\/archeol.sav.sk\/index.php\/wp-json\/wp\/v2\/users\/1"}],"replies":[{"embeddable":true,"href":"https:\/\/archeol.sav.sk\/index.php\/wp-json\/wp\/v2\/comments?post=96"}],"version-history":[{"count":13,"href":"https:\/\/archeol.sav.sk\/index.php\/wp-json\/wp\/v2\/pages\/96\/revisions"}],"predecessor-version":[{"id":7235,"href":"https:\/\/archeol.sav.sk\/index.php\/wp-json\/wp\/v2\/pages\/96\/revisions\/7235"}],"wp:attachment":[{"href":"https:\/\/archeol.sav.sk\/index.php\/wp-json\/wp\/v2\/media?parent=96"}],"curies":[{"name":"wp","href":"https:\/\/api.w.org\/{rel}","templated":true}]}}