{"id":7913,"date":"2025-12-18T10:09:57","date_gmt":"2025-12-18T08:09:57","guid":{"rendered":"https:\/\/archeol.sav.sk\/?page_id=7913"},"modified":"2025-12-19T13:26:57","modified_gmt":"2025-12-19T11:26:57","slug":"terenny-vyskum-2025","status":"publish","type":"page","link":"https:\/\/archeol.sav.sk\/index.php\/sk\/terenny-vyskum-2025\/","title":{"rendered":"Ter\u00e9nny v\u00fdskum 2025"},"content":{"rendered":"<p><a href=\"https:\/\/archeol.sav.sk\/files\/Hrad-Gymes2025.pdf\">Hrad G\u00fdme\u0161<\/a><\/p>\n<p><a href=\"https:\/\/archeol.sav.sk\/files\/Hrad-Hrusov2025.pdf\">Hrad Hru\u0161ov<\/a><\/p>\n<p><a href=\"https:\/\/archeol.sav.sk\/files\/Hrad-Lietava2025.pdf\">Hrad Lietava<\/a><\/p>\n<p><a href=\"https:\/\/archeol.sav.sk\/files\/Plavecky-hrad2025.pdf\">Plaveck\u00fd hrad<\/a><\/p>\n<p><a href=\"https:\/\/archeol.sav.sk\/files\/2025_Zitava.pdf\">Prieskum historick\u00fdch prechodov cez rieku \u017ditavu<\/a><\/p>\n<p><a href=\"https:\/\/archeol.sav.sk\/files\/2025_BB_Salkova.pdf\">Prieskum rieky Hron v Banskej Bystrici &#8211; \u0160alkovej<\/a><\/p>\n<p><a href=\"https:\/\/archeol.sav.sk\/files\/2025_Slovenska-Lupca.pdf\">Prieskum rieky Hron v Slovenskej \u013dup\u010di<\/a><\/p>\n<p><a href=\"https:\/\/archeol.sav.sk\/files\/Velka_ruzinska_jaskyna_2025.pdf\">Ve\u013ek\u00e1 ru\u017e\u00ednska jasky\u0148a<\/a><\/p>\n","protected":false},"excerpt":{"rendered":"<p>Hrad G\u00fdme\u0161 Hrad Hru\u0161ov Hrad Lietava Plaveck\u00fd hrad Prieskum historick\u00fdch prechodov cez rieku \u017ditavu Prieskum rieky Hron v Banskej Bystrici &#8211; \u0160alkovej Prieskum rieky Hron v Slovenskej \u013dup\u010di Ve\u013ek\u00e1 ru\u017e\u00ednska jasky\u0148a<\/p>\n","protected":false},"author":2,"featured_media":0,"parent":0,"menu_order":0,"comment_status":"closed","ping_status":"closed","template":"","meta":[],"_links":{"self":[{"href":"https:\/\/archeol.sav.sk\/index.php\/wp-json\/wp\/v2\/pages\/7913"}],"collection":[{"href":"https:\/\/archeol.sav.sk\/index.php\/wp-json\/wp\/v2\/pages"}],"about":[{"href":"https:\/\/archeol.sav.sk\/index.php\/wp-json\/wp\/v2\/types\/page"}],"author":[{"embeddable":true,"href":"https:\/\/archeol.sav.sk\/index.php\/wp-json\/wp\/v2\/users\/2"}],"replies":[{"embeddable":true,"href":"https:\/\/archeol.sav.sk\/index.php\/wp-json\/wp\/v2\/comments?post=7913"}],"version-history":[{"count":3,"href":"https:\/\/archeol.sav.sk\/index.php\/wp-json\/wp\/v2\/pages\/7913\/revisions"}],"predecessor-version":[{"id":7925,"href":"https:\/\/archeol.sav.sk\/index.php\/wp-json\/wp\/v2\/pages\/7913\/revisions\/7925"}],"wp:attachment":[{"href":"https:\/\/archeol.sav.sk\/index.php\/wp-json\/wp\/v2\/media?parent=7913"}],"curies":[{"name":"wp","href":"https:\/\/api.w.org\/{rel}","templated":true}]}}