{"id":78,"date":"2015-05-02T23:35:35","date_gmt":"2015-05-02T21:35:35","guid":{"rendered":"http:\/\/chcemlego.sk\/?page_id=78"},"modified":"2022-03-16T12:33:18","modified_gmt":"2022-03-16T10:33:18","slug":"vyskum","status":"publish","type":"page","link":"https:\/\/archeol.sav.sk\/index.php\/sk\/kontakt\/vyskum\/","title":{"rendered":"Archeologick\u00fd v\u00fdskum pre stavebn\u00edkov"},"content":{"rendered":"<h2>M\u00e1te z\u00e1ujem o archeologick\u00fd v\u00fdskum?<\/h2>\n<p>Kontaktujte n\u00e1s:<\/p>\n<p><strong>Archeologick\u00fd v\u00fdskum, Slovensko<br \/>\n<\/strong><\/p>\n<p>Mgr. Marek Vojte\u010dek, PhD.,<\/p>\n<p>Akademick\u00e1 2, SK-949 21 Nitra<\/p>\n<p>Tel.: +421902925643<br \/>\n<strong>E-mail:\u00a0<\/strong><a href=\"mailto:nraumvoj@savba.sk\">nraumvoj@savba.sk<\/a><\/p>\n<p>Mgr. Michal Cheben<\/p>\n<p>Tel.: +421902925652<\/p>\n<p><strong>E-mail:\u00a0<\/strong><a href=\"mailto:michal.cheben@savba.sk\">michal.cheben@savba.sk<\/a><\/p>\n<p>&nbsp;<\/p>\n<p><strong>Archeologick\u00fd v\u00fdskum, stredn\u00e9 Slovensko<br \/>\n<\/strong><\/p>\n<p>PhDr. J\u00e1n Beljak, PhD.<\/p>\n<p>\u0160t\u00farova 2, 960 53 Zvolen<\/p>\n<p><b>Tel.:<\/b>\u00a0+421 902 925 642<\/p>\n<p><strong>E-mail:<\/strong>\u00a0<a href=\"mailto:jan.beljak@savba.sk\">jan.beljak@savba.sk<\/a><\/p>\n<p><strong>\u00a0<\/strong><\/p>\n<p><strong>Archeologick\u00fd v\u00fdskum, v\u00fdchodn\u00e9 Slovensko<br \/>\n<\/strong><\/p>\n<p>Mgr. Marek Vojte\u010dek, PhD.,<\/p>\n<p>Hrn\u010diarska 13, 040 01 Ko\u0161ice<\/p>\n<p>Tel.: +421902925643<br \/>\n<strong>E-mail:\u00a0<\/strong><a href=\"mailto:nraumvoj@savba.sk\">nraumvoj@savba.sk<\/a><\/p>\n<p>Mgr. Michal Cheben<\/p>\n<p>Tel.: +421902925652<\/p>\n<p><strong>E-mail:\u00a0<\/strong><a href=\"mailto:michal.cheben@savba.sk\">michal.cheben@savba.sk<\/a><\/p>\n<p>&nbsp;<\/p>\n<p><strong>Archeologick\u00fd v\u00fdskum, Spi\u0161<\/strong><\/p>\n<p>PhDr. Mari\u00e1n Soj\u00e1k, PhD.,<\/p>\n<p><b>Tel.:<\/b>\u00a0+421 902 925\u00a0671<\/p>\n<p><strong>E-mail:<\/strong>\u00a0<a href=\"mailto:sojak@ta3.sk\">sojak@ta3.sk<\/a><\/p>\n<p>&nbsp;<\/p>\n<p>&nbsp;<\/p>\n","protected":false},"excerpt":{"rendered":"<p>M\u00e1te z\u00e1ujem o archeologick\u00fd v\u00fdskum? Kontaktujte n\u00e1s: Archeologick\u00fd v\u00fdskum, Slovensko Mgr. Marek Vojte\u010dek, PhD., Akademick\u00e1 2, SK-949 21 Nitra Tel.: +421902925643 E-mail:\u00a0nraumvoj@savba.sk Mgr. Michal Cheben Tel.: +421902925652 E-mail:\u00a0michal.cheben@savba.sk &nbsp; Archeologick\u00fd v\u00fdskum, stredn\u00e9 Slovensko PhDr. J\u00e1n Beljak, PhD. \u0160t\u00farova 2, 960 53 Zvolen Tel.:\u00a0+421 902 925 642 E-mail:\u00a0jan.beljak@savba.sk \u00a0 Archeologick\u00fd v\u00fdskum, v\u00fdchodn\u00e9 Slovensko Mgr. Marek Vojte\u010dek, &#8230; <a class=\"read-more\" href=\"https:\/\/archeol.sav.sk\/index.php\/sk\/kontakt\/vyskum\/\">\u010c\u00edtajte viac<\/a><\/p>\n","protected":false},"author":1,"featured_media":0,"parent":73,"menu_order":0,"comment_status":"closed","ping_status":"closed","template":"","meta":[],"_links":{"self":[{"href":"https:\/\/archeol.sav.sk\/index.php\/wp-json\/wp\/v2\/pages\/78"}],"collection":[{"href":"https:\/\/archeol.sav.sk\/index.php\/wp-json\/wp\/v2\/pages"}],"about":[{"href":"https:\/\/archeol.sav.sk\/index.php\/wp-json\/wp\/v2\/types\/page"}],"author":[{"embeddable":true,"href":"https:\/\/archeol.sav.sk\/index.php\/wp-json\/wp\/v2\/users\/1"}],"replies":[{"embeddable":true,"href":"https:\/\/archeol.sav.sk\/index.php\/wp-json\/wp\/v2\/comments?post=78"}],"version-history":[{"count":6,"href":"https:\/\/archeol.sav.sk\/index.php\/wp-json\/wp\/v2\/pages\/78\/revisions"}],"predecessor-version":[{"id":6015,"href":"https:\/\/archeol.sav.sk\/index.php\/wp-json\/wp\/v2\/pages\/78\/revisions\/6015"}],"up":[{"embeddable":true,"href":"https:\/\/archeol.sav.sk\/index.php\/wp-json\/wp\/v2\/pages\/73"}],"wp:attachment":[{"href":"https:\/\/archeol.sav.sk\/index.php\/wp-json\/wp\/v2\/media?parent=78"}],"curies":[{"name":"wp","href":"https:\/\/api.w.org\/{rel}","templated":true}]}}