{"id":7776,"date":"2025-09-13T12:19:34","date_gmt":"2025-09-13T10:19:34","guid":{"rendered":"https:\/\/archeol.sav.sk\/?page_id=7776"},"modified":"2025-09-13T12:19:34","modified_gmt":"2025-09-13T10:19:34","slug":"intercave","status":"publish","type":"page","link":"https:\/\/archeol.sav.sk\/index.php\/sk\/kontakt\/vyskum\/projekty-apvv\/intercave\/","title":{"rendered":"Intercave"},"content":{"rendered":"<p><a href=\"https:\/\/intercave.sav.sk\/\">Interakcia \u010dloveka a pr\u00edrodn\u00e9ho prostredia v kontexte pravek\u00e9ho os\u00eddlenia jask\u00fd\u0148 na Slovensku<\/a><\/p>\n","protected":false},"excerpt":{"rendered":"<p>Interakcia \u010dloveka a pr\u00edrodn\u00e9ho prostredia v kontexte pravek\u00e9ho os\u00eddlenia jask\u00fd\u0148 na Slovensku<\/p>\n","protected":false},"author":2,"featured_media":0,"parent":962,"menu_order":0,"comment_status":"closed","ping_status":"closed","template":"","meta":[],"_links":{"self":[{"href":"https:\/\/archeol.sav.sk\/index.php\/wp-json\/wp\/v2\/pages\/7776"}],"collection":[{"href":"https:\/\/archeol.sav.sk\/index.php\/wp-json\/wp\/v2\/pages"}],"about":[{"href":"https:\/\/archeol.sav.sk\/index.php\/wp-json\/wp\/v2\/types\/page"}],"author":[{"embeddable":true,"href":"https:\/\/archeol.sav.sk\/index.php\/wp-json\/wp\/v2\/users\/2"}],"replies":[{"embeddable":true,"href":"https:\/\/archeol.sav.sk\/index.php\/wp-json\/wp\/v2\/comments?post=7776"}],"version-history":[{"count":1,"href":"https:\/\/archeol.sav.sk\/index.php\/wp-json\/wp\/v2\/pages\/7776\/revisions"}],"predecessor-version":[{"id":7777,"href":"https:\/\/archeol.sav.sk\/index.php\/wp-json\/wp\/v2\/pages\/7776\/revisions\/7777"}],"up":[{"embeddable":true,"href":"https:\/\/archeol.sav.sk\/index.php\/wp-json\/wp\/v2\/pages\/962"}],"wp:attachment":[{"href":"https:\/\/archeol.sav.sk\/index.php\/wp-json\/wp\/v2\/media?parent=7776"}],"curies":[{"name":"wp","href":"https:\/\/api.w.org\/{rel}","templated":true}]}}