{"id":763,"date":"2015-11-12T07:29:28","date_gmt":"2015-11-12T05:29:28","guid":{"rendered":"http:\/\/archeol.sav.sk\/?page_id=763"},"modified":"2016-08-02T14:08:52","modified_gmt":"2016-08-02T12:08:52","slug":"terenny-vyskum-2015","status":"publish","type":"page","link":"https:\/\/archeol.sav.sk\/index.php\/sk\/veda-a-vyskum\/terenny-vyskum-2015\/","title":{"rendered":"Ter\u00e9nny v\u00fdskum 2015"},"content":{"rendered":"<h3>V\u00fdber z ter\u00e9nnych v\u00fdskumov za rok 2015:<\/h3>\n<p><a href=\"http:\/\/archeol.sav.sk\/files\/Bobrov-2015.pdf\"><img decoding=\"async\" class=\"noprint\" src=\"http:\/\/archeol.sav.sk\/pics\/pdf_button.png\" alt=\"pdf\" align=\"left\" hspace=\"5\" vspace=\"0\" \/>Bobrov<\/a><\/p>\n<p><a href=\"http:\/\/archeol.sav.sk\/files\/Bojn\u00e1-Valy-2015.pdf\"><img decoding=\"async\" class=\"noprint\" src=\"http:\/\/archeol.sav.sk\/pics\/pdf_button.png\" alt=\"pdf\" align=\"left\" hspace=\"5\" vspace=\"0\" \/>Bojn\u00e1<\/a><\/p>\n<p><a href=\"http:\/\/archeol.sav.sk\/files\/bojna-III.pdf\"><img decoding=\"async\" class=\"noprint\" src=\"http:\/\/archeol.sav.sk\/pics\/pdf_button.png\" alt=\"pdf\" align=\"left\" hspace=\"5\" vspace=\"0\" \/>Bojn\u00e1 III<\/a><\/p>\n<p><a href=\"http:\/\/archeol.sav.sk\/files\/Bojnice-2015.pdf\"><img decoding=\"async\" class=\"noprint\" src=\"http:\/\/archeol.sav.sk\/pics\/pdf_button.png\" alt=\"pdf\" align=\"left\" hspace=\"5\" vspace=\"0\" \/><\/a><a href=\"http:\/\/archeol.sav.sk\/files\/Bojnice-2015.pdf\">Bojnice<\/a><\/p>\n<p><a href=\"http:\/\/archeol.sav.sk\/files\/Cinoba\u0148a-2015.pdf\"><img decoding=\"async\" class=\"noprint\" src=\"http:\/\/archeol.sav.sk\/pics\/pdf_button.png\" alt=\"pdf\" align=\"left\" hspace=\"5\" vspace=\"0\" \/>Cinoba\u0148a<\/a><\/p>\n<p><a href=\"http:\/\/archeol.sav.sk\/files\/Dem\u00e4novsk\u00e1-Dolina-2015.pdf\"><img decoding=\"async\" class=\"noprint\" src=\"http:\/\/archeol.sav.sk\/pics\/pdf_button.png\" alt=\"pdf\" align=\"left\" hspace=\"5\" vspace=\"0\" \/><\/a><a href=\"http:\/\/archeol.sav.sk\/files\/Dem\u00e4novsk\u00e1-Dolina-2015.pdf\">Dem\u00e4novsk\u00e1 Dolina<\/a><\/p>\n<p><a href=\"http:\/\/archeol.sav.sk\/files\/Doln\u00e9-Vestenice-2015.pdf\"><img decoding=\"async\" class=\"noprint\" src=\"http:\/\/archeol.sav.sk\/pics\/pdf_button.png\" alt=\"pdf\" align=\"left\" hspace=\"5\" vspace=\"0\" \/>Doln\u00e9 Vestenice<\/a><\/p>\n<p><a href=\"http:\/\/archeol.sav.sk\/files\/Web_poster-Hontianska-Vrbica.pdf\"><img decoding=\"async\" class=\"noprint\" src=\"http:\/\/archeol.sav.sk\/pics\/pdf_button.png\" alt=\"pdf\" align=\"left\" hspace=\"5\" vspace=\"0\" \/>Hontianska Vrbica<\/a><\/p>\n<p><a href=\"http:\/\/archeol.sav.sk\/files\/2015-A4-\u010cabra\u010f.pdf\"><img decoding=\"async\" class=\"noprint\" src=\"http:\/\/archeol.sav.sk\/pics\/pdf_button.png\" alt=\"pdf\" align=\"left\" hspace=\"5\" vspace=\"0\" \/><\/a><a href=\"http:\/\/archeol.sav.sk\/files\/2015-A4-\u010cabra\u010f.pdf\">Hrad \u010cabra\u010f<\/a><\/p>\n<p><a href=\"http:\/\/archeol.sav.sk\/files\/Divin-2015.pdf\"><img decoding=\"async\" class=\"noprint\" src=\"http:\/\/archeol.sav.sk\/pics\/pdf_button.png\" alt=\"pdf\" align=\"left\" hspace=\"5\" vspace=\"0\" \/><\/a><a href=\"http:\/\/archeol.sav.sk\/files\/Divin-2015.pdf\">Hrad Div\u00edn<\/a><\/p>\n<p><a href=\"http:\/\/archeol.sav.sk\/files\/hrad-g\u00fdme\u0161-2015.pdf\"><img decoding=\"async\" class=\"noprint\" src=\"http:\/\/archeol.sav.sk\/pics\/pdf_button.png\" alt=\"pdf\" align=\"left\" hspace=\"5\" vspace=\"0\" \/>Hrad Gym\u00e9\u0161<\/a><\/p>\n<p><a href=\"http:\/\/archeol.sav.sk\/files\/2015-A4-M_Kame\u0148.pdf\"><img decoding=\"async\" class=\"noprint\" src=\"http:\/\/archeol.sav.sk\/pics\/pdf_button.png\" alt=\"pdf\" align=\"left\" hspace=\"5\" vspace=\"0\" \/>Hrad Modr\u00fd kame\u0148<\/a><\/p>\n<p><a href=\"http:\/\/archeol.sav.sk\/files\/A4-SASOV_C13.pdf\"><img decoding=\"async\" class=\"noprint\" src=\"http:\/\/archeol.sav.sk\/pics\/pdf_button.png\" alt=\"pdf\" align=\"left\" hspace=\"5\" vspace=\"0\" \/>Hrad \u0160\u00e1\u0161ov<\/a><\/p>\n<p><a href=\"http:\/\/archeol.sav.sk\/files\/A4-SASOV_C13.pdf\"><img decoding=\"async\" class=\"noprint\" src=\"http:\/\/archeol.sav.sk\/pics\/pdf_button.png\" alt=\"pdf\" align=\"left\" hspace=\"5\" vspace=\"0\" \/><\/a><a href=\"http:\/\/archeol.sav.sk\/files\/Ko\u0161ice-s\u00eddlisko-Kuzm\u00e1nyho.pdf\">Ko\u0161ice &#8211; s\u00eddlisko Kuzm\u00e1nyho<\/a><\/p>\n<p><a href=\"http:\/\/archeol.sav.sk\/files\/Lietava-2015.pdf\"><img decoding=\"async\" class=\"noprint\" src=\"http:\/\/archeol.sav.sk\/pics\/pdf_button.png\" alt=\"pdf\" align=\"left\" hspace=\"5\" vspace=\"0\" \/>Lietava<\/a><\/p>\n<p><a href=\"http:\/\/archeol.sav.sk\/files\/Liptovsk\u00e1-Sielnica-2015.pdf\"><img decoding=\"async\" class=\"noprint\" src=\"http:\/\/archeol.sav.sk\/pics\/pdf_button.png\" alt=\"pdf\" align=\"left\" hspace=\"5\" vspace=\"0\" \/><\/a> <a href=\"http:\/\/archeol.sav.sk\/files\/Liptovsk\u00e1-Sielnica-2015.pdf\">Liptovsk\u00e1 Sielnica<\/a><\/p>\n<p><a href=\"http:\/\/archeol.sav.sk\/files\/Prieskum_Povazia-2015.pdf\"><img decoding=\"async\" class=\"noprint\" src=\"http:\/\/archeol.sav.sk\/pics\/pdf_button.png\" alt=\"pdf\" align=\"left\" hspace=\"5\" vspace=\"0\" \/>Pova\u017eie<\/a><\/p>\n<p><a href=\"http:\/\/archeol.sav.sk\/files\/2015-A4-P_Hrad-doln\u00fd.pdf\"><img decoding=\"async\" class=\"noprint\" src=\"http:\/\/archeol.sav.sk\/pics\/pdf_button.png\" alt=\"pdf\" align=\"left\" hspace=\"5\" vspace=\"0\" \/>Pust\u00fd hrad &#8211; Doln\u00fd<\/a><\/p>\n<p><a href=\"http:\/\/archeol.sav.sk\/files\/2015-A4-P_Hrad-horn\u00fd.pdf\"><img decoding=\"async\" class=\"noprint\" src=\"http:\/\/archeol.sav.sk\/pics\/pdf_button.png\" alt=\"pdf\" align=\"left\" hspace=\"5\" vspace=\"0\" \/><\/a><a href=\"http:\/\/archeol.sav.sk\/files\/2015-A4-P_Hrad-horn\u00fd.pdf\">Pust\u00fd hrad &#8211; Horn\u00fd<\/a><\/p>\n<p><a href=\"http:\/\/archeol.sav.sk\/files\/Rybn\u00edk-2015.pdf\"><img decoding=\"async\" class=\"noprint\" src=\"http:\/\/archeol.sav.sk\/pics\/pdf_button.png\" alt=\"pdf\" align=\"left\" hspace=\"5\" vspace=\"0\" \/><\/a><a href=\"http:\/\/archeol.sav.sk\/files\/Rybn\u00edk-2015.pdf\">Rybn\u00edk<\/a><\/p>\n<p><img decoding=\"async\" class=\"noprint\" src=\"http:\/\/archeol.sav.sk\/pics\/pdf_button.png\" alt=\"pdf\" align=\"left\" hspace=\"5\" vspace=\"0\" \/><a href=\"http:\/\/archeol.sav.sk\/files\/Santovka-2015.pdf\">Santovka<\/a><\/p>\n<p><a href=\"http:\/\/archeol.sav.sk\/files\/sered-lidl-2015.pdf\"><img decoding=\"async\" class=\"noprint\" src=\"http:\/\/archeol.sav.sk\/pics\/pdf_button.png\" alt=\"pdf\" align=\"left\" hspace=\"5\" vspace=\"0\" \/><\/a><a href=\"http:\/\/archeol.sav.sk\/files\/sered-lidl-2015.pdf\">Sere\u010f<\/a><\/p>\n<p><a href=\"http:\/\/archeol.sav.sk\/files\/Sklabinsk\u00fd-Podz\u00e1mok-2015.pdf\"><img decoding=\"async\" class=\"noprint\" src=\"http:\/\/archeol.sav.sk\/pics\/pdf_button.png\" alt=\"pdf\" align=\"left\" hspace=\"5\" vspace=\"0\" \/>Sklabinsk\u00fd Podz\u00e1mok<\/a><\/p>\n<p><a href=\"http:\/\/archeol.sav.sk\/files\/Smolenice-Molp\u00edr-2015.pdf\"><img decoding=\"async\" class=\"noprint\" src=\"http:\/\/archeol.sav.sk\/pics\/pdf_button.png\" alt=\"pdf\" align=\"left\" hspace=\"5\" vspace=\"0\" \/>Smolenice &#8211; Molp\u00edr<\/a><\/p>\n<p><a href=\"http:\/\/archeol.sav.sk\/files\/Suchohrad-2015.pdf\"><img decoding=\"async\" class=\"noprint\" src=\"http:\/\/archeol.sav.sk\/pics\/pdf_button.png\" alt=\"pdf\" align=\"left\" hspace=\"5\" vspace=\"0\" \/><\/a><a href=\"http:\/\/archeol.sav.sk\/files\/Suchohrad-2015.pdf\">Suchohrad<\/a><\/p>\n<p><a href=\"http:\/\/archeol.sav.sk\/files\/Vr\u00e1ble-2015.pdf\"><img decoding=\"async\" class=\"noprint\" src=\"http:\/\/archeol.sav.sk\/pics\/pdf_button.png\" alt=\"pdf\" align=\"left\" hspace=\"5\" vspace=\"0\" \/>Vr\u00e1ble<\/a><\/p>\n<p><a href=\"http:\/\/archeol.sav.sk\/files\/Z\u00e1va\u017en\u00e1-Poruba-2015.pdf\"><img decoding=\"async\" class=\"noprint\" src=\"http:\/\/archeol.sav.sk\/pics\/pdf_button.png\" alt=\"pdf\" align=\"left\" hspace=\"5\" vspace=\"0\" \/><\/a> <a href=\"http:\/\/archeol.sav.sk\/files\/Z\u00e1va\u017en\u00e1-Poruba-2015.pdf\">Z\u00e1va\u017en\u00e1 Poruba<\/a><\/p>\n<p><a href=\"http:\/\/archeol.sav.sk\/files\/Zobor.pdf\"><img decoding=\"async\" class=\"noprint\" src=\"http:\/\/archeol.sav.sk\/pics\/pdf_button.png\" alt=\"pdf\" align=\"left\" hspace=\"5\" vspace=\"0\" \/>Zobor<\/a><\/p>\n<p><a href=\"http:\/\/archeol.sav.sk\/files\/Zobor.pdf\"><img decoding=\"async\" class=\"noprint\" src=\"http:\/\/archeol.sav.sk\/pics\/pdf_button.png\" alt=\"pdf\" align=\"left\" hspace=\"5\" vspace=\"0\" \/><\/a><\/p>\n<p><a href=\"http:\/\/archeol.sav.sk\/files\/Triblavina-2015_opr.pdf\">Triblavina<\/a><\/p>\n<p>&nbsp;<\/p>\n<p>&nbsp;<\/p>\n<p>&nbsp;<\/p>\n","protected":false},"excerpt":{"rendered":"<p>V\u00fdber z ter\u00e9nnych v\u00fdskumov za rok 2015: Bobrov Bojn\u00e1 Bojn\u00e1 III Bojnice Cinoba\u0148a Dem\u00e4novsk\u00e1 Dolina Doln\u00e9 Vestenice Hontianska Vrbica Hrad \u010cabra\u010f Hrad Div\u00edn Hrad Gym\u00e9\u0161 Hrad Modr\u00fd kame\u0148 Hrad \u0160\u00e1\u0161ov Ko\u0161ice &#8211; s\u00eddlisko Kuzm\u00e1nyho Lietava Liptovsk\u00e1 Sielnica Pova\u017eie Pust\u00fd hrad &#8211; Doln\u00fd Pust\u00fd hrad &#8211; Horn\u00fd Rybn\u00edk Santovka Sere\u010f Sklabinsk\u00fd Podz\u00e1mok Smolenice &#8211; Molp\u00edr Suchohrad &#8230; <a class=\"read-more\" href=\"https:\/\/archeol.sav.sk\/index.php\/sk\/veda-a-vyskum\/terenny-vyskum-2015\/\">\u010c\u00edtajte viac<\/a><\/p>\n","protected":false},"author":2,"featured_media":0,"parent":466,"menu_order":1,"comment_status":"closed","ping_status":"closed","template":"","meta":[],"_links":{"self":[{"href":"https:\/\/archeol.sav.sk\/index.php\/wp-json\/wp\/v2\/pages\/763"}],"collection":[{"href":"https:\/\/archeol.sav.sk\/index.php\/wp-json\/wp\/v2\/pages"}],"about":[{"href":"https:\/\/archeol.sav.sk\/index.php\/wp-json\/wp\/v2\/types\/page"}],"author":[{"embeddable":true,"href":"https:\/\/archeol.sav.sk\/index.php\/wp-json\/wp\/v2\/users\/2"}],"replies":[{"embeddable":true,"href":"https:\/\/archeol.sav.sk\/index.php\/wp-json\/wp\/v2\/comments?post=763"}],"version-history":[{"count":26,"href":"https:\/\/archeol.sav.sk\/index.php\/wp-json\/wp\/v2\/pages\/763\/revisions"}],"predecessor-version":[{"id":1517,"href":"https:\/\/archeol.sav.sk\/index.php\/wp-json\/wp\/v2\/pages\/763\/revisions\/1517"}],"up":[{"embeddable":true,"href":"https:\/\/archeol.sav.sk\/index.php\/wp-json\/wp\/v2\/pages\/466"}],"wp:attachment":[{"href":"https:\/\/archeol.sav.sk\/index.php\/wp-json\/wp\/v2\/media?parent=763"}],"curies":[{"name":"wp","href":"https:\/\/api.w.org\/{rel}","templated":true}]}}