{"id":7560,"date":"2025-02-23T20:17:20","date_gmt":"2025-02-23T18:17:20","guid":{"rendered":"https:\/\/archeol.sav.sk\/?page_id=7560"},"modified":"2025-02-23T20:35:29","modified_gmt":"2025-02-23T18:35:29","slug":"29-medzinarodna-konferencia-starsia-a-stredna-doba-bronzova-v-strednej-europe","status":"publish","type":"page","link":"https:\/\/archeol.sav.sk\/index.php\/sk\/29-medzinarodna-konferencia-starsia-a-stredna-doba-bronzova-v-strednej-europe\/","title":{"rendered":"29. medzin\u00e1rodn\u00e1 konferencia Star\u0161ia a stredn\u00e1 doba bronzov\u00e1 v strednej Eur\u00f3pe"},"content":{"rendered":"<p><a href=\"https:\/\/archeol.sav.sk\/files\/EBA_MBA_2025_svk-scaled.jpg\"><img decoding=\"async\" loading=\"lazy\" class=\"alignright size-medium wp-image-7579\" src=\"https:\/\/archeol.sav.sk\/files\/EBA_MBA_2025_svk-scaled-268x300.jpg\" alt=\"\" width=\"268\" height=\"300\" srcset=\"https:\/\/archeol.sav.sk\/files\/EBA_MBA_2025_svk-scaled-268x300.jpg 268w, https:\/\/archeol.sav.sk\/files\/EBA_MBA_2025_svk-scaled-915x1024.jpg 915w, https:\/\/archeol.sav.sk\/files\/EBA_MBA_2025_svk-768x859.jpg 768w, https:\/\/archeol.sav.sk\/files\/EBA_MBA_2025_svk-1373x1536.jpg 1373w, https:\/\/archeol.sav.sk\/files\/EBA_MBA_2025_svk-1830x2048.jpg 1830w\" sizes=\"(max-width: 268px) 100vw, 268px\" \/><\/a>Srde\u010dne V\u00e1s poz\u00fdvame na 29. ro\u010dn\u00edk medzin\u00e1rodnej odbornej konferencie venovanej aktu\u00e1lnym trendom vo v\u00fdskume star\u0161ej a strednej doby bronzovej v strednej Eur\u00f3pe. Radi priv\u00edtame osobne v\u0161etk\u00fdch, ktor\u00ed maj\u00fa z\u00e1ujem zdie\u013ea\u0165 poznatky zo z\u00e1chrann\u00fdch a\u00a0systematick\u00fdch archeologick\u00fdch v\u00fdskumov, \u0161t\u00fadi\u00ed materi\u00e1lnej kult\u00fary, komplexnej\u0161\u00edch tematick\u00fdch synt\u00e9z, ako aj zo \u0161tudentsk\u00fdch pr\u00e1c.<\/p>\n<p>Konferencia, ktor\u00fa organizuje Archeologick\u00fd \u00fastav SAV, v. v. i., v spolupr\u00e1ci so Slovenskou archeologickou spolo\u010dnos\u0165ou pri SAV, sa uskuto\u010dn\u00ed v d\u0148och <strong>13. \u2013 16. okt\u00f3bra 2025<\/strong> v Kongresovom centre SAV Academia v Starej Lesnej (<a href=\"https:\/\/www.google.com\/maps\/place\/Kongresov%C3%A9+centrum+SAV+Academia\/@49.1500839,20.2806131,3687m\/data=!3m1!1e3!4m9!3m8!1s0x473e23102ac0b309:0xed37a7ed18646d9d!5m2!4m1!1i2!8m2!3d49.1517295!4d20.2866554!16s%2Fg%2F11_8_zp53?entry=ttu&amp;g_ep=EgoyMDI1MDIxMi4wIKXMDSoASAFQAw%3D%3D\"><strong>mapa<\/strong><\/a>). Program bude pozost\u00e1va\u0165 z troch predn\u00e1\u0161kov\u00fdch dn\u00ed, spolo\u010densk\u00e9ho ve\u010dera a celodennej exkurzie.<\/p>\n<p>Uv\u00edtame tematicky laden\u00e9 pr\u00edspevky vo forme \u00fastnych prezent\u00e1ci\u00ed s max. d\u013a\u017ekou 15 min\u00fat v sprievode prezent\u00e1cie vo form\u00e1te *.ppt. Z\u00e1rove\u0148 je mo\u017en\u00e9 prihl\u00e1si\u0165 poster vo farebnej tla\u010denej verzii vo form\u00e1te DIN A0 s rozmermi 841 \u00d7 1189 mm. Pr\u00edspevky m\u00f4\u017eu by\u0165 prezentovan\u00e9 v slovenskom alebo \u010deskom jazyku, av\u0161ak texty prezent\u00e1ci\u00ed a posterov je potrebn\u00e9 vyhotovi\u0165 v anglickom alebo nemeckom jazyku.<\/p>\n<p>Registr\u00e1cia prebieha prostredn\u00edctvom <a href=\"https:\/\/forms.gle\/Au195ft9HNh9FkgG8\"><strong>online formul\u00e1ra<\/strong><\/a> do <strong>30. j\u00fana 2025<\/strong>. Pre dokon\u010denie je ka\u017ed\u00fd \u00fa\u010dastn\u00edk povinn\u00fd zasla\u0165 abstrakt prezent\u00e1cie alebo posteru v anglickom jazyku v rozsahu 300 a\u017e 500 slov. Po ich spracovan\u00ed bud\u00fa abstrakty publikovan\u00e9 v tla\u010denej knihe abstraktov.<\/p>\n<p>Registrovan\u00ed \u00fa\u010dastn\u00edci obdr\u017eia predbe\u017en\u00fd program konferencie a exkurzie v priebehu augusta 2025, pri\u010dom fin\u00e1lny program bude zverejnen\u00fd na webov\u00fdch str\u00e1nkach v septembri 2025.<\/p>\n<p>Konferen\u010dn\u00fd poplatok je stanoven\u00fd na 60 \u20ac, pri\u010dom z\u013eavnen\u00e1 cena vo v\u00fd\u0161ke 30 \u20ac je ur\u010den\u00e1 pre \u0161tudentov bakal\u00e1rskeho, magistersk\u00e9ho a doktorandsk\u00e9ho stup\u0148a. Suma pokr\u00fdva n\u00e1klady na pren\u00e1jom konferen\u010dn\u00fdch priestorov a techniky, ob\u010derstvenie po\u010das prest\u00e1vok, spolo\u010densk\u00fd ve\u010der, ako aj cestovn\u00e9 n\u00e1klady a vstupy po\u010das exkurzie. Poplatok bude vyberan\u00fd v hotovosti pri registr\u00e1cii a \u00fa\u010dastn\u00edci dostan\u00fa potvrdenie o \u00fahrade priamo na mieste.<\/p>\n<p>&nbsp;<\/p>\n<h3><strong>V\u00fdzva na publikovanie v \u010dasopise Slovensk\u00e1 archeol\u00f3gia<\/strong><\/h3>\n<p>(Nielen) \u00fa\u010dastn\u00edci konferencie maj\u00fa mo\u017enos\u0165 publikova\u0165 svoje pr\u00edspevky a in\u00e9 p\u00f4vodn\u00e9 vedeck\u00e9 pr\u00e1ce, v \u0161peci\u00e1lnom \u010d\u00edsle \u010dasopisu <strong>Slovensk\u00e1 archeol\u00f3gia<\/strong>, ktor\u00e9 bude tematicky zameran\u00e9 na star\u0161iu a stredn\u00fa dobu bronzov\u00fa v strednej Eur\u00f3pe. Publikovan\u00e9 \u0161t\u00fadie bud\u00fa indexovan\u00e9 a evidovan\u00e9 v medzin\u00e1rodn\u00fdch datab\u00e1zach SCOPUS, WoS, ERIH PLUS, CEJSH a EBSCO. \u010casopis je plne pr\u00edstupn\u00fd v r\u00e1mci otvoren\u00e9ho pr\u00edstupu (open access) a publikovanie je bez poplatku. V z\u00e1vislosti od mno\u017estva prijat\u00fdch pr\u00edspevkov bude \u010d\u00edslo vydan\u00e9 ako monotematick\u00e9 \u010d\u00edslo 2 alebo ako dvoj\u010d\u00edslo za rok 2026.<\/p>\n<p>V pr\u00edpade z\u00e1ujmu \u017eiadame o zaslanie predbe\u017en\u00e9ho n\u00e1zvu a abstraktu v rozsahu do 1800 znakov najnesk\u00f4r do <strong>31. okt\u00f3bra 2025<\/strong>. Kompletn\u00e9 rukopisy je potrebn\u00e9 odovzda\u0165 najnesk\u00f4r do <strong>31. m\u00e1ja 2026<\/strong>. Abstrakty a \u0161t\u00fadie je potrebn\u00e9 zasiela\u0165 na e-mailov\u00fa adresu<a href=\"mailto:slovenska.archeologia@savba.sk\"> slovenska.archeologia@savba.sk<\/a>, pri\u010dom odborn\u00e9 pokyny na \u00fapravu rukopisov a \u010fal\u0161ie inform\u00e1cie s\u00fa dostupn\u00e9 na <a href=\"https:\/\/archeol.sav.sk\/index.php\/sk\/slovenska-archeologia\/\"><strong>ofici\u00e1lnej webovej str\u00e1nke \u010dasopisu<\/strong><\/a>.<\/p>\n<p>V pr\u00edpade ak\u00fdchko\u013evek ot\u00e1zok kontaktujte organiz\u00e1torov prostredn\u00edctvom e-mailovej adresy.<\/p>\n<p>Te\u0161\u00edme sa na stretnutie,<\/p>\n<p>Jozef B\u00e1tora<\/p>\n<p>Pavol Bobek<\/p>\n<p>Klaudia Da\u0148ov\u00e1<\/p>\n<p>\u0160tefan Ol\u0161av<\/p>\n<p>Dominika Oravkinov\u00e1<\/p>\n<p>Organiz\u00e1tori konferencie<\/p>\n<p>&nbsp;<\/p>\n<p><a href=\"https:\/\/archeol.sav.sk\/files\/EBA_MBA_2025_pozvanka.pdf\"><strong>Pozv\u00e1nka<\/strong><\/a><\/p>\n","protected":false},"excerpt":{"rendered":"<p>Srde\u010dne V\u00e1s poz\u00fdvame na 29. ro\u010dn\u00edk medzin\u00e1rodnej odbornej konferencie venovanej aktu\u00e1lnym trendom vo v\u00fdskume star\u0161ej a strednej doby bronzovej v strednej Eur\u00f3pe. Radi priv\u00edtame osobne v\u0161etk\u00fdch, ktor\u00ed maj\u00fa z\u00e1ujem zdie\u013ea\u0165 poznatky zo z\u00e1chrann\u00fdch a\u00a0systematick\u00fdch archeologick\u00fdch v\u00fdskumov, \u0161t\u00fadi\u00ed materi\u00e1lnej kult\u00fary, komplexnej\u0161\u00edch tematick\u00fdch synt\u00e9z, ako aj zo \u0161tudentsk\u00fdch pr\u00e1c. Konferencia, ktor\u00fa organizuje Archeologick\u00fd \u00fastav SAV, v. v. &#8230; <a class=\"read-more\" href=\"https:\/\/archeol.sav.sk\/index.php\/sk\/29-medzinarodna-konferencia-starsia-a-stredna-doba-bronzova-v-strednej-europe\/\">\u010c\u00edtajte viac<\/a><\/p>\n","protected":false},"author":2,"featured_media":0,"parent":0,"menu_order":0,"comment_status":"closed","ping_status":"closed","template":"","meta":[],"_links":{"self":[{"href":"https:\/\/archeol.sav.sk\/index.php\/wp-json\/wp\/v2\/pages\/7560"}],"collection":[{"href":"https:\/\/archeol.sav.sk\/index.php\/wp-json\/wp\/v2\/pages"}],"about":[{"href":"https:\/\/archeol.sav.sk\/index.php\/wp-json\/wp\/v2\/types\/page"}],"author":[{"embeddable":true,"href":"https:\/\/archeol.sav.sk\/index.php\/wp-json\/wp\/v2\/users\/2"}],"replies":[{"embeddable":true,"href":"https:\/\/archeol.sav.sk\/index.php\/wp-json\/wp\/v2\/comments?post=7560"}],"version-history":[{"count":3,"href":"https:\/\/archeol.sav.sk\/index.php\/wp-json\/wp\/v2\/pages\/7560\/revisions"}],"predecessor-version":[{"id":7580,"href":"https:\/\/archeol.sav.sk\/index.php\/wp-json\/wp\/v2\/pages\/7560\/revisions\/7580"}],"wp:attachment":[{"href":"https:\/\/archeol.sav.sk\/index.php\/wp-json\/wp\/v2\/media?parent=7560"}],"curies":[{"name":"wp","href":"https:\/\/api.w.org\/{rel}","templated":true}]}}