{"id":7539,"date":"2025-02-07T12:49:33","date_gmt":"2025-02-07T10:49:33","guid":{"rendered":"https:\/\/archeol.sav.sk\/?page_id=7539"},"modified":"2025-02-07T12:49:33","modified_gmt":"2025-02-07T10:49:33","slug":"publikacie-2024","status":"publish","type":"page","link":"https:\/\/archeol.sav.sk\/index.php\/sk\/publikacie-2024\/","title":{"rendered":"Publik\u00e1cie 2024"},"content":{"rendered":"<p><a href=\"https:\/\/archeol.sav.sk\/files\/zabavin_komyshuvate_web.pdf\"><strong>Archaeology of the North Azov Area<\/strong><\/a><\/p>\n<p>Autor: <strong>\u2020 Volodymyr Kulbaka, Viacheslav Zabavin, Serhii Nebrat<\/strong><br \/>\nVydal:\u00a0<strong>Archeologick\u00fd \u00fastav SAV<\/strong><br \/>\nRok vydania:\u00a0<strong>2024<\/strong><br \/>\nISBN 978-80-8196-075-8 (Archeologick\u00fd \u00fastav SAV, v. v. i.)<br \/>\nISBN 978-80-224-2095-2 (VEDA, vydavate\u013estvo SAV)<br \/>\nPo\u010det str\u00e1n: 128<br \/>\n<a href=\"https:\/\/archeol.sav.sk\/files\/zabavin_komyshuvate_web.pdf\">Kniha je dostupn\u00e1 tu<\/a><\/p>\n<p>&nbsp;<\/p>\n","protected":false},"excerpt":{"rendered":"<p>Archaeology of the North Azov Area Autor: \u2020 Volodymyr Kulbaka, Viacheslav Zabavin, Serhii Nebrat Vydal:\u00a0Archeologick\u00fd \u00fastav SAV Rok vydania:\u00a02024 ISBN 978-80-8196-075-8 (Archeologick\u00fd \u00fastav SAV, v. v. i.) ISBN 978-80-224-2095-2 (VEDA, vydavate\u013estvo SAV) Po\u010det str\u00e1n: 128 Kniha je dostupn\u00e1 tu &nbsp;<\/p>\n","protected":false},"author":2,"featured_media":0,"parent":0,"menu_order":0,"comment_status":"closed","ping_status":"closed","template":"","meta":[],"_links":{"self":[{"href":"https:\/\/archeol.sav.sk\/index.php\/wp-json\/wp\/v2\/pages\/7539"}],"collection":[{"href":"https:\/\/archeol.sav.sk\/index.php\/wp-json\/wp\/v2\/pages"}],"about":[{"href":"https:\/\/archeol.sav.sk\/index.php\/wp-json\/wp\/v2\/types\/page"}],"author":[{"embeddable":true,"href":"https:\/\/archeol.sav.sk\/index.php\/wp-json\/wp\/v2\/users\/2"}],"replies":[{"embeddable":true,"href":"https:\/\/archeol.sav.sk\/index.php\/wp-json\/wp\/v2\/comments?post=7539"}],"version-history":[{"count":1,"href":"https:\/\/archeol.sav.sk\/index.php\/wp-json\/wp\/v2\/pages\/7539\/revisions"}],"predecessor-version":[{"id":7541,"href":"https:\/\/archeol.sav.sk\/index.php\/wp-json\/wp\/v2\/pages\/7539\/revisions\/7541"}],"wp:attachment":[{"href":"https:\/\/archeol.sav.sk\/index.php\/wp-json\/wp\/v2\/media?parent=7539"}],"curies":[{"name":"wp","href":"https:\/\/api.w.org\/{rel}","templated":true}]}}