{"id":750,"date":"2015-11-09T13:43:47","date_gmt":"2015-11-09T11:43:47","guid":{"rendered":"http:\/\/archeol.sav.sk\/?page_id=750"},"modified":"2018-04-09T14:27:52","modified_gmt":"2018-04-09T12:27:52","slug":"doktorandske-studium","status":"publish","type":"page","link":"https:\/\/archeol.sav.sk\/index.php\/sk\/o-nas\/doktorandske-studium\/","title":{"rendered":"Doktorandsk\u00e9 \u0161t\u00fadium"},"content":{"rendered":"<h2><\/h2>\n<h2><a href=\"http:\/\/archeol.sav.sk\/docs_ostatne\/smernica_ausav_pre_ds.pdf\" target=\"_blank\">Smernica Archeologick\u00e9ho \u00fastavu SAV pre doktorandsk\u00e9 \u0161t\u00fadium vo form\u00e1te *.pdf<\/a><\/h2>\n","protected":false},"excerpt":{"rendered":"<p>Smernica Archeologick\u00e9ho \u00fastavu SAV pre doktorandsk\u00e9 \u0161t\u00fadium vo form\u00e1te *.pdf<\/p>\n","protected":false},"author":1,"featured_media":0,"parent":35,"menu_order":0,"comment_status":"closed","ping_status":"closed","template":"","meta":[],"_links":{"self":[{"href":"https:\/\/archeol.sav.sk\/index.php\/wp-json\/wp\/v2\/pages\/750"}],"collection":[{"href":"https:\/\/archeol.sav.sk\/index.php\/wp-json\/wp\/v2\/pages"}],"about":[{"href":"https:\/\/archeol.sav.sk\/index.php\/wp-json\/wp\/v2\/types\/page"}],"author":[{"embeddable":true,"href":"https:\/\/archeol.sav.sk\/index.php\/wp-json\/wp\/v2\/users\/1"}],"replies":[{"embeddable":true,"href":"https:\/\/archeol.sav.sk\/index.php\/wp-json\/wp\/v2\/comments?post=750"}],"version-history":[{"count":16,"href":"https:\/\/archeol.sav.sk\/index.php\/wp-json\/wp\/v2\/pages\/750\/revisions"}],"predecessor-version":[{"id":3358,"href":"https:\/\/archeol.sav.sk\/index.php\/wp-json\/wp\/v2\/pages\/750\/revisions\/3358"}],"up":[{"embeddable":true,"href":"https:\/\/archeol.sav.sk\/index.php\/wp-json\/wp\/v2\/pages\/35"}],"wp:attachment":[{"href":"https:\/\/archeol.sav.sk\/index.php\/wp-json\/wp\/v2\/media?parent=750"}],"curies":[{"name":"wp","href":"https:\/\/api.w.org\/{rel}","templated":true}]}}