{"id":7467,"date":"2024-12-16T15:30:24","date_gmt":"2024-12-16T13:30:24","guid":{"rendered":"https:\/\/archeol.sav.sk\/?page_id=7467"},"modified":"2025-02-16T20:40:01","modified_gmt":"2025-02-16T18:40:01","slug":"field-research-2024","status":"publish","type":"page","link":"https:\/\/archeol.sav.sk\/index.php\/en\/field-research-2024\/","title":{"rendered":"Field research 2024"},"content":{"rendered":"<p><a href=\"https:\/\/archeol.sav.sk\/files\/Hrad-Hrusov2024.pdf\">Castle Hru\u0161ov<\/a><\/p>\n<p><a href=\"https:\/\/archeol.sav.sk\/files\/Hrad-Lietava-2024.pdf\">Castle Lietava<\/a><\/p>\n<p><a href=\"https:\/\/archeol.sav.sk\/files\/Derava_skala_2024.pdf\">Cave Derav\u00e1 skala<\/a><\/p>\n<p><a href=\"https:\/\/archeol.sav.sk\/files\/Hrad-Plavecky-hrad-2024.pdf\">Plaveck\u00fd castle<\/a><\/p>\n","protected":false},"excerpt":{"rendered":"<p>Castle Hru\u0161ov Castle Lietava Cave Derav\u00e1 skala Plaveck\u00fd castle<\/p>\n","protected":false},"author":2,"featured_media":0,"parent":0,"menu_order":0,"comment_status":"closed","ping_status":"closed","template":"","meta":[],"_links":{"self":[{"href":"https:\/\/archeol.sav.sk\/index.php\/wp-json\/wp\/v2\/pages\/7467"}],"collection":[{"href":"https:\/\/archeol.sav.sk\/index.php\/wp-json\/wp\/v2\/pages"}],"about":[{"href":"https:\/\/archeol.sav.sk\/index.php\/wp-json\/wp\/v2\/types\/page"}],"author":[{"embeddable":true,"href":"https:\/\/archeol.sav.sk\/index.php\/wp-json\/wp\/v2\/users\/2"}],"replies":[{"embeddable":true,"href":"https:\/\/archeol.sav.sk\/index.php\/wp-json\/wp\/v2\/comments?post=7467"}],"version-history":[{"count":3,"href":"https:\/\/archeol.sav.sk\/index.php\/wp-json\/wp\/v2\/pages\/7467\/revisions"}],"predecessor-version":[{"id":7558,"href":"https:\/\/archeol.sav.sk\/index.php\/wp-json\/wp\/v2\/pages\/7467\/revisions\/7558"}],"wp:attachment":[{"href":"https:\/\/archeol.sav.sk\/index.php\/wp-json\/wp\/v2\/media?parent=7467"}],"curies":[{"name":"wp","href":"https:\/\/api.w.org\/{rel}","templated":true}]}}