{"id":7465,"date":"2024-12-16T15:28:10","date_gmt":"2024-12-16T13:28:10","guid":{"rendered":"https:\/\/archeol.sav.sk\/?page_id=7465"},"modified":"2024-12-16T15:28:20","modified_gmt":"2024-12-16T13:28:20","slug":"field-research-2023-2","status":"publish","type":"page","link":"https:\/\/archeol.sav.sk\/index.php\/en\/field-research-2023-2\/","title":{"rendered":"Field research 2023"},"content":{"rendered":"<p><a href=\"https:\/\/archeol.sav.sk\/files\/Hrad-Hru\u0161ov2023.pdf\">Castle Hru\u0161ov<\/a><\/p>\n<p><a href=\"https:\/\/archeol.sav.sk\/files\/Hrad-Lietava2023.pdf\">Castle Lietava<\/a><\/p>\n<p><a href=\"https:\/\/archeol.sav.sk\/files\/Mo\u010denok_web.pdf\">Mo\u010denok<\/a><\/p>\n<p><a href=\"https:\/\/archeol.sav.sk\/files\/Nitra_sidlisko_web.pdf\">Nitra &#8211; river, Mlyn\u00e1rce<\/a><\/p>\n<p><a href=\"https:\/\/archeol.sav.sk\/files\/Nitra_prieskum-rieky.pdf\">Nitra &#8211; river<\/a><\/p>\n<p><a href=\"https:\/\/archeol.sav.sk\/files\/Plaveck\u00fd-hrad2023.pdf\">Plaveck\u00fd castle<\/a><\/p>\n<p><a href=\"https:\/\/archeol.sav.sk\/files\/PUSTY-HRAD_PLAGAT_2023.pdf\">Pust\u00fd castle<\/a><\/p>\n<p><a href=\"https:\/\/archeol.sav.sk\/files\/Slovenska-\u013dup\u010da.pdf\">Slovensk\u00e1 \u013dup\u010da<\/a><\/p>\n<p><a href=\"https:\/\/archeol.sav.sk\/files\/Trnava-Hora_\u010das\u0165-Jaln\u00e1.pdf\">Trnav\u00e1 Hora &#8211; Jaln\u00e1<\/a><\/p>\n<p><a href=\"https:\/\/archeol.sav.sk\/files\/Velka_ruzinska_jaskyna_2023.pdf\">Ve\u013ek\u00e1 ru\u017e\u00ednska jasky\u0148a (Big cave<\/a><a href=\"https:\/\/archeol.sav.sk\/files\/Velka_ruzinska_jaskyna_2023.pdf\">\u00a0ru\u017e\u00ednska)<\/a><\/p>\n","protected":false},"excerpt":{"rendered":"<p>Castle Hru\u0161ov Castle Lietava Mo\u010denok Nitra &#8211; river, Mlyn\u00e1rce Nitra &#8211; river Plaveck\u00fd castle Pust\u00fd castle Slovensk\u00e1 \u013dup\u010da Trnav\u00e1 Hora &#8211; Jaln\u00e1 Ve\u013ek\u00e1 ru\u017e\u00ednska jasky\u0148a (Big cave\u00a0ru\u017e\u00ednska)<\/p>\n","protected":false},"author":2,"featured_media":0,"parent":0,"menu_order":0,"comment_status":"closed","ping_status":"closed","template":"","meta":[],"_links":{"self":[{"href":"https:\/\/archeol.sav.sk\/index.php\/wp-json\/wp\/v2\/pages\/7465"}],"collection":[{"href":"https:\/\/archeol.sav.sk\/index.php\/wp-json\/wp\/v2\/pages"}],"about":[{"href":"https:\/\/archeol.sav.sk\/index.php\/wp-json\/wp\/v2\/types\/page"}],"author":[{"embeddable":true,"href":"https:\/\/archeol.sav.sk\/index.php\/wp-json\/wp\/v2\/users\/2"}],"replies":[{"embeddable":true,"href":"https:\/\/archeol.sav.sk\/index.php\/wp-json\/wp\/v2\/comments?post=7465"}],"version-history":[{"count":1,"href":"https:\/\/archeol.sav.sk\/index.php\/wp-json\/wp\/v2\/pages\/7465\/revisions"}],"predecessor-version":[{"id":7466,"href":"https:\/\/archeol.sav.sk\/index.php\/wp-json\/wp\/v2\/pages\/7465\/revisions\/7466"}],"wp:attachment":[{"href":"https:\/\/archeol.sav.sk\/index.php\/wp-json\/wp\/v2\/media?parent=7465"}],"curies":[{"name":"wp","href":"https:\/\/api.w.org\/{rel}","templated":true}]}}