{"id":7461,"date":"2024-12-16T15:04:34","date_gmt":"2024-12-16T13:04:34","guid":{"rendered":"https:\/\/archeol.sav.sk\/?page_id=7461"},"modified":"2025-02-16T20:08:04","modified_gmt":"2025-02-16T18:08:04","slug":"terenny-vyskum-2024","status":"publish","type":"page","link":"https:\/\/archeol.sav.sk\/index.php\/sk\/terenny-vyskum-2024\/","title":{"rendered":"Ter\u00e9nny v\u00fdskum 2024"},"content":{"rendered":"<p><a href=\"https:\/\/archeol.sav.sk\/files\/Hrad-Hrusov2024.pdf\">Hrad Hru\u0161ov<\/a><\/p>\n<p><a href=\"https:\/\/archeol.sav.sk\/files\/Hrad-Lietava-2024.pdf\">Hrad Lietava<\/a><\/p>\n<p><a href=\"https:\/\/archeol.sav.sk\/files\/Derava_skala_2024.pdf\">jasky\u0148a Derav\u00e1 skala<\/a><\/p>\n<p><a href=\"https:\/\/archeol.sav.sk\/files\/Hrad-Plavecky-hrad-2024.pdf\">Plaveck\u00fd hrad<\/a><\/p>\n","protected":false},"excerpt":{"rendered":"<p>Hrad Hru\u0161ov Hrad Lietava jasky\u0148a Derav\u00e1 skala Plaveck\u00fd hrad<\/p>\n","protected":false},"author":2,"featured_media":0,"parent":0,"menu_order":0,"comment_status":"closed","ping_status":"closed","template":"","meta":[],"_links":{"self":[{"href":"https:\/\/archeol.sav.sk\/index.php\/wp-json\/wp\/v2\/pages\/7461"}],"collection":[{"href":"https:\/\/archeol.sav.sk\/index.php\/wp-json\/wp\/v2\/pages"}],"about":[{"href":"https:\/\/archeol.sav.sk\/index.php\/wp-json\/wp\/v2\/types\/page"}],"author":[{"embeddable":true,"href":"https:\/\/archeol.sav.sk\/index.php\/wp-json\/wp\/v2\/users\/2"}],"replies":[{"embeddable":true,"href":"https:\/\/archeol.sav.sk\/index.php\/wp-json\/wp\/v2\/comments?post=7461"}],"version-history":[{"count":3,"href":"https:\/\/archeol.sav.sk\/index.php\/wp-json\/wp\/v2\/pages\/7461\/revisions"}],"predecessor-version":[{"id":7556,"href":"https:\/\/archeol.sav.sk\/index.php\/wp-json\/wp\/v2\/pages\/7461\/revisions\/7556"}],"wp:attachment":[{"href":"https:\/\/archeol.sav.sk\/index.php\/wp-json\/wp\/v2\/media?parent=7461"}],"curies":[{"name":"wp","href":"https:\/\/api.w.org\/{rel}","templated":true}]}}