{"id":7447,"date":"2024-12-16T14:54:38","date_gmt":"2024-12-16T12:54:38","guid":{"rendered":"https:\/\/archeol.sav.sk\/?page_id=7447"},"modified":"2024-12-18T11:39:37","modified_gmt":"2024-12-18T09:39:37","slug":"vizualna-mikrosonda-do-pravekej-architektury","status":"publish","type":"page","link":"https:\/\/archeol.sav.sk\/index.php\/sk\/vizualna-mikrosonda-do-pravekej-architektury\/","title":{"rendered":"Vizu\u00e1lna mikrosonda do pravekej architekt\u00fary"},"content":{"rendered":"<p><a href=\"https:\/\/archeol.sav.sk\/index.php\/sk\/vizualna-mikrosonda-do-pravekej-architektury-1\/\">R\u00f4zne techniky a kompoz\u00edcie exteri\u00e9rovej v\u00fdzdoby obvodov\u00fdch stien domov<\/a><\/p>\n<p><a href=\"https:\/\/archeol.sav.sk\/index.php\/sk\/hlinene-modely-obytnych-a-hospodarskych-stavieb\/\">Hlinen\u00e9 modely obytn\u00fdch a hospod\u00e1rskych stavieb<\/a><\/p>\n","protected":false},"excerpt":{"rendered":"<p>R\u00f4zne techniky a kompoz\u00edcie exteri\u00e9rovej v\u00fdzdoby obvodov\u00fdch stien domov Hlinen\u00e9 modely obytn\u00fdch a hospod\u00e1rskych stavieb<\/p>\n","protected":false},"author":2,"featured_media":0,"parent":0,"menu_order":0,"comment_status":"closed","ping_status":"closed","template":"","meta":[],"_links":{"self":[{"href":"https:\/\/archeol.sav.sk\/index.php\/wp-json\/wp\/v2\/pages\/7447"}],"collection":[{"href":"https:\/\/archeol.sav.sk\/index.php\/wp-json\/wp\/v2\/pages"}],"about":[{"href":"https:\/\/archeol.sav.sk\/index.php\/wp-json\/wp\/v2\/types\/page"}],"author":[{"embeddable":true,"href":"https:\/\/archeol.sav.sk\/index.php\/wp-json\/wp\/v2\/users\/2"}],"replies":[{"embeddable":true,"href":"https:\/\/archeol.sav.sk\/index.php\/wp-json\/wp\/v2\/comments?post=7447"}],"version-history":[{"count":14,"href":"https:\/\/archeol.sav.sk\/index.php\/wp-json\/wp\/v2\/pages\/7447\/revisions"}],"predecessor-version":[{"id":7487,"href":"https:\/\/archeol.sav.sk\/index.php\/wp-json\/wp\/v2\/pages\/7447\/revisions\/7487"}],"wp:attachment":[{"href":"https:\/\/archeol.sav.sk\/index.php\/wp-json\/wp\/v2\/media?parent=7447"}],"curies":[{"name":"wp","href":"https:\/\/api.w.org\/{rel}","templated":true}]}}