{"id":71,"date":"2015-05-02T23:32:27","date_gmt":"2015-05-02T21:32:27","guid":{"rendered":"http:\/\/chcemlego.sk\/?page_id=71"},"modified":"2025-02-16T20:05:39","modified_gmt":"2025-02-16T18:05:39","slug":"edicie-vydavane-ausav","status":"publish","type":"page","link":"https:\/\/archeol.sav.sk\/index.php\/sk\/publikacie-2\/edicie-vydavane-ausav\/","title":{"rendered":"Edi\u010dn\u00e1 \u010dinnos\u0165 Archeologick\u00e9ho \u00fastavu SAV"},"content":{"rendered":"<p>Edi\u010dn\u00fa \u010dinnos\u0165 v\u00a0A\u00da SAV riadi a\u00a0koordinuje Edi\u010dn\u00e1 rada Archeologick\u00e9ho \u00fastavu SAV.<\/p>\n<p>Archeologick\u00fd \u00fastav SAV vyd\u00e1va dva recenzovan\u00e9 vedeck\u00e9 \u010dasopisy \u2013 <strong>Slovensk\u00e1 archeol\u00f3gia<\/strong> a <strong>\u0160tudijn\u00e9 zvesti A\u00da SAV<\/strong> \u2013 oba s\u00a0periodicitou dvakr\u00e1t ro\u010dne a s\u00a0doplnkov\u00fdm nepravideln\u00fdm vyd\u00e1van\u00edm supplement. Periodikum <strong>Archeologick\u00e9 v\u00fdskumy a\u00a0n\u00e1lezy na Slovensku<\/strong> vych\u00e1dza raz ro\u010dne a\u00a0periodikum <strong>V\u00fdchodoslovensk\u00fd pravek<\/strong> je vyd\u00e1van\u00e9 nepravidelne.<\/p>\n<p>Monografie sa vyd\u00e1vaj\u00fa v\u00a0r\u00e1mci ed\u00edci\u00ed, veden\u00fdch hlavn\u00fdmi redaktormi: <strong>Archaeologica Slovaca Monographiae<\/strong> \u2013 <strong><em>Studia, Fontes, Catalogi, Communicationes, Varia<\/em><\/strong>; <strong>Acta Interdisciplinaria Archaeologica<\/strong>; <strong>Archeologick\u00e9 pam\u00e4tn\u00edky Slovenska\/Monumenta Archaeologica Slovaciae<\/strong>.<\/p>\n<p>Tematick\u00e1 ed\u00edcia <strong>Archaeologica Slovaca Monographiae<\/strong> <strong><em>\u2013 Star\u00e9 Slovensko<\/em><\/strong> nem\u00e1 st\u00e1leho redaktora a\u00a0ed\u00edcia <strong>Materialia Archaeologica Slovaca<\/strong> bola ukon\u010den\u00e1.<\/p>\n<p><strong><em>\u00a0<\/em><\/strong><\/p>\n<p><strong>\u010clenovia ER A\u00da SAV <\/strong><\/p>\n<p><strong><em>Mgr. Lucia Benedikov\u00e1, PhD.<\/em><\/strong> (predsedn\u00ed\u010dka, hlavn\u00e1 redaktorka ed\u00edcie Archaeologica Slovaca Monographiae \u2013 Fontes a\u00a0ed\u00edcie Archeologick\u00e9 pam\u00e4tn\u00edky Slovenska\/Monumenta Archaeologica Slovaciae)<\/p>\n<p><strong><em>PhDr. Peter Bedn\u00e1r, CSc. <\/em><\/strong><\/p>\n<p><strong><em>PhDr. Alena Bist\u00e1kov\u00e1, PhD.<\/em><\/strong> (hlavn\u00e1 redaktorka ed\u00edcie Acta Interdisciplinaria Archaeologica a hlavn\u00e1 redaktorka \u010dasopisu \u0160tudijn\u00e9 zvesti A\u00da SAV)<\/p>\n<p><strong><em>Mgr. Pavol Bobek, PhD.<\/em><\/strong> (hlavn\u00fd redaktor \u010dasopisu Slovensk\u00e1 archeol\u00f3gia)<\/p>\n<p><strong><em>PhDr. Klaudia Da\u0148ov\u00e1, PhD.<\/em><\/strong> (hlavn\u00e1 redaktorka ed\u00edcie Archaeologica Slovaca Monographiae \u2013 Catalogi a\u00a0editorka periodika Archeologick\u00e9 v\u00fdskumy a\u00a0n\u00e1lezy na Slovensku)<\/p>\n<p><strong><em>Mgr. Branislav Kov\u00e1r, PhD.<\/em><\/strong> (hlavn\u00fd redaktor ed\u00edcie Archaeologica Slovaca Monographiae \u2013 Communicationes)<\/p>\n<p><strong><em>Mgr. Dominika Oravkinov\u00e1, PhD.<\/em><\/strong> (editorka periodika Archeologick\u00e9 v\u00fdskumy a\u00a0n\u00e1lezy na Slovensku)<\/p>\n<p><strong><em>PhDr. Karol Pieta, DrSc.<\/em><\/strong><\/p>\n<p><strong><em>doc. PhDr. Matej Ruttkay, CSc.<\/em><\/strong> (hlavn\u00fd redaktor ed\u00edcie Archaeologica Slovaca Monographiae \u2013 Studia a\u00a0ed\u00edcie Archaeologica Slovaca Monographiae \u2013 Varia)<\/p>\n<p><strong><em>Mgr. Marek Vojte\u010dek, PhD.<\/em><\/strong><\/p>\n<h2><\/h2>\n<p><a href=\"http:\/\/archeol.sav.sk\/files\/edicie_na-web.pdf\">Ed\u00edcie vyd\u00e1van\u00e9 v Archeologickom \u00fastave SAV (stiahnete tu)<\/a><\/p>\n<p>&nbsp;<\/p>\n<p>&nbsp;<\/p>\n","protected":false},"excerpt":{"rendered":"<p>Edi\u010dn\u00fa \u010dinnos\u0165 v\u00a0A\u00da SAV riadi a\u00a0koordinuje Edi\u010dn\u00e1 rada Archeologick\u00e9ho \u00fastavu SAV. Archeologick\u00fd \u00fastav SAV vyd\u00e1va dva recenzovan\u00e9 vedeck\u00e9 \u010dasopisy \u2013 Slovensk\u00e1 archeol\u00f3gia a \u0160tudijn\u00e9 zvesti A\u00da SAV \u2013 oba s\u00a0periodicitou dvakr\u00e1t ro\u010dne a s\u00a0doplnkov\u00fdm nepravideln\u00fdm vyd\u00e1van\u00edm supplement. Periodikum Archeologick\u00e9 v\u00fdskumy a\u00a0n\u00e1lezy na Slovensku vych\u00e1dza raz ro\u010dne a\u00a0periodikum V\u00fdchodoslovensk\u00fd pravek je vyd\u00e1van\u00e9 nepravidelne. Monografie sa vyd\u00e1vaj\u00fa &#8230; <a class=\"read-more\" href=\"https:\/\/archeol.sav.sk\/index.php\/sk\/publikacie-2\/edicie-vydavane-ausav\/\">\u010c\u00edtajte viac<\/a><\/p>\n","protected":false},"author":1,"featured_media":0,"parent":56,"menu_order":0,"comment_status":"closed","ping_status":"closed","template":"","meta":[],"_links":{"self":[{"href":"https:\/\/archeol.sav.sk\/index.php\/wp-json\/wp\/v2\/pages\/71"}],"collection":[{"href":"https:\/\/archeol.sav.sk\/index.php\/wp-json\/wp\/v2\/pages"}],"about":[{"href":"https:\/\/archeol.sav.sk\/index.php\/wp-json\/wp\/v2\/types\/page"}],"author":[{"embeddable":true,"href":"https:\/\/archeol.sav.sk\/index.php\/wp-json\/wp\/v2\/users\/1"}],"replies":[{"embeddable":true,"href":"https:\/\/archeol.sav.sk\/index.php\/wp-json\/wp\/v2\/comments?post=71"}],"version-history":[{"count":11,"href":"https:\/\/archeol.sav.sk\/index.php\/wp-json\/wp\/v2\/pages\/71\/revisions"}],"predecessor-version":[{"id":7553,"href":"https:\/\/archeol.sav.sk\/index.php\/wp-json\/wp\/v2\/pages\/71\/revisions\/7553"}],"up":[{"embeddable":true,"href":"https:\/\/archeol.sav.sk\/index.php\/wp-json\/wp\/v2\/pages\/56"}],"wp:attachment":[{"href":"https:\/\/archeol.sav.sk\/index.php\/wp-json\/wp\/v2\/media?parent=71"}],"curies":[{"name":"wp","href":"https:\/\/api.w.org\/{rel}","templated":true}]}}