{"id":7024,"date":"2024-04-08T18:20:49","date_gmt":"2024-04-08T16:20:49","guid":{"rendered":"https:\/\/archeol.sav.sk\/?page_id=7024"},"modified":"2024-04-08T18:20:49","modified_gmt":"2024-04-08T16:20:49","slug":"sas-gender-equality-plan","status":"publish","type":"page","link":"https:\/\/archeol.sav.sk\/index.php\/en\/sas-gender-equality-plan\/","title":{"rendered":"SAS Gender Equality Plan"},"content":{"rendered":"<p><a href=\"https:\/\/archeol.sav.sk\/files\/Plan-rodovej-rovnosti_16_12_2021_dodatok-1.pdf\">SAS Gender Equality Plan 2021-2024 (in Slovak)<\/a><\/p>\n<p><a href=\"https:\/\/archeol.sav.sk\/files\/Ak\u010dn\u00fd-pl\u00e1n-PRR_en-1.pdf\">SAS Gender Equality Plan Implementation Schedule<\/a><\/p>\n","protected":false},"excerpt":{"rendered":"<p>SAS Gender Equality Plan 2021-2024 (in Slovak) SAS Gender Equality Plan Implementation Schedule<\/p>\n","protected":false},"author":2,"featured_media":0,"parent":0,"menu_order":0,"comment_status":"closed","ping_status":"closed","template":"","meta":[],"_links":{"self":[{"href":"https:\/\/archeol.sav.sk\/index.php\/wp-json\/wp\/v2\/pages\/7024"}],"collection":[{"href":"https:\/\/archeol.sav.sk\/index.php\/wp-json\/wp\/v2\/pages"}],"about":[{"href":"https:\/\/archeol.sav.sk\/index.php\/wp-json\/wp\/v2\/types\/page"}],"author":[{"embeddable":true,"href":"https:\/\/archeol.sav.sk\/index.php\/wp-json\/wp\/v2\/users\/2"}],"replies":[{"embeddable":true,"href":"https:\/\/archeol.sav.sk\/index.php\/wp-json\/wp\/v2\/comments?post=7024"}],"version-history":[{"count":1,"href":"https:\/\/archeol.sav.sk\/index.php\/wp-json\/wp\/v2\/pages\/7024\/revisions"}],"predecessor-version":[{"id":7026,"href":"https:\/\/archeol.sav.sk\/index.php\/wp-json\/wp\/v2\/pages\/7024\/revisions\/7026"}],"wp:attachment":[{"href":"https:\/\/archeol.sav.sk\/index.php\/wp-json\/wp\/v2\/media?parent=7024"}],"curies":[{"name":"wp","href":"https:\/\/api.w.org\/{rel}","templated":true}]}}