{"id":7016,"date":"2024-04-08T18:15:30","date_gmt":"2024-04-08T16:15:30","guid":{"rendered":"https:\/\/archeol.sav.sk\/?page_id=7016"},"modified":"2024-04-08T18:15:30","modified_gmt":"2024-04-08T16:15:30","slug":"starostlivost-o-ludske-zdroje","status":"publish","type":"page","link":"https:\/\/archeol.sav.sk\/index.php\/sk\/starostlivost-o-ludske-zdroje\/","title":{"rendered":"Starostlivos\u0165 o \u013eudsk\u00e9 zdroje"},"content":{"rendered":"<p><a href=\"https:\/\/archeol.sav.sk\/files\/Eticky_kodex_SAV_2015_april_2023_final_web.pdf\">Etick\u00fd k\u00f3dex SAV<\/a><\/p>\n<p class=\"sub-page\"><a href=\"https:\/\/archeol.sav.sk\/files\/Plan-rodovej-rovnosti_16_12_2021_dodatok-1.pdf\">Pl\u00e1n rodovej rovnosti SAV<\/a><\/p>\n<p>&nbsp;<\/p>\n","protected":false},"excerpt":{"rendered":"<p>Etick\u00fd k\u00f3dex SAV Pl\u00e1n rodovej rovnosti SAV &nbsp;<\/p>\n","protected":false},"author":2,"featured_media":0,"parent":0,"menu_order":0,"comment_status":"closed","ping_status":"closed","template":"","meta":[],"_links":{"self":[{"href":"https:\/\/archeol.sav.sk\/index.php\/wp-json\/wp\/v2\/pages\/7016"}],"collection":[{"href":"https:\/\/archeol.sav.sk\/index.php\/wp-json\/wp\/v2\/pages"}],"about":[{"href":"https:\/\/archeol.sav.sk\/index.php\/wp-json\/wp\/v2\/types\/page"}],"author":[{"embeddable":true,"href":"https:\/\/archeol.sav.sk\/index.php\/wp-json\/wp\/v2\/users\/2"}],"replies":[{"embeddable":true,"href":"https:\/\/archeol.sav.sk\/index.php\/wp-json\/wp\/v2\/comments?post=7016"}],"version-history":[{"count":1,"href":"https:\/\/archeol.sav.sk\/index.php\/wp-json\/wp\/v2\/pages\/7016\/revisions"}],"predecessor-version":[{"id":7019,"href":"https:\/\/archeol.sav.sk\/index.php\/wp-json\/wp\/v2\/pages\/7016\/revisions\/7019"}],"wp:attachment":[{"href":"https:\/\/archeol.sav.sk\/index.php\/wp-json\/wp\/v2\/media?parent=7016"}],"curies":[{"name":"wp","href":"https:\/\/api.w.org\/{rel}","templated":true}]}}