{"id":6935,"date":"2024-03-26T15:35:26","date_gmt":"2024-03-26T13:35:26","guid":{"rendered":"https:\/\/archeol.sav.sk\/?page_id=6935"},"modified":"2024-03-26T16:01:28","modified_gmt":"2024-03-26T14:01:28","slug":"slovenska-archeologia-no-suppl-3","status":"publish","type":"page","link":"https:\/\/archeol.sav.sk\/index.php\/sk\/slovenska-archeologia-no-suppl-3\/","title":{"rendered":"Slovensk\u00e1 archeol\u00f3gia, No. Suppl. 3."},"content":{"rendered":"<p><strong>Slovensk\u00e1 archeol\u00f3gia, No. Suppl. 3.<\/strong><\/p>\n<p>&nbsp;<\/p>\n<p><a href=\"https:\/\/archeol.sav.sk\/files\/00_2-obsah-12.pdf\"><strong>OBSAH<\/strong><\/a><\/p>\n<p>&nbsp;<\/p>\n<p><a href=\"https:\/\/archeol.sav.sk\/files\/TABULA-GRATULATORIA_Supplementum_3.pdf\"><strong>TABULA GRATULATORIA<\/strong><\/a><\/p>\n<p>&nbsp;<\/p>\n<p>Jozef Z\u00e1bojn\u00edk<\/p>\n<p><a href=\"https:\/\/archeol.sav.sk\/files\/00_3-jubileum.pdf\"><strong>LIFE JUBILEE OF PHDR. GABRIEL FUSEK, CSC.<\/strong><\/a><\/p>\n<p>&nbsp;<\/p>\n<p><strong>\u010cL\u00c1NKY<\/strong><\/p>\n<p>&nbsp;<\/p>\n<p>J\u00e1n Rajt\u00e1r \u2013 Jozef Z\u00e1bojn\u00edk<\/p>\n<p><a href=\"https:\/\/archeol.sav.sk\/files\/01_Rajtar_Zabojnik.pdf\"><strong>N\u00e1lezy r\u00edmsko-provinci\u00e1lnej keramiky v hroboch z obdobia avarsk\u00e9ho kagan\u00e1tu na \u00fazem\u00ed Slovenska<\/strong><\/a><\/p>\n<p><span class=\"bold\">DOI:<\/span>\u00a0<a href=\"https:\/\/doi.org\/10.31577\/slovarch.2023.suppl.3.1\" target=\"_blank\" rel=\"noopener noreferrer\">https:\/\/doi.org\/10.31577\/slovarch.2023.suppl.3.1<\/a><\/p>\n<p>&nbsp;<\/p>\n<p>Zden\u011bk Farka\u0161 \u2013 Vladim\u00edr Tur\u010dan<\/p>\n<p><a href=\"https:\/\/archeol.sav.sk\/files\/02_Farkas_Turcan.pdf\"><strong>S\u00eddliskov\u00fd objekt s v\u010dasnoslovanskou keramikou z Bratislavy-Karlovej Vsi<\/strong><\/a><\/p>\n<p><span class=\"bold\">DOI:<\/span>\u00a0<a href=\"https:\/\/doi.org\/10.31577\/slovarch.2023.suppl.3.2\" target=\"_blank\" rel=\"noopener noreferrer\">https:\/\/doi.org\/10.31577\/slovarch.2023.suppl.3.2<\/a><\/p>\n<p>&nbsp;<\/p>\n<p>K\u00e1roly Mesterh\u00e1zy<\/p>\n<p><a href=\"https:\/\/archeol.sav.sk\/files\/03_Mesterhazy.pdf\"><strong>Po\u010diatky esovit\u00fdch z\u00e1u\u0161n\u00edc<\/strong><\/a><\/p>\n<p><span class=\"bold\">DOI:<\/span>\u00a0<a href=\"https:\/\/doi.org\/10.31577\/slovarch.2023.suppl.3.3\" target=\"_blank\" rel=\"noopener noreferrer\">https:\/\/doi.org\/10.31577\/slovarch.2023.suppl.3.3<\/a><\/p>\n<p>&nbsp;<\/p>\n<p>Na\u010fa Profantov\u00e1<\/p>\n<p><a href=\"https:\/\/archeol.sav.sk\/files\/04_Profantova.pdf\"><strong>Byzanc, Vrap a \u010cechy \u2013 dv\u011b nov\u00e1 luxusn\u00ed kov\u00e1n\u00ed opasku ze st\u0159edn\u00edch \u010cech<\/strong><\/a><\/p>\n<p><span class=\"bold\">DOI:<\/span>\u00a0<a href=\"https:\/\/doi.org\/10.31577\/slovarch.2023.suppl.3.4\" target=\"_blank\" rel=\"noopener noreferrer\">https:\/\/doi.org\/10.31577\/slovarch.2023.suppl.3.4<\/a><\/p>\n<p>&nbsp;<\/p>\n<p>M\u00e1ria Kotorov\u00e1 Jen\u010dov\u00e1<\/p>\n<p><a href=\"https:\/\/archeol.sav.sk\/files\/05_Kotorova.pdf\"><strong>V\u010dasnostredovek\u00e9 objekty a n\u00e1lezy z polykult\u00farneho s\u00eddliska vo Vla\u010di<\/strong><\/a><\/p>\n<p><span class=\"bold\">DOI:<\/span>\u00a0<a href=\"https:\/\/doi.org\/10.31577\/slovarch.2023.suppl.3.5\" target=\"_blank\" rel=\"noopener noreferrer\">https:\/\/doi.org\/10.31577\/slovarch.2023.suppl.3.5<\/a><\/p>\n<p>&nbsp;<\/p>\n<p>Lud\u011bk Galu\u0161ka \u2013 Jakub Langr \u2013 Martina Robl\u00ed\u010dkov\u00e1 \u2013 Zden\u011bk Tvrd\u00fd<\/p>\n<p><a href=\"https:\/\/archeol.sav.sk\/files\/06_Galuska.pdf\"><strong>Ran\u011b st\u0159edov\u011bk\u00fd \u201eneritu\u00e1ln\u00ed\u201c poh\u0159eb \u017eeny z Modr\u00e9 u Velehradu na Uherskohradi\u0161\u0165sku<\/strong><\/a><\/p>\n<p><span class=\"bold\">DOI:<\/span>\u00a0<a href=\"https:\/\/doi.org\/10.31577\/slovarch.2023.suppl.3.6\" target=\"_blank\" rel=\"noopener noreferrer\">https:\/\/doi.org\/10.31577\/slovarch.2023.suppl.3.6<\/a><\/p>\n<p>&nbsp;<\/p>\n<p>Miriam Jakub\u010dinov\u00e1<\/p>\n<p><a href=\"https:\/\/archeol.sav.sk\/files\/07_Jakubcinova.pdf\"><strong>Ka\u017edodenn\u00fd \u017eivot na hradisku Bojn\u00e1 I-Valy. \u00davahy o pr\u00edtomnosti \u017eensk\u00e9ho elementu na lokalite<\/strong><\/a><\/p>\n<p><span class=\"bold\">DOI:<\/span>\u00a0<a href=\"https:\/\/doi.org\/10.31577\/slovarch.2023.suppl.3.7\" target=\"_blank\" rel=\"noopener noreferrer\">https:\/\/doi.org\/10.31577\/slovarch.2023.suppl.3.7<\/a><\/p>\n<p>&nbsp;<\/p>\n<p>Ter\u00e9zia Vang\u013eov\u00e1<\/p>\n<p><a href=\"https:\/\/archeol.sav.sk\/files\/08_Vanglova.pdf\"><strong>Kvantitat\u00edvne ukazovatele v anal\u00fdze v\u010dasnostredovekej keramiky<\/strong><\/a><\/p>\n<p><span class=\"bold\">DOI:<\/span>\u00a0<a href=\"https:\/\/doi.org\/10.31577\/slovarch.2023.suppl.3.8\" target=\"_blank\" rel=\"noopener noreferrer\">https:\/\/doi.org\/10.31577\/slovarch.2023.suppl.3.8<\/a><\/p>\n<p>&nbsp;<\/p>\n<p>Szabina Merva<\/p>\n<p><a href=\"https:\/\/archeol.sav.sk\/files\/09_Merva.pdf\"><strong>Possibilities of Interpreting the 9<sup>th<\/sup> Century Horizon in the Northernmost Periphery of Transdanubia<\/strong><\/a><\/p>\n<p><span class=\"bold\">DOI:<\/span>\u00a0<a href=\"https:\/\/doi.org\/10.31577\/slovarch.2023.suppl.3.9\" target=\"_blank\" rel=\"noopener noreferrer\">https:\/\/doi.org\/10.31577\/slovarch.2023.suppl.3.9<\/a><\/p>\n<p>&nbsp;<\/p>\n<p>Pavel Kou\u0159il<\/p>\n<p><strong><a href=\"https:\/\/archeol.sav.sk\/files\/10_Kouril.pdf\">New Finds of Early Medieval Lead Rhombic Cross Pendants from Moravia. Their Possible Genesis and Importance<\/a><\/strong><\/p>\n<p><span class=\"bold\">DOI:<\/span>\u00a0<a href=\"https:\/\/doi.org\/10.31577\/slovarch.2023.suppl.3.10\" target=\"_blank\" rel=\"noopener noreferrer\">https:\/\/doi.org\/10.31577\/slovarch.2023.suppl.3.10<\/a><\/p>\n<p>&nbsp;<\/p>\n<p>P\u00e9ter Lang\u00f3 \u2013 Bogl\u00e1rka T\u00f3th \u2013 Bertalan Z\u00e1gorhidi Czig\u00e1ny \u2013 Fl\u00f3ri\u00e1n Harangi \u2013 Csete Katona \u2013 B\u00e9la T\u00f6r\u00f6k<\/p>\n<p><a href=\"https:\/\/archeol.sav.sk\/files\/11_Lango-et-al.pdf\"><strong>Das Alter des Grabes von V\u00f6rs-Papkert 167 aufgrund der Untersuchung des Schwertes aus der Bestattung<\/strong><\/a><\/p>\n<p><span class=\"bold\">DOI:<\/span>\u00a0<a href=\"https:\/\/doi.org\/10.31577\/slovarch.2023.suppl.3.11\" target=\"_blank\" rel=\"noopener noreferrer\">https:\/\/doi.org\/10.31577\/slovarch.2023.suppl.3.11<\/a><\/p>\n<p>&nbsp;<\/p>\n<p>Attila T\u00fcrk \u2013 Fl\u00f3ri\u00e1n Harangi<\/p>\n<p><a href=\"https:\/\/archeol.sav.sk\/files\/12_Turk_Harangi.pdf\"><strong>A Unique Type of Silk in the Archaeological Heritage of the Hungarian Conquest Period and Some Remarks on the Use of Silk<\/strong><\/a><\/p>\n<p><span class=\"bold\">DOI:<\/span>\u00a0<a href=\"https:\/\/doi.org\/10.31577\/slovarch.2023.suppl.3.12\" target=\"_blank\" rel=\"noopener noreferrer\">https:\/\/doi.org\/10.31577\/slovarch.2023.suppl.3.12<\/a><\/p>\n<p>&nbsp;<\/p>\n<p>Drahom\u00edra Frol\u00edkov\u00e1-Kaliszov\u00e1<\/p>\n<p><a href=\"https:\/\/archeol.sav.sk\/files\/13_Frolikova.pdf\"><strong>Hroby jezdc\u016f na poh\u0159ebi\u0161ti Triangl v Praze-St\u0159e\u0161ovic\u00edch<\/strong><\/a><\/p>\n<p><span class=\"bold\">DOI:<\/span>\u00a0<a href=\"https:\/\/doi.org\/10.31577\/slovarch.2023.suppl.3.13\" target=\"_blank\" rel=\"noopener noreferrer\">https:\/\/doi.org\/10.31577\/slovarch.2023.suppl.3.13<\/a><\/p>\n<p>&nbsp;<\/p>\n<p>Mikl\u00f3s Tak\u00e1cs<\/p>\n<p><a href=\"https:\/\/archeol.sav.sk\/files\/14_Takacs.pdf\"><strong>Die handgeformten bzw. nachgedrehten Tonkessel der s\u00fcdlichen H\u00e4lfte des Karpatenbeckens<\/strong><\/a><\/p>\n<p><span class=\"bold\">DOI:<\/span>\u00a0<a href=\"https:\/\/doi.org\/10.31577\/slovarch.2023.suppl.3.14\" target=\"_blank\" rel=\"noopener noreferrer\">https:\/\/doi.org\/10.31577\/slovarch.2023.suppl.3.14<\/a><\/p>\n<p>&nbsp;<\/p>\n<p>Gabriel Neviz\u00e1nsky<\/p>\n<p><a href=\"https:\/\/archeol.sav.sk\/files\/15_Nevizansky.pdf\"><strong>S\u00eddlisko z 10. \u2013 11. storo\u010dia v\u00a0Kamen\u00edne<\/strong><\/a><\/p>\n<p><span class=\"bold\">DOI:<\/span>\u00a0<a href=\"https:\/\/doi.org\/10.31577\/slovarch.2023.suppl.3.15\" target=\"_blank\" rel=\"noopener noreferrer\">https:\/\/doi.org\/10.31577\/slovarch.2023.suppl.3.15<\/a><\/p>\n<p>&nbsp;<\/p>\n<p>Mari\u00e1n Samuel \u2013 Miroslav Matejka<\/p>\n<p><a href=\"https:\/\/archeol.sav.sk\/files\/16_Samuel_Matejka.pdf\"><strong>Rom\u00e1nska hradba a rom\u00e1nska ve\u017ea pod budovami na severn\u00fdch hradb\u00e1ch Bratislavsk\u00e9ho hradu. Prv\u00e9 inform\u00e1cie o\u00a0n\u00e1leze<\/strong><\/a><\/p>\n<p><span class=\"bold\">DOI:<\/span>\u00a0<a href=\"https:\/\/doi.org\/10.31577\/slovarch.2023.suppl.3.16\" target=\"_blank\" rel=\"noopener noreferrer\">https:\/\/doi.org\/10.31577\/slovarch.2023.suppl.3.16<\/a><\/p>\n<p>&nbsp;<\/p>\n<p>Felix Biermann<\/p>\n<p><a href=\"https:\/\/archeol.sav.sk\/files\/17_Biermann.pdf\"><strong>Ein sp\u00e4tslawischer M\u00fcnzschatz aus Buskow (Brandenburg) im Kontext von Siedlung und Wirtschaft<\/strong><\/a><\/p>\n<p><span class=\"bold\">DOI:<\/span>\u00a0<a href=\"https:\/\/doi.org\/10.31577\/slovarch.2023.suppl.3.17\" target=\"_blank\" rel=\"noopener noreferrer\">https:\/\/doi.org\/10.31577\/slovarch.2023.suppl.3.17<\/a><\/p>\n<p>&nbsp;<\/p>\n<p>Milan Hanuliak<\/p>\n<p><a href=\"https:\/\/archeol.sav.sk\/files\/18_Hanuliak.pdf\"><strong>N\u00e1\u010drt \u0161truktur\u00e1lnych zmien dedinsk\u00fdch s\u00eddlisk na \u00fazem\u00ed Slovenska<\/strong><\/a><\/p>\n<p><span class=\"bold\">DOI:<\/span>\u00a0<a href=\"https:\/\/doi.org\/10.31577\/slovarch.2023.suppl.3.18\" target=\"_blank\" rel=\"noopener noreferrer\">https:\/\/doi.org\/10.31577\/slovarch.2023.suppl.3.18<\/a><\/p>\n<p>&nbsp;<\/p>\n<p>Dan B\u0103cue\u021b-Cri\u0219an<\/p>\n<p><a href=\"https:\/\/archeol.sav.sk\/files\/19_Bacuet.pdf\"><strong>Playing Games in Early Medieval Times. Possible Archaeological Examples from the Sylvanian Basin (S\u0103laj County, Romania)<\/strong><\/a><\/p>\n<p><span class=\"bold\">DOI:<\/span>\u00a0<a href=\"https:\/\/doi.org\/10.31577\/slovarch.2023.suppl.3.19\" target=\"_blank\" rel=\"noopener noreferrer\">https:\/\/doi.org\/10.31577\/slovarch.2023.suppl.3.19<\/a><\/p>\n<p>&nbsp;<\/p>\n<p>Michal Hole\u0161\u010d\u00e1k<\/p>\n<p><a href=\"https:\/\/archeol.sav.sk\/files\/20_Holescak.pdf\"><strong>Through Steppe to Karakorum. Travelling in the Mongol Empire<\/strong><\/a><\/p>\n<p><span class=\"bold\">DOI:<\/span>\u00a0<a href=\"https:\/\/doi.org\/10.31577\/slovarch.2023.suppl.3.20\" target=\"_blank\" rel=\"noopener noreferrer\">https:\/\/doi.org\/10.31577\/slovarch.2023.suppl.3.20<\/a><\/p>\n<p>&nbsp;<\/p>\n<p>Silviu O\u021ba<\/p>\n<p><a href=\"https:\/\/archeol.sav.sk\/files\/21_Ota.pdf\"><strong>Hoards and Isolated Jewellery Discovered outside the Carpathian Arch<\/strong><\/a><\/p>\n<p><span class=\"bold\">DOI:<\/span>\u00a0<a href=\"https:\/\/doi.org\/10.31577\/slovarch.2023.suppl.3.21\" target=\"_blank\" rel=\"noopener noreferrer\">https:\/\/doi.org\/10.31577\/slovarch.2023.suppl.3.21<\/a><\/p>\n<p>&nbsp;<\/p>\n<p>M\u00e1rio Bielich \u2013 Zora Bielichov\u00e1<\/p>\n<p><a href=\"https:\/\/archeol.sav.sk\/files\/22_Bielichovci.pdf\"><strong>Dom u chromej straky. Archeologick\u00fd a archeozoologick\u00fd v\u00fdskum zaniknutej stredovekej dediny Tomanov\u00e1<\/strong><\/a><\/p>\n<p><span class=\"bold\">DOI:<\/span>\u00a0<a href=\"https:\/\/doi.org\/10.31577\/slovarch.2023.suppl.3.22\" target=\"_blank\" rel=\"noopener noreferrer\">https:\/\/doi.org\/10.31577\/slovarch.2023.suppl.3.22<\/a><\/p>\n<p>&nbsp;<\/p>\n<p>J\u00e1n Hunka \u2013 Mari\u00e1n Samuel \u2013 J\u00e1n Tirp\u00e1k \u2013 Henrieta \u017da\u017eov\u00e1<\/p>\n<p><a href=\"https:\/\/archeol.sav.sk\/files\/23_Hunka-a-kol.pdf\"><strong>Nede\u0161trukt\u00edvny prieskum Kaplnky Narodenia Panny M\u00e1rie a jej okolia v Hornom Piale<\/strong><\/a><\/p>\n<p><span class=\"bold\">DOI:<\/span>\u00a0<a href=\"https:\/\/doi.org\/10.31577\/slovarch.2023.suppl.3.23\" target=\"_blank\" rel=\"noopener noreferrer\">https:\/\/doi.org\/10.31577\/slovarch.2023.suppl.3.23<\/a><\/p>\n","protected":false},"excerpt":{"rendered":"<p>Slovensk\u00e1 archeol\u00f3gia, No. Suppl. 3. &nbsp; OBSAH &nbsp; TABULA GRATULATORIA &nbsp; Jozef Z\u00e1bojn\u00edk LIFE JUBILEE OF PHDR. GABRIEL FUSEK, CSC. &nbsp; \u010cL\u00c1NKY &nbsp; J\u00e1n Rajt\u00e1r \u2013 Jozef Z\u00e1bojn\u00edk N\u00e1lezy r\u00edmsko-provinci\u00e1lnej keramiky v hroboch z obdobia avarsk\u00e9ho kagan\u00e1tu na \u00fazem\u00ed Slovenska DOI:\u00a0https:\/\/doi.org\/10.31577\/slovarch.2023.suppl.3.1 &nbsp; Zden\u011bk Farka\u0161 \u2013 Vladim\u00edr Tur\u010dan S\u00eddliskov\u00fd objekt s v\u010dasnoslovanskou keramikou z Bratislavy-Karlovej Vsi &#8230; <a class=\"read-more\" href=\"https:\/\/archeol.sav.sk\/index.php\/sk\/slovenska-archeologia-no-suppl-3\/\">\u010c\u00edtajte viac<\/a><\/p>\n","protected":false},"author":2,"featured_media":0,"parent":0,"menu_order":0,"comment_status":"closed","ping_status":"closed","template":"","meta":[],"_links":{"self":[{"href":"https:\/\/archeol.sav.sk\/index.php\/wp-json\/wp\/v2\/pages\/6935"}],"collection":[{"href":"https:\/\/archeol.sav.sk\/index.php\/wp-json\/wp\/v2\/pages"}],"about":[{"href":"https:\/\/archeol.sav.sk\/index.php\/wp-json\/wp\/v2\/types\/page"}],"author":[{"embeddable":true,"href":"https:\/\/archeol.sav.sk\/index.php\/wp-json\/wp\/v2\/users\/2"}],"replies":[{"embeddable":true,"href":"https:\/\/archeol.sav.sk\/index.php\/wp-json\/wp\/v2\/comments?post=6935"}],"version-history":[{"count":4,"href":"https:\/\/archeol.sav.sk\/index.php\/wp-json\/wp\/v2\/pages\/6935\/revisions"}],"predecessor-version":[{"id":6967,"href":"https:\/\/archeol.sav.sk\/index.php\/wp-json\/wp\/v2\/pages\/6935\/revisions\/6967"}],"wp:attachment":[{"href":"https:\/\/archeol.sav.sk\/index.php\/wp-json\/wp\/v2\/media?parent=6935"}],"curies":[{"name":"wp","href":"https:\/\/api.w.org\/{rel}","templated":true}]}}