{"id":6791,"date":"2023-11-05T11:36:15","date_gmt":"2023-11-05T09:36:15","guid":{"rendered":"https:\/\/archeol.sav.sk\/?page_id=6791"},"modified":"2024-02-16T13:25:40","modified_gmt":"2024-02-16T11:25:40","slug":"terenny-vyskum-2023","status":"publish","type":"page","link":"https:\/\/archeol.sav.sk\/index.php\/sk\/terenny-vyskum-2023\/","title":{"rendered":"Ter\u00e9nny v\u00fdskum 2023"},"content":{"rendered":"<p><a href=\"https:\/\/archeol.sav.sk\/files\/Hrad-Hru\u0161ov2023.pdf\">Hrad Hru\u0161ov<\/a><\/p>\n<p><a href=\"https:\/\/archeol.sav.sk\/files\/Hrad-Lietava2023.pdf\">Hrad Lietava<\/a><\/p>\n<p><a href=\"https:\/\/archeol.sav.sk\/files\/Mo\u010denok_web.pdf\">Mo\u010denok<\/a><\/p>\n<p><a href=\"https:\/\/archeol.sav.sk\/files\/Nitra_sidlisko_web.pdf\">Nitra &#8211; rieka, Mlyn\u00e1rce<\/a><\/p>\n<p><a href=\"https:\/\/archeol.sav.sk\/files\/Nitra_prieskum-rieky.pdf\">Nitra &#8211; rieka<\/a><\/p>\n<p><a href=\"https:\/\/archeol.sav.sk\/files\/Plaveck\u00fd-hrad2023.pdf\">Plaveck\u00fd hrad<\/a><\/p>\n<p><a href=\"https:\/\/archeol.sav.sk\/files\/PUSTY-HRAD_PLAGAT_2023.pdf\">Pust\u00fd hrad<\/a><\/p>\n<p><a href=\"https:\/\/archeol.sav.sk\/files\/Slovenska-\u013dup\u010da.pdf\">Slovensk\u00e1 \u013dup\u010da<\/a><\/p>\n<p><a href=\"https:\/\/archeol.sav.sk\/files\/Trnava-Hora_\u010das\u0165-Jaln\u00e1.pdf\">Trnav\u00e1 Hora &#8211; Jaln\u00e1<\/a><\/p>\n<p><a href=\"https:\/\/archeol.sav.sk\/files\/Velka_ruzinska_jaskyna_2023.pdf\">Ve\u013ek\u00e1 ru\u017e\u00ednska jasky\u0148a<\/a><\/p>\n","protected":false},"excerpt":{"rendered":"<p>Hrad Hru\u0161ov Hrad Lietava Mo\u010denok Nitra &#8211; rieka, Mlyn\u00e1rce Nitra &#8211; rieka Plaveck\u00fd hrad Pust\u00fd hrad Slovensk\u00e1 \u013dup\u010da Trnav\u00e1 Hora &#8211; Jaln\u00e1 Ve\u013ek\u00e1 ru\u017e\u00ednska jasky\u0148a<\/p>\n","protected":false},"author":2,"featured_media":0,"parent":0,"menu_order":0,"comment_status":"closed","ping_status":"closed","template":"","meta":[],"_links":{"self":[{"href":"https:\/\/archeol.sav.sk\/index.php\/wp-json\/wp\/v2\/pages\/6791"}],"collection":[{"href":"https:\/\/archeol.sav.sk\/index.php\/wp-json\/wp\/v2\/pages"}],"about":[{"href":"https:\/\/archeol.sav.sk\/index.php\/wp-json\/wp\/v2\/types\/page"}],"author":[{"embeddable":true,"href":"https:\/\/archeol.sav.sk\/index.php\/wp-json\/wp\/v2\/users\/2"}],"replies":[{"embeddable":true,"href":"https:\/\/archeol.sav.sk\/index.php\/wp-json\/wp\/v2\/comments?post=6791"}],"version-history":[{"count":9,"href":"https:\/\/archeol.sav.sk\/index.php\/wp-json\/wp\/v2\/pages\/6791\/revisions"}],"predecessor-version":[{"id":6923,"href":"https:\/\/archeol.sav.sk\/index.php\/wp-json\/wp\/v2\/pages\/6791\/revisions\/6923"}],"wp:attachment":[{"href":"https:\/\/archeol.sav.sk\/index.php\/wp-json\/wp\/v2\/media?parent=6791"}],"curies":[{"name":"wp","href":"https:\/\/api.w.org\/{rel}","templated":true}]}}