{"id":6709,"date":"2023-07-31T14:26:12","date_gmt":"2023-07-31T12:26:12","guid":{"rendered":"http:\/\/archeol.sav.sk\/?page_id=6709"},"modified":"2023-07-31T14:26:12","modified_gmt":"2023-07-31T12:26:12","slug":"books-2023","status":"publish","type":"page","link":"https:\/\/archeol.sav.sk\/index.php\/sk\/books-2023\/","title":{"rendered":"Books 2023"},"content":{"rendered":"<p><a href=\"http:\/\/www.cevnad.sav.sk\/aktivita_1_1\/AVANS_v_roku_2017.pdf\"><b><img decoding=\"async\" loading=\"lazy\" class=\"size-medium wp-image-6706 alignleft\" src=\"http:\/\/archeol.sav.sk\/files\/AVANS-2017_obalka-210x300.jpg\" alt=\"\" width=\"210\" height=\"300\" srcset=\"https:\/\/archeol.sav.sk\/files\/AVANS-2017_obalka-210x300.jpg 210w, https:\/\/archeol.sav.sk\/files\/AVANS-2017_obalka-768x1095.jpg 768w, https:\/\/archeol.sav.sk\/files\/AVANS-2017_obalka-718x1024.jpg 718w\" sizes=\"(max-width: 210px) 100vw, 210px\" \/>Archeologick\u00e9 v\u00fdskumy a n\u00e1lezy na Slovensku<\/b><\/a><br \/>\nAutor:\u00a0<strong>Ivan Cheben, Klaudia Da\u0148ov\u00e1, Dominika Oravkinov\u00e1 (zost.)<\/strong><br \/>\nVydal:\u00a0<strong>Archeologick\u00fd \u00fastav SAV<\/strong><br \/>\nRok vydania:\u00a0<strong>2022<\/strong><br \/>\nIBSN<strong> 978-80-8196-063-5<\/strong><\/p>\n<p>Po\u010det str\u00e1n: 216<\/p>\n<p>&nbsp;<\/p>\n","protected":false},"excerpt":{"rendered":"<p>Archeologick\u00e9 v\u00fdskumy a n\u00e1lezy na Slovensku Autor:\u00a0Ivan Cheben, Klaudia Da\u0148ov\u00e1, Dominika Oravkinov\u00e1 (zost.) Vydal:\u00a0Archeologick\u00fd \u00fastav SAV Rok vydania:\u00a02022 IBSN 978-80-8196-063-5 Po\u010det str\u00e1n: 216 &nbsp;<\/p>\n","protected":false},"author":2,"featured_media":0,"parent":0,"menu_order":0,"comment_status":"closed","ping_status":"closed","template":"","meta":[],"_links":{"self":[{"href":"https:\/\/archeol.sav.sk\/index.php\/wp-json\/wp\/v2\/pages\/6709"}],"collection":[{"href":"https:\/\/archeol.sav.sk\/index.php\/wp-json\/wp\/v2\/pages"}],"about":[{"href":"https:\/\/archeol.sav.sk\/index.php\/wp-json\/wp\/v2\/types\/page"}],"author":[{"embeddable":true,"href":"https:\/\/archeol.sav.sk\/index.php\/wp-json\/wp\/v2\/users\/2"}],"replies":[{"embeddable":true,"href":"https:\/\/archeol.sav.sk\/index.php\/wp-json\/wp\/v2\/comments?post=6709"}],"version-history":[{"count":1,"href":"https:\/\/archeol.sav.sk\/index.php\/wp-json\/wp\/v2\/pages\/6709\/revisions"}],"predecessor-version":[{"id":6710,"href":"https:\/\/archeol.sav.sk\/index.php\/wp-json\/wp\/v2\/pages\/6709\/revisions\/6710"}],"wp:attachment":[{"href":"https:\/\/archeol.sav.sk\/index.php\/wp-json\/wp\/v2\/media?parent=6709"}],"curies":[{"name":"wp","href":"https:\/\/api.w.org\/{rel}","templated":true}]}}