{"id":65,"date":"2015-05-02T23:29:58","date_gmt":"2015-05-02T21:29:58","guid":{"rendered":"http:\/\/chcemlego.sk\/?page_id=65"},"modified":"2022-05-03T16:30:00","modified_gmt":"2022-05-03T14:30:00","slug":"vychodoslovensky-pravek","status":"publish","type":"page","link":"https:\/\/archeol.sav.sk\/index.php\/sk\/publikacie-2\/vychodoslovensky-pravek\/","title":{"rendered":"V\u00fdchodoslovensk\u00fd pravek"},"content":{"rendered":"<hr \/>\n<table border=\"0\" width=\"100%\">\n<tbody>\n<tr>\n<td><b>Hlavn\u00fd redaktor:<\/b> PhDr. Elena Miro\u0161\u0161ayov\u00e1, CSc.<b>Vyd\u00e1va:<\/b> Archeologick\u00fd \u00fastav SAV, Akademick\u00e1 2, 949 21 Nitra<\/p>\n<p><b>Adresa redakcie:<\/b> Archeologick\u00fd \u00fastav SAV, Hrn\u010diarska 13, 040 01 Ko\u0161ice<\/p>\n<p><b>Tel. :<\/b> (+421\/055) 62226 82 <b>Fax :<\/b> (+421\/055) 7295558<\/p>\n<p><b>E-mail :<\/b> <a href=\"mailto:mirossa@saske.sk\">mirossa@saske.sk<\/a><\/td>\n<td><img decoding=\"async\" loading=\"lazy\" class=\"noprint\" src=\"http:\/\/archeol.sav.sk\/pics\/logo_vychpravek.gif\" alt=\"Logo V\u00fdchodoslovensk\u00fd Pravek\" width=\"150\" height=\"150\" hspace=\"0\" vspace=\"0\" \/><\/td>\n<\/tr>\n<\/tbody>\n<\/table>\n<hr \/>\n<p><b>V\u00ddCHODOSLOVENSK\u00dd PRAVEK<\/b> zverej\u0148uje nov\u00e9 v\u00fdsledky ter\u00e9nneho a teoretick\u00e9ho b\u00e1dania pravek\u00fdch a v\u010dasn\u00fdch dej\u00edn v\u00fdchodn\u00e9ho Slovenska a \u0161t\u00fadie zaoberaj\u00face sa historick\u00fdm v\u00fdvojom os\u00eddlenia severov\u00fdchodnej \u010dasti Karpatskej kotliny. Vych\u00e1dza\u0165 za\u010dal v sedemdesiatych rokoch \/1 &#8211; 1970, 2 &#8211; 1971\/. Vyd\u00e1vanie bolo obnoven\u00e9 v roku 1991 \/3 &#8211; 1991, 4 &#8211; 1993, 5 &#8211; 1998\/.<\/p>\n<p>&nbsp;<\/p>\n<hr \/>\n<p><a name=\"zoznam\"><\/a><\/p>\n<h2>Zoznam \u010d\u00edsiel:<\/h2>\n<p><a href=\"http:\/\/archeol.sav.sk\/files\/V\u00fdchodoslovenk\u00fd-pravek-12.pdf\">V\u00fdchodoslovensk\u00fd pravek XII, <strong>2021<\/strong><\/a><br \/>\n<a href=\"http:\/\/archeol.sav.sk\/files\/V\u00fdchodoslovenk\u00fd-pravek-11.pdf\">V\u00fdchodoslovensk\u00fd pravek XI, <strong>2018<\/strong><\/a><br \/>\n<a href=\"http:\/\/archeol.sav.sk\/files\/V\u00fdchodoslovenk\u00fd-pravek-10.pdf\">V\u00fdchodoslovensk\u00fd Pravek X, <b>2013<\/b><\/a><br \/>\n<a href=\"http:\/\/archeol.sav.sk\/files\/V\u00fdchodoslovenk\u00fd-pravek-9.pdf\">V\u00fdchodoslovensk\u00fd Pravek IX, <b>2009<\/b><\/a><br \/>\n<a href=\"http:\/\/archeol.sav.sk\/files\/V\u00fdchodoslovenk\u00fd-pravek-8.pdf\">V\u00fdchodoslovensk\u00fd Pravek VIII, <b>2007<\/b><\/a><br \/>\n<a href=\"http:\/\/archeol.sav.sk\/files\/V\u00fdchodoslovenk\u00fd-pravek-7.pdf\">V\u00fdchodoslovensk\u00fd Pravek VII, <b>2005<\/b><\/a><br \/>\n<a href=\"http:\/\/archeol.sav.sk\/files\/V\u00fdchodoslovenk\u00fd-pravek-6_zmenseny.pdf\">V\u00fdchodoslovensk\u00fd Pravek VI, <b>2003<\/b><\/a><br \/>\nV\u00fdchodoslovensk\u00fd Pravek &#8211; Special Issue, <b>1999<\/b><br \/>\n<a href=\"http:\/\/archeol.sav.sk\/files\/V\u00fdchodoslavensk\u00fd-pravek-5_zmenseny.pdf\">V\u00fdchodoslovensk\u00fd Pravek V, <b>1998<\/b><\/a><br \/>\n<a href=\"http:\/\/archeol.sav.sk\/files\/V\u00fdchodoslovensk\u00fd-pravek-4_zmenseny.pdf\">V\u00fdchodoslovensk\u00fd Pravek IV, <b>1993<\/b><\/a><br \/>\n<a href=\"http:\/\/archeol.sav.sk\/files\/V\u00fdchodoslovensk\u00fd-pravek-3_zmenseny.pdf\">V\u00fdchodoslovensk\u00fd Pravek III, <b>1991<\/b><\/a><br \/>\n<a href=\"http:\/\/archeol.sav.sk\/files\/V\u00fdchodoslovensk\u00fd-pravek-2_zmenseny.pdf\">V\u00fdchodoslovensk\u00fd Pravek II, <b>1971<\/b><\/a><br \/>\n<a href=\"http:\/\/archeol.sav.sk\/files\/V\u00fdchodoslovensk\u00fd-pravek-1_zmenseny.pdf\">V\u00fdchodoslovensk\u00fd Pravek I, <b>1970<\/b><\/a><\/p>\n","protected":false},"excerpt":{"rendered":"<p>Hlavn\u00fd redaktor: PhDr. Elena Miro\u0161\u0161ayov\u00e1, CSc.Vyd\u00e1va: Archeologick\u00fd \u00fastav SAV, Akademick\u00e1 2, 949 21 Nitra Adresa redakcie: Archeologick\u00fd \u00fastav SAV, Hrn\u010diarska 13, 040 01 Ko\u0161ice Tel. : (+421\/055) 62226 82 Fax : (+421\/055) 7295558 E-mail : mirossa@saske.sk V\u00ddCHODOSLOVENSK\u00dd PRAVEK zverej\u0148uje nov\u00e9 v\u00fdsledky ter\u00e9nneho a teoretick\u00e9ho b\u00e1dania pravek\u00fdch a v\u010dasn\u00fdch dej\u00edn v\u00fdchodn\u00e9ho Slovenska a \u0161t\u00fadie zaoberaj\u00face sa &#8230; <a class=\"read-more\" href=\"https:\/\/archeol.sav.sk\/index.php\/sk\/publikacie-2\/vychodoslovensky-pravek\/\">\u010c\u00edtajte viac<\/a><\/p>\n","protected":false},"author":1,"featured_media":0,"parent":56,"menu_order":0,"comment_status":"closed","ping_status":"closed","template":"","meta":[],"_links":{"self":[{"href":"https:\/\/archeol.sav.sk\/index.php\/wp-json\/wp\/v2\/pages\/65"}],"collection":[{"href":"https:\/\/archeol.sav.sk\/index.php\/wp-json\/wp\/v2\/pages"}],"about":[{"href":"https:\/\/archeol.sav.sk\/index.php\/wp-json\/wp\/v2\/types\/page"}],"author":[{"embeddable":true,"href":"https:\/\/archeol.sav.sk\/index.php\/wp-json\/wp\/v2\/users\/1"}],"replies":[{"embeddable":true,"href":"https:\/\/archeol.sav.sk\/index.php\/wp-json\/wp\/v2\/comments?post=65"}],"version-history":[{"count":4,"href":"https:\/\/archeol.sav.sk\/index.php\/wp-json\/wp\/v2\/pages\/65\/revisions"}],"predecessor-version":[{"id":6099,"href":"https:\/\/archeol.sav.sk\/index.php\/wp-json\/wp\/v2\/pages\/65\/revisions\/6099"}],"up":[{"embeddable":true,"href":"https:\/\/archeol.sav.sk\/index.php\/wp-json\/wp\/v2\/pages\/56"}],"wp:attachment":[{"href":"https:\/\/archeol.sav.sk\/index.php\/wp-json\/wp\/v2\/media?parent=65"}],"curies":[{"name":"wp","href":"https:\/\/api.w.org\/{rel}","templated":true}]}}