{"id":6404,"date":"2022-10-17T16:26:35","date_gmt":"2022-10-17T14:26:35","guid":{"rendered":"http:\/\/archeol.sav.sk\/?page_id=6404"},"modified":"2023-03-02T16:45:09","modified_gmt":"2023-03-02T14:45:09","slug":"publikacie-2022","status":"publish","type":"page","link":"https:\/\/archeol.sav.sk\/index.php\/sk\/publikacie-2022\/","title":{"rendered":"Publik\u00e1cie 2022"},"content":{"rendered":"<p><img decoding=\"async\" loading=\"lazy\" class=\"wp-image-6535 alignleft\" src=\"http:\/\/archeol.sav.sk\/files\/1-5-202x300.jpg\" alt=\"\" width=\"213\" height=\"316\" srcset=\"https:\/\/archeol.sav.sk\/files\/1-5-202x300.jpg 202w, https:\/\/archeol.sav.sk\/files\/1-5-768x1140.jpg 768w, https:\/\/archeol.sav.sk\/files\/1-5-690x1024.jpg 690w\" sizes=\"(max-width: 213px) 100vw, 213px\" \/><\/p>\n<p><a href=\"http:\/\/www.cevnad.sav.sk\/aktivita_1_1\/Furmanek_et_al_Eponymna%20lokalita%20archeologickej%20kultury.pdf\"><b>Kyjatice. Eponymn\u00e1 lokalita archeologickej kult\u00fary<\/b><\/a><br \/>\nAutor: <strong>V\u00e1clav Furm\u00e1nek, Jaroslava Pavelkov\u00e1, Vojtech Budinsk\u00fd-Kri\u010dka<\/strong><br \/>\nVydal:\u00a0<strong>Archeologick\u00fd \u00fastav SAV<\/strong><br \/>\nRok vydania:\u00a0<strong>2022<\/strong><br \/>\nIBSN<strong> 978-80-8196-061-1<\/strong><\/p>\n<p>Po\u010det str\u00e1n: 307<\/p>\n<p>&nbsp;<\/p>\n<p>&nbsp;<\/p>\n<p>&nbsp;<\/p>\n<p>&nbsp;<\/p>\n<p>&nbsp;<\/p>\n<p><img decoding=\"async\" loading=\"lazy\" class=\"wp-image-6536 alignleft\" src=\"http:\/\/archeol.sav.sk\/files\/2-5-195x300.jpg\" alt=\"\" width=\"212\" height=\"326\" srcset=\"https:\/\/archeol.sav.sk\/files\/2-5-195x300.jpg 195w, https:\/\/archeol.sav.sk\/files\/2-5-768x1184.jpg 768w, https:\/\/archeol.sav.sk\/files\/2-5-664x1024.jpg 664w\" sizes=\"(max-width: 212px) 100vw, 212px\" \/><a href=\"http:\/\/archeol.sav.sk\/files\/SZ-69-2_2022_na-web_male.pdf\"><b>\u0160tudijn\u00e9 Zvesti 69-2<\/b><\/a><\/p>\n<p>Autori:\u00a0<b>Gertr\u00fada B\u0159ezinov\u00e1, Alena Bist\u00e1kov\u00e1 (zost.)<\/b><\/p>\n<p>Vydal:\u00a0<b>Archeologick\u00fd \u00fastav SAV<\/b><\/p>\n<p>Rok vydania:\u00a0<strong>2021<\/strong><\/p>\n<p>ISSN\u00a0 0560-2793<\/p>\n<p>Po\u010det str\u00e1n: 406<\/p>\n<p>&nbsp;<\/p>\n<p>&nbsp;<\/p>\n<p>&nbsp;<\/p>\n<p>&nbsp;<\/p>\n<p><img decoding=\"async\" loading=\"lazy\" class=\"size-medium wp-image-6537 alignleft\" src=\"http:\/\/archeol.sav.sk\/files\/3-6-213x300.jpg\" alt=\"\" width=\"213\" height=\"300\" srcset=\"https:\/\/archeol.sav.sk\/files\/3-6-213x300.jpg 213w, https:\/\/archeol.sav.sk\/files\/3-6-768x1084.jpg 768w, https:\/\/archeol.sav.sk\/files\/3-6-725x1024.jpg 725w\" sizes=\"(max-width: 213px) 100vw, 213px\" \/><a href=\"http:\/\/archeol.sav.sk\/files\/SlA_2022_70_1.pdf\"><strong>Slovensk\u00e1 archeol\u00f3gia LXX \u2013 1<\/strong><\/a><\/p>\n<p>Autor:\u00a0<strong>Gabriel Fusek (zost.)<\/strong><\/p>\n<p>Vydal:\u00a0<b>Archeologick\u00fd \u00fastav SAV<\/b><\/p>\n<p>Rok vydania:\u00a0<strong>2022<\/strong><\/p>\n<p>ISSN 1335-0102<\/p>\n<p>Po\u010det str\u00e1n: 188<\/p>\n<p>&nbsp;<\/p>\n<p>&nbsp;<\/p>\n<p>&nbsp;<\/p>\n<p><a href=\"http:\/\/www.cevnad.sav.sk\/aktivita_1_1\/NR_Selenec.pdf\"><b><img decoding=\"async\" loading=\"lazy\" class=\"size-medium wp-image-6487 alignleft\" src=\"http:\/\/archeol.sav.sk\/files\/NR-Selenec_obalka-212x300.jpg\" alt=\"\" width=\"212\" height=\"300\" srcset=\"https:\/\/archeol.sav.sk\/files\/NR-Selenec_obalka-212x300.jpg 212w, https:\/\/archeol.sav.sk\/files\/NR-Selenec_obalka-768x1085.jpg 768w, https:\/\/archeol.sav.sk\/files\/NR-Selenec_obalka-725x1024.jpg 725w, https:\/\/archeol.sav.sk\/files\/NR-Selenec_obalka.jpg 1241w\" sizes=\"(max-width: 212px) 100vw, 212px\" \/>S\u00eddlisko ludanickej skupiny v Nitre-Chrenovej, poloha Selenec<\/b><\/a><br \/>\nAutor: <strong>Monika Gabulov\u00e1 (zost.)<\/strong><br \/>\nVydal:\u00a0<strong>Archeologick\u00fd \u00fastav SAV<\/strong><br \/>\nRok vydania:\u00a0<strong>2022<\/strong><br \/>\nIBSN<strong> 978-80-8196-029-1<\/strong><\/p>\n<p>Po\u010det str\u00e1n: 296<\/p>\n<p>&nbsp;<\/p>\n<p>&nbsp;<\/p>\n<p>&nbsp;<\/p>\n<p>&nbsp;<\/p>\n<p>&nbsp;<\/p>\n<p><b><img decoding=\"async\" loading=\"lazy\" class=\"size-medium wp-image-6454 alignleft\" src=\"http:\/\/archeol.sav.sk\/files\/Os\u00eddlenie-Nitry-v-dobe-bronzovej-201x300.jpg\" alt=\"\" width=\"201\" height=\"300\" srcset=\"https:\/\/archeol.sav.sk\/files\/Os\u00eddlenie-Nitry-v-dobe-bronzovej-201x300.jpg 201w, https:\/\/archeol.sav.sk\/files\/Os\u00eddlenie-Nitry-v-dobe-bronzovej-768x1145.jpg 768w, https:\/\/archeol.sav.sk\/files\/Os\u00eddlenie-Nitry-v-dobe-bronzovej-687x1024.jpg 687w\" sizes=\"(max-width: 201px) 100vw, 201px\" \/><a href=\"http:\/\/archeol.sav.sk\/files\/Osidlenie-Nitry.pdf\">Os\u00eddlenie Nitry v star\u0161ej dobe bronzovej. S\u00eddlisk\u00e1 a pohrebisk\u00e1<\/a><\/b><br \/>\nAutor:\u00a0<strong>Jozef B\u00e1tora, Zuzana Felcanov\u00e1, Jozef Vlad\u00e1r<\/strong><br \/>\nVydal:\u00a0<strong>Archeologick\u00fd \u00fastav SAV<\/strong><br \/>\nRok vydania:\u00a0<strong>2022<\/strong><br \/>\nIBSN<strong> 978-80-8196-030-7<\/strong><\/p>\n<p>Po\u010det str\u00e1n: 244<\/p>\n<p>&nbsp;<\/p>\n<p>&nbsp;<\/p>\n<p>&nbsp;<\/p>\n<p>&nbsp;<\/p>\n<p>&nbsp;<\/p>\n<p><b><img decoding=\"async\" loading=\"lazy\" class=\"size-medium wp-image-6452 alignleft\" src=\"http:\/\/archeol.sav.sk\/files\/Kapu\u0161any-Polsko-200x300.jpg\" alt=\"\" width=\"200\" height=\"300\" srcset=\"https:\/\/archeol.sav.sk\/files\/Kapu\u0161any-Polsko-200x300.jpg 200w, https:\/\/archeol.sav.sk\/files\/Kapu\u0161any-Polsko-768x1152.jpg 768w, https:\/\/archeol.sav.sk\/files\/Kapu\u0161any-Polsko-683x1024.jpg 683w, https:\/\/archeol.sav.sk\/files\/Kapu\u0161any-Polsko.jpg 1622w\" sizes=\"(max-width: 200px) 100vw, 200px\" \/><a href=\"http:\/\/archeol.sav.sk\/files\/Kapu\u0161any-Polsko.pdf\">Archeologick\u00fd v\u00fdskum na trase vysokotlakov\u00e9ho prepojovacieho plynovodu Ve\u013ek\u00e9 Kapu\u0161any &#8211; Po\u013esko<\/a><\/b><br \/>\nAutor:\u00a0<strong>Lucia Lu\u0161tikov\u00e1, Marek Vojte\u010dek (zost.)<\/strong><br \/>\nVydal:\u00a0<strong>Archeologick\u00fd \u00fastav SAV<\/strong><br \/>\nRok vydania:\u00a0<strong>2022<\/strong><br \/>\nIBSN<strong> 978-80-8196-059-8<\/strong><\/p>\n<p>Po\u010det str\u00e1n: 100<\/p>\n<p>&nbsp;<\/p>\n<p>&nbsp;<\/p>\n<p>&nbsp;<\/p>\n<p>&nbsp;<\/p>\n<p><b><a href=\"http:\/\/www.cevnad.sav.sk\/aktivita_1_1\/AVANS_v_roku_2016.pdf\"><img decoding=\"async\" loading=\"lazy\" class=\"alignleft wp-image-6405 size-medium\" src=\"http:\/\/archeol.sav.sk\/files\/AVANS-2016_obalka-212x300.jpg\" alt=\"\" width=\"212\" height=\"300\" srcset=\"https:\/\/archeol.sav.sk\/files\/AVANS-2016_obalka-212x300.jpg 212w, https:\/\/archeol.sav.sk\/files\/AVANS-2016_obalka-768x1086.jpg 768w, https:\/\/archeol.sav.sk\/files\/AVANS-2016_obalka-724x1024.jpg 724w\" sizes=\"(max-width: 212px) 100vw, 212px\" \/><\/a><\/b><\/p>\n<p>&nbsp;<\/p>\n<p><a href=\"http:\/\/www.cevnad.sav.sk\/aktivita_1_1\/AVANS_v_roku_2016.pdf\"><b>Archeologick\u00e9 v\u00fdskumy a n\u00e1lezy na Slovensku<\/b><\/a><br \/>\nAutor:\u00a0<strong>Ivan Cheben, Klaudia Da\u0148ov\u00e1 (zost.)<\/strong><br \/>\nVydal:\u00a0<strong>Archeologick\u00fd \u00fastav SAV<\/strong><br \/>\nRok vydania:\u00a0<strong>2022<\/strong><br \/>\nIBSN<strong> 978-80-8196-058-1<\/strong><\/p>\n<p>Po\u010det str\u00e1n: 280<\/p>\n","protected":false},"excerpt":{"rendered":"<p>Kyjatice. Eponymn\u00e1 lokalita archeologickej kult\u00fary Autor: V\u00e1clav Furm\u00e1nek, Jaroslava Pavelkov\u00e1, Vojtech Budinsk\u00fd-Kri\u010dka Vydal:\u00a0Archeologick\u00fd \u00fastav SAV Rok vydania:\u00a02022 IBSN 978-80-8196-061-1 Po\u010det str\u00e1n: 307 &nbsp; &nbsp; &nbsp; &nbsp; &nbsp; \u0160tudijn\u00e9 Zvesti 69-2 Autori:\u00a0Gertr\u00fada B\u0159ezinov\u00e1, Alena Bist\u00e1kov\u00e1 (zost.) Vydal:\u00a0Archeologick\u00fd \u00fastav SAV Rok vydania:\u00a02021 ISSN\u00a0 0560-2793 Po\u010det str\u00e1n: 406 &nbsp; &nbsp; &nbsp; &nbsp; Slovensk\u00e1 archeol\u00f3gia LXX \u2013 1 Autor:\u00a0Gabriel &#8230; <a class=\"read-more\" href=\"https:\/\/archeol.sav.sk\/index.php\/sk\/publikacie-2022\/\">\u010c\u00edtajte viac<\/a><\/p>\n","protected":false},"author":2,"featured_media":0,"parent":0,"menu_order":0,"comment_status":"closed","ping_status":"closed","template":"","meta":[],"_links":{"self":[{"href":"https:\/\/archeol.sav.sk\/index.php\/wp-json\/wp\/v2\/pages\/6404"}],"collection":[{"href":"https:\/\/archeol.sav.sk\/index.php\/wp-json\/wp\/v2\/pages"}],"about":[{"href":"https:\/\/archeol.sav.sk\/index.php\/wp-json\/wp\/v2\/types\/page"}],"author":[{"embeddable":true,"href":"https:\/\/archeol.sav.sk\/index.php\/wp-json\/wp\/v2\/users\/2"}],"replies":[{"embeddable":true,"href":"https:\/\/archeol.sav.sk\/index.php\/wp-json\/wp\/v2\/comments?post=6404"}],"version-history":[{"count":6,"href":"https:\/\/archeol.sav.sk\/index.php\/wp-json\/wp\/v2\/pages\/6404\/revisions"}],"predecessor-version":[{"id":6538,"href":"https:\/\/archeol.sav.sk\/index.php\/wp-json\/wp\/v2\/pages\/6404\/revisions\/6538"}],"wp:attachment":[{"href":"https:\/\/archeol.sav.sk\/index.php\/wp-json\/wp\/v2\/media?parent=6404"}],"curies":[{"name":"wp","href":"https:\/\/api.w.org\/{rel}","templated":true}]}}