{"id":6360,"date":"2022-09-23T12:12:53","date_gmt":"2022-09-23T10:12:53","guid":{"rendered":"http:\/\/archeol.sav.sk\/?page_id=6360"},"modified":"2025-12-18T10:37:11","modified_gmt":"2025-12-18T08:37:11","slug":"terenny-vyskum-2022","status":"publish","type":"page","link":"https:\/\/archeol.sav.sk\/index.php\/sk\/terenny-vyskum-2022\/","title":{"rendered":"Ter\u00e9nny v\u00fdskum 2022"},"content":{"rendered":"<p><a href=\"http:\/\/archeol.sav.sk\/files\/bojn\u00e1-VI-1.pdf\">Bojn\u00e1<\/a><\/p>\n<p><a href=\"http:\/\/archeol.sav.sk\/files\/Web_poster-Branovo-2022.pdf\">Branovo<\/a><\/p>\n<p><a href=\"http:\/\/archeol.sav.sk\/files\/Hrad-Hru\u0161ov2022-1.pdf\">hrad Hru\u0161ov<\/a><\/p>\n<p><a href=\"http:\/\/archeol.sav.sk\/files\/Hrad-Lietava2021-1.pdf\">Hrad Lietava<\/a><\/p>\n<p><a href=\"http:\/\/archeol.sav.sk\/files\/Mitas-Bobek_Mojmirovce_WebAU_2022.pdf\">Mojm\u00edrovce<\/a><\/p>\n<p><a href=\"http:\/\/archeol.sav.sk\/files\/Plaveck\u00fd-hrad2022.pdf\">Plaveck\u00fd hrad<\/a><\/p>\n<p><a href=\"https:\/\/archeol.sav.sk\/files\/PUSTY-HRAD_PLAGAT_2022.pdf\">Pust\u00fd hrad<\/a><\/p>\n<p><a href=\"https:\/\/archeol.sav.sk\/files\/2022_Iza_Dunaj.pdf\">Rieka Dunaj<\/a><\/p>\n<p><a href=\"http:\/\/archeol.sav.sk\/files\/Ruzin_2022.pdf\">Ru\u017e\u00edn<\/a><\/p>\n","protected":false},"excerpt":{"rendered":"<p>Bojn\u00e1 Branovo hrad Hru\u0161ov Hrad Lietava Mojm\u00edrovce Plaveck\u00fd hrad Pust\u00fd hrad Rieka Dunaj Ru\u017e\u00edn<\/p>\n","protected":false},"author":2,"featured_media":0,"parent":0,"menu_order":0,"comment_status":"closed","ping_status":"closed","template":"","meta":[],"_links":{"self":[{"href":"https:\/\/archeol.sav.sk\/index.php\/wp-json\/wp\/v2\/pages\/6360"}],"collection":[{"href":"https:\/\/archeol.sav.sk\/index.php\/wp-json\/wp\/v2\/pages"}],"about":[{"href":"https:\/\/archeol.sav.sk\/index.php\/wp-json\/wp\/v2\/types\/page"}],"author":[{"embeddable":true,"href":"https:\/\/archeol.sav.sk\/index.php\/wp-json\/wp\/v2\/users\/2"}],"replies":[{"embeddable":true,"href":"https:\/\/archeol.sav.sk\/index.php\/wp-json\/wp\/v2\/comments?post=6360"}],"version-history":[{"count":9,"href":"https:\/\/archeol.sav.sk\/index.php\/wp-json\/wp\/v2\/pages\/6360\/revisions"}],"predecessor-version":[{"id":7932,"href":"https:\/\/archeol.sav.sk\/index.php\/wp-json\/wp\/v2\/pages\/6360\/revisions\/7932"}],"wp:attachment":[{"href":"https:\/\/archeol.sav.sk\/index.php\/wp-json\/wp\/v2\/media?parent=6360"}],"curies":[{"name":"wp","href":"https:\/\/api.w.org\/{rel}","templated":true}]}}