{"id":6310,"date":"2022-09-23T09:58:11","date_gmt":"2022-09-23T07:58:11","guid":{"rendered":"http:\/\/archeol.sav.sk\/?page_id=6310"},"modified":"2022-09-23T10:10:22","modified_gmt":"2022-09-23T08:10:22","slug":"plan-verejneho-obstaravania-2021","status":"publish","type":"page","link":"https:\/\/archeol.sav.sk\/index.php\/sk\/plan-verejneho-obstaravania-2021\/","title":{"rendered":"Pl\u00e1n verejn\u00e9ho obstar\u00e1vania 2021"},"content":{"rendered":"<p><a href=\"http:\/\/archeol.sav.sk\/files\/Pl\u00e1n-VO-2021.pdf\">Pl\u00e1n verejn\u00e9ho obstar\u00e1vania 2021<\/a><\/p>\n","protected":false},"excerpt":{"rendered":"<p>Pl\u00e1n verejn\u00e9ho obstar\u00e1vania 2021<\/p>\n","protected":false},"author":2,"featured_media":0,"parent":0,"menu_order":0,"comment_status":"closed","ping_status":"closed","template":"","meta":[],"_links":{"self":[{"href":"https:\/\/archeol.sav.sk\/index.php\/wp-json\/wp\/v2\/pages\/6310"}],"collection":[{"href":"https:\/\/archeol.sav.sk\/index.php\/wp-json\/wp\/v2\/pages"}],"about":[{"href":"https:\/\/archeol.sav.sk\/index.php\/wp-json\/wp\/v2\/types\/page"}],"author":[{"embeddable":true,"href":"https:\/\/archeol.sav.sk\/index.php\/wp-json\/wp\/v2\/users\/2"}],"replies":[{"embeddable":true,"href":"https:\/\/archeol.sav.sk\/index.php\/wp-json\/wp\/v2\/comments?post=6310"}],"version-history":[{"count":3,"href":"https:\/\/archeol.sav.sk\/index.php\/wp-json\/wp\/v2\/pages\/6310\/revisions"}],"predecessor-version":[{"id":6324,"href":"https:\/\/archeol.sav.sk\/index.php\/wp-json\/wp\/v2\/pages\/6310\/revisions\/6324"}],"wp:attachment":[{"href":"https:\/\/archeol.sav.sk\/index.php\/wp-json\/wp\/v2\/media?parent=6310"}],"curies":[{"name":"wp","href":"https:\/\/api.w.org\/{rel}","templated":true}]}}