{"id":6300,"date":"2022-09-23T09:55:00","date_gmt":"2022-09-23T07:55:00","guid":{"rendered":"http:\/\/archeol.sav.sk\/?page_id=6300"},"modified":"2022-09-23T10:22:49","modified_gmt":"2022-09-23T08:22:49","slug":"plan-verejneho-obstaravania-2016","status":"publish","type":"page","link":"https:\/\/archeol.sav.sk\/index.php\/sk\/plan-verejneho-obstaravania-2016\/","title":{"rendered":"Pl\u00e1n verejn\u00e9ho obstar\u00e1vania 2016"},"content":{"rendered":"<p><a href=\"http:\/\/archeol.sav.sk\/files\/Pl\u00e1n-VO-2016.pdf\">Pl\u00e1n verejn\u00e9ho obstar\u00e1vania 2016<\/a><\/p>\n","protected":false},"excerpt":{"rendered":"<p>Pl\u00e1n verejn\u00e9ho obstar\u00e1vania 2016<\/p>\n","protected":false},"author":2,"featured_media":0,"parent":0,"menu_order":0,"comment_status":"closed","ping_status":"closed","template":"","meta":[],"_links":{"self":[{"href":"https:\/\/archeol.sav.sk\/index.php\/wp-json\/wp\/v2\/pages\/6300"}],"collection":[{"href":"https:\/\/archeol.sav.sk\/index.php\/wp-json\/wp\/v2\/pages"}],"about":[{"href":"https:\/\/archeol.sav.sk\/index.php\/wp-json\/wp\/v2\/types\/page"}],"author":[{"embeddable":true,"href":"https:\/\/archeol.sav.sk\/index.php\/wp-json\/wp\/v2\/users\/2"}],"replies":[{"embeddable":true,"href":"https:\/\/archeol.sav.sk\/index.php\/wp-json\/wp\/v2\/comments?post=6300"}],"version-history":[{"count":3,"href":"https:\/\/archeol.sav.sk\/index.php\/wp-json\/wp\/v2\/pages\/6300\/revisions"}],"predecessor-version":[{"id":6329,"href":"https:\/\/archeol.sav.sk\/index.php\/wp-json\/wp\/v2\/pages\/6300\/revisions\/6329"}],"wp:attachment":[{"href":"https:\/\/archeol.sav.sk\/index.php\/wp-json\/wp\/v2\/media?parent=6300"}],"curies":[{"name":"wp","href":"https:\/\/api.w.org\/{rel}","templated":true}]}}