{"id":63,"date":"2015-05-02T23:29:24","date_gmt":"2015-05-02T21:29:24","guid":{"rendered":"http:\/\/chcemlego.sk\/?page_id=63"},"modified":"2025-04-10T09:29:10","modified_gmt":"2025-04-10T07:29:10","slug":"avans","status":"publish","type":"page","link":"https:\/\/archeol.sav.sk\/index.php\/sk\/publikacie-2\/avans\/","title":{"rendered":"AVANS"},"content":{"rendered":"<h2><strong>Archeologick\u00e9 v\u00fdskumy a\u00a0n\u00e1lezy na Slovensku<\/strong><\/h2>\n<p><img decoding=\"async\" loading=\"lazy\" class=\"size-full wp-image-6493 alignright\" src=\"http:\/\/archeol.sav.sk\/files\/logo.png\" alt=\"\" width=\"224\" height=\"225\" srcset=\"https:\/\/archeol.sav.sk\/files\/logo.png 224w, https:\/\/archeol.sav.sk\/files\/logo-150x150.png 150w\" sizes=\"(max-width: 224px) 100vw, 224px\" \/>Ro\u010denka Archeologick\u00e9 v\u00fdskumy a n\u00e1lezy na Slovensku &#8211; AVANS je neperiodickou s\u00e9riou ur\u010denou na \u0161tudijn\u00e9, vedeck\u00e9 a informa\u010dn\u00e9 \u00fa\u010dely odborn\u00edkom v archeol\u00f3gii. Formou kr\u00e1tkych vedeck\u00fdch pr\u00edspevkov poskytuje z\u00e1kladn\u00fa inform\u00e1ciu a celkov\u00fd preh\u013ead o v\u00fdsledkoch archeologick\u00fdch v\u00fdskumov a prieskumov, ako aj o n\u00e1hodn\u00fdch a ojedinel\u00fdch n\u00e1lezoch za pr\u00edslu\u0161n\u00fd kalend\u00e1rny rok z cel\u00e9ho \u00fazemia Slovenska. S\u00fa\u010dasne pon\u00faka priestor pre zverejnenie informat\u00edvnych s\u00fahrnov vykonan\u00fdch expert\u00edz z\u00a0kooperuj\u00facich vedn\u00fdch odborov, napr. antropol\u00f3gia, aplikovan\u00e1 geofyzika, archeobotanika, archeozool\u00f3gia, geol\u00f3gia, numizmatika a i.<\/p>\n<p>ISSN 0231-925X<\/p>\n<p>Vyd\u00e1va: Archeologick\u00fd \u00fastav SAV, v. v. i.<\/p>\n<p>Odborn\u00ed redaktori: <strong>PhDr. Klaudia Da\u0148ov\u00e1, PhD., PhDr. Ivan Cheben, CSc., Mgr. Dominika Oravkinov\u00e1, PhD.<\/strong><\/p>\n<p>Adresa redakcie: Archeologick\u00fd \u00fastav SAV, v. v. i., Akademick\u00e1 2, SK-949 21 Nitra<\/p>\n<p><strong>E-mail: avans.ausav@gmail.com<\/strong><\/p>\n<p>Redak\u010dn\u00e1 rada: PhDr. Klaudia Da\u0148ov\u00e1, PhD., PhDr. Ivan Cheben, CSc., Mgr. Dominika Oravkinov\u00e1, PhD., Mgr. Marek Vojte\u010dek, PhD., PhDr. Ji\u0159\u00ed Dole\u017eel, Mag. Dr. Martin Krenn<\/p>\n<p>Po\u010d\u00edta\u010dov\u00e9 spracovanie: Be\u00e1ta Jan\u010d\u00edkov\u00e1<\/p>\n<p>Kompletn\u00fd rukopis v elektronickej podobe vyhotoven\u00fd v\u00a0s\u00falade s\u00a0Pokynmi na \u00fapravu rukopisu odovzd\u00e1va kore\u0161ponduj\u00faci autor\/autorka odborn\u00fdm redaktorom ro\u010denky bu\u010f osobne alebo na e-mailov\u00fa adresu redakcie spolu s vyplnen\u00fdm Registra\u010dn\u00fdm formul\u00e1rom pr\u00edspevku.<\/p>\n<p>&nbsp;<\/p>\n<p><strong>Aktu\u00e1lne term\u00edny zasielania pr\u00edspevkov do redakcie:<\/strong><\/p>\n<ul>\n<li>pre <strong>AVANS v\u00a0roku 2023<\/strong> najnesk\u00f4r do <strong> apr\u00edla 2025<\/strong><\/li>\n<\/ul>\n<ul>\n<li>pre <strong>AVANS v\u00a0roku 2024<\/strong> najnesk\u00f4r do <strong> augusta 2025<\/strong><\/li>\n<\/ul>\n<p>&nbsp;<\/p>\n<p><a href=\"http:\/\/archeol.sav.sk\/files\/AVANS_RegistracnyFormularPrispevku.pdf\"><strong>Registra\u010dn\u00fd formul\u00e1r pr\u00edspevku<\/strong><\/a><\/p>\n<p><a href=\"http:\/\/archeol.sav.sk\/files\/AVANS_KratkePokynyNaUpravuRukopisov.pdf\"><strong>Pokyny na \u00fapravu rukopisov<\/strong><\/a><\/p>\n<p><a href=\"http:\/\/archeol.sav.sk\/files\/AVANS_kartaCEANS.pdf\"><strong>CEANS karta<\/strong><\/a><\/p>\n<hr \/>\n<p><a name=\"zoznam\"><\/a><\/p>\n<h2>Zoznam \u010d\u00edsiel:<\/h2>\n<p><strong><a href=\"https:\/\/archeol.sav.sk\/files\/AVANS-2021.pdf\">AVANS 2021<\/a><\/strong><br \/>\n<strong><a href=\"https:\/\/archeol.sav.sk\/files\/AVANS-2020.pdf\">AVANS 2020<\/a><\/strong><br \/>\n<a href=\"https:\/\/cevnad.sav.sk\/aktivita_1_1\/AVANS_v_roku_2019.pdf\"><strong>AVANS 2019<\/strong><\/a><br \/>\n<a href=\"https:\/\/cevnad.sav.sk\/aktivita_1_1\/AVANS_v_roku_2018.pdf\"><strong>AVANS 2018<\/strong><\/a><br \/>\n<strong><a href=\"http:\/\/www.cevnad.sav.sk\/aktivita_1_1\/AVANS_v_roku_2017.pdf\">AVANS 2017<\/a><\/strong><br \/>\n<strong><a href=\"http:\/\/www.cevnad.sav.sk\/aktivita_1_1\/AVANS_v_roku_2016.pdf\"><strong>AVANS 2016<\/strong><\/a><br \/>\n<strong><a href=\"http:\/\/archeol.sav.sk\/files\/AVAN-2015.pdf\">AVANS 2015<\/a><\/strong><br \/>\n<strong><a href=\"http:\/\/archeol.sav.sk\/files\/AVANS-2014_na-net.pdf\">AVANS 2014<\/a><\/strong><br \/>\n<a href=\"http:\/\/archeol.sav.sk\/files\/AVANS-2013_na-net.pdf\"><strong>AVANS 2013<\/strong><\/a><br \/>\n<a href=\"http:\/\/www.cevnad.sav.sk\/aktivita_1_1\/AVANS_v_roku_2012.pdf\"><strong>AVANS 2012<\/strong><\/a><br \/>\n<a href=\"http:\/\/www.cevnad.sav.sk\/aktivita_1_1\/AVANS_v_roku_2011.pdf\"><strong>AVANS 2011<\/strong><\/a><br \/>\n<strong><a href=\"http:\/\/archeol.sav.sk\/files\/Avans-2010.pdf\">AVANS 2010<\/a><\/strong><br \/>\n<a href=\"http:\/\/archeol.sav.sk\/docs_avans\/AVANS_2009_obsah.pdf\"><b>AVANS 2009<\/b><\/a><br \/>\n<a href=\"http:\/\/archeol.sav.sk\/docs_avans\/AVANS_2008_obsah.pdf\"><b>AVANS 2008<\/b><\/a><br \/>\n<a href=\"http:\/\/archeol.sav.sk\/docs_avans\/AVANS_2007_obsah.pdf\"><b>AVANS 2007<\/b><\/a><br \/>\n<a href=\"http:\/\/archeol.sav.sk\/docs_avans\/AVANS_2006_obsah.pdf\"><b>AVANS 2006<\/b><\/a><br \/>\n<a href=\"http:\/\/archeol.sav.sk\/docs_avans\/AVANS_2005_obsah.pdf\"><b>AVANS 2005<\/b><\/a><br \/>\n<a href=\"http:\/\/archeol.sav.sk\/docs_avans\/AVANS_2004_obsah.pdf\"><b>AVANS 2004<\/b><\/a><br \/>\n<a href=\"http:\/\/archeol.sav.sk\/docs_avans\/AVANS_2003_obsah.pdf\"><b>AVANS 2003<\/b><\/a><br \/>\n<a href=\"http:\/\/archeol.sav.sk\/docs_avans\/AVANS_2002_obsah.pdf\"><b>AVANS 2002<\/b><\/a><br \/>\n<a href=\"http:\/\/archeol.sav.sk\/docs_avans\/AVANS_2001_obsah.pdf\"><b>AVANS 2001<\/b><\/a><br \/>\n<a href=\"http:\/\/archeol.sav.sk\/docs_avans\/AVANS_2000_obsah.pdf\"><b>AVANS 2000<\/b><\/a><br \/>\n<a href=\"http:\/\/archeol.sav.sk\/docs_avans\/AVANS_1999_obsah.pdf\"><b>AVANS 1999<\/b><\/a><br \/>\n<a href=\"http:\/\/archeol.sav.sk\/docs_avans\/AVANS_1998_obsah.pdf\"><b>AVANS 1998<\/b><\/a><br \/>\n<a href=\"http:\/\/archeol.sav.sk\/docs_avans\/AVANS_1997_obsah.pdf\"><b>AVANS 1997<\/b><\/a><br \/>\n<a href=\"http:\/\/archeol.sav.sk\/docs_avans\/AVANS_1996_obsah.pdf\"><b>AVANS 1996<\/b><\/a><br \/>\n<a href=\"http:\/\/archeol.sav.sk\/docs_avans\/AVANS_1995_obsah.pdf\"><b>AVANS 1995<\/b><\/a><br \/>\n<a href=\"http:\/\/archeol.sav.sk\/docs_avans\/AVANS_1994_obsah.pdf\"><b>AVANS 1994<\/b><\/a><br \/>\n<a href=\"http:\/\/archeol.sav.sk\/docs_avans\/AVANS_1993_obsah.pdf\"><b>AVANS 1993<\/b><\/a><br \/>\n<a href=\"http:\/\/archeol.sav.sk\/docs_avans\/AVANS_1992_obsah.pdf\"><b>AVANS 1992<\/b><\/a><br \/>\n<a href=\"http:\/\/archeol.sav.sk\/docs_avans\/AVANS_1991_obsah.pdf\"><b>AVANS 1991<\/b><\/a><br \/>\n<a href=\"http:\/\/archeol.sav.sk\/docs_avans\/AVANS_1990_obsah.pdf\"><b>AVANS 1990<\/b><\/a><br \/>\n<a href=\"http:\/\/archeol.sav.sk\/docs_avans\/AVANS_1989_obsah.pdf\"><b>AVANS 1989<\/b><\/a><br \/>\n<a href=\"http:\/\/archeol.sav.sk\/docs_avans\/AVANS_1988_obsah.pdf\"><b>AVANS 1988<\/b><\/a><br \/>\n<a href=\"http:\/\/archeol.sav.sk\/docs_avans\/AVANS_1987_obsah.pdf\"><b>AVANS 1987<\/b><\/a><br \/>\n<a href=\"http:\/\/archeol.sav.sk\/docs_avans\/AVANS_1986_obsah.pdf\"><b>AVANS 1986<\/b><\/a><br \/>\n<a href=\"http:\/\/archeol.sav.sk\/docs_avans\/AVANS_1985_obsah.pdf\"><b>AVANS 1985<\/b><\/a><br \/>\n<a href=\"http:\/\/archeol.sav.sk\/docs_avans\/AVANS_1984_obsah.pdf\"><b>AVANS 1984<\/b><\/a><br \/>\n<a href=\"http:\/\/archeol.sav.sk\/docs_avans\/AVANS_1983_obsah.pdf\"><b>AVANS 1983<\/b><\/a><br \/>\n<a href=\"http:\/\/archeol.sav.sk\/docs_avans\/AVANS_1982_obsah.pdf\"><b>AVANS 1982<\/b><\/a><br \/>\n<a href=\"http:\/\/archeol.sav.sk\/docs_avans\/AVANS_1981_obsah.pdf\"><b>AVANS 1981<\/b><\/a><br \/>\n<a href=\"http:\/\/archeol.sav.sk\/docs_avans\/AVANS_1980_obsah.pdf\"><b>AVANS 1980<\/b><\/a><br \/>\n<a href=\"http:\/\/archeol.sav.sk\/docs_avans\/AVANS_1979_obsah.pdf\"><b>AVANS 1979<\/b><\/a><br \/>\n<a href=\"http:\/\/archeol.sav.sk\/docs_avans\/AVANS_1978_obsah.pdf\"><b>AVANS 1978<\/b><\/a><br \/>\n<a href=\"http:\/\/archeol.sav.sk\/docs_avans\/AVANS_1977_obsah.pdf\"><b>AVANS 1977<\/b><\/a><br \/>\n<a href=\"http:\/\/archeol.sav.sk\/docs_avans\/AVANS_1976_obsah.pdf\"><b>AVANS 1976<\/b><\/a><br \/>\n<a href=\"http:\/\/archeol.sav.sk\/docs_avans\/AVANS_1975_obsah.pdf\"><b>AVANS 1975<\/b><\/a><br \/>\n<a href=\"http:\/\/archeol.sav.sk\/docs_avans\/AVANS_1974_obsah.pdf\"><b>AVANS 1974<\/b><\/a><\/strong><\/p>\n<p>Star\u0161ie \u010d\u00edsla \u010dasopisu AVANS s\u00fa dostupn\u00e9 v elektronickej forme <a href=\"http:\/\/www.cevnad.sav.sk\/%C5%A1tudijn%C3%A9-materi%C3%A1ly.html\" target=\"_blank\" rel=\"noopener noreferrer\"><b>na str\u00e1nkach projektu CEVNAD<\/b><\/a> na karte Literat\u00fara.<\/p>\n","protected":false},"excerpt":{"rendered":"<p>Archeologick\u00e9 v\u00fdskumy a\u00a0n\u00e1lezy na Slovensku Ro\u010denka Archeologick\u00e9 v\u00fdskumy a n\u00e1lezy na Slovensku &#8211; AVANS je neperiodickou s\u00e9riou ur\u010denou na \u0161tudijn\u00e9, vedeck\u00e9 a informa\u010dn\u00e9 \u00fa\u010dely odborn\u00edkom v archeol\u00f3gii. Formou kr\u00e1tkych vedeck\u00fdch pr\u00edspevkov poskytuje z\u00e1kladn\u00fa inform\u00e1ciu a celkov\u00fd preh\u013ead o v\u00fdsledkoch archeologick\u00fdch v\u00fdskumov a prieskumov, ako aj o n\u00e1hodn\u00fdch a ojedinel\u00fdch n\u00e1lezoch za pr\u00edslu\u0161n\u00fd kalend\u00e1rny rok z &#8230; <a class=\"read-more\" href=\"https:\/\/archeol.sav.sk\/index.php\/sk\/publikacie-2\/avans\/\">\u010c\u00edtajte viac<\/a><\/p>\n","protected":false},"author":1,"featured_media":0,"parent":56,"menu_order":0,"comment_status":"closed","ping_status":"closed","template":"","meta":[],"_links":{"self":[{"href":"https:\/\/archeol.sav.sk\/index.php\/wp-json\/wp\/v2\/pages\/63"}],"collection":[{"href":"https:\/\/archeol.sav.sk\/index.php\/wp-json\/wp\/v2\/pages"}],"about":[{"href":"https:\/\/archeol.sav.sk\/index.php\/wp-json\/wp\/v2\/types\/page"}],"author":[{"embeddable":true,"href":"https:\/\/archeol.sav.sk\/index.php\/wp-json\/wp\/v2\/users\/1"}],"replies":[{"embeddable":true,"href":"https:\/\/archeol.sav.sk\/index.php\/wp-json\/wp\/v2\/comments?post=63"}],"version-history":[{"count":17,"href":"https:\/\/archeol.sav.sk\/index.php\/wp-json\/wp\/v2\/pages\/63\/revisions"}],"predecessor-version":[{"id":7624,"href":"https:\/\/archeol.sav.sk\/index.php\/wp-json\/wp\/v2\/pages\/63\/revisions\/7624"}],"up":[{"embeddable":true,"href":"https:\/\/archeol.sav.sk\/index.php\/wp-json\/wp\/v2\/pages\/56"}],"wp:attachment":[{"href":"https:\/\/archeol.sav.sk\/index.php\/wp-json\/wp\/v2\/media?parent=63"}],"curies":[{"name":"wp","href":"https:\/\/api.w.org\/{rel}","templated":true}]}}