{"id":5942,"date":"2022-02-14T13:08:43","date_gmt":"2022-02-14T11:08:43","guid":{"rendered":"http:\/\/archeol.sav.sk\/?page_id=5942"},"modified":"2022-02-14T13:08:43","modified_gmt":"2022-02-14T11:08:43","slug":"slovenska-archeologia-no-suppl-2","status":"publish","type":"page","link":"https:\/\/archeol.sav.sk\/index.php\/sk\/slovenska-archeologia-no-suppl-2\/","title":{"rendered":"Slovensk\u00e1 archeol\u00f3gia, No. Suppl. 2."},"content":{"rendered":"<p><a href=\"http:\/\/archeol.sav.sk\/files\/SlA_2021_Supplementum_2.pdf\"><strong>Slovensk\u00e1 archeol\u00f3gia, No. Suppl. 2<\/strong><\/a><\/p>\n<p>&nbsp;<\/p>\n<p><a href=\"http:\/\/archeol.sav.sk\/files\/00_1_contents.pdf\"><strong>CONTENTS<\/strong><\/a><\/p>\n<p>&nbsp;<\/p>\n<p><a href=\"http:\/\/archeol.sav.sk\/files\/00_2_tabula_gratulatoria.pdf\"><strong>TABULA GRATULATORIA<\/strong><\/a><\/p>\n<p>&nbsp;<\/p>\n<p><a href=\"http:\/\/archeol.sav.sk\/files\/00_3_laudation.pdf\"><strong>LAUDATION<\/strong><\/a><\/p>\n<p>&nbsp;<\/p>\n<p><strong>ARTICLES<\/strong><\/p>\n<p>&nbsp;<\/p>\n<p>Lucia Benedikov\u00e1 \u2013 Mari\u00e1n Soj\u00e1k<\/p>\n<p><a href=\"https:\/\/doi.org\/10.31577\/slovarch.2021.suppl.2.1\"><strong>Depot von Sicheln aus der Hallstattzeit in Letanovce<\/strong><\/a><\/p>\n<p>DOI: <a href=\"https:\/\/doi.org\/10.31577\/slovarch.2021.suppl.2.1\">https:\/\/doi.org\/10.31577\/slovarch.2021.suppl.2.1<\/a><\/p>\n<p>&nbsp;<\/p>\n<p>Ivan \u010ci\u017em\u00e1\u0159 \u2013 Zuzana Golec M\u00edrov\u00e1 \u2013 Martin Golec<\/p>\n<p><a href=\"https:\/\/doi.org\/10.31577\/slovarch.2021.suppl.2.2\"><strong>Remarkable Continuum: Provodov \u2013 \u2018Rysov\u2019 Hillfort Between 650 \u2013 370 BC<\/strong><\/a><\/p>\n<p>DOI: <a href=\"https:\/\/doi.org\/10.31577\/slovarch.2021.suppl.2.2\">https:\/\/doi.org\/10.31577\/slovarch.2021.suppl.2.2<\/a><\/p>\n<p>&nbsp;<\/p>\n<p>J\u00falius Fr\u00f6hlich<\/p>\n<p><a href=\"https:\/\/doi.org\/10.31577\/slovarch.2021.suppl.2.3\"><strong>The Collaboration of Numismatics and Archaeology in the Dating of Celtic Coins<\/strong><\/a><\/p>\n<p>DOI: <a href=\"https:\/\/doi.org\/10.31577\/slovarch.2021.suppl.2.3\">https:\/\/doi.org\/10.31577\/slovarch.2021.suppl.2.3<\/a><\/p>\n<p>&nbsp;<\/p>\n<p>Tereza Jo\u0161kov\u00e1 \u2013 V\u00edt Vokolek \u2013 Pavel Sankot<\/p>\n<p><a href=\"https:\/\/doi.org\/10.31577\/slovarch.2021.suppl.2.4\"><strong>The La T\u00e8ne Grave and Other Evidence of LTB \u2013 D1 Settlement in Mikulovice, Pardubice District<\/strong><\/a><\/p>\n<p>DOI: <a href=\"https:\/\/doi.org\/10.31577\/slovarch.2021.suppl.2.4\">https:\/\/doi.org\/10.31577\/slovarch.2021.suppl.2.4<\/a><\/p>\n<p>&nbsp;<\/p>\n<p>Branislav Kov\u00e1r<\/p>\n<p><a href=\"https:\/\/doi.org\/10.31577\/slovarch.2021.suppl.2.5\"><strong>Fortifications from the Late Iron Age in the Regions of Pohronie and Poiplie<\/strong><\/a><\/p>\n<p>DOI: <a href=\"https:\/\/doi.org\/10.31577\/slovarch.2021.suppl.2.5\">https:\/\/doi.org\/10.31577\/slovarch.2021.suppl.2.5<\/a><\/p>\n<p>&nbsp;<\/p>\n<p>Tereza \u0160tolcov\u00e1 \u2013 Juraj Zajonc \u2013 Karina Gr\u00f6mer<\/p>\n<p><a href=\"https:\/\/doi.org\/10.31577\/slovarch.2021.suppl.2.6\"><strong>Greetings from Nov\u00e9 Z\u00e1mky \u2013 40 Years of Textile Research in Slovakia<\/strong><\/a><\/p>\n<p>DOI: <a href=\"https:\/\/doi.org\/10.31577\/slovarch.2021.suppl.2.6\">https:\/\/doi.org\/10.31577\/slovarch.2021.suppl.2.6<\/a><\/p>\n<p>&nbsp;<\/p>\n<p>Klaudia Da\u0148ov\u00e1 \u2013 Miroslava Kissov\u00e1<\/p>\n<p><a href=\"https:\/\/doi.org\/10.31577\/slovarch.2021.suppl.2.7\"><strong>New Settlement from the La T\u00e8ne Period in Sere\u010f<\/strong><\/a><\/p>\n<p>DOI: <a href=\"https:\/\/doi.org\/10.31577\/slovarch.2021.suppl.2.7\">https:\/\/doi.org\/10.31577\/slovarch.2021.suppl.2.7<\/a><\/p>\n<p>&nbsp;<\/p>\n<p>Marko Dizdar<\/p>\n<p><a href=\"https:\/\/doi.org\/10.31577\/slovarch.2021.suppl.2.8\"><strong>Middle La T\u00e8ne Bronze Fibulae Decorated in Pseudo-filigree and Pseudo-granulation Techniques of the Scordiscan Variant. A Recognizable Feature of the Local Middle La T\u00e8ne Female Costume<\/strong><\/a><\/p>\n<p>DOI: <a href=\"https:\/\/doi.org\/10.31577\/slovarch.2021.suppl.2.8\">https:\/\/doi.org\/10.31577\/slovarch.2021.suppl.2.8<\/a><\/p>\n<p>&nbsp;<\/p>\n<p>Matej Styk \u2013 Dominik Repka<\/p>\n<p><a href=\"https:\/\/doi.org\/10.31577\/slovarch.2021.suppl.2.9\"><strong>Fell into an Eternal Sleep. Finding the Human Skeleton in the La T\u00e8ne Dwelling from Bratislava-Dev\u00edn, Z\u00e1hrady Site<\/strong><\/a><\/p>\n<p>DOI: <a href=\"https:\/\/doi.org\/10.31577\/slovarch.2021.suppl.2.9\">https:\/\/doi.org\/10.31577\/slovarch.2021.suppl.2.9<\/a><\/p>\n<p>&nbsp;<\/p>\n<p>S\u00e1ndor Berecki<\/p>\n<p><a href=\"https:\/\/doi.org\/10.31577\/slovarch.2021.suppl.2.10\"><strong>A Late Iron Age Grave with Human Remains from Apahida in the Collection of Endre Orosz<\/strong><\/a><\/p>\n<p>DOI: <a href=\"https:\/\/doi.org\/10.31577\/slovarch.2021.suppl.2.10\">https:\/\/doi.org\/10.31577\/slovarch.2021.suppl.2.10<\/a><\/p>\n<p>&nbsp;<\/p>\n<p>Petra Gol\u00e1\u0148ov\u00e1 \u2013 Milo\u0161 Hlava<\/p>\n<p><a href=\"https:\/\/doi.org\/10.31577\/slovarch.2021.suppl.2.11\"><strong>Something Went Wrong: on the Bronze Chain-belt Rejects from \u010cejkovice (Hodon\u00edn District, CZ)<\/strong><\/a><\/p>\n<p>DOI: <a href=\"https:\/\/doi.org\/10.31577\/slovarch.2021.suppl.2.11\">https:\/\/doi.org\/10.31577\/slovarch.2021.suppl.2.11<\/a><\/p>\n<p>&nbsp;<\/p>\n<p>Tom\u00e1\u0161 Mangel \u2013 David V\u00edch<\/p>\n<p><a href=\"https:\/\/doi.org\/10.31577\/slovarch.2021.suppl.2.12\"><strong>A New Type of a La T\u00e8ne Rein Guide Ring from Vendol\u00ed (Svitavy District) and its Importance in a Regional and Supra-regional Context<\/strong><\/a><\/p>\n<p>DOI: <a href=\"https:\/\/doi.org\/10.31577\/slovarch.2021.suppl.2.12\">https:\/\/doi.org\/10.31577\/slovarch.2021.suppl.2.12<\/a><\/p>\n<p>&nbsp;<\/p>\n<p>Peter C. Ramsl \u2013 Radoslav \u010cambal<\/p>\n<p><a href=\"https:\/\/doi.org\/10.31577\/slovarch.2021.suppl.2.13\"><strong>Ein sp\u00e4tlat\u00e8nezeitlicher Befund im Palais Rasumofsky, Wien III, Landstra\u00dfe (Grabung 2011)<\/strong><\/a><\/p>\n<p>DOI: <a href=\"https:\/\/doi.org\/10.31577\/slovarch.2021.suppl.2.13\">https:\/\/doi.org\/10.31577\/slovarch.2021.suppl.2.13<\/a><\/p>\n<p>&nbsp;<\/p>\n<p>Gertr\u00fada B\u0159ezinov\u00e1 \u2013 Marek Gere<\/p>\n<p><a href=\"https:\/\/doi.org\/10.31577\/slovarch.2021.suppl.2.14\"><strong>Kom\u00e1rno in the La T\u00e8ne Period<\/strong><\/a><\/p>\n<p>DOI: <a href=\"https:\/\/doi.org\/10.31577\/slovarch.2021.suppl.2.14\">https:\/\/doi.org\/10.31577\/slovarch.2021.suppl.2.14<\/a><\/p>\n<p>&nbsp;<\/p>\n<p>Attila Horv\u00e1th M. \u2013 Erzs\u00e9bet Hanny<\/p>\n<p><a href=\"https:\/\/doi.org\/10.31577\/slovarch.2021.suppl.2.15\"><strong>Special Features from Csepel Island. Reliquiae of the Celtic Red Deer Cult at the Vicinity of Budapest<\/strong><\/a><\/p>\n<p>DOI: <a href=\"https:\/\/doi.org\/10.31577\/slovarch.2021.suppl.2.15\">https:\/\/doi.org\/10.31577\/slovarch.2021.suppl.2.15<\/a><\/p>\n<p>&nbsp;<\/p>\n<p>Radoslav \u010cambal \u2013 Marek Budaj<\/p>\n<p><a href=\"https:\/\/doi.org\/10.31577\/slovarch.2021.suppl.2.16\"><strong>Finds from the La T\u00e8ne Period from Podskalie, Pova\u017esk\u00e1 Bystrica District<\/strong><\/a><\/p>\n<p>DOI: <a href=\"https:\/\/doi.org\/10.31577\/slovarch.2021.suppl.2.16\">https:\/\/doi.org\/10.31577\/slovarch.2021.suppl.2.16<\/a><\/p>\n<p>&nbsp;<\/p>\n<p>Martin Furman<\/p>\n<p><a href=\"https:\/\/doi.org\/10.31577\/slovarch.2021.suppl.2.17\"><strong>A Noric-Pannonian Belt Clasp from the Pod Roha\u010dkou Settlement, Plo\u0161t\u00edn, Liptovsk\u00fd Mikul\u00e1\u0161 District<\/strong><\/a><\/p>\n<p>DOI: <a href=\"https:\/\/doi.org\/10.31577\/slovarch.2021.suppl.2.17\">https:\/\/doi.org\/10.31577\/slovarch.2021.suppl.2.17<\/a><\/p>\n<p>&nbsp;<\/p>\n<p>Kristian Elschek<\/p>\n<p><a href=\"https:\/\/doi.org\/10.31577\/slovarch.2021.suppl.2.18\"><strong>Ein isoliertes K\u00f6rpergrab aus dem 1. Jh. n. Chr. vom germanischen F\u00fcrstensitz in Zohor, Westslowakei<\/strong><\/a><\/p>\n<p>DOI: <a href=\"https:\/\/doi.org\/10.31577\/slovarch.2021.suppl.2.18\">https:\/\/doi.org\/10.31577\/slovarch.2021.suppl.2.18<\/a><\/p>\n<p>&nbsp;<\/p>\n<p>Jan J\u00edlek \u2013 Pavel Fojt\u00edk \u2013 Luk\u00e1\u0161 Ku\u010dera \u2013 Miroslav Popelka<\/p>\n<p><a href=\"https:\/\/doi.org\/10.31577\/slovarch.2021.suppl.2.19\"><strong>Roman Period Silver Bracelet and Brooch from Otaslavice, Prost\u011bjov District<\/strong><\/a><\/p>\n<p>DOI: <a href=\"https:\/\/doi.org\/10.31577\/slovarch.2021.suppl.2.19\">https:\/\/doi.org\/10.31577\/slovarch.2021.suppl.2.19<\/a><\/p>\n<p>&nbsp;<\/p>\n<p>Magdalena M\u0105czy\u0144ska<\/p>\n<p><a href=\"https:\/\/doi.org\/10.31577\/slovarch.2021.suppl.2.20\"><strong>\u201eArme\u201c und \u201ereiche\u201c Gr\u00e4berfelder der Wielbark-Kultur \u2013 einige Beispiele<\/strong><\/a><\/p>\n<p>DOI: <a href=\"https:\/\/doi.org\/10.31577\/slovarch.2021.suppl.2.20\">https:\/\/doi.org\/10.31577\/slovarch.2021.suppl.2.20<\/a><\/p>\n<p>&nbsp;<\/p>\n<p>Andrzej Kokowski \u2013 Teresa Mazurek<\/p>\n<p><a href=\"https:\/\/doi.org\/10.31577\/slovarch.2021.suppl.2.21\"><strong>Die Ente \u2013 der heilige Vogel der Goten?<\/strong><\/a><\/p>\n<p>DOI: <a href=\"https:\/\/doi.org\/10.31577\/slovarch.2021.suppl.2.21\">https:\/\/doi.org\/10.31577\/slovarch.2021.suppl.2.21<\/a><\/p>\n<p>&nbsp;<\/p>\n<p>Jan Schuster<\/p>\n<p><a href=\"https:\/\/doi.org\/10.31577\/slovarch.2021.suppl.2.22\"><strong>Anmerkungen zu einem Aspekt barbarischer Bildkunst in der R\u00f6mischen Kaiserzeit und zur anhaltenden Vernichtung europ\u00e4ischen Kulturerbes<\/strong><\/a><\/p>\n<p>DOI: <a href=\"https:\/\/doi.org\/10.31577\/slovarch.2021.suppl.2.22\">https:\/\/doi.org\/10.31577\/slovarch.2021.suppl.2.22<\/a><\/p>\n<p>&nbsp;<\/p>\n<p>J\u00e1n Beljak \u2013 No\u00e9mi Beljak Pa\u017einov\u00e1 \u2013 Boris Stoklas<\/p>\n<p><a href=\"https:\/\/doi.org\/10.31577\/slovarch.2021.suppl.2.23\"><strong>Find of Gallienus Antoninianus Contemporary Forgery from the Pust\u00fd hrad Castle in Zvolen, Slovakia<\/strong><\/a><\/p>\n<p>DOI: <a href=\"https:\/\/doi.org\/10.31577\/slovarch.2021.suppl.2.23\">https:\/\/doi.org\/10.31577\/slovarch.2021.suppl.2.23<\/a><\/p>\n<p>&nbsp;<\/p>\n<p>Jaroslava Ruttkayov\u00e1 \u2013 Matej Ruttkay<\/p>\n<p><a href=\"https:\/\/doi.org\/10.31577\/slovarch.2021.suppl.2.24\"><strong>A Roman Period Sunken House from Beladice<\/strong><\/a><\/p>\n<p>DOI: <a href=\"https:\/\/doi.org\/10.31577\/slovarch.2021.suppl.2.24\">https:\/\/doi.org\/10.31577\/slovarch.2021.suppl.2.24<\/a><\/p>\n<p>&nbsp;<\/p>\n<p>Andrea Vaday \u2013 Eva Szakos<\/p>\n<p><a href=\"https:\/\/doi.org\/10.31577\/slovarch.2021.suppl.2.25\"><strong>A Late Roman <em>Spatha<\/em><\/strong><\/a><\/p>\n<p>DOI: <a href=\"https:\/\/doi.org\/10.31577\/slovarch.2021.suppl.2.25\">https:\/\/doi.org\/10.31577\/slovarch.2021.suppl.2.25<\/a><\/p>\n<p>&nbsp;<\/p>\n<p>Renata Madyda-Legutko \u2013 Krzysztof Tunia<\/p>\n<p><a href=\"https:\/\/doi.org\/10.31577\/slovarch.2021.suppl.2.26\"><strong>Storage Vessels in the Late Roman and Early Migration Period in the Polish West Carpathians. Economic Aspect<\/strong><\/a><\/p>\n<p>DOI: <a href=\"https:\/\/doi.org\/10.31577\/slovarch.2021.suppl.2.26\">https:\/\/doi.org\/10.31577\/slovarch.2021.suppl.2.26<\/a><\/p>\n<p>&nbsp;<\/p>\n<p>Zora Bielichov\u00e1<\/p>\n<p><a href=\"https:\/\/doi.org\/10.31577\/slovarch.2021.suppl.2.27\"><strong>The Animal Remains from the Late Roman and Early Migration Period Settlements at Vrbov and Lazisko (Northern Slovakia)<\/strong><\/a><\/p>\n<p>DOI: <a href=\"https:\/\/doi.org\/10.31577\/slovarch.2021.suppl.2.27\">https:\/\/doi.org\/10.31577\/slovarch.2021.suppl.2.27<\/a><\/p>\n<p>&nbsp;<\/p>\n<p>Mari\u00e1n Soj\u00e1k \u2013 Andrej Nov\u00e1k<\/p>\n<p><a href=\"https:\/\/doi.org\/10.31577\/slovarch.2021.suppl.2.28\"><strong>M\u00fcnzen aus der \u00e4lteren R\u00f6merzeit im Milieu der Nordkarpathischen Gruppe in der Zips<\/strong><\/a><\/p>\n<p>DOI: <a href=\"https:\/\/doi.org\/10.31577\/slovarch.2021.suppl.2.28\">https:\/\/doi.org\/10.31577\/slovarch.2021.suppl.2.28<\/a><\/p>\n<p>&nbsp;<\/p>\n<p>Nina Lau \u2013 Claus von Carnap-Bornheim<\/p>\n<p><a href=\"https:\/\/doi.org\/10.31577\/slovarch.2021.suppl.2.29\"><strong>Grabkammer, Totenhaus, Ritualr\u00e4ume. \u00dcberlegungen zum Kammergrab von Poprad-Matejovce<\/strong><\/a><\/p>\n<p>DOI: <a href=\"https:\/\/doi.org\/10.31577\/slovarch.2021.suppl.2.29\">https:\/\/doi.org\/10.31577\/slovarch.2021.suppl.2.29<\/a><\/p>\n<p>&nbsp;<\/p>\n<p>Judyta Rodzi\u0144ska-Nowak<\/p>\n<p><a href=\"https:\/\/doi.org\/10.31577\/slovarch.2021.suppl.2.30\"><strong>More Light? Some Remarks on the Function of a Roman <em>Mortarium <\/em>from the \u2018Princely\u2019 Grave in Poprad-Matejovce<\/strong><\/a><\/p>\n<p>DOI: <a href=\"https:\/\/doi.org\/10.31577\/slovarch.2021.suppl.2.30\">https:\/\/doi.org\/10.31577\/slovarch.2021.suppl.2.30<\/a><\/p>\n<p>&nbsp;<\/p>\n<p>P\u00e9ter Proh\u00e1szka<\/p>\n<p><a href=\"https:\/\/doi.org\/10.31577\/slovarch.2021.suppl.2.31\"><strong>Neue Altfunde gehenkelter r\u00f6mischer Solidi des Kaisers Valens aus Transkarpatien (Ukraine)<\/strong><\/a><\/p>\n<p>DOI: <a href=\"https:\/\/doi.org\/10.31577\/slovarch.2021.suppl.2.31\">https:\/\/doi.org\/10.31577\/slovarch.2021.suppl.2.31<\/a><\/p>\n<p>&nbsp;<\/p>\n<p>Michel Kazanski<\/p>\n<p><a href=\"https:\/\/doi.org\/10.31577\/slovarch.2021.suppl.2.32\"><strong>On the Origin of the Shield Bosses of the Type Dobrodzie\u0144<\/strong><\/a><\/p>\n<p>DOI: <a href=\"https:\/\/doi.org\/10.31577\/slovarch.2021.suppl.2.32\">https:\/\/doi.org\/10.31577\/slovarch.2021.suppl.2.32<\/a><\/p>\n<p>&nbsp;<\/p>\n<p>Mitja Gu\u0161tin<\/p>\n<p><a href=\"https:\/\/doi.org\/10.31577\/slovarch.2021.suppl.2.33\"><strong>The Beauty of Garnets is Eterna<\/strong><\/a><\/p>\n<p>DOI: <a href=\"https:\/\/doi.org\/10.31577\/slovarch.2021.suppl.2.33\">https:\/\/doi.org\/10.31577\/slovarch.2021.suppl.2.33<\/a><\/p>\n<p>&nbsp;<\/p>\n<p>Anna Mastykova<\/p>\n<p><a href=\"https:\/\/doi.org\/10.31577\/slovarch.2021.suppl.2.34\"><strong>The Female Costume of the East Germanic Tradition Featuring Big Two-Plate Brooches in the North Caucasus in the Great Migration Period<\/strong><\/a><\/p>\n<p>DOI: <a href=\"https:\/\/doi.org\/10.31577\/slovarch.2021.suppl.2.34\">https:\/\/doi.org\/10.31577\/slovarch.2021.suppl.2.34<\/a><\/p>\n<p>&nbsp;<\/p>\n<p>J\u00e1n Rajt\u00e1r \u2013 Jozef Z\u00e1bojn\u00edk<\/p>\n<p><a href=\"https:\/\/doi.org\/10.31577\/slovarch.2021.suppl.2.35\"><strong>Migration Period Finds from C\u00edfer-P\u00e1c<\/strong><\/a><\/p>\n<p>DOI: <a href=\"https:\/\/doi.org\/10.31577\/slovarch.2021.suppl.2.35\">https:\/\/doi.org\/10.31577\/slovarch.2021.suppl.2.35<\/a><\/p>\n<p>&nbsp;<\/p>\n<p>Viktoria \u010cis\u0165akova \u2013 Zden\u011bk Bene\u0161<\/p>\n<p><a href=\"https:\/\/doi.org\/10.31577\/slovarch.2021.suppl.2.36\"><strong>Gold-plated Pins of the Great Migration Period in Bohemia<\/strong><\/a><\/p>\n<p>DOI: <a href=\"https:\/\/doi.org\/10.31577\/slovarch.2021.suppl.2.36\">https:\/\/doi.org\/10.31577\/slovarch.2021.suppl.2.36<\/a><\/p>\n<p>&nbsp;<\/p>\n<p>Zden\u011bk Farka\u0161 \u2013 Igor Choma \u2013 Pavol Jel\u00ednek<\/p>\n<p><a href=\"https:\/\/doi.org\/10.31577\/slovarch.2021.suppl.2.37\"><strong>The Early Slavic Sunken House from Senica<\/strong><\/a><\/p>\n<p>DOI:<a href=\"https:\/\/doi.org\/10.31577\/slovarch.2021.suppl.2.37\"> https:\/\/doi.org\/10.31577\/slovarch.2021.suppl.2.37<\/a><\/p>\n<p>&nbsp;<\/p>\n<p>Gabriel Fusek<\/p>\n<p><a href=\"https:\/\/doi.org\/10.31577\/slovarch.2021.suppl.2.38\"><strong>Ohrringe mit Pendilien aus C\u00edfer-P\u00e1c<\/strong><\/a><\/p>\n<p>DOI: <a href=\"https:\/\/doi.org\/10.31577\/slovarch.2021.suppl.2.38\">https:\/\/doi.org\/10.31577\/slovarch.2021.suppl.2.38<\/a><\/p>\n<p>&nbsp;<\/p>\n<p>Andr\u00e1s Csuthy \u2013 Zsombor Gy\u0151rffy-Vill\u00e1m \u2013 Attila Papp<\/p>\n<p><a href=\"https:\/\/doi.org\/10.31577\/slovarch.2021.suppl.2.39\"><strong>Avar-age Horse Harness Fitting in Shape of Boar Head from Balatonalm\u00e1di-Fels\u0151hegy. New Parallels and Notes in Connection with Preliminary Research of the Avar-age Burial Ground<\/strong><\/a><\/p>\n<p>DOI: <a href=\"https:\/\/doi.org\/10.31577\/slovarch.2021.suppl.2.39\">https:\/\/doi.org\/10.31577\/slovarch.2021.suppl.2.39<\/a><\/p>\n<p>&nbsp;<\/p>\n<p>Na\u010fa Profantov\u00e1<\/p>\n<p><a href=\"https:\/\/doi.org\/10.31577\/slovarch.2021.suppl.2.40\"><strong>Unique Silver Pendant from Tatce, Kol\u00edn District, in the Context of the Oldest Evidence of the Christianisation of Bohemia<\/strong><\/a><\/p>\n<p>DOI: <a href=\"https:\/\/doi.org\/10.31577\/slovarch.2021.suppl.2.40\">https:\/\/doi.org\/10.31577\/slovarch.2021.suppl.2.40<\/a><\/p>\n<p>&nbsp;<\/p>\n<p>Zbigniew Robak \u2013 Peter Bedn\u00e1r<\/p>\n<p><a href=\"https:\/\/doi.org\/10.31577\/slovarch.2021.suppl.2.41\"><strong>Grave 1\/94 and New Data Refining the Chronology of Early Medieval Castle Hill in Nitra<\/strong><\/a><\/p>\n<p>DOI: <a href=\"https:\/\/doi.org\/10.31577\/slovarch.2021.suppl.2.41\">https:\/\/doi.org\/10.31577\/slovarch.2021.suppl.2.41<\/a><\/p>\n<p>&nbsp;<\/p>\n<p>Pavel Kou\u0159il<\/p>\n<p><a href=\"https:\/\/doi.org\/10.31577\/slovarch.2021.suppl.2.42\"><strong>Kl\u00e1\u0161\u0165ov Hill \u2013 an Exceptional Case of Religious Customs and Notions in the Slavic World (Eastern Moravia, Czech Republic)<\/strong><\/a><\/p>\n<p>DOI: <a href=\"https:\/\/doi.org\/10.31577\/slovarch.2021.suppl.2.42\">https:\/\/doi.org\/10.31577\/slovarch.2021.suppl.2.42<\/a><\/p>\n<p>&nbsp;<\/p>\n<p>Milan Hanuliak \u2013 Zuzana Pol\u00e1kov\u00e1<\/p>\n<p><a href=\"https:\/\/doi.org\/10.31577\/slovarch.2021.suppl.2.43\"><strong>Two Early Medieval Knives with Bone Handles from Nitra<\/strong><\/a><\/p>\n<p>DOI: <a href=\"https:\/\/doi.org\/10.31577\/slovarch.2021.suppl.2.43\">https:\/\/doi.org\/10.31577\/slovarch.2021.suppl.2.43<\/a><\/p>\n<p>&nbsp;<\/p>\n<p>Lud\u011bk Galu\u0161ka<\/p>\n<p><a href=\"https:\/\/doi.org\/10.31577\/slovarch.2021.suppl.2.44\"><strong>Early Medieval Hillforts. Comments on the Construction and Lifespan of Fortifications Based on Modern Reconstructions in Modr\u00e1 near Velehrad<\/strong><\/a><\/p>\n<p>DOI: <a href=\"https:\/\/doi.org\/10.31577\/slovarch.2021.suppl.2.44\">https:\/\/doi.org\/10.31577\/slovarch.2021.suppl.2.44<\/a><\/p>\n<p>&nbsp;<\/p>\n<p>Vladim\u00edr Tur\u010dan<\/p>\n<p><a href=\"https:\/\/doi.org\/10.31577\/slovarch.2021.suppl.2.45\"><strong>Early Medieval Riveted Axe-Shaped Bars from Trnovec nad V\u00e1hom<\/strong><\/a><\/p>\n<p>DOI: <a href=\"https:\/\/doi.org\/10.31577\/slovarch.2021.suppl.2.45\">https:\/\/doi.org\/10.31577\/slovarch.2021.suppl.2.45<\/a><\/p>\n<p>&nbsp;<\/p>\n<p>Miriam Jakub\u010dinov\u00e1<\/p>\n<p><a href=\"https:\/\/doi.org\/10.31577\/slovarch.2021.suppl.2.46\"><strong>The Unique Find of a Gilded Spur from Lipovn\u00edk (Topo\u013e\u010dany District)<\/strong><\/a><\/p>\n<p>DOI: <a href=\"https:\/\/doi.org\/10.31577\/slovarch.2021.suppl.2.46\">https:\/\/doi.org\/10.31577\/slovarch.2021.suppl.2.46<\/a><\/p>\n<p>&nbsp;<\/p>\n<p>Peter \u0160alkovsk\u00fd<\/p>\n<p><a href=\"https:\/\/doi.org\/10.31577\/slovarch.2021.suppl.2.47\"><strong>The Celts \u2013 the Germans \u2013 the Slavs. On the Topic of Ethnicity of Archaeological Sources of Protohistorical Tribes<\/strong><\/a><\/p>\n<p>DOI: <a href=\"https:\/\/doi.org\/10.31577\/slovarch.2021.suppl.2.47\">https:\/\/doi.org\/10.31577\/slovarch.2021.suppl.2.47<\/a><\/p>\n","protected":false},"excerpt":{"rendered":"<p>Slovensk\u00e1 archeol\u00f3gia, No. Suppl. 2 &nbsp; CONTENTS &nbsp; TABULA GRATULATORIA &nbsp; LAUDATION &nbsp; ARTICLES &nbsp; Lucia Benedikov\u00e1 \u2013 Mari\u00e1n Soj\u00e1k Depot von Sicheln aus der Hallstattzeit in Letanovce DOI: https:\/\/doi.org\/10.31577\/slovarch.2021.suppl.2.1 &nbsp; Ivan \u010ci\u017em\u00e1\u0159 \u2013 Zuzana Golec M\u00edrov\u00e1 \u2013 Martin Golec Remarkable Continuum: Provodov \u2013 \u2018Rysov\u2019 Hillfort Between 650 \u2013 370 BC DOI: https:\/\/doi.org\/10.31577\/slovarch.2021.suppl.2.2 &nbsp; J\u00falius &#8230; <a class=\"read-more\" href=\"https:\/\/archeol.sav.sk\/index.php\/sk\/slovenska-archeologia-no-suppl-2\/\">\u010c\u00edtajte viac<\/a><\/p>\n","protected":false},"author":2,"featured_media":0,"parent":0,"menu_order":0,"comment_status":"closed","ping_status":"closed","template":"","meta":[],"_links":{"self":[{"href":"https:\/\/archeol.sav.sk\/index.php\/wp-json\/wp\/v2\/pages\/5942"}],"collection":[{"href":"https:\/\/archeol.sav.sk\/index.php\/wp-json\/wp\/v2\/pages"}],"about":[{"href":"https:\/\/archeol.sav.sk\/index.php\/wp-json\/wp\/v2\/types\/page"}],"author":[{"embeddable":true,"href":"https:\/\/archeol.sav.sk\/index.php\/wp-json\/wp\/v2\/users\/2"}],"replies":[{"embeddable":true,"href":"https:\/\/archeol.sav.sk\/index.php\/wp-json\/wp\/v2\/comments?post=5942"}],"version-history":[{"count":3,"href":"https:\/\/archeol.sav.sk\/index.php\/wp-json\/wp\/v2\/pages\/5942\/revisions"}],"predecessor-version":[{"id":5950,"href":"https:\/\/archeol.sav.sk\/index.php\/wp-json\/wp\/v2\/pages\/5942\/revisions\/5950"}],"wp:attachment":[{"href":"https:\/\/archeol.sav.sk\/index.php\/wp-json\/wp\/v2\/media?parent=5942"}],"curies":[{"name":"wp","href":"https:\/\/api.w.org\/{rel}","templated":true}]}}