{"id":5918,"date":"2022-01-19T12:09:52","date_gmt":"2022-01-19T10:09:52","guid":{"rendered":"http:\/\/archeol.sav.sk\/?page_id=5918"},"modified":"2022-08-01T14:42:03","modified_gmt":"2022-08-01T12:42:03","slug":"publikacie-2021","status":"publish","type":"page","link":"https:\/\/archeol.sav.sk\/index.php\/sk\/publikacie-2021\/","title":{"rendered":"Publik\u00e1cie 2021"},"content":{"rendered":"<p><a href=\"http:\/\/www.cevnad.sav.sk\/aktivita_1_1\/Peter%20Bednar_NR%20hrad.pdf\"><strong>30 rokov v\u00fdskumu Nitrianskeho hradu 1988 &#8211; 2018<\/strong><\/a><a href=\"http:\/\/archeol.sav.sk\/files\/30-r.-NR-hradu_obalka.jpg\"><img decoding=\"async\" loading=\"lazy\" class=\"alignleft wp-image-6227\" src=\"http:\/\/archeol.sav.sk\/files\/30-r.-NR-hradu_obalka-212x300.jpg\" alt=\"\" width=\"186\" height=\"264\" srcset=\"https:\/\/archeol.sav.sk\/files\/30-r.-NR-hradu_obalka-212x300.jpg 212w, https:\/\/archeol.sav.sk\/files\/30-r.-NR-hradu_obalka-768x1086.jpg 768w, https:\/\/archeol.sav.sk\/files\/30-r.-NR-hradu_obalka-724x1024.jpg 724w, https:\/\/archeol.sav.sk\/files\/30-r.-NR-hradu_obalka.jpg 1654w\" sizes=\"(max-width: 186px) 100vw, 186px\" \/><\/a><\/p>\n<p>Autori: <strong>Peter Bedn\u00e1r &#8211; Matej Ruttkay (zost.)<\/strong><\/p>\n<p>Vydal:\u00a0<b>Archeologick\u00fd \u00fastav SAV<\/b><\/p>\n<p>Rok vydania:\u00a0<strong>2021<\/strong><\/p>\n<p>ISSN 1335-0102<\/p>\n<p>Po\u010det str\u00e1n: 224<\/p>\n<p>&nbsp;<\/p>\n<p><a href=\"http:\/\/www.cevnad.sav.sk\/aktivita_1_1\/Pieta_Stolcova_Poprad.pdf\"><strong>Knie\u017ea z Popradu a jeho hrobka<\/strong><\/a><a href=\"http:\/\/archeol.sav.sk\/files\/Knie\u017ea-z-Popradu.jpg\"><img decoding=\"async\" loading=\"lazy\" class=\"alignleft wp-image-6230\" src=\"http:\/\/archeol.sav.sk\/files\/Knie\u017ea-z-Popradu-199x300.jpg\" alt=\"\" width=\"183\" height=\"276\" srcset=\"https:\/\/archeol.sav.sk\/files\/Knie\u017ea-z-Popradu-199x300.jpg 199w, https:\/\/archeol.sav.sk\/files\/Knie\u017ea-z-Popradu-768x1157.jpg 768w, https:\/\/archeol.sav.sk\/files\/Knie\u017ea-z-Popradu-680x1024.jpg 680w, https:\/\/archeol.sav.sk\/files\/Knie\u017ea-z-Popradu.jpg 1874w\" sizes=\"(max-width: 183px) 100vw, 183px\" \/><\/a><\/p>\n<p>Autori: <strong>Karol Pieta &#8211; Tereza \u0160tolcov\u00e1<\/strong><\/p>\n<p>Vydal:\u00a0<b>Archeologick\u00fd \u00fastav SAV<\/b><\/p>\n<p>Rok vydania: <strong>2021<\/strong><\/p>\n<p>ISBN 978-80-8196-053-6<\/p>\n<p>Po\u010det str\u00e1n: 162<\/p>\n<p>&nbsp;<\/p>\n<p><strong><a href=\"http:\/\/archeol.sav.sk\/files\/SlA_2021_69_2.pdf\">Slovensk\u00e1 archeol\u00f3gia LXIX &#8211; 2<\/a><a href=\"http:\/\/archeol.sav.sk\/files\/Obalka-.jpg\"><img decoding=\"async\" loading=\"lazy\" class=\"alignleft wp-image-6204\" src=\"http:\/\/archeol.sav.sk\/files\/Obalka--214x300.jpg\" alt=\"\" width=\"193\" height=\"271\" srcset=\"https:\/\/archeol.sav.sk\/files\/Obalka--214x300.jpg 214w, https:\/\/archeol.sav.sk\/files\/Obalka--768x1078.jpg 768w, https:\/\/archeol.sav.sk\/files\/Obalka--729x1024.jpg 729w\" sizes=\"(max-width: 193px) 100vw, 193px\" \/><\/a><\/strong><\/p>\n<p>Autor: <strong>Gabriel Fusek (zost.)<\/strong><\/p>\n<p>Vydal:\u00a0<b>Archeologick\u00fd \u00fastav SAV<\/b><\/p>\n<p>Rok vydania:\u00a0<strong>2021<\/strong><\/p>\n<p>ISSN 1335-0102<\/p>\n<p>Po\u010det str\u00e1n: 224<\/p>\n<p>&nbsp;<\/p>\n<p><a href=\"http:\/\/archeol.sav.sk\/files\/SlA_2021_Supplementum_2.pdf\"><strong>Slovensk\u00e1 archeol\u00f3gia, No. Suppl. 2.<\/strong><\/a><a href=\"http:\/\/archeol.sav.sk\/files\/Sla-supl.-2.jpg\"><img decoding=\"async\" loading=\"lazy\" class=\"alignleft wp-image-6222\" src=\"http:\/\/archeol.sav.sk\/files\/Sla-supl.-2-205x300.jpg\" alt=\"\" width=\"194\" height=\"284\" srcset=\"https:\/\/archeol.sav.sk\/files\/Sla-supl.-2-205x300.jpg 205w, https:\/\/archeol.sav.sk\/files\/Sla-supl.-2-768x1126.jpg 768w, https:\/\/archeol.sav.sk\/files\/Sla-supl.-2-699x1024.jpg 699w\" sizes=\"(max-width: 194px) 100vw, 194px\" \/><\/a><\/p>\n<p>Autori: <strong>Zbigniew Robak &#8211; Matej Ruttkay (zost.)\u00a0<\/strong><\/p>\n<p>Vydal: <strong>Archeologick\u00fd \u00fastav SAV<\/strong><\/p>\n<p>ISSN 1335-0102<\/p>\n<p>Po\u010det str\u00e1n: 486<\/p>\n<p>&nbsp;<\/p>\n<p>&nbsp;<\/p>\n<p><a href=\"http:\/\/archeol.sav.sk\/files\/Stredovek\u00e9-hrady-na-strednom-Pohron\u00ed.pdf\"><strong>Stredovek\u00e9 hrady na strednom Pohron\u00ed<\/strong><\/a><a href=\"http:\/\/archeol.sav.sk\/files\/Stredovek\u00e9-hrady...jpg\"><img decoding=\"async\" loading=\"lazy\" class=\"alignleft wp-image-6219\" src=\"http:\/\/archeol.sav.sk\/files\/Stredovek\u00e9-hrady..-203x300.jpg\" alt=\"\" width=\"188\" height=\"278\" srcset=\"https:\/\/archeol.sav.sk\/files\/Stredovek\u00e9-hrady..-203x300.jpg 203w, https:\/\/archeol.sav.sk\/files\/Stredovek\u00e9-hrady..-768x1136.jpg 768w, https:\/\/archeol.sav.sk\/files\/Stredovek\u00e9-hrady..-692x1024.jpg 692w\" sizes=\"(max-width: 188px) 100vw, 188px\" \/><\/a><\/p>\n<p>Autor: <strong>No\u00e9mi Beljak Pa\u017einov\u00e1 (zost.)<\/strong><\/p>\n<p>Vydal:\u00a0<b>Archeologick\u00fd \u00fastav SAV, Archeofact<\/b><\/p>\n<p>ISBN 978-80-8196-052-9<\/p>\n<p>Po\u010det str\u00e1n: 253<\/p>\n<p>&nbsp;<\/p>\n<p>&nbsp;<\/p>\n<p><a href=\"http:\/\/archeol.sav.sk\/files\/Fossil_Directeur_SZ_suppl_2021_web.pdf\"><b><img decoding=\"async\" loading=\"lazy\" class=\" wp-image-6214 alignleft\" src=\"http:\/\/archeol.sav.sk\/files\/\u0160Z-obalka-1-206x300.jpg\" alt=\"\" width=\"187\" height=\"272\" srcset=\"https:\/\/archeol.sav.sk\/files\/\u0160Z-obalka-1-206x300.jpg 206w, https:\/\/archeol.sav.sk\/files\/\u0160Z-obalka-1-768x1117.jpg 768w, https:\/\/archeol.sav.sk\/files\/\u0160Z-obalka-1-704x1024.jpg 704w\" sizes=\"(max-width: 187px) 100vw, 187px\" \/>\u0160tudijn\u00e9 Zvesti No. Suppl. 2<\/b><\/a><\/p>\n<p>Autori: <strong>Adri\u00e1n nemergut \u2013 Ivan Cheben \u2013 Katarzyna Py\u017cewicz<\/strong> <b>\u00a0(zost.)<\/b><\/p>\n<p>Vydal:\u00a0<b>Archeologick\u00fd \u00fastav SAV<\/b><\/p>\n<p>Rok vydania:\u00a0<strong>2021<\/strong><\/p>\n<p>ISSN\u00a0 0560-2793<\/p>\n<p>Po\u010det str\u00e1n: 264<\/p>\n<p>&nbsp;<\/p>\n<p><strong><img decoding=\"async\" loading=\"lazy\" class=\" wp-image-6211 alignleft\" src=\"http:\/\/archeol.sav.sk\/files\/Pohrebi\u0161t\u011b-Pal\u00e1rikovo-198x300.jpg\" alt=\"\" width=\"190\" height=\"288\" srcset=\"https:\/\/archeol.sav.sk\/files\/Pohrebi\u0161t\u011b-Pal\u00e1rikovo-198x300.jpg 198w, https:\/\/archeol.sav.sk\/files\/Pohrebi\u0161t\u011b-Pal\u00e1rikovo-768x1166.jpg 768w, https:\/\/archeol.sav.sk\/files\/Pohrebi\u0161t\u011b-Pal\u00e1rikovo-675x1024.jpg 675w\" sizes=\"(max-width: 190px) 100vw, 190px\" \/><a href=\"http:\/\/www.cevnad.sav.sk\/aktivita_1_1\/Palarikovo_text_def_m.pdf\">Poh\u0159ebi\u0161t\u011b Palarikovo v kontextu ploch\u00fdch keltsk\u00fdch poh\u0159ebi\u0161\u0165 ve st\u0159edn\u00edm Podunaj\u00ed<\/a><\/strong><\/p>\n<p>Autori:\u00a0<strong>Anna Gardelkov\u00e1-Vrte\u013eov\u00e1 &#8211; Bla\u017eej Benadik<\/strong><\/p>\n<p>Vydali: <strong>Archeologick\u00fd \u00fastav SAV, VEDA<\/strong><\/p>\n<p>ISBN 978-80-8196-047-5<\/p>\n<p>Po\u010det str\u00e1n: 347<\/p>\n<p>&nbsp;<\/p>\n<p><a href=\"http:\/\/www.cevnad.sav.sk\/aktivita_1_1\/Velky%20Meder.pdf\"><strong>Pohrebisko z obdobia Avarsk\u00e9ho kagan\u00e1tu vo Ve\u013ekom Mederi<\/strong><\/a><a href=\"http:\/\/archeol.sav.sk\/files\/Pohrebisko-z-obdobia-avarsk\u00e9ho....jpg\"><img decoding=\"async\" loading=\"lazy\" class=\"alignleft wp-image-6208\" src=\"http:\/\/archeol.sav.sk\/files\/Pohrebisko-z-obdobia-avarsk\u00e9ho...-203x300.jpg\" alt=\"\" width=\"192\" height=\"284\" srcset=\"https:\/\/archeol.sav.sk\/files\/Pohrebisko-z-obdobia-avarsk\u00e9ho...-203x300.jpg 203w, https:\/\/archeol.sav.sk\/files\/Pohrebisko-z-obdobia-avarsk\u00e9ho...-768x1136.jpg 768w, https:\/\/archeol.sav.sk\/files\/Pohrebisko-z-obdobia-avarsk\u00e9ho...-692x1024.jpg 692w\" sizes=\"(max-width: 192px) 100vw, 192px\" \/><\/a><\/p>\n<p>Autori: <strong>Jozef Z\u00e1bojn\u00edk &#8211; Vladim\u00edr Vars\u00edk<\/strong><\/p>\n<p>Vydal:\u00a0<b>Archeologick\u00fd \u00fastav SAV<\/b><\/p>\n<p>ISBN 978-80-8196-049-8<\/p>\n<p>Po\u010det str\u00e1n: 236<\/p>\n<p>&nbsp;<\/p>\n<p>&nbsp;<\/p>\n<p><strong><a href=\"http:\/\/archeol.sav.sk\/files\/SlA_2021_69_1.pdf\">Slovensk\u00e1 archeol\u00f3gia LXIX &#8211; 1<\/a><a href=\"http:\/\/archeol.sav.sk\/files\/Obalka-.jpg\"><img decoding=\"async\" loading=\"lazy\" class=\"alignleft wp-image-6204\" src=\"http:\/\/archeol.sav.sk\/files\/Obalka--214x300.jpg\" alt=\"\" width=\"193\" height=\"271\" srcset=\"https:\/\/archeol.sav.sk\/files\/Obalka--214x300.jpg 214w, https:\/\/archeol.sav.sk\/files\/Obalka--768x1078.jpg 768w, https:\/\/archeol.sav.sk\/files\/Obalka--729x1024.jpg 729w\" sizes=\"(max-width: 193px) 100vw, 193px\" \/><\/a><\/strong><\/p>\n<p>Autor: <strong>Gabriel Fusek (zost.)<\/strong><\/p>\n<p>Vydal:\u00a0<b>Archeologick\u00fd \u00fastav SAV<\/b><\/p>\n<p>Rok vydania:\u00a0<strong>2021<\/strong><\/p>\n<p>ISSN 1335-0102<\/p>\n<p>Po\u010det str\u00e1n: 204<\/p>\n<p>&nbsp;<\/p>\n<p><a href=\"http:\/\/archeol.sav.sk\/files\/SZ-68-2_2021_na-net.pdf\"><b>\u0160tudijn\u00e9 Zvesti 68-2<\/b><\/a><a href=\"http:\/\/archeol.sav.sk\/files\/\u0160Z-68-2.2021.jpg\"><img decoding=\"async\" loading=\"lazy\" class=\"alignleft wp-image-6202 size-medium\" src=\"http:\/\/archeol.sav.sk\/files\/\u0160Z-68-2.2021-193x300.jpg\" alt=\"\" width=\"193\" height=\"300\" srcset=\"https:\/\/archeol.sav.sk\/files\/\u0160Z-68-2.2021-193x300.jpg 193w, https:\/\/archeol.sav.sk\/files\/\u0160Z-68-2.2021-768x1193.jpg 768w, https:\/\/archeol.sav.sk\/files\/\u0160Z-68-2.2021-659x1024.jpg 659w\" sizes=\"(max-width: 193px) 100vw, 193px\" \/><\/a><\/p>\n<p>Autori:\u00a0<b>Gertr\u00fada B\u0159ezinov\u00e1, Alena Bist\u00e1kov\u00e1 (zost.)<\/b><\/p>\n<p>Vydal:\u00a0<b>Archeologick\u00fd \u00fastav SAV<\/b><\/p>\n<p>Rok vydania:\u00a0<strong>2021<\/strong><\/p>\n<p>ISSN\u00a0 0560-2793<\/p>\n<p>Po\u010det str\u00e1n: 198<\/p>\n<p>&nbsp;<\/p>\n<p><a href=\"http:\/\/archeol.sav.sk\/files\/Antropologick\u00e1-anal\u00fdza...jpg\"><img decoding=\"async\" loading=\"lazy\" class=\"alignleft wp-image-6199 size-medium\" src=\"http:\/\/archeol.sav.sk\/files\/Antropologick\u00e1-anal\u00fdza..-200x300.jpg\" alt=\"\" width=\"200\" height=\"300\" srcset=\"https:\/\/archeol.sav.sk\/files\/Antropologick\u00e1-anal\u00fdza..-200x300.jpg 200w, https:\/\/archeol.sav.sk\/files\/Antropologick\u00e1-anal\u00fdza..-768x1152.jpg 768w, https:\/\/archeol.sav.sk\/files\/Antropologick\u00e1-anal\u00fdza..-683x1024.jpg 683w\" sizes=\"(max-width: 200px) 100vw, 200px\" \/><\/a><strong><a href=\"http:\/\/www.cevnad.sav.sk\/aktivita_1_1\/Pobedim.pdf\">Antropologick\u00e1 anal\u00fdza kostier z are\u00e1lu ve\u013ekomoravsk\u00e9ho hradiska v Pobedime<\/a><\/strong><\/p>\n<p>Autor: <strong>J\u00falius Jakab<\/strong><\/p>\n<p>Vydali: <strong>Archeologick\u00fd \u00fastav SAV, VEDA<\/strong><\/p>\n<p>Rok vydania: <strong>2021<\/strong><\/p>\n<p>ISBN 978-80-8196-021-5<\/p>\n<p>Po\u010det str\u00e1n: 96<\/p>\n<p>&nbsp;<\/p>\n<p><a href=\"http:\/\/archeol.sav.sk\/files\/V\u00fdchodoslovensk\u00fd-pravek-12.jpg\"><img decoding=\"async\" loading=\"lazy\" class=\"alignleft wp-image-6193 size-medium\" src=\"http:\/\/archeol.sav.sk\/files\/V\u00fdchodoslovensk\u00fd-pravek-12-205x300.jpg\" alt=\"\" width=\"205\" height=\"300\" srcset=\"https:\/\/archeol.sav.sk\/files\/V\u00fdchodoslovensk\u00fd-pravek-12-205x300.jpg 205w, https:\/\/archeol.sav.sk\/files\/V\u00fdchodoslovensk\u00fd-pravek-12-768x1125.jpg 768w, https:\/\/archeol.sav.sk\/files\/V\u00fdchodoslovensk\u00fd-pravek-12-699x1024.jpg 699w\" sizes=\"(max-width: 205px) 100vw, 205px\" \/><\/a><strong><a href=\"http:\/\/archeol.sav.sk\/files\/V%C3%BDchodoslovenk%C3%BD-pravek-12.pdf\">V\u00fdchodoslovensk\u00fd pravek XII<\/a><\/strong><\/p>\n<p>Autori: <strong>Elena Miro\u0161\u0161ayov\u00e1 (zost.)<\/strong><\/p>\n<p>Vydal:\u00a0<strong>Archeologick\u00fd \u00fastav SAV<\/strong><\/p>\n<p>Rok vydania:<strong>\u00a02021<\/strong><\/p>\n<p>ISBN\u00a0 978-80-8196-056-7<\/p>\n<p>Po\u010det str\u00e1n: 253<\/p>\n<p>&nbsp;<\/p>\n<p data-wp-editing=\"1\"><b><\/b><a href=\"http:\/\/archeol.sav.sk\/files\/SZ_68-1_2021_obalka.jpg\"><img decoding=\"async\" loading=\"lazy\" class=\"alignleft wp-image-5939 size-medium\" src=\"http:\/\/archeol.sav.sk\/files\/SZ_68-1_2021_obalka-212x300.jpg\" alt=\"\" width=\"212\" height=\"300\" srcset=\"https:\/\/archeol.sav.sk\/files\/SZ_68-1_2021_obalka-212x300.jpg 212w, https:\/\/archeol.sav.sk\/files\/SZ_68-1_2021_obalka-768x1086.jpg 768w, https:\/\/archeol.sav.sk\/files\/SZ_68-1_2021_obalka-724x1024.jpg 724w, https:\/\/archeol.sav.sk\/files\/SZ_68-1_2021_obalka.jpg 1654w\" sizes=\"(max-width: 212px) 100vw, 212px\" \/><\/a><a href=\"http:\/\/archeol.sav.sk\/files\/SZ-68-1_2021_na-net.pdf\"><b>\u0160tudijn\u00e9 Zvesti 68-1<\/b><\/a><br \/>\nAutori:\u00a0<b>Gertr\u00fada B\u0159ezinov\u00e1, Alena Bist\u00e1kov\u00e1 (zost.)<\/b><br \/>\nVydal:\u00a0<b>Archeologick\u00fd \u00fastav SAV<\/b><br \/>\nRok vydania:\u00a0<strong>2021<\/strong><br \/>\nISSN\u00a0 0560-2793<br \/>\nPo\u010det str\u00e1n: 188<\/p>\n","protected":false},"excerpt":{"rendered":"<p>30 rokov v\u00fdskumu Nitrianskeho hradu 1988 &#8211; 2018 Autori: Peter Bedn\u00e1r &#8211; Matej Ruttkay (zost.) Vydal:\u00a0Archeologick\u00fd \u00fastav SAV Rok vydania:\u00a02021 ISSN 1335-0102 Po\u010det str\u00e1n: 224 &nbsp; Knie\u017ea z Popradu a jeho hrobka Autori: Karol Pieta &#8211; Tereza \u0160tolcov\u00e1 Vydal:\u00a0Archeologick\u00fd \u00fastav SAV Rok vydania: 2021 ISBN 978-80-8196-053-6 Po\u010det str\u00e1n: 162 &nbsp; Slovensk\u00e1 archeol\u00f3gia LXIX &#8211; 2 &#8230; <a class=\"read-more\" href=\"https:\/\/archeol.sav.sk\/index.php\/sk\/publikacie-2021\/\">\u010c\u00edtajte viac<\/a><\/p>\n","protected":false},"author":2,"featured_media":0,"parent":0,"menu_order":0,"comment_status":"closed","ping_status":"closed","template":"","meta":[],"_links":{"self":[{"href":"https:\/\/archeol.sav.sk\/index.php\/wp-json\/wp\/v2\/pages\/5918"}],"collection":[{"href":"https:\/\/archeol.sav.sk\/index.php\/wp-json\/wp\/v2\/pages"}],"about":[{"href":"https:\/\/archeol.sav.sk\/index.php\/wp-json\/wp\/v2\/types\/page"}],"author":[{"embeddable":true,"href":"https:\/\/archeol.sav.sk\/index.php\/wp-json\/wp\/v2\/users\/2"}],"replies":[{"embeddable":true,"href":"https:\/\/archeol.sav.sk\/index.php\/wp-json\/wp\/v2\/comments?post=5918"}],"version-history":[{"count":33,"href":"https:\/\/archeol.sav.sk\/index.php\/wp-json\/wp\/v2\/pages\/5918\/revisions"}],"predecessor-version":[{"id":5925,"href":"https:\/\/archeol.sav.sk\/index.php\/wp-json\/wp\/v2\/pages\/5918\/revisions\/5925"}],"wp:attachment":[{"href":"https:\/\/archeol.sav.sk\/index.php\/wp-json\/wp\/v2\/media?parent=5918"}],"curies":[{"name":"wp","href":"https:\/\/api.w.org\/{rel}","templated":true}]}}