{"id":5871,"date":"2022-01-05T11:30:15","date_gmt":"2022-01-05T09:30:15","guid":{"rendered":"http:\/\/archeol.sav.sk\/?page_id=5871"},"modified":"2022-01-05T11:30:15","modified_gmt":"2022-01-05T09:30:15","slug":"studijne-zvesti-no-suppl-2-2","status":"publish","type":"page","link":"https:\/\/archeol.sav.sk\/index.php\/en\/studijne-zvesti-no-suppl-2-2\/","title":{"rendered":"\u0160tudijn\u00e9 zvesti, No. Suppl 2"},"content":{"rendered":"<h2 class=\"title\"><a href=\"http:\/\/archeol.sav.sk\/files\/Fossil_Directeur_SZ_suppl_2021_web.pdf\">\u0160tudijn\u00e9 zvesti<\/a><\/h2>\n<p class=\"bold\">Volume 2021, 2021, No. Suppl 2<\/p>\n<p>ISSN 0560-2793<\/p>\n<p>&nbsp;<\/p>\n<p><strong>Magda Cie\u015bla<\/strong><\/p>\n<p><a href=\"https:\/\/doi.org\/10.31577\/szausav.2021.suppl.2.1\">Keep it or discard it? Why the Neanderthals made tools from some rocks<\/a><\/p>\n<p>DOI: <a href=\"https:\/\/doi.org\/10.31577\/szausav.2021.suppl.2.1\">https:\/\/doi.org\/10.31577\/szausav.2021.suppl.2.1<\/a><\/p>\n<p>&nbsp;<\/p>\n<p><strong>Ma\u0142gorzata Kot \u2013 Natalia Gryczewska<\/strong><\/p>\n<p><a href=\"https:\/\/doi.org\/10.31577\/szausav.2021.suppl.2.2\">Found in a box. Unknown bifacial leaf point from the Koziarnia Cave<\/a><\/p>\n<p>DOI: <a href=\"https:\/\/doi.org\/10.31577\/szausav.2021.suppl.2.2\">https:\/\/doi.org\/10.31577\/szausav.2021.suppl.2.2<\/a><\/p>\n<p>&nbsp;<\/p>\n<p><strong>Kriszti\u00e1n Zandler \u2013 Andr\u00e1s Mark\u00f3 \u2013 Attila P\u00e9ntek<\/strong><\/p>\n<p><a href=\"https:\/\/doi.org\/10.31577\/szausav.2021.suppl.2.3\">Szeletian or not Szeletian. Bifacial industries from three open-air Middle Palaeolithic sites from the Cserh\u00e1t Mountains (Northern Hungary)<\/a><\/p>\n<p>DOI: <a href=\"https:\/\/doi.org\/10.31577\/szausav.2021.suppl.2.3\">https:\/\/doi.org\/10.31577\/szausav.2021.suppl.2.3<\/a><\/p>\n<p>&nbsp;<\/p>\n<p><strong>Zsolt Mester<\/strong><\/p>\n<p><a href=\"https:\/\/doi.org\/10.31577\/szausav.2021.suppl.2.4\">What about the Szeletian leaf point as <em>fossile directeur<\/em>?<\/a><\/p>\n<p>DOI: <a href=\"https:\/\/doi.org\/10.31577\/szausav.2021.suppl.2.4\">https:\/\/doi.org\/10.31577\/szausav.2021.suppl.2.4<\/a><\/p>\n<p><strong>\u00a0<\/strong><\/p>\n<p><strong>Katarzyna Py\u017cewicz \u2013 Adri\u00e1n Nemergut<\/strong><\/p>\n<p><a href=\"https:\/\/doi.org\/10.31577\/szausav.2021.suppl.2.5\">First results of use-wear analysis of the leaf points from Moravany nad V\u00e1hom-Dlh\u00e1<\/a><\/p>\n<p>DOI: <a href=\"https:\/\/doi.org\/10.31577\/szausav.2021.suppl.2.5\">https:\/\/doi.org\/10.31577\/szausav.2021.suppl.2.5<\/a><\/p>\n<p>&nbsp;<\/p>\n<p><strong>\u00a0<\/strong><strong>Mari\u00e1n Soj\u00e1k \u2013 Maciej Wawrczak<\/strong><\/p>\n<p><a href=\"https:\/\/doi.org\/10.31577\/szausav.2021.suppl.2.6\">Spi\u0161sk\u00e9 Podhradie-Dreven\u00edk, an important Palaeolithic site of the Lower Spi\u0161<\/a><\/p>\n<p>DOI: <a href=\"https:\/\/doi.org\/10.31577\/szausav.2021.suppl.2.6\">https:\/\/doi.org\/10.31577\/szausav.2021.suppl.2.6<\/a><\/p>\n<p><strong>\u00a0<\/strong><\/p>\n<p><strong>Yuri E. Demidenko \u2013 Petr \u0160krdla \u2013 Joseba Rios-Garaizar \u2013 Jaroslav Bart\u00edk \u2013 Tereza Rychta\u0159\u00edkov\u00e1<\/strong><\/p>\n<p><a href=\"https:\/\/doi.org\/10.31577\/szausav.2021.suppl.2.7\">Epiaurignacian industry with Sagaidak-Muralovka-type microliths industry in the south of Eastern Europe and Eastern Central Europe and its lithic artefact fossil types<\/a><\/p>\n<p>DOI: <a href=\"https:\/\/doi.org\/10.31577\/szausav.2021.suppl.2.7\">https:\/\/doi.org\/10.31577\/szausav.2021.suppl.2.7<\/a><\/p>\n<p>&nbsp;<\/p>\n<p><strong>Michaela Polansk\u00e1<\/strong><\/p>\n<p><a href=\"https:\/\/doi.org\/10.31577\/szausav.2021.suppl.2.8\">Est-il possible d\u2019identifier des groupes pavloviens sur le territoire d\u2019actuelle Slovaquie?<\/a><\/p>\n<p>DOI: <a href=\"https:\/\/doi.org\/10.31577\/szausav.2021.suppl.2.8\">https:\/\/doi.org\/10.31577\/szausav.2021.suppl.2.8<\/a><\/p>\n<p><strong>\u00a0<\/strong><\/p>\n<p><strong>Sandra S\u00e1zelov\u00e1 \u2013 Bibi\u00e1na Hromadov\u00e1 \u2013 Angela Perri \u2013 Michaela Polansk\u00e1<\/strong><\/p>\n<p><a href=\"https:\/\/doi.org\/10.31577\/szausav.2021.suppl.2.9\">Aspects of hard tissue modifications. Three objects from the Gravettian at Doln\u00ed V\u011bstonice II (Czech Republic)<\/a><\/p>\n<p>DOI: <a href=\"https:\/\/doi.org\/10.31577\/szausav.2021.suppl.2.9\">https:\/\/doi.org\/10.31577\/szausav.2021.suppl.2.9<\/a><\/p>\n<p>&nbsp;<\/p>\n<p><strong>Michaela Polansk\u00e1 \u2013 Martin Nov\u00e1k \u2013 Laurent Klaric<\/strong><\/p>\n<p><a href=\"https:\/\/doi.org\/10.31577\/szausav.2021.suppl.2.10\"><em>Fossiles directeurs <\/em>variability in Late and Final stages of the Gravettian of Central Europe<\/a><\/p>\n<p>DOI: <a href=\"https:\/\/doi.org\/10.31577\/szausav.2021.suppl.2.10\">https:\/\/doi.org\/10.31577\/szausav.2021.suppl.2.10<\/a><\/p>\n<p>&nbsp;<\/p>\n<p><strong>Zde\u0148ka Nerudov\u00e1<\/strong><\/p>\n<p><a href=\"https:\/\/doi.org\/10.31577\/szausav.2021.suppl.2.11\">Can we identify any <em>fossile directeur <\/em>in the Epigravettian?<\/a><\/p>\n<p>DOI: <a href=\"https:\/\/doi.org\/10.31577\/szausav.2021.suppl.2.11\">https:\/\/doi.org\/10.31577\/szausav.2021.suppl.2.11<\/a><\/p>\n<p>&nbsp;<\/p>\n<p><strong>Ivan Cheben \u2013 Michal Cheben<\/strong><\/p>\n<p><a href=\"https:\/\/doi.org\/10.31577\/szausav.2021.suppl.2.12\">Analysis of chipped industry from the setllement of the \u017deliezovce group in Baj\u010d<\/a><\/p>\n<p>DOI: <a href=\"https:\/\/doi.org\/10.31577\/szausav.2021.suppl.2.12\">https:\/\/doi.org\/10.31577\/szausav.2021.suppl.2.12<\/a><\/p>\n<p>&nbsp;<\/p>\n<p><strong>Roman I. Muravev \u2013 Evgenia S. Tkach \u2013 Dmitriy V. Gerasimov<\/strong><\/p>\n<p><a href=\"https:\/\/doi.org\/10.31577\/szausav.2021.suppl.2.13\">Sinkers and composite fishing hooks in the Neolithic of Eastern Baltic. Slate artefacts from Berezovo 2 (Karelian Isthmus, North-West Russia)<\/a><\/p>\n<p>DOI: <a href=\"https:\/\/doi.org\/10.31577\/szausav.2021.suppl.2.13\">https:\/\/doi.org\/10.31577\/szausav.2021.suppl.2.13<\/a><\/p>\n<p>&nbsp;<\/p>\n<p><strong>Jaroslav Bart\u00edk \u2013 Petr \u0160krdla<\/strong><\/p>\n<p><a href=\"https:\/\/doi.org\/10.31577\/szausav.2021.suppl.2.14\">Raw material as <em>fossile directeur<\/em>? A case study of the use of Str\u00e1nsk\u00e1 sk\u00e1la-type chert<\/a><\/p>\n<p>DOI: <a href=\"https:\/\/doi.org\/10.31577\/szausav.2021.suppl.2.14\">https:\/\/doi.org\/10.31577\/szausav.2021.suppl.2.14<\/a><\/p>\n<p>&nbsp;<\/p>\n<p><strong>\u013dubom\u00edra Kaminsk\u00e1<\/strong><\/p>\n<p><a href=\"https:\/\/doi.org\/10.31577\/szausav.2021.suppl.2.15\">Use of obsidian in Slovak prehistory<\/a><\/p>\n<p>DOI: <a href=\"https:\/\/doi.org\/10.31577\/szausav.2021.suppl.2.15\">https:\/\/doi.org\/10.31577\/szausav.2021.suppl.2.15<\/a><\/p>\n<p>&nbsp;<\/p>\n<p><strong>Magdalena Sudo\u0142-Procyk<\/strong><\/p>\n<p><a href=\"https:\/\/doi.org\/10.31577\/szausav.2021.suppl.2.16\">Chocolate flint outcrops in the Krak\u00f3w-Cz\u0119stochowa upland. State of knowledge on mining, use and distribution of the raw material and further research perspectives<\/a><\/p>\n<p><em>\u00a0<\/em>DOI: <a href=\"https:\/\/doi.org\/10.31577\/szausav.2021.suppl.2.16\">https:\/\/doi.org\/10.31577\/szausav.2021.suppl.2.16<\/a><\/p>\n","protected":false},"excerpt":{"rendered":"<p>\u0160tudijn\u00e9 zvesti Volume 2021, 2021, No. Suppl 2 ISSN 0560-2793 &nbsp; Magda Cie\u015bla Keep it or discard it? Why the Neanderthals made tools from some rocks DOI: https:\/\/doi.org\/10.31577\/szausav.2021.suppl.2.1 &nbsp; Ma\u0142gorzata Kot \u2013 Natalia Gryczewska Found in a box. Unknown bifacial leaf point from the Koziarnia Cave DOI: https:\/\/doi.org\/10.31577\/szausav.2021.suppl.2.2 &nbsp; Kriszti\u00e1n Zandler \u2013 Andr\u00e1s Mark\u00f3 \u2013 &#8230; <a class=\"read-more\" href=\"https:\/\/archeol.sav.sk\/index.php\/en\/studijne-zvesti-no-suppl-2-2\/\">\u010c\u00edtajte viac<\/a><\/p>\n","protected":false},"author":2,"featured_media":0,"parent":0,"menu_order":0,"comment_status":"closed","ping_status":"closed","template":"","meta":[],"_links":{"self":[{"href":"https:\/\/archeol.sav.sk\/index.php\/wp-json\/wp\/v2\/pages\/5871"}],"collection":[{"href":"https:\/\/archeol.sav.sk\/index.php\/wp-json\/wp\/v2\/pages"}],"about":[{"href":"https:\/\/archeol.sav.sk\/index.php\/wp-json\/wp\/v2\/types\/page"}],"author":[{"embeddable":true,"href":"https:\/\/archeol.sav.sk\/index.php\/wp-json\/wp\/v2\/users\/2"}],"replies":[{"embeddable":true,"href":"https:\/\/archeol.sav.sk\/index.php\/wp-json\/wp\/v2\/comments?post=5871"}],"version-history":[{"count":1,"href":"https:\/\/archeol.sav.sk\/index.php\/wp-json\/wp\/v2\/pages\/5871\/revisions"}],"predecessor-version":[{"id":5873,"href":"https:\/\/archeol.sav.sk\/index.php\/wp-json\/wp\/v2\/pages\/5871\/revisions\/5873"}],"wp:attachment":[{"href":"https:\/\/archeol.sav.sk\/index.php\/wp-json\/wp\/v2\/media?parent=5871"}],"curies":[{"name":"wp","href":"https:\/\/api.w.org\/{rel}","templated":true}]}}