{"id":5846,"date":"2021-12-20T13:05:11","date_gmt":"2021-12-20T11:05:11","guid":{"rendered":"http:\/\/archeol.sav.sk\/?page_id=5846"},"modified":"2021-12-20T13:05:11","modified_gmt":"2021-12-20T11:05:11","slug":"aktivity-projektu-apvv-16-0441-v-rokoch-2020-2021","status":"publish","type":"page","link":"https:\/\/archeol.sav.sk\/index.php\/sk\/aktivity-projektu-apvv-16-0441-v-rokoch-2020-2021\/","title":{"rendered":"Aktivity projektu APVV-16-0441 v rokoch 2020 \u2013 2021"},"content":{"rendered":"<p><a href=\"http:\/\/archeol.sav.sk\/files\/Kyjatice.jpg\"><img decoding=\"async\" loading=\"lazy\" class=\"alignright wp-image-5847 \" src=\"http:\/\/archeol.sav.sk\/files\/Kyjatice-213x300.jpg\" alt=\"\" width=\"174\" height=\"245\" srcset=\"https:\/\/archeol.sav.sk\/files\/Kyjatice-213x300.jpg 213w, https:\/\/archeol.sav.sk\/files\/Kyjatice-768x1084.jpg 768w, https:\/\/archeol.sav.sk\/files\/Kyjatice-725x1024.jpg 725w\" sizes=\"(max-width: 174px) 100vw, 174px\" \/><\/a>Nasleduj\u00face riadky s\u00fa <strong>v\u0161eobecn\u00fdm preh\u013eadom aktiv\u00edt projektu<\/strong> <em>Pr\u00ednos Slovenska k\u00a0hospod\u00e1rskemu a\u00a0spolo\u010densk\u00e9mu rozvoju stredoeur\u00f3pskych popolnicov\u00fdch pol\u00ed<\/em> (\u010falej len projektu), realizovan\u00fdch <strong>v\u00a0r\u00e1mci jeho z\u00e1vere\u010dnej etapy<\/strong>. Detailn\u00fd opis aktiv\u00edt je s\u00fa\u010das\u0165ou <em>Ro\u010dn\u00fdch spr\u00e1v o\u00a0rie\u0161en\u00ed projektu v roku 2020<\/em> a\u00a0<em>2021<\/em>, ktor\u00e9 s\u00fa archivovan\u00e9 v\u00a0Archeologickom \u00fastave SAV v\u00a0Nitre i v\u00a0Agent\u00fare na podporu v\u00fdskumu a\u00a0v\u00fdvoja v\u00a0Bratislave. Mo\u017eno poznamena\u0165, \u017ee 3. etapa bola negat\u00edvne ovplyvnen\u00e1 nielen odchodom dvoch p\u00f4vodn\u00fdch rie\u0161ite\u013eov projektu, ale aj pandemick\u00fdm \u0161\u00edren\u00edm v\u00edrusu Covid-19 a\u00a0s\u00a0t\u00fdm spojenou situ\u00e1ciou.<\/p>\n<p>&nbsp;<\/p>\n<p><strong>Etapa 3.<\/strong><\/p>\n<p><strong>\u00a0<\/strong><strong>Slovensko a\u00a0stredoeur\u00f3pske popolnicov\u00e9 polia \u2013 synt\u00e9za poznatkov <\/strong><\/p>\n<p><strong>(30. 6. 2021; pred\u013a\u017een\u00e9 do 31. 12. 2021)<\/strong><\/p>\n<ul>\n<li>anal\u00fdza a\u00a0vyhodnotenie materi\u00e1lu zo s\u00eddlisk, z pohreb\u00edsk, ale aj tzv. ojedinel\u00fdch n\u00e1lezov z\u00a0archeologick\u00fdch n\u00e1lez\u00edsk, \u0165a\u017eiskovo datovan\u00fdch do doby popolnicov\u00fdch pol\u00ed (t. j. do mladej a\u00a0neskorej doby bronzovej\/12. \u2013 8. stor. pred n. l.)<\/li>\n<li>d\u00f4raz na finaliz\u00e1ciu rozpracovan\u00fdch t\u00e9m (napr. aktivity Keltov na lokalit\u00e1ch z\u00a0doby popolnicov\u00fdch pol\u00ed na Slovensku a\u00a0okolit\u00fdch terit\u00f3ri\u00e1ch, ot\u00e1zky metalurgie farebn\u00fdch kovov v\u00a0povod\u00ed malokarpatsk\u00fdch potokov alebo prezent\u00e1cia archeologick\u00e9ho n\u00e1leziska Kyjatice \u2013 eponymnej lokality kyjatickej kult\u00fary)<\/li>\n<li>\u010do naj\u0161ir\u0161ia interdisciplin\u00e1rna spolupr\u00e1ca (antropol\u00f3gia, archeobotanika, archeozool\u00f3gia, archeometria, geol\u00f3gia, jazykoveda a pod.)<\/li>\n<li><a href=\"http:\/\/archeol.sav.sk\/files\/Zbornik.jpg\"><img decoding=\"async\" loading=\"lazy\" class=\"alignright wp-image-5848\" src=\"http:\/\/archeol.sav.sk\/files\/Zbornik-222x300.jpg\" alt=\"\" width=\"174\" height=\"234\" srcset=\"https:\/\/archeol.sav.sk\/files\/Zbornik-222x300.jpg 222w, https:\/\/archeol.sav.sk\/files\/Zbornik-768x1038.jpg 768w, https:\/\/archeol.sav.sk\/files\/Zbornik-757x1024.jpg 757w\" sizes=\"(max-width: 174px) 100vw, 174px\" \/><\/a>zverejnenie pr\u00e1c zhr\u0148uj\u00faceho charakteru (FURM\u00c1NEK, V\u00e1clav &#8211; PAVELKOV\u00c1, Jaroslava. Kyjatice. Zlat\u00fd vek na podhor\u00ed. Archeologick\u00e9 pam\u00e4tn\u00edky Slovenska, zv. 11. Nitra 2020 a Ed. MIT\u00c1\u0160, Vladim\u00edr \u2013 O\u017d\u010e\u00c1NI, Ondrej. Doba popolnicov\u00fdch pol\u00ed a\u00a0doba hal\u0161tatsk\u00e1. Zborn\u00edk pr\u00edspevkov z XV. medzin\u00e1rodnej konferencie Doba popolnicov\u00fdch pol\u00ed a doba hal\u0161tatsk\u00e1, Smolenice 15.\u201319. okt\u00f3ber 2018. Archaeologica Slovaca Monographiae Communicationes, Tom. XXV. Nitra 2020).<\/li>\n<li>prezent\u00e1cia vybran\u00fdch t\u00e9m na medzin\u00e1rodn\u00fdch vedeck\u00fdch podujatiach (napr. Biskupin, Po\u013esko)<\/li>\n<li>populariz\u00e1cia problematiky v\u00a0tla\u010di, na internete,\u00a0formou predn\u00e1\u0161ok<\/li>\n<\/ul>\n<p>&nbsp;<\/p>\n<p>Projekt bez poch\u00fdb prispel k\u00a0poznaniu doby popolnicov\u00fdch pol\u00ed na Slovensku a\u00a0\u0161pecif\u00edk n\u00e1\u0161ho \u00fazemia v\u00a0r\u00e1mci stredoeur\u00f3pskych kult\u00far popolnicov\u00fdch pol\u00ed v\u00f4bec. Vo v\u00fdskume tejto problematiky je v\u0161ak nutn\u00e9 na\u010falej pokra\u010dova\u0165!<\/p>\n<p>&nbsp;<\/p>\n<p><em>Vladim\u00edr Mit\u00e1\u0161<\/em><\/p>\n","protected":false},"excerpt":{"rendered":"<p>Nasleduj\u00face riadky s\u00fa v\u0161eobecn\u00fdm preh\u013eadom aktiv\u00edt projektu Pr\u00ednos Slovenska k\u00a0hospod\u00e1rskemu a\u00a0spolo\u010densk\u00e9mu rozvoju stredoeur\u00f3pskych popolnicov\u00fdch pol\u00ed (\u010falej len projektu), realizovan\u00fdch v\u00a0r\u00e1mci jeho z\u00e1vere\u010dnej etapy. Detailn\u00fd opis aktiv\u00edt je s\u00fa\u010das\u0165ou Ro\u010dn\u00fdch spr\u00e1v o\u00a0rie\u0161en\u00ed projektu v roku 2020 a\u00a02021, ktor\u00e9 s\u00fa archivovan\u00e9 v\u00a0Archeologickom \u00fastave SAV v\u00a0Nitre i v\u00a0Agent\u00fare na podporu v\u00fdskumu a\u00a0v\u00fdvoja v\u00a0Bratislave. Mo\u017eno poznamena\u0165, \u017ee 3. etapa &#8230; <a class=\"read-more\" href=\"https:\/\/archeol.sav.sk\/index.php\/sk\/aktivity-projektu-apvv-16-0441-v-rokoch-2020-2021\/\">\u010c\u00edtajte viac<\/a><\/p>\n","protected":false},"author":2,"featured_media":0,"parent":0,"menu_order":0,"comment_status":"closed","ping_status":"closed","template":"","meta":[],"_links":{"self":[{"href":"https:\/\/archeol.sav.sk\/index.php\/wp-json\/wp\/v2\/pages\/5846"}],"collection":[{"href":"https:\/\/archeol.sav.sk\/index.php\/wp-json\/wp\/v2\/pages"}],"about":[{"href":"https:\/\/archeol.sav.sk\/index.php\/wp-json\/wp\/v2\/types\/page"}],"author":[{"embeddable":true,"href":"https:\/\/archeol.sav.sk\/index.php\/wp-json\/wp\/v2\/users\/2"}],"replies":[{"embeddable":true,"href":"https:\/\/archeol.sav.sk\/index.php\/wp-json\/wp\/v2\/comments?post=5846"}],"version-history":[{"count":1,"href":"https:\/\/archeol.sav.sk\/index.php\/wp-json\/wp\/v2\/pages\/5846\/revisions"}],"predecessor-version":[{"id":5849,"href":"https:\/\/archeol.sav.sk\/index.php\/wp-json\/wp\/v2\/pages\/5846\/revisions\/5849"}],"wp:attachment":[{"href":"https:\/\/archeol.sav.sk\/index.php\/wp-json\/wp\/v2\/media?parent=5846"}],"curies":[{"name":"wp","href":"https:\/\/api.w.org\/{rel}","templated":true}]}}