{"id":5840,"date":"2021-12-20T12:51:01","date_gmt":"2021-12-20T10:51:01","guid":{"rendered":"http:\/\/archeol.sav.sk\/?page_id=5840"},"modified":"2026-02-12T10:20:31","modified_gmt":"2026-02-12T08:20:31","slug":"field-research-2021","status":"publish","type":"page","link":"https:\/\/archeol.sav.sk\/index.php\/sk\/field-research-2021\/","title":{"rendered":"Field research 2021"},"content":{"rendered":"<p><a href=\"http:\/\/archeol.sav.sk\/files\/Banka_2021.pdf\">Banka<\/a><\/p>\n<p><a href=\"http:\/\/archeol.sav.sk\/files\/bojn\u00e1-VI.pdf\">Bojn\u00e1<\/a><\/p>\n<p><a href=\"http:\/\/archeol.sav.sk\/files\/Divin-Hrad-X.etapa_.pdf\">castle Div\u00edn<\/a><\/p>\n<p><a href=\"http:\/\/archeol.sav.sk\/files\/Hrad-Hru\u0161ov2021.pdf\">castle Hru\u0161ov<\/a><\/p>\n<p><a href=\"http:\/\/archeol.sav.sk\/files\/Hrad-G\u00fdme\u01612021.pdf\">castle G\u00fdme\u0161<\/a><\/p>\n<p><a href=\"http:\/\/archeol.sav.sk\/files\/Hrad-Lietava2021.pdf\">castle Lietava<\/a><\/p>\n<p><a href=\"http:\/\/archeol.sav.sk\/files\/Beljak_Debn\u00e1r-Reviste-2021.pdf\">castle Revi\u0161te<\/a><\/p>\n<p><a href=\"http:\/\/archeol.sav.sk\/files\/Beljak_Debn\u00e1r-Hrad-Teplica-2021.pdf\">castle Teplica<\/a><\/p>\n<p><a href=\"http:\/\/archeol.sav.sk\/files\/Beljak_Debn\u00e1r_-Hrad-\u017dak\u00fdl-2021.pdf\">castle \u017dak\u00fdl<\/a><\/p>\n<p><a href=\"http:\/\/archeol.sav.sk\/files\/Mitas-Bobek_Klatova-Nova-Ves-Kostrin_2021.pdf\">Kl\u00e1tova Nov\u00e1 Ves &#8211; Kostr\u00edn<\/a><\/p>\n<p><a href=\"http:\/\/archeol.sav.sk\/files\/Debn\u00e1r_Kremnica-Zechenterov-dom.pdf\">Kremnica &#8211; Zechenterov dom<\/a><\/p>\n<p><a href=\"http:\/\/archeol.sav.sk\/files\/Mal\u00e1-Lodina-prieskum-2021.pdf\">Mal\u00e1 Lodina<\/a><\/p>\n<p><a href=\"http:\/\/archeol.sav.sk\/files\/Nitra_Kri\u017eovatka-\u0160indolka.pdf\">Nitra &#8211; kri\u017eovatka \u0160indolka<\/a><\/p>\n<p><a href=\"https:\/\/archeol.sav.sk\/files\/Nitra-Lupka-2021.pdf\">Nitra &#8211; Lupka<\/a><\/p>\n<p><a href=\"http:\/\/archeol.sav.sk\/files\/Plaveck\u00fd-hrad2021.pdf\">Plaveck\u00fd hrad<\/a><\/p>\n<p><a href=\"http:\/\/archeol.sav.sk\/files\/2021-A4-Pusty-hrad-Horny.pdf\">Pust\u00fd hrad<\/a><\/p>\n<p><a href=\"http:\/\/archeol.sav.sk\/files\/Nitra_rieka.pdf\">river Nitra<\/a><\/p>\n<p><a href=\"http:\/\/archeol.sav.sk\/files\/Rumanova-2021.pdf\">Rumanov\u00e1<\/a><\/p>\n<p><a href=\"http:\/\/archeol.sav.sk\/files\/v.-dvorany_dvorsk\u00e1.pdf\">Ve\u013ek\u00e9 Dvorany &#8211; Dvorsk\u00e1<\/a><\/p>\n","protected":false},"excerpt":{"rendered":"<p>Banka Bojn\u00e1 castle Div\u00edn castle Hru\u0161ov castle G\u00fdme\u0161 castle Lietava castle Revi\u0161te castle Teplica castle \u017dak\u00fdl Kl\u00e1tova Nov\u00e1 Ves &#8211; Kostr\u00edn Kremnica &#8211; Zechenterov dom Mal\u00e1 Lodina Nitra &#8211; kri\u017eovatka \u0160indolka Nitra &#8211; Lupka Plaveck\u00fd hrad Pust\u00fd hrad river Nitra Rumanov\u00e1 Ve\u013ek\u00e9 Dvorany &#8211; Dvorsk\u00e1<\/p>\n","protected":false},"author":2,"featured_media":0,"parent":0,"menu_order":0,"comment_status":"closed","ping_status":"closed","template":"","meta":[],"_links":{"self":[{"href":"https:\/\/archeol.sav.sk\/index.php\/wp-json\/wp\/v2\/pages\/5840"}],"collection":[{"href":"https:\/\/archeol.sav.sk\/index.php\/wp-json\/wp\/v2\/pages"}],"about":[{"href":"https:\/\/archeol.sav.sk\/index.php\/wp-json\/wp\/v2\/types\/page"}],"author":[{"embeddable":true,"href":"https:\/\/archeol.sav.sk\/index.php\/wp-json\/wp\/v2\/users\/2"}],"replies":[{"embeddable":true,"href":"https:\/\/archeol.sav.sk\/index.php\/wp-json\/wp\/v2\/comments?post=5840"}],"version-history":[{"count":7,"href":"https:\/\/archeol.sav.sk\/index.php\/wp-json\/wp\/v2\/pages\/5840\/revisions"}],"predecessor-version":[{"id":7972,"href":"https:\/\/archeol.sav.sk\/index.php\/wp-json\/wp\/v2\/pages\/5840\/revisions\/7972"}],"wp:attachment":[{"href":"https:\/\/archeol.sav.sk\/index.php\/wp-json\/wp\/v2\/media?parent=5840"}],"curies":[{"name":"wp","href":"https:\/\/api.w.org\/{rel}","templated":true}]}}