{"id":5665,"date":"2021-03-23T12:00:31","date_gmt":"2021-03-23T10:00:31","guid":{"rendered":"http:\/\/archeol.sav.sk\/?page_id=5665"},"modified":"2021-03-23T12:46:17","modified_gmt":"2021-03-23T10:46:17","slug":"slovenska-archeologia-lxviii-2-2020","status":"publish","type":"page","link":"https:\/\/archeol.sav.sk\/index.php\/sk\/slovenska-archeologia-lxviii-2-2020\/","title":{"rendered":"Slovensk\u00e1 archeol\u00f3gia, No. Suppl. 1."},"content":{"rendered":"<h2><a href=\"http:\/\/archeol.sav.sk\/files\/SlA_2020_-Supplementum_1.pdf\"><strong>Slovensk\u00e1 archeol\u00f3gia, No. Suppl. 1.<\/strong><\/a><\/h2>\n<p><a href=\"http:\/\/archeol.sav.sk\/files\/Obsah_SlA_2020_-Supplementum_1.pdf\">OBSAH<\/a><\/p>\n<p>&nbsp;<\/p>\n<div class=\"margin-top-2 margin-bottom-1\"><a href=\"http:\/\/archeol.sav.sk\/files\/Tabula-gratulatoria_SlA_2020_-Supplementum_1.pdf\"><b>TABULA GRATULATORIA<\/b><\/a><\/div>\n<p>&nbsp;<\/p>\n<p><b>LAUDATIO<\/b><\/p>\n<p><a href=\"http:\/\/archeol.sav.sk\/files\/Laudatio_SlA_2020_-Supplementum_1.pdf\">Kozubov\u00e1, A. &#8211; Neumann, M.: Jubilant prof. PhDr. Jozef B\u00e1tora, DrSc.<\/a><\/p>\n<p><a href=\"http:\/\/archeol.sav.sk\/files\/Laudatio_SlA_2020_-Supplementum_1.pdf\">Makarov\u00e1, E.: Bibliografia Jozefa B\u00e1toru<\/a><\/p>\n<p><a href=\"http:\/\/archeol.sav.sk\/files\/Laudatio_SlA_2020_-Supplementum_1.pdf\">Drozd, D. &#8211; Neumann, M. &#8211; Pi\u0161\u00fath, T.: V\u00fdskumy v Rybn\u00edku, Santovke, \u0160ah\u00e1ch a Vr\u00e1b\u013eoch v reflexii ich \u00fa\u010dastn\u00edkov<\/a><\/p>\n<p><a href=\"http:\/\/archeol.sav.sk\/files\/Laudatio_SlA_2020_-Supplementum_1.pdf\">\u017digo, P.: Ad multos annos \u2013 historicko-jazykovedne<\/a><\/p>\n<p>&nbsp;<\/p>\n<p>\u010cL\u00c1NKY<\/p>\n<p>Apakidze, J. &#8211; Hansen, S.<\/p>\n<p><strong><a href=\"https:\/\/www.sav.sk\/index.php?lang=sk&amp;doc=journal-list&amp;part=article_response_page&amp;journal_article_no=25299\">Two Bronze Age Hoards with Shaft-Hole Axes from West Georgia<\/a><\/strong><\/p>\n<p>DOI: <a href=\"https:\/\/doi.org\/10.31577\/slovarch.2020.suppl.1.1\">https:\/\/doi.org\/10.31577\/slovarch.2020.suppl.1.1<\/a><\/p>\n<p>&nbsp;<\/p>\n<p>Bart\u00edk, J. &#8211; \u010cambal, R. &#8211; Lieskovsk\u00fd, T.<\/p>\n<p><strong><a href=\"https:\/\/doi.org\/10.31577\/slovarch.2020.suppl.1.2\">Pohansk\u00e1 pri Plaveckom Podhrad\u00ed<\/a><\/strong><\/p>\n<p>DOI: <a href=\"https:\/\/doi.org\/10.31577\/slovarch.2020.suppl.1.2\">https:\/\/doi.org\/10.31577\/slovarch.2020.suppl.1.2<\/a><\/p>\n<p>&nbsp;<\/p>\n<p>Bobek, P. &#8211; Kissov\u00e1, M. &#8211; \u0160imunkov\u00e1, K.<\/p>\n<p><a href=\"https:\/\/doi.org\/10.31577\/slovarch.2020.suppl.1.3\"><strong>S\u00eddliskov\u00e9 n\u00e1lezy zo star\u0161ej doby bronzovej na ulici Za Ferenitkou v Nitre<\/strong><\/a><\/p>\n<p>DOI: <a href=\"https:\/\/doi.org\/10.31577\/slovarch.2020.suppl.1.3\">https:\/\/doi.org\/10.31577\/slovarch.2020.suppl.1.3<\/a><\/p>\n<p>&nbsp;<\/p>\n<p>\u010cambal, R. &#8211; Makarov\u00e1, E.<\/p>\n<p><a href=\"https:\/\/doi.org\/10.31577\/slovarch.2020.suppl.1.4\"><strong>Depot n\u00e1ramkov z doby hal\u0161tatskej z vrchu Z\u00e1ruby v Mal\u00fdch Karpatoch<\/strong><\/a><\/p>\n<p>DOI: <a href=\"https:\/\/doi.org\/10.31577\/slovarch.2020.suppl.1.4\">https:\/\/doi.org\/10.31577\/slovarch.2020.suppl.1.4<\/a><\/p>\n<p>&nbsp;<\/p>\n<p>David, W.<\/p>\n<p><a href=\"https:\/\/doi.org\/10.31577\/slovarch.2020.suppl.1.5\"><strong>Waffen als Grabbeigabe im Raum der oberen und mittleren Donau w\u00e4hrend der Fr\u00fch- und Mittelbronzezeit<\/strong><\/a><\/p>\n<p>DOI: <a href=\"https:\/\/doi.org\/10.31577\/slovarch.2020.suppl.1.5\">https:\/\/doi.org\/10.31577\/slovarch.2020.suppl.1.5<\/a><\/p>\n<p>&nbsp;<\/p>\n<p>Drozd , D.:<\/p>\n<p><strong><a href=\"https:\/\/doi.org\/10.31577\/slovarch.2020.suppl.1.6\">Analytick\u00fd povrchov\u00fd zber na lokalite Vr\u00e1ble-Fidv\u00e1r: stav b\u00e1dania a mo\u017enosti spracovania d\u00e1t<\/a><\/strong><\/p>\n<p>DOI: <a href=\"https:\/\/doi.org\/10.31577\/slovarch.2020.suppl.1.6\">https:\/\/doi.org\/10.31577\/slovarch.2020.suppl.1.6<\/a><\/p>\n<p>&nbsp;<\/p>\n<p>Eibner, A. &#8211; Eibner, C.<\/p>\n<p><strong><a href=\"https:\/\/doi.org\/10.31577\/slovarch.2020.suppl.1.7\">Musikinstrumente und Musikaus\u00fcbung in der Eisenzeit Mitteleuropas \u2013 anhand von Bildquellen und Originalfunden<\/a><\/strong><\/p>\n<p>DOI: <a href=\"https:\/\/doi.org\/10.31577\/slovarch.2020.suppl.1.7\">https:\/\/doi.org\/10.31577\/slovarch.2020.suppl.1.7<\/a><\/p>\n<p>&nbsp;<\/p>\n<p>Farka\u0161, Z.<\/p>\n<p><strong><a href=\"https:\/\/doi.org\/10.31577\/slovarch.2020.suppl.1.8\">Meden\u00fd ingot z Chtelnice<\/a><\/strong><\/p>\n<p>DOI: <a href=\"https:\/\/doi.org\/10.31577\/slovarch.2020.suppl.1.8\">https:\/\/doi.org\/10.31577\/slovarch.2020.suppl.1.8<\/a><\/p>\n<p>&nbsp;<\/p>\n<p>Fischl, K. &#8211; Paul, G. &#8211; Kienlin, T.<\/p>\n<p><a href=\"https:\/\/doi.org\/10.31577\/slovarch.2020.suppl.1.9\"><strong>Vr\u00e1ble-Fidv\u00e1r im Kontext: Zu Vorl\u00e4ufern und Parallelen der Demarkation<\/strong><\/a><\/p>\n<p>DOI: <a href=\"https:\/\/doi.org\/10.31577\/slovarch.2020.suppl.1.9\">https:\/\/doi.org\/10.31577\/slovarch.2020.suppl.1.9<\/a><\/p>\n<p>&nbsp;<\/p>\n<p>Godi\u0161, J.<\/p>\n<p><strong><a href=\"https:\/\/doi.org\/10.31577\/slovarch.2020.suppl.1.10\"> Pohrebisk\u00e1 \u00fan\u011btickej kult\u00fary v Nov\u00fdch Z\u00e1mkoch<\/a><\/strong><\/p>\n<p>DOI: <a href=\"https:\/\/doi.org\/10.31577\/slovarch.2020.suppl.1.10\">https:\/\/doi.org\/10.31577\/slovarch.2020.suppl.1.10<\/a><\/p>\n<p>&nbsp;<\/p>\n<p>G\u00f3rski, J.<\/p>\n<p><strong><a href=\"https:\/\/doi.org\/10.31577\/slovarch.2020.suppl.1.11\">Small and Large Settlements of the Mierzanowice Culture in the Uplands of Western Ma\u0142opolska Region<\/a><\/strong><\/p>\n<p>DOI: <a href=\"https:\/\/doi.org\/10.31577\/slovarch.2020.suppl.1.11\">https:\/\/doi.org\/10.31577\/slovarch.2020.suppl.1.11<\/a><\/p>\n<p>&nbsp;<\/p>\n<p>Graf, V. &#8211; Gr\u00f6mer, K. &#8211; Trnka, G.<\/p>\n<p><strong><a href=\"https:\/\/doi.org\/10.31577\/slovarch.2020.suppl.1.12\"> Eine Armschutzspirale vom Typ Salg\u00f3tarj\u00e1n mit Textilresten von<\/a><\/strong><\/p>\n<p>DOI: <a href=\"https:\/\/doi.org\/10.31577\/slovarch.2020.suppl.1.12\">https:\/\/doi.org\/10.31577\/slovarch.2020.suppl.1.12<\/a><\/p>\n<p>&nbsp;<\/p>\n<p>Grigoriev, S.<\/p>\n<p><strong><a href=\"https:\/\/doi.org\/10.31577\/slovarch.2020.suppl.1.13\"> Radiocarbon Revolution and \u00b4Historical\u00b4 Counterrevolution<\/a><\/strong><\/p>\n<p>DOI: h<a href=\"https:\/\/doi.org\/10.31577\/slovarch.2020.suppl.1.13\">ttps:\/\/doi.org\/10.31577\/slovarch.2020.suppl.1.13<\/a><\/p>\n<p>&nbsp;<\/p>\n<p>Guba, S.<\/p>\n<p><strong><a href=\"https:\/\/doi.org\/10.31577\/slovarch.2020.suppl.1.14\"> Bronze Age Anthropomorphic Clay Figurines from N\u00f3gr\u00e1d County (Northern Hungary)<\/a><\/strong><\/p>\n<p>DOI: <a href=\"https:\/\/doi.org\/10.31577\/slovarch.2020.suppl.1.14\">https:\/\/doi.org\/10.31577\/slovarch.2020.suppl.1.14<\/a><\/p>\n<p>&nbsp;<\/p>\n<p>Hlad\u00edk, M. &#8211; Hlad\u00edkov\u00e1, K.<\/p>\n<p><strong><a href=\"https:\/\/doi.org\/10.31577\/slovarch.2020.suppl.1.15\">Burial Sites in Z\u00e1horie (Middle and Lower Morava River Region) in Roman Times and in the Early Middle Ages<\/a><\/strong><\/p>\n<p>DOI: <a href=\"https:\/\/doi.org\/10.31577\/slovarch.2020.suppl.1.15\">https:\/\/doi.org\/10.31577\/slovarch.2020.suppl.1.15<\/a><\/p>\n<p>&nbsp;<\/p>\n<p>Horv\u00e1th, T. &#8211; Szilasi, A.<\/p>\n<p><strong><a href=\"https:\/\/doi.org\/10.31577\/slovarch.2020.suppl.1.16\"> Salg\u00f3tarj\u00e1n-Baglyas-k\u0151<\/a><\/strong><\/p>\n<p>DOI: <a href=\"https:\/\/doi.org\/10.31577\/slovarch.2020.suppl.1.16\">https:\/\/doi.org\/10.31577\/slovarch.2020.suppl.1.16<\/a><\/p>\n<p>&nbsp;<\/p>\n<p>Hud\u00e1k, M. &#8211; Hud\u00e1kov\u00e1, M. &#8211; Hlo\u017eek, M. &#8211; Oravkinov\u00e1, D.<\/p>\n<p><strong><a href=\"https:\/\/doi.org\/10.31577\/slovarch.2020.suppl.1.17\">Nov\u00e9 s\u00eddliskov\u00e9 n\u00e1lezy z doby bronzovej z G\u00e1noviec-Za stodolami<\/a><\/strong><\/p>\n<p>DOI: <a href=\"https:\/\/doi.org\/10.31577\/slovarch.2020.suppl.1.17\">https:\/\/doi.org\/10.31577\/slovarch.2020.suppl.1.17<\/a><\/p>\n<p>&nbsp;<\/p>\n<p>Huke\u013eov\u00e1, Z. &#8211; Bielichov\u00e1, Z. &#8211; Kro\u0161l\u00e1kov\u00e1, M. &#8211; Da\u0148ov\u00e1, K. &#8211; Cheben, M.:<\/p>\n<p><strong><a href=\"https:\/\/doi.org\/10.31577\/slovarch.2020.suppl.1.18\">Nosila r\u00fa\u0161ko? <\/a><\/strong><\/p>\n<p>DOI: <a href=\"https:\/\/doi.org\/10.31577\/slovarch.2020.suppl.1.18\">https:\/\/doi.org\/10.31577\/slovarch.2020.suppl.1.18<\/a><\/p>\n<p>&nbsp;<\/p>\n<p>Chvojka, O. &#8211; John, J.<\/p>\n<p><strong><a href=\"https:\/\/doi.org\/10.31577\/slovarch.2020.suppl.1.19\"> Zlat\u00e1 z\u00e1u\u0161nice z Homol (okr. \u010cesk\u00e9 Bud\u011bjovice) jako doklad kontaktu ji\u017en\u00edch \u010cech s Karpatskou kotlinou ve star\u0161\u00ed dob\u011b bronzov\u00e9<\/a><\/strong><\/p>\n<p>DOI: <a href=\"https:\/\/doi.org\/10.31577\/slovarch.2020.suppl.1.19\">https:\/\/doi.org\/10.31577\/slovarch.2020.suppl.1.19<\/a><\/p>\n<p>&nbsp;<\/p>\n<p>Chvojka, O. &#8211; Men\u0161\u00edk, P.<\/p>\n<p><strong><a href=\"https:\/\/doi.org\/10.31577\/slovarch.2020.suppl.1.20\"> Mohylov\u00e1 poh\u0159ebi\u0161t\u011b star\u0161\u00ed a st\u0159edn\u00ed doby bronzov\u00e9 v ji\u017en\u00edch \u010cech\u00e1ch<\/a><\/strong><\/p>\n<p>DOI: <a href=\"https:\/\/doi.org\/10.31577\/slovarch.2020.suppl.1.20\">https:\/\/doi.org\/10.31577\/slovarch.2020.suppl.1.20<\/a><\/p>\n<p>&nbsp;<\/p>\n<p>Ivanova, M. &#8211; Schl\u00fctz, F. &#8211; Benecke, N.<\/p>\n<p><strong><a href=\"https:\/\/doi.org\/10.31577\/slovarch.2020.suppl.1.21\"> Subterranean Silos at Vr\u00e1ble, Southwestern Slovakia<\/a><\/strong><\/p>\n<p>DOI:<a href=\"https:\/\/doi.org\/10.31577\/slovarch.2020.suppl.1.21\"> https:\/\/doi.org\/10.31577\/slovarch.2020.suppl.1.21<\/a><\/p>\n<p>&nbsp;<\/p>\n<p>Ivanova, S. &#8211; Videiko, M. &#8211; Burdo, N.<\/p>\n<p><strong><a href=\"https:\/\/doi.org\/10.31577\/slovarch.2020.suppl.1.22\"> Metalloobrabotka v Severo-Zapadnom Prichernomor\u00b4e v rannem bronzovom veke<\/a><\/strong><\/p>\n<p>DOI: <a href=\"https:\/\/doi.org\/10.31577\/slovarch.2020.suppl.1.22\">https:\/\/doi.org\/10.31577\/slovarch.2020.suppl.1.22<\/a><\/p>\n<p>&nbsp;<\/p>\n<p>Jarosz, P. &#8211; Szczcepanek, A. &#8211; Haduch, E.<\/p>\n<p><strong><a href=\"https:\/\/doi.org\/10.31577\/slovarch.2020.suppl.1.23\"> New Evidences to Understand the Bell Beaker Culture in the Ma\u0142opolska Upland<\/a><\/strong><\/p>\n<p>DOI: <a href=\"https:\/\/doi.org\/10.31577\/slovarch.2020.suppl.1.23\">https:\/\/doi.org\/10.31577\/slovarch.2020.suppl.1.23<\/a><\/p>\n<p>&nbsp;<\/p>\n<p>Jockenh\u00f6vel, A.<\/p>\n<p><strong><a href=\"https:\/\/doi.org\/10.31577\/slovarch.2020.suppl.1.24\">Bronzezeitliche Gr\u00e4ber mit Rohmetall: Eine Fundgruppe zwischen praktischer Funktion und symbolischer Bedeutung<\/a><\/strong><\/p>\n<p>DOI: <a href=\"https:\/\/doi.org\/10.31577\/slovarch.2020.suppl.1.24\">https:\/\/doi.org\/10.31577\/slovarch.2020.suppl.1.24<\/a><\/p>\n<p>&nbsp;<\/p>\n<p>Kadrow, S. &#8211; Krzywda, A. &#8211; Naglik, R.<\/p>\n<p><strong><a href=\"https:\/\/doi.org\/10.31577\/slovarch.2020.suppl.1.25\"> Relics of the Eneolithic Wyci\u0105\u017ce Group at Site 7 in Szarbia, Lesser Poland<\/a><\/strong><\/p>\n<p>DOI:<a href=\"https:\/\/doi.org\/10.31577\/slovarch.2020.suppl.1.25\"> https:\/\/doi.org\/10.31577\/slovarch.2020.suppl.1.25<\/a><\/p>\n<p>&nbsp;<\/p>\n<p>Klochko, V.<\/p>\n<p><a href=\"https:\/\/doi.org\/10.31577\/slovarch.2020.suppl.1.26\"><strong> Metal Axes of the Kozarac-Stublo Type from Carpathian-Volhynia Metallurgy Center of \u00b4Willow Leaf\u00b4 of Ukrainian Corded Ware Culture Circle and Its Connections to Danubian Region<\/strong><\/a><\/p>\n<p>DOI: <a href=\"https:\/\/doi.org\/10.31577\/slovarch.2020.suppl.1.26\">https:\/\/doi.org\/10.31577\/slovarch.2020.suppl.1.26<\/a><\/p>\n<p>&nbsp;<\/p>\n<p>Klontza-Jaklov\u00e1, V.<\/p>\n<p><strong><a href=\"https:\/\/doi.org\/10.31577\/slovarch.2020.suppl.1.27\">Bez kon\u011b nebude slunce<\/a><\/strong><\/p>\n<p>DOI: <a href=\"https:\/\/doi.org\/10.31577\/slovarch.2020.suppl.1.27\">https:\/\/doi.org\/10.31577\/slovarch.2020.suppl.1.27<\/a><\/p>\n<p>&nbsp;<\/p>\n<p>Kov\u00e1rn\u00edk, J.<\/p>\n<p><strong><a href=\"https:\/\/doi.org\/10.31577\/slovarch.2020.suppl.1.28\"> Zaj\u00edmav\u00e9 archeologick\u00e9 lokality doln\u00edho Pomorav\u00ed na ortosn\u00edmc\u00edch<\/a><\/strong><\/p>\n<p>DOI: <a href=\"https:\/\/doi.org\/10.31577\/slovarch.2020.suppl.1.28\">https:\/\/doi.org\/10.31577\/slovarch.2020.suppl.1.28<\/a><\/p>\n<p>&nbsp;<\/p>\n<p>Kozubov\u00e1, A. &#8211; Golec, M.<\/p>\n<p><strong><a href=\"https:\/\/doi.org\/10.31577\/slovarch.2020.suppl.1.29\">Aus der N\u00e4he oder aus der Ferne?<\/a><\/strong><\/p>\n<p>DOI: <a href=\"https:\/\/doi.org\/10.31577\/slovarch.2020.suppl.1.29\">https:\/\/doi.org\/10.31577\/slovarch.2020.suppl.1.29<\/a><\/p>\n<p>&nbsp;<\/p>\n<p>Litvinenko, R.<\/p>\n<p><strong><a href=\"https:\/\/doi.org\/10.31577\/slovarch.2020.suppl.1.30\">Pogrebeniya kul\u00b4turnogo kruga Babino v derevyannykh grobakh-kolodakh kak proyavlenie oshcheevropeyskoy tradicii bronzovogo veka<\/a><\/strong><\/p>\n<p>DOI: <a href=\"https:\/\/doi.org\/10.31577\/slovarch.2020.suppl.1.30\">https:\/\/doi.org\/10.31577\/slovarch.2020.suppl.1.30<\/a><\/p>\n<p>&nbsp;<\/p>\n<p>Makhortykh, S.<\/p>\n<p><a href=\"https:\/\/doi.org\/10.31577\/slovarch.2020.suppl.1.31\"><strong>Ob odnoy raznovidnosti ranneskiskikh zoomorfnykh buteroley<\/strong><\/a><\/p>\n<p>DOI: <a href=\"https:\/\/doi.org\/10.31577\/slovarch.2020.suppl.1.31\">https:\/\/doi.org\/10.31577\/slovarch.2020.suppl.1.31<\/a><\/p>\n<p>&nbsp;<\/p>\n<p>Melis, E.<\/p>\n<p><strong><a href=\"https:\/\/doi.org\/10.31577\/slovarch.2020.suppl.1.32\"> Indicators for Social Structure in the G\u00e1ta-Wieselburg Cemetery of Hegyeshalom, Hungary\u00a0<\/a><\/strong><\/p>\n<p>DOI: <a href=\"https:\/\/doi.org\/10.31577\/slovarch.2020.suppl.1.32\">https:\/\/doi.org\/10.31577\/slovarch.2020.suppl.1.32<\/a><\/p>\n<p>&nbsp;<\/p>\n<p>Mellnerov\u00e1 \u0160utekov\u00e1, J.<\/p>\n<p><strong><a href=\"https:\/\/doi.org\/10.31577\/slovarch.2020.suppl.1.33\"> Eneolitick\u00fd s\u00eddeln\u00fd are\u00e1l v Podol\u00ed pri Novom Meste nad V\u00e1hom<\/a><\/strong><\/p>\n<p>DOI: <a href=\"https:\/\/doi.org\/10.31577\/slovarch.2020.suppl.1.33\">https:\/\/doi.org\/10.31577\/slovarch.2020.suppl.1.33<\/a><\/p>\n<p>&nbsp;<\/p>\n<p>Mit\u00e1\u0161, V. &#8211; Rajt\u00e1r, J. &#8211; Tirp\u00e1k, J.<\/p>\n<p><strong><a href=\"https:\/\/doi.org\/10.31577\/slovarch.2020.suppl.1.34\"> N\u00e1lez bronzovej d\u00fdky z C\u00edfera-P\u00e1cu, okres Trnava<\/a><\/strong><\/p>\n<p>DOI: <a href=\"https:\/\/doi.org\/10.31577\/slovarch.2020.suppl.1.34\">https:\/\/doi.org\/10.31577\/slovarch.2020.suppl.1.34<\/a><\/p>\n<p>&nbsp;<\/p>\n<p>M\u00fcller-Schee\u00dfel, N. &#8211; Gerbecks, P. &#8211; Rassmann, K.<\/p>\n<p><strong><a href=\"https:\/\/doi.org\/10.31577\/slovarch.2020.suppl.1.35\"> Fr\u00fchbronzezeitliche Befestigungen im oberen \u017ditavatal: Prozesse von Synoikismos und Dinoikismos<\/a><\/strong><\/p>\n<p>DOI: <a href=\"https:\/\/doi.org\/10.31577\/slovarch.2020.suppl.1.35\">https:\/\/doi.org\/10.31577\/slovarch.2020.suppl.1.35<\/a><\/p>\n<p>&nbsp;<\/p>\n<p>Nessel, B.<\/p>\n<p><strong><a href=\"https:\/\/doi.org\/10.31577\/slovarch.2020.suppl.1.36\"> Metal Appliques in Bronze Age Europe \u2013 Searching for the Meaning Behind Tacks, Buckles and Lamellas<\/a><\/strong><\/p>\n<p>DOI: <a href=\"https:\/\/doi.org\/10.31577\/slovarch.2020.suppl.1.36\">https:\/\/doi.org\/10.31577\/slovarch.2020.suppl.1.36<\/a><\/p>\n<p>&nbsp;<\/p>\n<p>Neumann, M.<\/p>\n<p><strong><a href=\"https:\/\/doi.org\/10.31577\/slovarch.2020.suppl.1.37\">Bo\u017esk\u00e9 dvoji\u010dky a ich reflexia v predstav\u00e1ch spolo\u010dnosti doby bronzovej<\/a><\/strong><\/p>\n<p>DOI:<a href=\"https:\/\/doi.org\/10.31577\/slovarch.2020.suppl.1.37\"> https:\/\/doi.org\/10.31577\/slovarch.2020.suppl.1.37<\/a><\/p>\n<p>&nbsp;<\/p>\n<p>Pelisiak, A.<\/p>\n<p><strong><a href=\"https:\/\/doi.org\/10.31577\/slovarch.2020.suppl.1.38\">Neolithic and Bronze Age Human Activity in the Mountains<\/a><\/strong><\/p>\n<p>DOI: <a href=\"https:\/\/doi.org\/10.31577\/slovarch.2020.suppl.1.38\">https:\/\/doi.org\/10.31577\/slovarch.2020.suppl.1.38<\/a><\/p>\n<p>&nbsp;<\/p>\n<p>Petri\u0161\u010d\u00e1kov\u00e1, K. &#8211; Ver\u010d\u00edk, M. &#8211; Pav\u00fak, P. &#8211; Limbursk\u00fd, P. &#8211; Dan\u011b\u010dek, D. &#8211; Ern\u00e9e, M.<\/p>\n<p><strong><a href=\"https:\/\/doi.org\/10.31577\/slovarch.2020.suppl.1.39\">Od n\u00e1strojov a zbran\u00ed k symbolom: anal\u00fdza pracovn\u00fdch st\u00f4p na kovov\u00fdch d\u00fdkach star\u0161ej doby bronzovej v \u010cech\u00e1ch<\/a><\/strong><\/p>\n<p>DOI: <a href=\"https:\/\/doi.org\/10.31577\/slovarch.2020.suppl.1.39\">https:\/\/doi.org\/10.31577\/slovarch.2020.suppl.1.39<\/a><\/p>\n<p>&nbsp;<\/p>\n<p>Pomberger, B.<\/p>\n<p><strong><a href=\"https:\/\/doi.org\/10.31577\/slovarch.2020.suppl.1.40\">Stringed Instruments of the Hallstatt Culture \u2013 from Iconographic Representation to Experimental Reproduction<\/a><\/strong><\/p>\n<p>DOI: <a href=\"https:\/\/doi.org\/10.31577\/slovarch.2020.suppl.1.40\">https:\/\/doi.org\/10.31577\/slovarch.2020.suppl.1.40<\/a><\/p>\n<p>&nbsp;<\/p>\n<p>Poplevko, G.<\/p>\n<p><strong><a href=\"https:\/\/doi.org\/10.31577\/slovarch.2020.suppl.1.41\">Tekhnologiya izgotovleniya keramiki maykopskoy kul\u00b4tury, kak severnoy periferii vostochnoanatoliyskogo khalkolita<\/a><\/strong><\/p>\n<p>DOI: <a href=\"https:\/\/doi.org\/10.31577\/slovarch.2020.suppl.1.41\">https:\/\/doi.org\/10.31577\/slovarch.2020.suppl.1.41<\/a><\/p>\n<p>&nbsp;<\/p>\n<p>Reiter, V.<\/p>\n<p><strong><a href=\"https:\/\/doi.org\/10.31577\/slovarch.2020.suppl.1.42\"> Die Gr\u00e4ber der Leithaprodersdorf-Gruppe der Flur Kreuz\u00e4cker in Leithaprodersdorf (Burgenland)<\/a><\/strong><\/p>\n<p>DOI: <a href=\"https:\/\/doi.org\/10.31577\/slovarch.2020.suppl.1.42\">https:\/\/doi.org\/10.31577\/slovarch.2020.suppl.1.42<\/a><\/p>\n<p>&nbsp;<\/p>\n<p>Rem\u00e9nyi, L.<\/p>\n<p><a href=\"https:\/\/doi.org\/10.31577\/slovarch.2020.suppl.1.43\"><strong> Idol Fragment of the Mak\u00f3-Kosihy-\u010caka Culture from Budapest-K\u0151\u00e9rberek Site<\/strong><\/a><\/p>\n<p>DOI: <a href=\"https:\/\/doi.org\/10.31577\/slovarch.2020.suppl.1.43\">https:\/\/doi.org\/10.31577\/slovarch.2020.suppl.1.43<\/a><\/p>\n<p>&nbsp;<\/p>\n<p>Rezepkin, A.<\/p>\n<p><strong><a href=\"https:\/\/doi.org\/10.31577\/slovarch.2020.suppl.1.44\"> Maykopskaya kul\u00b4tura: voprosy khronologii i kul\u00b4tirnykh svyazey ust\u00b4-dzhegutinskogo i psekupskogo variantov<\/a><\/strong><\/p>\n<p>DOI: <a href=\"https:\/\/doi.org\/10.31577\/slovarch.2020.suppl.1.44\">https:\/\/doi.org\/10.31577\/slovarch.2020.suppl.1.44<\/a><\/p>\n<p>&nbsp;<\/p>\n<p>Ro\u017enovsk\u00fd, D.<\/p>\n<p><strong><a href=\"https:\/\/doi.org\/10.31577\/slovarch.2020.suppl.1.45\">Der Hortfund aus der sp\u00e4ten Bronzezeit aus Mikulovice (Bez. Znojmo)<\/a><\/strong><\/p>\n<p>DOI:<a href=\"https:\/\/doi.org\/10.31577\/slovarch.2020.suppl.1.45\"> https:\/\/doi.org\/10.31577\/slovarch.2020.suppl.1.45<\/a><\/p>\n<p>&nbsp;<\/p>\n<p>Ruttkay, M.<\/p>\n<p><strong><a href=\"https:\/\/doi.org\/10.31577\/slovarch.2020.suppl.1.46\">Neolitick\u00fd hrob (?) a kultov\u00fd objekt zo star\u0161ej doby bronzovej v Nitre-Doln\u00fdch Kr\u0161kanoch<\/a><\/strong><\/p>\n<p>DOI: <a href=\"https:\/\/doi.org\/10.31577\/slovarch.2020.suppl.1.46\">https:\/\/doi.org\/10.31577\/slovarch.2020.suppl.1.46<\/a><\/p>\n<p>&nbsp;<\/p>\n<p>Schimerov\u00e1, E.<\/p>\n<p><strong><a href=\"https:\/\/doi.org\/10.31577\/slovarch.2020.suppl.1.47\"> S\u00eddli\u0161t\u011b a poh\u0159ebi\u0161t\u011b nitransk\u00e9 kultury v Hul\u00edn\u011b 3-U Pot\u016f\u010dku<\/a><\/strong><\/p>\n<p>DOI: <a href=\"https:\/\/doi.org\/10.31577\/slovarch.2020.suppl.1.47\">https:\/\/doi.org\/10.31577\/slovarch.2020.suppl.1.47<\/a><\/p>\n<p>&nbsp;<\/p>\n<p>\u0160teiner, P.<\/p>\n<p><strong><a href=\"https:\/\/doi.org\/10.31577\/slovarch.2020.suppl.1.48\"> V\u00fdskum boj\u00edsk druhej svetovej vojny na juhoz\u00e1padnom Slovensku<\/a><\/strong><\/p>\n<p>DOI: <a href=\"https:\/\/doi.org\/10.31577\/slovarch.2020.suppl.1.48\">https:\/\/doi.org\/10.31577\/slovarch.2020.suppl.1.48<\/a><\/p>\n<p>&nbsp;<\/p>\n<p>Valent, D. &#8211; Jel\u00ednek, P.<\/p>\n<p><strong><a href=\"https:\/\/doi.org\/10.31577\/slovarch.2020.suppl.1.49\"> S\u00e9hul a jej podoby v hmotnej kult\u00fare doby bronzovej<\/a><\/strong><\/p>\n<p>DOI: <a href=\"https:\/\/doi.org\/10.31577\/slovarch.2020.suppl.1.49\">https:\/\/doi.org\/10.31577\/slovarch.2020.suppl.1.49<\/a><\/p>\n<p>&nbsp;<\/p>\n<p>Vlad\u00e1r, J. &#8211; Wiedermann, E.<\/p>\n<p><a href=\"https:\/\/www.sav.sk\/?lang=sk&amp;doc=journal-list&amp;part=article_response_page&amp;journal_article_no=25420\"><strong>Mobility and Migration at the Intersection of European Cultures<\/strong><\/a><\/p>\n<p>DOI: <a href=\"https:\/\/doi.org\/10.31577\/slovarch.2020.suppl.1.50\">https:\/\/doi.org\/10.31577\/slovarch.2020.suppl.1.50<\/a><\/p>\n<p>&nbsp;<\/p>\n<p>Zimmermann, T.<\/p>\n<p><a href=\"https:\/\/doi.org\/10.31577\/slovarch.2020.suppl.1.51\">Priesterk\u00f6nigs-Schmiedemeister?<\/a><\/p>\n<p>DOI: <a href=\"https:\/\/doi.org\/10.31577\/slovarch.2020.suppl.1.51\">https:\/\/doi.org\/10.31577\/slovarch.2020.suppl.1.51<\/a><\/p>\n","protected":false},"excerpt":{"rendered":"<p>Slovensk\u00e1 archeol\u00f3gia, No. Suppl. 1. OBSAH &nbsp; TABULA GRATULATORIA &nbsp; LAUDATIO Kozubov\u00e1, A. &#8211; Neumann, M.: Jubilant prof. PhDr. Jozef B\u00e1tora, DrSc. Makarov\u00e1, E.: Bibliografia Jozefa B\u00e1toru Drozd, D. &#8211; Neumann, M. &#8211; Pi\u0161\u00fath, T.: V\u00fdskumy v Rybn\u00edku, Santovke, \u0160ah\u00e1ch a Vr\u00e1b\u013eoch v reflexii ich \u00fa\u010dastn\u00edkov \u017digo, P.: Ad multos annos \u2013 historicko-jazykovedne &nbsp; \u010cL\u00c1NKY &#8230; <a class=\"read-more\" href=\"https:\/\/archeol.sav.sk\/index.php\/sk\/slovenska-archeologia-lxviii-2-2020\/\">\u010c\u00edtajte viac<\/a><\/p>\n","protected":false},"author":2,"featured_media":0,"parent":0,"menu_order":0,"comment_status":"closed","ping_status":"closed","template":"","meta":[],"_links":{"self":[{"href":"https:\/\/archeol.sav.sk\/index.php\/wp-json\/wp\/v2\/pages\/5665"}],"collection":[{"href":"https:\/\/archeol.sav.sk\/index.php\/wp-json\/wp\/v2\/pages"}],"about":[{"href":"https:\/\/archeol.sav.sk\/index.php\/wp-json\/wp\/v2\/types\/page"}],"author":[{"embeddable":true,"href":"https:\/\/archeol.sav.sk\/index.php\/wp-json\/wp\/v2\/users\/2"}],"replies":[{"embeddable":true,"href":"https:\/\/archeol.sav.sk\/index.php\/wp-json\/wp\/v2\/comments?post=5665"}],"version-history":[{"count":7,"href":"https:\/\/archeol.sav.sk\/index.php\/wp-json\/wp\/v2\/pages\/5665\/revisions"}],"predecessor-version":[{"id":5676,"href":"https:\/\/archeol.sav.sk\/index.php\/wp-json\/wp\/v2\/pages\/5665\/revisions\/5676"}],"wp:attachment":[{"href":"https:\/\/archeol.sav.sk\/index.php\/wp-json\/wp\/v2\/media?parent=5665"}],"curies":[{"name":"wp","href":"https:\/\/api.w.org\/{rel}","templated":true}]}}