{"id":5581,"date":"2021-01-28T18:26:51","date_gmt":"2021-01-28T16:26:51","guid":{"rendered":"http:\/\/archeol.sav.sk\/?page_id=5581"},"modified":"2021-01-28T20:17:44","modified_gmt":"2021-01-28T18:17:44","slug":"cinnost-v-roku-2020","status":"publish","type":"page","link":"https:\/\/archeol.sav.sk\/index.php\/sk\/clovek-a-krajina-na-kysuciach-a-prilahlom-povazi-v-stredoveku-a-na-zaciatku-novoveku\/cinnost-v-roku-2020\/","title":{"rendered":"\u010cinnos\u0165 v roku 2020"},"content":{"rendered":"<p><strong>V\u00fdstava \u201eSlovansk\u00e9 hradisko na Ve\u013ekom vrchu\u201c<\/strong><\/p>\n<p><a href=\"http:\/\/archeol.sav.sk\/files\/Ve\u013ek\u00fd-vrch-ob\u00e1lka.jpg\"><img decoding=\"async\" loading=\"lazy\" class=\"alignright wp-image-5583 size-medium\" src=\"http:\/\/archeol.sav.sk\/files\/Ve\u013ek\u00fd-vrch-ob\u00e1lka-300x300.jpg\" alt=\"\" width=\"300\" height=\"300\" srcset=\"https:\/\/archeol.sav.sk\/files\/Ve\u013ek\u00fd-vrch-ob\u00e1lka-300x300.jpg 300w, https:\/\/archeol.sav.sk\/files\/Ve\u013ek\u00fd-vrch-ob\u00e1lka-150x150.jpg 150w, https:\/\/archeol.sav.sk\/files\/Ve\u013ek\u00fd-vrch-ob\u00e1lka-768x768.jpg 768w, https:\/\/archeol.sav.sk\/files\/Ve\u013ek\u00fd-vrch-ob\u00e1lka-1024x1024.jpg 1024w, https:\/\/archeol.sav.sk\/files\/Ve\u013ek\u00fd-vrch-ob\u00e1lka.jpg 1654w\" sizes=\"(max-width: 300px) 100vw, 300px\" \/><\/a><\/p>\n<p>V spolupr\u00e1ci s Pova\u017esk\u00fdm m\u00fazeom v \u017diline sme pripravili v\u00fdstavu o v\u00fdsledkoch archeologick\u00e9ho v\u00fdskumu na hradisku Ve\u013ek\u00fd vrch v Divinke. Vystaven\u00e9 n\u00e1lezy a informa\u010dn\u00e9 panely oboznamuj\u00fa n\u00e1v\u0161tevn\u00edkov o dejin\u00e1ch v\u00fdskumu, jeho priebehu, dokumentovan\u00ed a v\u00fdsledkoch. V mlad\u0161ej dobe bronzovej \u013eud lu\u017eickej kult\u00fary os\u00eddlil temeno kopca, na ktorom na po\u010diatku neskorej doby bronzovej postavil hradobn\u00e9 m\u00fary. V dobe lat\u00e9nskej nositelia p\u00fachovskej kult\u00fary opevnili len akropolu zaniknut\u00e9ho hradiska, \u010d\u00edm tu vznikol mal\u00fd hr\u00e1dok. A napokon v z\u00e1vere ve\u013ekomoravsk\u00e9 obdobia Slovania hradisko obnovili v p\u00f4vodnom rozsahu. \u0164a\u017eiskom expoz\u00edcie s\u00fa n\u00e1lezy pr\u00e1ve z tohto \u010dasov\u00e9ho \u00faseku.<\/p>\n<p>Pri pr\u00edle\u017eitosti v\u00fdstavy vy\u0161iel aj dvojjazy\u010dn\u00fd katal\u00f3g, v\u00a0ktorom autori v\u00a0rozsiahlej eseji p\u00fatavou formou pribli\u017euj\u00fa existenciu hradiska v jednotliv\u00fdch epoch\u00e1ch jeho os\u00eddlenia. S\u00fa\u010das\u0165ou publik\u00e1cie s\u00fa aj mapy, rekon\u0161trukcie, mno\u017estvo farebn\u00fdch fotografi\u00ed a\u00a0s\u00fapis vystaven\u00fdch expon\u00e1tov.<\/p>\n<p>Bli\u017e\u0161ie inform\u00e1cie o v\u00fdstave s\u00fa pr\u00edstupn\u00e9 <a href=\"https:\/\/pmza.sk\/aktuality\/otvorili-sme-vystavu-slovanske-hradisko-na-velkom-vrchu\/\">na internetovej str\u00e1nke m\u00fazea.<\/a><\/p>\n<p>&nbsp;<\/p>\n<p><strong>V\u00fdstavu si m\u00f4\u017eete pozrie\u0165 v priestoroch Drot\u00e1rskeho pavil\u00f3nu v are\u00e1li Budat\u00ednskeho hradu v \u017diline od 11. 9. 2020 do 31. 3. 2021.<\/strong><\/p>\n<p><a href=\"http:\/\/archeol.sav.sk\/files\/IMG_9658.jpg\"><img decoding=\"async\" loading=\"lazy\" class=\"alignnone wp-image-5582\" src=\"http:\/\/archeol.sav.sk\/files\/IMG_9658-300x188.jpg\" alt=\"\" width=\"304\" height=\"191\" srcset=\"https:\/\/archeol.sav.sk\/files\/IMG_9658-300x188.jpg 300w, https:\/\/archeol.sav.sk\/files\/IMG_9658-768x482.jpg 768w, https:\/\/archeol.sav.sk\/files\/IMG_9658.jpg 1024w\" sizes=\"(max-width: 304px) 100vw, 304px\" \/><\/a> <a href=\"http:\/\/archeol.sav.sk\/files\/IMG_9663.jpg\"><img decoding=\"async\" loading=\"lazy\" class=\"alignnone wp-image-5584 size-medium\" src=\"http:\/\/archeol.sav.sk\/files\/IMG_9663-300x191.jpg\" alt=\"\" width=\"300\" height=\"191\" srcset=\"https:\/\/archeol.sav.sk\/files\/IMG_9663-300x191.jpg 300w, https:\/\/archeol.sav.sk\/files\/IMG_9663-768x490.jpg 768w, https:\/\/archeol.sav.sk\/files\/IMG_9663.jpg 1024w\" sizes=\"(max-width: 300px) 100vw, 300px\" \/><\/a><\/p>\n<p><a href=\"http:\/\/archeol.sav.sk\/files\/IMG_9692.jpg\"><img decoding=\"async\" loading=\"lazy\" class=\"alignnone wp-image-5585\" src=\"http:\/\/archeol.sav.sk\/files\/IMG_9692-300x200.jpg\" alt=\"\" width=\"287\" height=\"191\" srcset=\"https:\/\/archeol.sav.sk\/files\/IMG_9692-300x200.jpg 300w, https:\/\/archeol.sav.sk\/files\/IMG_9692-768x512.jpg 768w, https:\/\/archeol.sav.sk\/files\/IMG_9692.jpg 1024w\" sizes=\"(max-width: 287px) 100vw, 287px\" \/><\/a> <a href=\"http:\/\/archeol.sav.sk\/files\/IMG_9615.jpg\"><img decoding=\"async\" loading=\"lazy\" class=\"alignnone wp-image-5586\" src=\"http:\/\/archeol.sav.sk\/files\/IMG_9615-300x200.jpg\" alt=\"\" width=\"287\" height=\"191\" srcset=\"https:\/\/archeol.sav.sk\/files\/IMG_9615-300x200.jpg 300w, https:\/\/archeol.sav.sk\/files\/IMG_9615-768x512.jpg 768w, https:\/\/archeol.sav.sk\/files\/IMG_9615.jpg 1024w\" sizes=\"(max-width: 287px) 100vw, 287px\" \/><\/a><\/p>\n<p><a href=\"http:\/\/archeol.sav.sk\/files\/IMG_9654.jpg\"><img decoding=\"async\" loading=\"lazy\" class=\"alignnone wp-image-5587 size-medium\" src=\"http:\/\/archeol.sav.sk\/files\/IMG_9654-300x200.jpg\" alt=\"\" width=\"300\" height=\"200\" srcset=\"https:\/\/archeol.sav.sk\/files\/IMG_9654-300x200.jpg 300w, https:\/\/archeol.sav.sk\/files\/IMG_9654-768x512.jpg 768w, https:\/\/archeol.sav.sk\/files\/IMG_9654.jpg 1024w\" sizes=\"(max-width: 300px) 100vw, 300px\" \/><\/a> <a href=\"http:\/\/archeol.sav.sk\/files\/IMG_9659.jpg\"><img decoding=\"async\" loading=\"lazy\" class=\"alignnone wp-image-5589 size-medium\" src=\"http:\/\/archeol.sav.sk\/files\/IMG_9659-300x200.jpg\" alt=\"\" width=\"300\" height=\"200\" srcset=\"https:\/\/archeol.sav.sk\/files\/IMG_9659-300x200.jpg 300w, https:\/\/archeol.sav.sk\/files\/IMG_9659-768x512.jpg 768w, https:\/\/archeol.sav.sk\/files\/IMG_9659.jpg 1024w\" sizes=\"(max-width: 300px) 100vw, 300px\" \/><\/a><\/p>\n","protected":false},"excerpt":{"rendered":"<p>V\u00fdstava \u201eSlovansk\u00e9 hradisko na Ve\u013ekom vrchu\u201c V spolupr\u00e1ci s Pova\u017esk\u00fdm m\u00fazeom v \u017diline sme pripravili v\u00fdstavu o v\u00fdsledkoch archeologick\u00e9ho v\u00fdskumu na hradisku Ve\u013ek\u00fd vrch v Divinke. Vystaven\u00e9 n\u00e1lezy a informa\u010dn\u00e9 panely oboznamuj\u00fa n\u00e1v\u0161tevn\u00edkov o dejin\u00e1ch v\u00fdskumu, jeho priebehu, dokumentovan\u00ed a v\u00fdsledkoch. V mlad\u0161ej dobe bronzovej \u013eud lu\u017eickej kult\u00fary os\u00eddlil temeno kopca, na ktorom na po\u010diatku &#8230; <a class=\"read-more\" href=\"https:\/\/archeol.sav.sk\/index.php\/sk\/clovek-a-krajina-na-kysuciach-a-prilahlom-povazi-v-stredoveku-a-na-zaciatku-novoveku\/cinnost-v-roku-2020\/\">\u010c\u00edtajte viac<\/a><\/p>\n","protected":false},"author":2,"featured_media":0,"parent":2021,"menu_order":0,"comment_status":"closed","ping_status":"closed","template":"","meta":[],"_links":{"self":[{"href":"https:\/\/archeol.sav.sk\/index.php\/wp-json\/wp\/v2\/pages\/5581"}],"collection":[{"href":"https:\/\/archeol.sav.sk\/index.php\/wp-json\/wp\/v2\/pages"}],"about":[{"href":"https:\/\/archeol.sav.sk\/index.php\/wp-json\/wp\/v2\/types\/page"}],"author":[{"embeddable":true,"href":"https:\/\/archeol.sav.sk\/index.php\/wp-json\/wp\/v2\/users\/2"}],"replies":[{"embeddable":true,"href":"https:\/\/archeol.sav.sk\/index.php\/wp-json\/wp\/v2\/comments?post=5581"}],"version-history":[{"count":3,"href":"https:\/\/archeol.sav.sk\/index.php\/wp-json\/wp\/v2\/pages\/5581\/revisions"}],"predecessor-version":[{"id":5600,"href":"https:\/\/archeol.sav.sk\/index.php\/wp-json\/wp\/v2\/pages\/5581\/revisions\/5600"}],"up":[{"embeddable":true,"href":"https:\/\/archeol.sav.sk\/index.php\/wp-json\/wp\/v2\/pages\/2021"}],"wp:attachment":[{"href":"https:\/\/archeol.sav.sk\/index.php\/wp-json\/wp\/v2\/media?parent=5581"}],"curies":[{"name":"wp","href":"https:\/\/api.w.org\/{rel}","templated":true}]}}