{"id":5435,"date":"2020-10-27T08:48:16","date_gmt":"2020-10-27T06:48:16","guid":{"rendered":"http:\/\/archeol.sav.sk\/?page_id=5435"},"modified":"2020-10-27T08:48:36","modified_gmt":"2020-10-27T06:48:36","slug":"cena-casopisu-pamiatky-a-muzea","status":"publish","type":"page","link":"https:\/\/archeol.sav.sk\/index.php\/sk\/cena-casopisu-pamiatky-a-muzea\/","title":{"rendered":"Cena \u010dasopisu Pamiatky a m\u00faze\u00e1"},"content":{"rendered":"<p><a href=\"https:\/\/www.youtube.com\/watch?v=7UrrDH7YcmQ&amp;ab_channel=RTVSOfficial&amp;fbclid=IwAR2NuBgS7UY-eTPjqcEoLj1NF3k-SJymuoz_Rw9juEiTFXc3DTS_cqjvftc\">Publik\u00e1cia V\u00fdskum archeologick\u00fdch lokal\u00edt Tvrdo\u0161oviec<\/a> z\u00edskala cenu v kateg\u00f3rii men\u0161ia publik\u00e1cia &#8211; drobn\u00e1 tla\u010d\u00a0 \u010dasopisu Pamiatky a m\u00fazea.<\/p>\n<p>Autorsk\u00fd kolekt\u00edv: Slovensk\u00e9 n\u00e1rodn\u00e9 m\u00fazeum, Historick\u00e9 m\u00fazeum, Archeologick\u00e9 m\u00fazeum (v r\u00e1mci grantu APVV-15-0491), ob\u010dianske zdru\u017eenie Hradisk\u00e1<\/p>\n","protected":false},"excerpt":{"rendered":"<p>Publik\u00e1cia V\u00fdskum archeologick\u00fdch lokal\u00edt Tvrdo\u0161oviec z\u00edskala cenu v kateg\u00f3rii men\u0161ia publik\u00e1cia &#8211; drobn\u00e1 tla\u010d\u00a0 \u010dasopisu Pamiatky a m\u00fazea. Autorsk\u00fd kolekt\u00edv: Slovensk\u00e9 n\u00e1rodn\u00e9 m\u00fazeum, Historick\u00e9 m\u00fazeum, Archeologick\u00e9 m\u00fazeum (v r\u00e1mci grantu APVV-15-0491), ob\u010dianske zdru\u017eenie Hradisk\u00e1<\/p>\n","protected":false},"author":2,"featured_media":0,"parent":0,"menu_order":0,"comment_status":"closed","ping_status":"closed","template":"","meta":[],"_links":{"self":[{"href":"https:\/\/archeol.sav.sk\/index.php\/wp-json\/wp\/v2\/pages\/5435"}],"collection":[{"href":"https:\/\/archeol.sav.sk\/index.php\/wp-json\/wp\/v2\/pages"}],"about":[{"href":"https:\/\/archeol.sav.sk\/index.php\/wp-json\/wp\/v2\/types\/page"}],"author":[{"embeddable":true,"href":"https:\/\/archeol.sav.sk\/index.php\/wp-json\/wp\/v2\/users\/2"}],"replies":[{"embeddable":true,"href":"https:\/\/archeol.sav.sk\/index.php\/wp-json\/wp\/v2\/comments?post=5435"}],"version-history":[{"count":2,"href":"https:\/\/archeol.sav.sk\/index.php\/wp-json\/wp\/v2\/pages\/5435\/revisions"}],"predecessor-version":[{"id":5437,"href":"https:\/\/archeol.sav.sk\/index.php\/wp-json\/wp\/v2\/pages\/5435\/revisions\/5437"}],"wp:attachment":[{"href":"https:\/\/archeol.sav.sk\/index.php\/wp-json\/wp\/v2\/media?parent=5435"}],"curies":[{"name":"wp","href":"https:\/\/api.w.org\/{rel}","templated":true}]}}