{"id":5428,"date":"2020-10-26T17:16:06","date_gmt":"2020-10-26T15:16:06","guid":{"rendered":"http:\/\/archeol.sav.sk\/?page_id=5428"},"modified":"2020-10-27T08:50:50","modified_gmt":"2020-10-27T06:50:50","slug":"projektove-aktivity-2020","status":"publish","type":"page","link":"https:\/\/archeol.sav.sk\/index.php\/sk\/projektove-aktivity-2020\/","title":{"rendered":"Projektov\u00e9 aktivity 2020"},"content":{"rendered":"<p><a href=\"http:\/\/archeol.sav.sk\/index.php\/sk\/nalezy-z-vrchov-a-nizin\/\">V\u00fdstava Poklady z Mal\u00fdch Karp\u00e1t<\/a><\/p>\n<p><a href=\"http:\/\/archeol.sav.sk\/index.php\/sk\/cena-casopisu-pamiatky-a-muzea\/\">Cena \u010dasopisu Pamiatky a m\u00faze\u00e1<\/a><\/p>\n<p>&nbsp;<\/p>\n","protected":false},"excerpt":{"rendered":"<p>V\u00fdstava Poklady z Mal\u00fdch Karp\u00e1t Cena \u010dasopisu Pamiatky a m\u00faze\u00e1 &nbsp;<\/p>\n","protected":false},"author":2,"featured_media":0,"parent":0,"menu_order":0,"comment_status":"closed","ping_status":"closed","template":"","meta":[],"_links":{"self":[{"href":"https:\/\/archeol.sav.sk\/index.php\/wp-json\/wp\/v2\/pages\/5428"}],"collection":[{"href":"https:\/\/archeol.sav.sk\/index.php\/wp-json\/wp\/v2\/pages"}],"about":[{"href":"https:\/\/archeol.sav.sk\/index.php\/wp-json\/wp\/v2\/types\/page"}],"author":[{"embeddable":true,"href":"https:\/\/archeol.sav.sk\/index.php\/wp-json\/wp\/v2\/users\/2"}],"replies":[{"embeddable":true,"href":"https:\/\/archeol.sav.sk\/index.php\/wp-json\/wp\/v2\/comments?post=5428"}],"version-history":[{"count":4,"href":"https:\/\/archeol.sav.sk\/index.php\/wp-json\/wp\/v2\/pages\/5428\/revisions"}],"predecessor-version":[{"id":5438,"href":"https:\/\/archeol.sav.sk\/index.php\/wp-json\/wp\/v2\/pages\/5428\/revisions\/5438"}],"wp:attachment":[{"href":"https:\/\/archeol.sav.sk\/index.php\/wp-json\/wp\/v2\/media?parent=5428"}],"curies":[{"name":"wp","href":"https:\/\/api.w.org\/{rel}","templated":true}]}}