{"id":5425,"date":"2020-10-26T17:13:37","date_gmt":"2020-10-26T15:13:37","guid":{"rendered":"http:\/\/archeol.sav.sk\/?page_id=5425"},"modified":"2021-03-11T13:59:06","modified_gmt":"2021-03-11T11:59:06","slug":"nalezy-z-vrchov-a-nizin","status":"publish","type":"page","link":"https:\/\/archeol.sav.sk\/index.php\/sk\/nalezy-z-vrchov-a-nizin\/","title":{"rendered":"N\u00e1lezy z vrchov a n\u00ed\u017ein"},"content":{"rendered":"<p><a href=\"http:\/\/archeol.sav.sk\/files\/c_Karpaty-web.jpg\"><img decoding=\"async\" loading=\"lazy\" class=\"alignright wp-image-5426 size-medium\" src=\"http:\/\/archeol.sav.sk\/files\/c_Karpaty-web-300x136.jpg\" alt=\"\" width=\"300\" height=\"136\" srcset=\"https:\/\/archeol.sav.sk\/files\/c_Karpaty-web-300x136.jpg 300w, https:\/\/archeol.sav.sk\/files\/c_Karpaty-web.jpg 700w\" sizes=\"(max-width: 300px) 100vw, 300px\" \/><\/a>\u013dudia si od nepam\u00e4ti rozpr\u00e1vali o pokladoch ukryt\u00fdch v zemi \u2013 v z\u00e1kladoch domov, na poliach, alebo aj v hor\u00e1ch \u010faleko od \u013eudsk\u00fdch s\u00eddiel. Tu boli \u010dasto ukladan\u00e9 pri v\u00fdrazn\u00fdch skaln\u00fdch \u00fatvaroch, v jaskyniach, pri prame\u0148och, \u010di star\u00fdch cest\u00e1ch cez hory.<\/p>\n<p>Aj z Mal\u00fdch Karp\u00e1t a ich okolia pozn\u00e1me po\u010detn\u00e9 n\u00e1lezy z\u00e1merne ukryt\u00fdch predmetov z r\u00f4znych obdob\u00ed. Archeol\u00f3govia ich naz\u00fdvaj\u00fa depotmi, \u010di hromadn\u00fdmi n\u00e1lezmi. Nemus\u00ed \u00eds\u0165 len o mince alebo o predmety z drah\u00fdch kovov. Naj\u010dastej\u0161ie s\u00fa to r\u00f4zne meden\u00e9, bronzov\u00e9, \u017eelezn\u00e9, i keramick\u00e9 predmety, ktor\u00e9 mali v \u010dase ich ulo\u017eenia do zeme ve\u013ek\u00fa hodnotu. D\u00f4vod ich ukrytia len h\u00e1dame \u2013 mohlo \u00eds\u0165 o ochranu majetku v \u010dase nebezpe\u010denstva, obete bohom, \u010di sklady remeseln\u00edkov. Najstar\u0161\u00edm n\u00e1lezom na v\u00fdstave je depot meden\u00fdch predmetov z Mal\u00fdch Lev\u00e1r (4000 pred n. l.), najmlad\u0161\u00edm poklad strieborn\u00fdch minc\u00ed zakopan\u00fd do zeme po roku 1658.<\/p>\n<p>Autori: Igor Bazovsk\u00fd, Juraj Bart\u00edk, Marek Budaj, Radoslav \u010cambal, Zden\u011bk Farka\u0161, Pavol Jel\u00ednek, Vladim\u00edr Tur\u010dan<\/p>\n<p>V\u00fdtvarn\u00e9 rie\u0161enie: Radoslav \u010cambal<\/p>\n<p><strong>V\u00fdstava bude otvoren\u00e1 od 2. 9. 2020 do 30. 6. 2021 v Archeologickom m\u00fazeu SNM na \u017di\u017ekovej ul. 12 v Bratislave.<\/strong><\/p>\n<p>&nbsp;<\/p>\n<p>V\u00fdstava je realizovan\u00e1 v r\u00e1mci projektu Agent\u00fary pre v\u00fdskum a rozvoj \u010d. APVV-15-0491<\/p>\n<p>&nbsp;<\/p>\n<p><a href=\"http:\/\/archeol.sav.sk\/files\/Poklady-z-Mal\u00fdch-Karp\u00e1t.-N\u00e1lezy-z-vrchov-a-n\u00ed\u017ein.-Katal\u00f3g-v\u00fdstavy.-Bratislava-2020.pdf\">Publik\u00e1ciu z v\u00fdstavy stiahnete tu<\/a><\/p>\n<p>&nbsp;<\/p>\n","protected":false},"excerpt":{"rendered":"<p>\u013dudia si od nepam\u00e4ti rozpr\u00e1vali o pokladoch ukryt\u00fdch v zemi \u2013 v z\u00e1kladoch domov, na poliach, alebo aj v hor\u00e1ch \u010faleko od \u013eudsk\u00fdch s\u00eddiel. Tu boli \u010dasto ukladan\u00e9 pri v\u00fdrazn\u00fdch skaln\u00fdch \u00fatvaroch, v jaskyniach, pri prame\u0148och, \u010di star\u00fdch cest\u00e1ch cez hory. Aj z Mal\u00fdch Karp\u00e1t a ich okolia pozn\u00e1me po\u010detn\u00e9 n\u00e1lezy z\u00e1merne ukryt\u00fdch predmetov z &#8230; <a class=\"read-more\" href=\"https:\/\/archeol.sav.sk\/index.php\/sk\/nalezy-z-vrchov-a-nizin\/\">\u010c\u00edtajte viac<\/a><\/p>\n","protected":false},"author":2,"featured_media":0,"parent":0,"menu_order":0,"comment_status":"closed","ping_status":"closed","template":"","meta":[],"_links":{"self":[{"href":"https:\/\/archeol.sav.sk\/index.php\/wp-json\/wp\/v2\/pages\/5425"}],"collection":[{"href":"https:\/\/archeol.sav.sk\/index.php\/wp-json\/wp\/v2\/pages"}],"about":[{"href":"https:\/\/archeol.sav.sk\/index.php\/wp-json\/wp\/v2\/types\/page"}],"author":[{"embeddable":true,"href":"https:\/\/archeol.sav.sk\/index.php\/wp-json\/wp\/v2\/users\/2"}],"replies":[{"embeddable":true,"href":"https:\/\/archeol.sav.sk\/index.php\/wp-json\/wp\/v2\/comments?post=5425"}],"version-history":[{"count":2,"href":"https:\/\/archeol.sav.sk\/index.php\/wp-json\/wp\/v2\/pages\/5425\/revisions"}],"predecessor-version":[{"id":5658,"href":"https:\/\/archeol.sav.sk\/index.php\/wp-json\/wp\/v2\/pages\/5425\/revisions\/5658"}],"wp:attachment":[{"href":"https:\/\/archeol.sav.sk\/index.php\/wp-json\/wp\/v2\/media?parent=5425"}],"curies":[{"name":"wp","href":"https:\/\/api.w.org\/{rel}","templated":true}]}}