{"id":5416,"date":"2020-09-23T10:53:37","date_gmt":"2020-09-23T08:53:37","guid":{"rendered":"http:\/\/archeol.sav.sk\/?page_id=5416"},"modified":"2022-03-18T16:46:39","modified_gmt":"2022-03-18T14:46:39","slug":"field-research-2020","status":"publish","type":"page","link":"https:\/\/archeol.sav.sk\/index.php\/en\/field-research-2020\/","title":{"rendered":"Field research 2020"},"content":{"rendered":"<p><a href=\"http:\/\/archeol.sav.sk\/files\/Triblavina_web.pdf\">Bernol\u00e1kovo &#8211; Triblavina<\/a><\/p>\n<p><a href=\"http:\/\/archeol.sav.sk\/files\/Web_poster-TN-stoziare_Bystricany-Horne-Zrebiky.pdf\">Bystri\u010dany &#8211; Horn\u00e9 \u017drebr\u00edky\u00a0<\/a><\/p>\n<p><a href=\"http:\/\/archeol.sav.sk\/files\/Web_poster-NR-stoziare_Cermany-Pri-haji.pdf\">\u010cermany &#8211; Pri h\u00e1ji<\/a><\/p>\n<p><a href=\"http:\/\/archeol.sav.sk\/files\/Web_poster-Divin-2020.pdf\">Div\u00edn &#8211; hrad<\/a><\/p>\n<p><a href=\"http:\/\/archeol.sav.sk\/files\/Web_poster-TT-stoziare_Dolne-Trhoviste-Krizne-cesty.pdf\">Doln\u00e9 Trhovi\u0161te &#8211; Kr\u00ed\u017ene cesty<\/a><\/p>\n<p><a href=\"http:\/\/archeol.sav.sk\/files\/Web_poster-TT-stoziare_Dvorniky-Posadka-Nad-Vahom.pdf\">Dvorn\u00edky-Pos\u00e1dka &#8211; Nad V\u00e1hom<\/a><\/p>\n<p><a href=\"http:\/\/archeol.sav.sk\/files\/I\u017ea_sonarov\u00fd-prieskum.pdf\">I\u017ea &#8211; prieskum rieky Dunaj<\/a><\/p>\n<p><a href=\"http:\/\/archeol.sav.sk\/files\/Web_poster-Hontianska-Vrbica-2020.pdf\">Hontianska Vrbica &#8211; kostol sv. Martina<\/a><\/p>\n<p><a href=\"http:\/\/archeol.sav.sk\/files\/Web_poster-NR-stoziare_Horne-Obdokovce-Hlavina.pdf\">Horn\u00e9 Obdokovce &#8211; Hlavina<\/a><\/p>\n<p><a href=\"http:\/\/archeol.sav.sk\/files\/Hrad-G\u00fdme\u01612020.pdf\">Hrad Gym\u00e9\u0161<\/a><\/p>\n<p><a href=\"http:\/\/archeol.sav.sk\/files\/Hrad-Hru\u0161ov2020.pdf\">Hrad Hru\u0161ov<\/a><\/p>\n<p><a href=\"http:\/\/archeol.sav.sk\/files\/Hrad-Lietava2020.pdf\">Hrad Lietava<\/a><\/p>\n<p><a href=\"http:\/\/archeol.sav.sk\/files\/Beljak_Debn\u00e1r_-Hrad-Revi\u0161te-1.pdf\">Hrad Revi\u0161te<\/a><\/p>\n<p><a href=\"http:\/\/archeol.sav.sk\/files\/Web_poster-NR-stoziare_Kapince-Kapustnice.pdf\">Kapince &#8211; Kapustnice\u00a0<\/a><\/p>\n<p><a href=\"http:\/\/archeol.sav.sk\/files\/Web_poster-NR-stoziare_Kapince-Za-potokom.pdf\">Kapince &#8211; Za potokom<\/a><\/p>\n<p><a href=\"http:\/\/archeol.sav.sk\/files\/Kovarce2020.pdf\">Kovarce<\/a> <a href=\"http:\/\/archeol.sav.sk\/files\/Kovarce2020.pdf\">&#8211; kostol sv. Mikul\u00e1\u0161a<\/a><\/p>\n<p><a href=\"http:\/\/archeol.sav.sk\/files\/Web_poster-TT-stoziare_Krizovany-nad-Dudvahom-Dialky.pdf\">Kri\u017eovany nad Dudv\u00e1hom &#8211; Dia\u013eky<\/a><\/p>\n<p><a href=\"http:\/\/archeol.sav.sk\/files\/Beljak_Debn\u00e1r_-Lu\u010dat\u00edn.pdf\">Lu\u010dat\u00edn<\/a><\/p>\n<p><a href=\"http:\/\/archeol.sav.sk\/files\/Web_poster-NR-sto\u017eiare_Ludanice-Pod-Vincurom.pdf\">Ludanice &#8211; Pod Vinc\u00farom<\/a><\/p>\n<p><a href=\"http:\/\/archeol.sav.sk\/files\/Web_poster-TN-stoziare_Nedanovce-Priesek.pdf\">Nedanovce &#8211; Priesek<\/a><\/p>\n<p><a href=\"http:\/\/archeol.sav.sk\/files\/Nem%C4%8Dice_web.pdf\">Nem\u010dice<\/a><\/p>\n<p><a href=\"http:\/\/archeol.sav.sk\/files\/Web_poster-Nitra-Kynek_ulica-Pri-kastieli.pdf\">Nitra &#8211; Kynek<\/a><\/p>\n<p><a href=\"http:\/\/archeol.sav.sk\/files\/Web_poster-NR-stoziare_Nove-Sady-Podlaksa.pdf\">Nov\u00e9 Sady &#8211; Pod\u013eak\u0161a<\/a><\/p>\n<p><a href=\"http:\/\/archeol.sav.sk\/files\/Web_poster-NR-stoziare_Nove-Sady-Za-potokom.pdf\">Nov\u00e9 Sady &#8211; Za potokom<\/a><\/p>\n<p><a href=\"http:\/\/archeol.sav.sk\/files\/Web_poster-TN-stoziare_Oslany-Dolne-lany.pdf\">Oslany &#8211; Doln\u00e9 l\u00e1ny<\/a><\/p>\n<p><a href=\"http:\/\/archeol.sav.sk\/files\/Web_poster-TN-stoziare_Oslany-Hlozne.pdf\">Oslany &#8211; Hlo\u017en\u00e9<\/a><\/p>\n<p><a href=\"http:\/\/archeol.sav.sk\/files\/Bist\u00e1kov\u00e1_Debn\u00e1r_-Ka\u0161tie\u013e-Ostr\u00e1-L\u00faka.pdf\">Ostr\u00e1 L\u00faka &#8211; ka\u0161tie\u013e<\/a><\/p>\n<p><a href=\"http:\/\/archeol.sav.sk\/files\/Pata-IBV-v-polohe-Rybn\u00edk.pdf\">Pata &#8211; poloha Rybn\u00edk<\/a><\/p>\n<p><a href=\"http:\/\/archeol.sav.sk\/files\/Web_poster-TN-stoziare_Pazit-Lucky.pdf\">Pa\u017ei\u0165 &#8211; L\u00fa\u010dky<\/a><\/p>\n<p><a href=\"http:\/\/archeol.sav.sk\/files\/Plaveck\u00fd-hrad2020.pdf\">Plaveck\u00e9 Podhradie &#8211; Plaveck\u00fd hrad<\/a><\/p>\n<p><a href=\"http:\/\/archeol.sav.sk\/files\/Web_poster-NR-stoziare_Praznovce-Horne-pasienky.pdf\">Pr\u00e1znovce &#8211; Horn\u00e9 pasienky<\/a><\/p>\n<p><a href=\"http:\/\/archeol.sav.sk\/files\/Beljak_Debn\u00e1r_-Hrad-Revi\u0161te.pdf\">Revi\u0161tsk\u00e9 Podz\u00e1m\u010die &#8211; hrad Revi\u0161te<\/a><\/p>\n<p><a href=\"http:\/\/archeol.sav.sk\/files\/Web_poster-TT-stoziare_Siladice-Pred-mostami.pdf\">Siladice &#8211; Pred mostami<\/a><\/p>\n<p><a href=\"http:\/\/archeol.sav.sk\/files\/Web_poster-NR-stoziare_Solcany-Diely-do-kruhu.pdf\">Sol\u010dany &#8211; Diely do kruhu<\/a><\/p>\n<p><a href=\"http:\/\/archeol.sav.sk\/files\/Web_poster-NR-stoziare_Solcany-Mlynske.pdf\">Sol\u010dany &#8211; Mlynsk\u00e9<\/a><\/p>\n<p><a href=\"http:\/\/archeol.sav.sk\/files\/\u0160intava-IBV-Nad-v\u0155\u0161kom.pdf\">\u0160intava &#8211; Nad v\u0155\u0161kom<\/a><\/p>\n<p><a href=\"http:\/\/archeol.sav.sk\/files\/Nemergut-Bobek_Travnik_Carda_2020.pdf\">Tr\u00e1vnik &#8211; \u010c\u00e1rda<\/a><\/p>\n<p><a href=\"http:\/\/archeol.sav.sk\/files\/Nemergut-Bobek_Travnik_Jablonove_2020.pdf\">Tr\u00e1vnik &#8211; Jablo\u0148ov\u00e9<\/a><\/p>\n<p><a href=\"http:\/\/archeol.sav.sk\/files\/Mitas-Bobek_Velky_Meder_Novy_dvor_2020.pdf\">Ve\u013ek\u00fd Meder &#8211; Nov\u00fd dvor<\/a><\/p>\n<p><a href=\"http:\/\/archeol.sav.sk\/files\/Mitas-Bobek_Velky_Meder_Vamosovo_2020.pdf\">Ve\u013ek\u00fd Meder &#8211; V\u00e1mo\u0161ovo<\/a><\/p>\n<p><a href=\"http:\/\/archeol.sav.sk\/files\/Zbehy-2020.pdf\">Zbehy &#8211; kostol Pov\u00fd\u0161enia sv\u00e4t\u00e9ho Kr\u00ed\u017ea<\/a><\/p>\n<p><a href=\"http:\/\/archeol.sav.sk\/files\/Beljak_a-kol_Pusty-hrad.pdf\">Zvolen &#8211; Pust\u00fd hrad &#8211; Horn\u00fd hrad<\/a><\/p>\n","protected":false},"excerpt":{"rendered":"<p>Bernol\u00e1kovo &#8211; Triblavina Bystri\u010dany &#8211; Horn\u00e9 \u017drebr\u00edky\u00a0 \u010cermany &#8211; Pri h\u00e1ji Div\u00edn &#8211; hrad Doln\u00e9 Trhovi\u0161te &#8211; Kr\u00ed\u017ene cesty Dvorn\u00edky-Pos\u00e1dka &#8211; Nad V\u00e1hom I\u017ea &#8211; prieskum rieky Dunaj Hontianska Vrbica &#8211; kostol sv. Martina Horn\u00e9 Obdokovce &#8211; Hlavina Hrad Gym\u00e9\u0161 Hrad Hru\u0161ov Hrad Lietava Hrad Revi\u0161te Kapince &#8211; Kapustnice\u00a0 Kapince &#8211; Za potokom Kovarce &#8211; &#8230; <a class=\"read-more\" href=\"https:\/\/archeol.sav.sk\/index.php\/en\/field-research-2020\/\">\u010c\u00edtajte viac<\/a><\/p>\n","protected":false},"author":2,"featured_media":0,"parent":0,"menu_order":0,"comment_status":"closed","ping_status":"closed","template":"","meta":[],"_links":{"self":[{"href":"https:\/\/archeol.sav.sk\/index.php\/wp-json\/wp\/v2\/pages\/5416"}],"collection":[{"href":"https:\/\/archeol.sav.sk\/index.php\/wp-json\/wp\/v2\/pages"}],"about":[{"href":"https:\/\/archeol.sav.sk\/index.php\/wp-json\/wp\/v2\/types\/page"}],"author":[{"embeddable":true,"href":"https:\/\/archeol.sav.sk\/index.php\/wp-json\/wp\/v2\/users\/2"}],"replies":[{"embeddable":true,"href":"https:\/\/archeol.sav.sk\/index.php\/wp-json\/wp\/v2\/comments?post=5416"}],"version-history":[{"count":9,"href":"https:\/\/archeol.sav.sk\/index.php\/wp-json\/wp\/v2\/pages\/5416\/revisions"}],"predecessor-version":[{"id":6033,"href":"https:\/\/archeol.sav.sk\/index.php\/wp-json\/wp\/v2\/pages\/5416\/revisions\/6033"}],"wp:attachment":[{"href":"https:\/\/archeol.sav.sk\/index.php\/wp-json\/wp\/v2\/media?parent=5416"}],"curies":[{"name":"wp","href":"https:\/\/api.w.org\/{rel}","templated":true}]}}