{"id":54,"date":"2015-05-02T23:24:01","date_gmt":"2015-05-02T21:24:01","guid":{"rendered":"http:\/\/chcemlego.sk\/?page_id=54"},"modified":"2023-11-16T11:56:35","modified_gmt":"2023-11-16T09:56:35","slug":"struktura-ausav","status":"publish","type":"page","link":"https:\/\/archeol.sav.sk\/index.php\/sk\/o-nas\/struktura-ausav\/","title":{"rendered":"\u0160trukt\u00fara A\u00da"},"content":{"rendered":"<h2 style=\"text-align: left;\">Vedenie Archeologick\u00e9ho \u00fastavu SAV v Nitre<\/h2>\n<h3 style=\"text-align: left;\">Riadite\u013e A\u00daSAV:<\/h3>\n<p style=\"text-align: left;\"><b>Doc. PhDr. Matej Ruttkay, CSc.<\/b><br \/>\n<b>Tel.:<\/b> 037\/6410051<br \/>\n<b>Fax:<\/b> 037\/7335618<br \/>\n<b>E-mail:<\/b> <a href=\"mailto:matej.ruttkay@savba.sk\">matej.ruttkay@savba.sk<\/a><\/p>\n<h3 style=\"text-align: left;\">1. z\u00e1stupca riadite\u013ea:<\/h3>\n<p style=\"text-align: left;\"><b>PhDr. Karol Pieta, DrSc.<\/b><br \/>\n<b>Tel.:<\/b> 037\/6943211<br \/>\n<b>Fax:<\/b> 037\/7335618<br \/>\n<b>E-mail:<\/b> <a href=\"mailto:karol.pieta@savba.sk\">karol.pieta@savba.sk<\/a><\/p>\n<h3 style=\"text-align: left;\">2. z\u00e1stupca riadite\u013ea:<\/h3>\n<p><strong>Mgr. Lucia Benedikov\u00e1, PhD.<\/strong><\/p>\n<p><b>Tel.:<\/b> 037\/6943214<br \/>\n<b>Fax:<\/b> 037\/7335618<br \/>\n<b>E-mail:<\/b> <a href=\"mailto:nraubene@savba.sk\">nraubene@savba.sk<\/a><\/p>\n<h3 style=\"text-align: left;\"><\/h3>\n<h3 style=\"text-align: left;\">Vedeck\u00e1 tajomn\u00ed\u010dka:<\/h3>\n<p style=\"text-align: left;\"><b>PhDr. Klaudia Da\u0148ov\u00e1, PhD.<\/b><br \/>\n<b>Tel.:<\/b> 037\/6943400<br \/>\n<b>Fax:<\/b> 037\/7335618<br \/>\n<b>E-mail:<\/b> <a href=\"mailto:klaudia.danova@savba.sk\">klaudia.danova@savba.sk<\/a><\/p>\n<h2 style=\"text-align: left;\">Sekretari\u00e1t Archeologick\u00e9ho \u00fastavu SAV v Nitre<\/h2>\n<h3 style=\"text-align: left;\">Organiza\u010dn\u00e1 tajomn\u00ed\u010dka:<\/h3>\n<p><strong>Mgr. Michaela Jan\u010dov\u00e1<\/strong><\/p>\n<p><strong>Tel.:<\/strong> 037\/6943246 a 037\/6410053<br \/>\n<strong>E-mail:<\/strong> <a href=\"mailto:matej.ruttkay@savba.sk\" target=\"_blank\" rel=\"noopener noreferrer\"><span class=\"il\">michaela.slovakova@centrum.sk<\/span><\/a><\/p>\n<h3 style=\"text-align: left;\">Sekretari\u00e1t:<\/h3>\n<p style=\"text-align: left;\"><strong>Mgr. Ivana \u0160pot\u00e1kov\u00e1<\/strong><br \/>\n<b>Tel.:<\/b> 037\/6410051<br \/>\n<b>Fax:<\/b> 037\/7335618<br \/>\n<b>E-mail:<\/b> <a href=\"mailto:nrausekr@savba.sk\">nrausekr@savba.sk<\/a><\/p>\n<p>&nbsp;<\/p>\n<h2 style=\"text-align: justify;\">Vedeck\u00e1 rada Archeologick\u00e9ho \u00fastavu SAV v Nitre<\/h2>\n<h3 style=\"text-align: justify;\">Predseda:<\/h3>\n<p style=\"text-align: justify;\"><span style=\"text-align: start;\">PhDr. Vladim\u00edr Mit\u00e1\u0161, PhD.<\/span><\/p>\n<p style=\"text-align: justify;\"><b>E-mail: <\/b><a href=\"mailto:vladimir.mitas@savba.sk\">vladimir.mitas@savba.sk<\/a><\/p>\n<p style=\"text-align: justify;\"><strong>Podpredseda:<\/strong><\/p>\n<p style=\"text-align: justify;\">Mgr. Branislav Kov\u00e1r, PhD.<\/p>\n<p>&nbsp;<\/p>\n<p style=\"text-align: justify;\"><b>\u010clenovia z\u00a0akademickej obce:<\/b><\/p>\n<p>Mgr. M\u00e1rio Bielich, PhD.<\/p>\n<p>PhDr. Gabriel Fusek, CSc.<\/p>\n<p>Mgr. R\u00f3bert Mal\u010dek, PhD.,<\/p>\n<p>&nbsp;<\/p>\n<p><strong>Extern\u00ed \u010dlenovia:<\/strong><\/p>\n<p>doc. Mgr. Zuzana Borzov\u00e1, PhD.<\/p>\n<p>Mgr. Radoslav \u010cambal, PhD.<\/p>\n","protected":false},"excerpt":{"rendered":"<p>Vedenie Archeologick\u00e9ho \u00fastavu SAV v Nitre Riadite\u013e A\u00daSAV: Doc. PhDr. Matej Ruttkay, CSc. Tel.: 037\/6410051 Fax: 037\/7335618 E-mail: matej.ruttkay@savba.sk 1. z\u00e1stupca riadite\u013ea: PhDr. Karol Pieta, DrSc. Tel.: 037\/6943211 Fax: 037\/7335618 E-mail: karol.pieta@savba.sk 2. z\u00e1stupca riadite\u013ea: Mgr. Lucia Benedikov\u00e1, PhD. Tel.: 037\/6943214 Fax: 037\/7335618 E-mail: nraubene@savba.sk Vedeck\u00e1 tajomn\u00ed\u010dka: PhDr. Klaudia Da\u0148ov\u00e1, PhD. Tel.: 037\/6943400 Fax: 037\/7335618 &#8230; <a class=\"read-more\" href=\"https:\/\/archeol.sav.sk\/index.php\/sk\/o-nas\/struktura-ausav\/\">\u010c\u00edtajte viac<\/a><\/p>\n","protected":false},"author":1,"featured_media":0,"parent":35,"menu_order":0,"comment_status":"closed","ping_status":"closed","template":"","meta":[],"_links":{"self":[{"href":"https:\/\/archeol.sav.sk\/index.php\/wp-json\/wp\/v2\/pages\/54"}],"collection":[{"href":"https:\/\/archeol.sav.sk\/index.php\/wp-json\/wp\/v2\/pages"}],"about":[{"href":"https:\/\/archeol.sav.sk\/index.php\/wp-json\/wp\/v2\/types\/page"}],"author":[{"embeddable":true,"href":"https:\/\/archeol.sav.sk\/index.php\/wp-json\/wp\/v2\/users\/1"}],"replies":[{"embeddable":true,"href":"https:\/\/archeol.sav.sk\/index.php\/wp-json\/wp\/v2\/comments?post=54"}],"version-history":[{"count":21,"href":"https:\/\/archeol.sav.sk\/index.php\/wp-json\/wp\/v2\/pages\/54\/revisions"}],"predecessor-version":[{"id":6822,"href":"https:\/\/archeol.sav.sk\/index.php\/wp-json\/wp\/v2\/pages\/54\/revisions\/6822"}],"up":[{"embeddable":true,"href":"https:\/\/archeol.sav.sk\/index.php\/wp-json\/wp\/v2\/pages\/35"}],"wp:attachment":[{"href":"https:\/\/archeol.sav.sk\/index.php\/wp-json\/wp\/v2\/media?parent=54"}],"curies":[{"name":"wp","href":"https:\/\/api.w.org\/{rel}","templated":true}]}}