{"id":5378,"date":"2020-09-09T13:40:20","date_gmt":"2020-09-09T11:40:20","guid":{"rendered":"http:\/\/archeol.sav.sk\/?page_id=5378"},"modified":"2023-06-08T10:56:43","modified_gmt":"2023-06-08T08:56:43","slug":"publikacie-2020","status":"publish","type":"page","link":"https:\/\/archeol.sav.sk\/index.php\/sk\/publikacie-2020\/","title":{"rendered":"Publik\u00e1cie 2020"},"content":{"rendered":"<p><img decoding=\"async\" loading=\"lazy\" class=\"size-medium wp-image-6654 alignleft\" src=\"http:\/\/archeol.sav.sk\/files\/Ko\u0161ice-Galgovceobalka-201x300.jpg\" alt=\"\" width=\"201\" height=\"300\" srcset=\"https:\/\/archeol.sav.sk\/files\/Ko\u0161ice-Galgovceobalka-201x300.jpg 201w, https:\/\/archeol.sav.sk\/files\/Ko\u0161ice-Galgovceobalka-768x1148.jpg 768w, https:\/\/archeol.sav.sk\/files\/Ko\u0161ice-Galgovceobalka-685x1024.jpg 685w\" sizes=\"(max-width: 201px) 100vw, 201px\" \/><\/p>\n<p>&nbsp;<\/p>\n<p><a href=\"http:\/\/archeol.sav.sk\/files\/Ko\u0161ice-Galovceobsah.pdf\"><strong>Ko\u0161ice-Galgovec. Os\u00eddlenie polohy v strednom neolite\u00a0<\/strong><\/a><br \/>\nAutor: <strong>\u013dubom\u00edra Kaminsk\u00e1<\/strong><br \/>\nVydal: <strong>Archeologick\u00fd \u00fastav SAV<\/strong><br \/>\nRok vydania: <strong>2020<\/strong><br \/>\nISBN <strong>978-80-8196-044-4<\/strong><br \/>\nPo\u010det str\u00e1n: <strong>480<\/strong><\/p>\n<p>&nbsp;<\/p>\n<p>&nbsp;<\/p>\n<p>&nbsp;<\/p>\n<p>&nbsp;<\/p>\n<p><img decoding=\"async\" loading=\"lazy\" class=\"size-medium wp-image-5577 alignleft\" src=\"http:\/\/archeol.sav.sk\/files\/Obalka-4-202x300.jpg\" alt=\"\" width=\"202\" height=\"300\" srcset=\"https:\/\/archeol.sav.sk\/files\/Obalka-4-202x300.jpg 202w, https:\/\/archeol.sav.sk\/files\/Obalka-4-768x1139.jpg 768w, https:\/\/archeol.sav.sk\/files\/Obalka-4-691x1024.jpg 691w\" sizes=\"(max-width: 202px) 100vw, 202px\" \/><strong><a href=\"http:\/\/archeol.sav.sk\/files\/Sidliska-z-doby-latenskej_obsah.pdf\">S\u00eddlisk\u00e1 z doby lat\u00e9nskej v Nitre<\/a><\/strong><br \/>\nAutor: <strong>Gertr\u00fada B\u0159ezinov\u00e1 \u2013Bohuslav Chropovsk\u00fd<\/strong><br \/>\nVydal: <strong>Archeologick\u00fd \u00fastav SAV\/VEDA<\/strong><br \/>\nRok vydania: <strong>2020<\/strong><br \/>\nISBN <strong>978-80-8196-038-3<\/strong><br \/>\nPo\u010det str\u00e1n: <strong>192<\/strong><\/p>\n<p>&nbsp;<\/p>\n<p>&nbsp;<\/p>\n<p>&nbsp;<\/p>\n<p>&nbsp;<\/p>\n<p>&nbsp;<\/p>\n<p>&nbsp;<\/p>\n<p><strong><a href=\"http:\/\/archeol.sav.sk\/files\/Diversity-of-Male_na-net_2x.pdf\"><img decoding=\"async\" loading=\"lazy\" class=\"alignleft wp-image-5441 size-medium\" src=\"http:\/\/archeol.sav.sk\/files\/Diversity-of-Male_obalka-na-net-215x300.jpg\" alt=\"\" width=\"215\" height=\"300\" srcset=\"https:\/\/archeol.sav.sk\/files\/Diversity-of-Male_obalka-na-net-215x300.jpg 215w, https:\/\/archeol.sav.sk\/files\/Diversity-of-Male_obalka-na-net-768x1072.jpg 768w, https:\/\/archeol.sav.sk\/files\/Diversity-of-Male_obalka-na-net-734x1024.jpg 734w\" sizes=\"(max-width: 215px) 100vw, 215px\" \/><\/a><\/strong><\/p>\n<p>&nbsp;<\/p>\n<p><a href=\"http:\/\/archeol.sav.sk\/files\/Diversity-of-Male_na-net_2x.pdf\"><strong>Diversity of Male Identities in Early and Middle La T\u00e8ne Period Cemeteries in Central Europe<\/strong><\/a><br \/>\nAutor: <strong>Peter C. Ramsl<\/strong><br \/>\nVydal: <strong>Archeologick\u00fd \u00fastav SAV\/VEDA<\/strong><br \/>\nRok vydania: <strong>2020<\/strong><br \/>\nISBN <strong>978-80-8196-040-6<\/strong><br \/>\nPo\u010det str\u00e1n: <strong>220<\/strong><\/p>\n<p>&nbsp;<\/p>\n<p>&nbsp;<\/p>\n<p>&nbsp;<\/p>\n<p>&nbsp;<\/p>\n<p>&nbsp;<\/p>\n<p><strong><a href=\"http:\/\/archeol.sav.sk\/files\/Malovane-pribehy-1.jpg\"><img decoding=\"async\" loading=\"lazy\" class=\"alignleft wp-image-5503 size-medium\" src=\"http:\/\/archeol.sav.sk\/files\/Malovane-pribehy-1-300x221.jpg\" alt=\"\" width=\"300\" height=\"221\" srcset=\"https:\/\/archeol.sav.sk\/files\/Malovane-pribehy-1-300x221.jpg 300w, https:\/\/archeol.sav.sk\/files\/Malovane-pribehy-1-768x566.jpg 768w, https:\/\/archeol.sav.sk\/files\/Malovane-pribehy-1-1024x754.jpg 1024w\" sizes=\"(max-width: 300px) 100vw, 300px\" \/><\/a><a href=\"http:\/\/archeol.sav.sk\/files\/wavrek-Obsah.pdf\">Ma\u013eovan\u00e9 pr\u00edbehy z hlb\u00edn \u010dasu v tvorbe Pavla Wawreka<\/a><\/strong><br \/>\nAutor: <strong>Mari\u00e1n Soj\u00e1k<\/strong><br \/>\nVydal: <strong>Archeologick\u00fd \u00fastav SAV<\/strong><br \/>\nRok vydania: <strong>2020<\/strong><br \/>\nISBN <strong>978-80-8196-037-6<\/strong><br \/>\nPo\u010det str\u00e1n: <strong>188<\/strong><\/p>\n<p>&nbsp;<\/p>\n<p>&nbsp;<\/p>\n<p>&nbsp;<\/p>\n<p><strong><a href=\"http:\/\/archeol.sav.sk\/files\/Multiple-identities_na-internet.pdf\"><img decoding=\"async\" loading=\"lazy\" class=\"alignleft wp-image-5380 size-medium\" src=\"http:\/\/archeol.sav.sk\/files\/Obalka-3-215x300.jpg\" alt=\"\" width=\"215\" height=\"300\" srcset=\"https:\/\/archeol.sav.sk\/files\/Obalka-3-215x300.jpg 215w, https:\/\/archeol.sav.sk\/files\/Obalka-3.jpg 565w\" sizes=\"(max-width: 215px) 100vw, 215px\" \/><\/a><\/strong><\/p>\n<p>&nbsp;<\/p>\n<p><a href=\"http:\/\/archeol.sav.sk\/files\/Multiple-identities_na-internet.pdf\"><strong>Multiple identities in prehistory, early history and presence<\/strong><\/a><br \/>\nAutori: <strong>Alena Bist\u00e1kov\u00e1 \u2013 Gertr\u00fada B\u0159ezinov\u00e1 \u2013 Peter C. Ramsl<\/strong><br \/>\nVydal:\u00a0<strong>Archeologick\u00fd \u00fastav SAV\/VEDA<\/strong><br \/>\nRok vydania:\u00a0<strong>2020<\/strong><br \/>\nISBN <strong>978-80-8196-035-2<\/strong><br \/>\nPo\u010det str\u00e1n: <strong>140<\/strong><\/p>\n<p>&nbsp;<\/p>\n<p>&nbsp;<\/p>\n<p>&nbsp;<\/p>\n<p>&nbsp;<\/p>\n<p>&nbsp;<\/p>\n<p><strong><a href=\"http:\/\/archeol.sav.sk\/files\/Doba-popolnicovych-poli_obalka.jpg\"><img decoding=\"async\" loading=\"lazy\" class=\"alignleft wp-image-5491 size-medium\" src=\"http:\/\/archeol.sav.sk\/files\/Doba-popolnicovych-poli_obalka-204x300.jpg\" alt=\"\" width=\"204\" height=\"300\" srcset=\"https:\/\/archeol.sav.sk\/files\/Doba-popolnicovych-poli_obalka-204x300.jpg 204w, https:\/\/archeol.sav.sk\/files\/Doba-popolnicovych-poli_obalka-768x1129.jpg 768w, https:\/\/archeol.sav.sk\/files\/Doba-popolnicovych-poli_obalka-697x1024.jpg 697w\" sizes=\"(max-width: 204px) 100vw, 204px\" \/><\/a><\/strong><\/p>\n<p>&nbsp;<\/p>\n<p><strong><a href=\"http:\/\/archeol.sav.sk\/files\/Doba-popolnicovych-poli_obsah.pdf\">Doba popolnicov\u00fdch pol\u00ed a doba hal\u0161tatsk\u00e1<\/a><\/strong><br \/>\nAutori: <strong>Vladim\u00edr Mit\u00e1\u0161 \u2013 Ondrej O\u017e\u010f\u00e1ni<\/strong><br \/>\nVydal:\u00a0<strong>Archeologick\u00fd \u00fastav SAV\/VEDA<\/strong><br \/>\nRok vydania:\u00a0<strong>2020<\/strong><br \/>\nISBN <strong>978-80-8196-036-9<\/strong><br \/>\nPo\u010det str\u00e1n: <strong>239<\/strong><\/p>\n<p>&nbsp;<\/p>\n<p>&nbsp;<\/p>\n<p>&nbsp;<\/p>\n<p>&nbsp;<\/p>\n<p>&nbsp;<\/p>\n<p><b><a href=\"http:\/\/archeol.sav.sk\/files\/\u0160Z-67-1Titulka.jpg\"><img decoding=\"async\" loading=\"lazy\" class=\"alignleft wp-image-5505 size-medium\" src=\"http:\/\/archeol.sav.sk\/files\/\u0160Z-67-1Titulka-196x300.jpg\" alt=\"\" width=\"196\" height=\"300\" srcset=\"https:\/\/archeol.sav.sk\/files\/\u0160Z-67-1Titulka-196x300.jpg 196w, https:\/\/archeol.sav.sk\/files\/\u0160Z-67-1Titulka-768x1175.jpg 768w, https:\/\/archeol.sav.sk\/files\/\u0160Z-67-1Titulka-670x1024.jpg 670w\" sizes=\"(max-width: 196px) 100vw, 196px\" \/><\/a><a href=\"http:\/\/archeol.sav.sk\/files\/SZ-67-1_2020_na-internet.pdf\">\u0160tudijn\u00e9 Zvesti 67-1<\/a><\/b><br \/>\nAutori:\u00a0<b>Gertr\u00fada B\u0159ezinov\u00e1, Alena Bist\u00e1kov\u00e1 (zost.)<\/b><br \/>\nVydal:\u00a0<b>Archeologick\u00fd \u00fastav SAV<\/b><br \/>\nRok vydania:\u00a0<strong>2020<\/strong><br \/>\nISSN\u00a0 0560-2793<br \/>\nPo\u010det str\u00e1n: 206<\/p>\n<p>&nbsp;<\/p>\n<p>&nbsp;<\/p>\n<p>&nbsp;<\/p>\n<p>&nbsp;<\/p>\n<p>&nbsp;<\/p>\n<p>&nbsp;<\/p>\n<p><a href=\"http:\/\/archeol.sav.sk\/files\/SlA_2020_1.pdf\"><b><img decoding=\"async\" loading=\"lazy\" class=\" wp-image-5507 alignleft\" src=\"http:\/\/archeol.sav.sk\/files\/SlA2020_1-209x300.jpg\" alt=\"\" width=\"192\" height=\"276\" srcset=\"https:\/\/archeol.sav.sk\/files\/SlA2020_1-209x300.jpg 209w, https:\/\/archeol.sav.sk\/files\/SlA2020_1-768x1100.jpg 768w, https:\/\/archeol.sav.sk\/files\/SlA2020_1-715x1024.jpg 715w\" sizes=\"(max-width: 192px) 100vw, 192px\" \/>Slovensk\u00e1 archeol\u00f3gia LXVIII-1<\/b><\/a><br \/>\nAutor:\u00a0<b>Gabriel Fusek (zost.)<\/b><br \/>\nVydal:\u00a0<b>Archeologick\u00fd \u00fastav SAV<\/b><br \/>\nISSN 1355-0102<br \/>\nRok vydania:\u00a0<b>2020<\/b><br \/>\nPo\u010det str\u00e1n: 191<\/p>\n<p>&nbsp;<\/p>\n<p>&nbsp;<\/p>\n<p>&nbsp;<\/p>\n<p>&nbsp;<\/p>\n<p>&nbsp;<\/p>\n<p>&nbsp;<\/p>\n<p>&nbsp;<\/p>\n","protected":false},"excerpt":{"rendered":"<p>&nbsp; Ko\u0161ice-Galgovec. Os\u00eddlenie polohy v strednom neolite\u00a0 Autor: \u013dubom\u00edra Kaminsk\u00e1 Vydal: Archeologick\u00fd \u00fastav SAV Rok vydania: 2020 ISBN 978-80-8196-044-4 Po\u010det str\u00e1n: 480 &nbsp; &nbsp; &nbsp; &nbsp; S\u00eddlisk\u00e1 z doby lat\u00e9nskej v Nitre Autor: Gertr\u00fada B\u0159ezinov\u00e1 \u2013Bohuslav Chropovsk\u00fd Vydal: Archeologick\u00fd \u00fastav SAV\/VEDA Rok vydania: 2020 ISBN 978-80-8196-038-3 Po\u010det str\u00e1n: 192 &nbsp; &nbsp; &nbsp; &nbsp; &nbsp; &nbsp; &#8230; <a class=\"read-more\" href=\"https:\/\/archeol.sav.sk\/index.php\/sk\/publikacie-2020\/\">\u010c\u00edtajte viac<\/a><\/p>\n","protected":false},"author":2,"featured_media":0,"parent":0,"menu_order":0,"comment_status":"closed","ping_status":"closed","template":"","meta":[],"_links":{"self":[{"href":"https:\/\/archeol.sav.sk\/index.php\/wp-json\/wp\/v2\/pages\/5378"}],"collection":[{"href":"https:\/\/archeol.sav.sk\/index.php\/wp-json\/wp\/v2\/pages"}],"about":[{"href":"https:\/\/archeol.sav.sk\/index.php\/wp-json\/wp\/v2\/types\/page"}],"author":[{"embeddable":true,"href":"https:\/\/archeol.sav.sk\/index.php\/wp-json\/wp\/v2\/users\/2"}],"replies":[{"embeddable":true,"href":"https:\/\/archeol.sav.sk\/index.php\/wp-json\/wp\/v2\/comments?post=5378"}],"version-history":[{"count":15,"href":"https:\/\/archeol.sav.sk\/index.php\/wp-json\/wp\/v2\/pages\/5378\/revisions"}],"predecessor-version":[{"id":6659,"href":"https:\/\/archeol.sav.sk\/index.php\/wp-json\/wp\/v2\/pages\/5378\/revisions\/6659"}],"wp:attachment":[{"href":"https:\/\/archeol.sav.sk\/index.php\/wp-json\/wp\/v2\/media?parent=5378"}],"curies":[{"name":"wp","href":"https:\/\/api.w.org\/{rel}","templated":true}]}}