{"id":537,"date":"2015-08-01T18:49:54","date_gmt":"2015-08-01T16:49:54","guid":{"rendered":"http:\/\/archeol.sav.sk\/?page_id=537"},"modified":"2015-08-01T18:51:54","modified_gmt":"2015-08-01T16:51:54","slug":"smernica-sav-o-publikacnej-cinnosti","status":"publish","type":"page","link":"https:\/\/archeol.sav.sk\/index.php\/sk\/kniznica\/kniznicny-poriadok\/smernica-sav-o-publikacnej-cinnosti\/","title":{"rendered":"Smernica SAV o publika\u010dnej \u010dinnosti"},"content":{"rendered":"<p>Smernica SAV \u010d. 303\/A\/2015 o evidencii a kategoriz\u00e1ci\u00ed publika\u010dnej \u010dinnosti a ohlasov:<\/p>\n<p><a href=\"http:\/\/archeol.sav.sk\/files\/Smernica-SAV_EPCA_2015-05-15-1.pdf\">Smernica SAV<\/a><\/p>\n","protected":false},"excerpt":{"rendered":"<p>Smernica SAV \u010d. 303\/A\/2015 o evidencii a kategoriz\u00e1ci\u00ed publika\u010dnej \u010dinnosti a ohlasov: Smernica SAV<\/p>\n","protected":false},"author":2,"featured_media":0,"parent":101,"menu_order":6,"comment_status":"closed","ping_status":"open","template":"","meta":[],"_links":{"self":[{"href":"https:\/\/archeol.sav.sk\/index.php\/wp-json\/wp\/v2\/pages\/537"}],"collection":[{"href":"https:\/\/archeol.sav.sk\/index.php\/wp-json\/wp\/v2\/pages"}],"about":[{"href":"https:\/\/archeol.sav.sk\/index.php\/wp-json\/wp\/v2\/types\/page"}],"author":[{"embeddable":true,"href":"https:\/\/archeol.sav.sk\/index.php\/wp-json\/wp\/v2\/users\/2"}],"replies":[{"embeddable":true,"href":"https:\/\/archeol.sav.sk\/index.php\/wp-json\/wp\/v2\/comments?post=537"}],"version-history":[{"count":1,"href":"https:\/\/archeol.sav.sk\/index.php\/wp-json\/wp\/v2\/pages\/537\/revisions"}],"predecessor-version":[{"id":538,"href":"https:\/\/archeol.sav.sk\/index.php\/wp-json\/wp\/v2\/pages\/537\/revisions\/538"}],"up":[{"embeddable":true,"href":"https:\/\/archeol.sav.sk\/index.php\/wp-json\/wp\/v2\/pages\/101"}],"wp:attachment":[{"href":"https:\/\/archeol.sav.sk\/index.php\/wp-json\/wp\/v2\/media?parent=537"}],"curies":[{"name":"wp","href":"https:\/\/api.w.org\/{rel}","templated":true}]}}