{"id":5216,"date":"2020-05-12T10:48:01","date_gmt":"2020-05-12T08:48:01","guid":{"rendered":"http:\/\/archeol.sav.sk\/?page_id=5216"},"modified":"2020-06-30T13:56:23","modified_gmt":"2020-06-30T11:56:23","slug":"authors-declarations-forms","status":"publish","type":"page","link":"https:\/\/archeol.sav.sk\/index.php\/en\/authors-declarations-forms\/","title":{"rendered":"Authors\u00b4 declarations \u2013 forms"},"content":{"rendered":"<p><strong>Vyhl\u00e1senia autorov \u2013 formul\u00e1re\/Authors\u00b4 declarations \u2013 forms <\/strong><\/p>\n<p>Pros\u00edme autorov o\u00a0vyplnenie pr\u00edslu\u0161n\u00e9ho formul\u00e1ra a\u00a0o\u00a0jeho odovzdanie pod\u013ea tam uveden\u00fdch pokynov.<\/p>\n<p>We kindly ask the authors to fill in the relevant form and to submit it in accordance with therein stated instructions.<\/p>\n<p>&nbsp;<\/p>\n<p><strong>Formul\u00e1re pre monografie\/<\/strong><strong>Forms for the monographs<\/strong><\/p>\n<p><a href=\"http:\/\/archeol.sav.sk\/files\/Monografia_vyhlasenie_jeden_autor.pdf\">Monografia vyhl\u00e1senie pre jedn\u00e9ho autora<\/a>\/ <a href=\"http:\/\/archeol.sav.sk\/files\/Monograph_declaration_single_author.pdf\">Monographs one author&#8217;s declaration<\/a><\/p>\n<p><a href=\"http:\/\/archeol.sav.sk\/files\/Monografia_vyhlasenie_viaceri_autori.pdf\">Monografia vyhl\u00e1senie viacer\u00fdch autorov<\/a>\/ <a href=\"http:\/\/archeol.sav.sk\/files\/Monograph_declaration_multiple_authors.pdf\">Monographs more author&#8217;s declaration<\/a><\/p>\n<p>&nbsp;<\/p>\n<p><strong>Formul\u00e1re pre \u010dl\u00e1nky do zborn\u00edkov\/<\/strong><strong>Forms for the articles in collective volumes<\/strong><\/p>\n<p><a href=\"http:\/\/archeol.sav.sk\/files\/Zbornik_vyhlasenie_jeden_autor.pdf\">Zborn\u00edk vyhl\u00e1senie pre jedn\u00e9ho autora<\/a>\/ <a href=\"http:\/\/archeol.sav.sk\/files\/CollectiveVolume_declaration_single_author.pdf\">Collective volume one author&#8217;s declaration<\/a><\/p>\n<p><a href=\"http:\/\/archeol.sav.sk\/files\/Zbornik_vyhlasenie_viaceri_autori.pdf\">Zborn\u00edk vyhl\u00e1senie viacer\u00fdch autorov<\/a>\/ <a href=\"http:\/\/archeol.sav.sk\/files\/CollectiveVolume_declaration_multiple_authors.pdf\">Collective volume more author&#8217;s declaration<\/a><\/p>\n","protected":false},"excerpt":{"rendered":"<p>Vyhl\u00e1senia autorov \u2013 formul\u00e1re\/Authors\u00b4 declarations \u2013 forms Pros\u00edme autorov o\u00a0vyplnenie pr\u00edslu\u0161n\u00e9ho formul\u00e1ra a\u00a0o\u00a0jeho odovzdanie pod\u013ea tam uveden\u00fdch pokynov. We kindly ask the authors to fill in the relevant form and to submit it in accordance with therein stated instructions. &nbsp; Formul\u00e1re pre monografie\/Forms for the monographs Monografia vyhl\u00e1senie pre jedn\u00e9ho autora\/ Monographs one author&#8217;s declaration &#8230; <a class=\"read-more\" href=\"https:\/\/archeol.sav.sk\/index.php\/en\/authors-declarations-forms\/\">\u010c\u00edtajte viac<\/a><\/p>\n","protected":false},"author":2,"featured_media":0,"parent":0,"menu_order":0,"comment_status":"closed","ping_status":"closed","template":"","meta":[],"_links":{"self":[{"href":"https:\/\/archeol.sav.sk\/index.php\/wp-json\/wp\/v2\/pages\/5216"}],"collection":[{"href":"https:\/\/archeol.sav.sk\/index.php\/wp-json\/wp\/v2\/pages"}],"about":[{"href":"https:\/\/archeol.sav.sk\/index.php\/wp-json\/wp\/v2\/types\/page"}],"author":[{"embeddable":true,"href":"https:\/\/archeol.sav.sk\/index.php\/wp-json\/wp\/v2\/users\/2"}],"replies":[{"embeddable":true,"href":"https:\/\/archeol.sav.sk\/index.php\/wp-json\/wp\/v2\/comments?post=5216"}],"version-history":[{"count":3,"href":"https:\/\/archeol.sav.sk\/index.php\/wp-json\/wp\/v2\/pages\/5216\/revisions"}],"predecessor-version":[{"id":5253,"href":"https:\/\/archeol.sav.sk\/index.php\/wp-json\/wp\/v2\/pages\/5216\/revisions\/5253"}],"wp:attachment":[{"href":"https:\/\/archeol.sav.sk\/index.php\/wp-json\/wp\/v2\/media?parent=5216"}],"curies":[{"name":"wp","href":"https:\/\/api.w.org\/{rel}","templated":true}]}}