{"id":5088,"date":"2020-01-26T23:01:43","date_gmt":"2020-01-26T21:01:43","guid":{"rendered":"http:\/\/archeol.sav.sk\/?page_id=5088"},"modified":"2020-01-26T23:01:43","modified_gmt":"2020-01-26T21:01:43","slug":"cinnost-v-roku-2019","status":"publish","type":"page","link":"https:\/\/archeol.sav.sk\/index.php\/sk\/clovek-a-krajina-na-kysuciach-a-prilahlom-povazi-v-stredoveku-a-na-zaciatku-novoveku\/cinnost-v-roku-2019\/","title":{"rendered":"\u010cinnos\u0165 v roku 2019"},"content":{"rendered":"<p><strong>\u010cinnos\u0165 v roku 2019<\/strong><\/p>\n<p><strong>Teoretick\u00e1 pr\u00e1ca.<\/strong> V\u00a0prvom rade treba uvies\u0165 vydanie monografie \u201eMedieval archery equipment from the territory of Slovakia\u201c, v\u00a0ktorej v\u00a0nemalej miere figuruj\u00fa aj n\u00e1lezy zo \u0161tudovan\u00e9ho \u00fazemia. Do tla\u010de sa pripravilo a\u00a0aj vydalo druh\u00e9, opraven\u00e9 a\u00a0roz\u0161\u00edren\u00e9 vydanie monografie \u201eBudat\u00ednsky hrad\u201c, ktor\u00e9ho prv\u00e9 vydanie z\u00a0roku 2017 sa ve\u013emi r\u00fdchlo rozobralo. pokra\u010dovalo sa v p\u00edsan\u00ed monografi\u00ed \u201eZaniknut\u00e1 stredovek\u00e1 dedina v\u00a0Nededzi \u2013 katal\u00f3g\u201c, \u201eArcheologick\u00e1 topografia stredovek\u00e9ho a novovek\u00e9ho dedinsk\u00e9ho os\u00eddlenia Kys\u00fac\u201c a \u201eV\u010dasnostredovek\u00e9 hradisko Ve\u013ek\u00fd vrch v\u00a0Divinke\u201c, za\u010dali sa pr\u00edpravn\u00e9 pr\u00e1ce na monografii \u00a0\u201cV\u010dasnostredovek\u00e9 os\u00eddlenie severoz\u00e1padn\u00e9ho Slovenska\u201c. Okrem uveden\u00fdch monografi\u00ed sa do tla\u010de odovzdalo a\u00a0vydalo \u0161es\u0165 \u0161t\u00fadi\u00ed. Rie\u0161itelia prezentovali svoju \u010dinnos\u0165 v r\u00e1mci projektu piatimi refer\u00e1tmi na medzin\u00e1rodn\u00fdch vedeck\u00fdch podujatiach doma i\u00a0v zahrani\u010d\u00ed.<\/p>\n<p><strong>Hradisko Ve\u013ek\u00fd vrch v\u00a0Divinke.<\/strong> Po\u010das siedmej, poslednej v\u00fdskumnej sez\u00f3na na hradisku sa v polohe Ve\u013ek\u00e9 Sala\u0161ky ukon\u010dil v\u00fdskum v\u010dasnostredovekej br\u00e1ny.<\/p>\n<p><strong>Stredovek\u00fd hr\u00e1dok v Divinke.<\/strong> V\u00a0polohe Hradisko sa uskuto\u010dnila druh\u00e1 v\u00fdskumn\u00e1 kampa\u0148 na vrcholnostredovekom hr\u00e1dku.<\/p>\n<p><strong>Lidarov\u00e9 sn\u00edmkovanie a\u00a0povrchov\u00fd prieskum.<\/strong> Leteck\u00e9 skenovanie krajiny sa v\u00a0tomto roku s\u00fastredilo na oblas\u0165 Divinky. Z\u00a0takto z\u00edskan\u00e9ho podkladu sa vytvoril vrstevnicov\u00fd pl\u00e1n Ve\u013ek\u00e9ho vrchu i\u00a0polohy Hradisko. Na lidarov\u00fdch map\u00e1ch Kys\u00fac sa rozpoznali a\u00a0v\u00a0ter\u00e9ne overovali relikty star\u00e9ho os\u00eddlenia v\u00a0katastroch viacer\u00fdch obc\u00ed.<\/p>\n<p><strong>\u00a0<\/strong><\/p>\n<p><strong>Ter\u00e9nne aktivity<\/strong><\/p>\n<p>Divinka, poloha Ve\u013ek\u00fd vrch<\/p>\n<figure id=\"attachment_5098\" aria-describedby=\"caption-attachment-5098\" style=\"width: 290px\" class=\"wp-caption alignright\"><a href=\"http:\/\/archeol.sav.sk\/files\/Divinka-zubadlo.jpg\"><img decoding=\"async\" loading=\"lazy\" class=\"wp-image-5098 size-medium\" src=\"http:\/\/archeol.sav.sk\/files\/Divinka-zubadlo-300x200.jpg\" alt=\"\" width=\"300\" height=\"200\" srcset=\"https:\/\/archeol.sav.sk\/files\/Divinka-zubadlo-300x200.jpg 300w, https:\/\/archeol.sav.sk\/files\/Divinka-zubadlo-768x512.jpg 768w, https:\/\/archeol.sav.sk\/files\/Divinka-zubadlo-1024x683.jpg 1024w, https:\/\/archeol.sav.sk\/files\/Divinka-zubadlo.jpg 1162w\" sizes=\"(max-width: 300px) 100vw, 300px\" \/><\/a><figcaption id=\"caption-attachment-5098\" class=\"wp-caption-text\">\u017delezn\u00e9 zubadlo z\u00a0Ve\u013ek\u00fdch Sala\u0161iek.<\/figcaption><\/figure>\n<p>Sedemro\u010dn\u00fd v\u00fdskum hradiska na Ve\u013ekom vrchu sa ukon\u010dil v\u00a0roku 2019. V\u00a0poslednej sez\u00f3ne sa ter\u00e9nne pr\u00e1ce s\u00fastredili na dosk\u00famanie objektu br\u00e1ny, prehradzuj\u00facej pr\u00edstupov\u00fa cestu ved\u00facu z\u00a0Pova\u017eia. Zdokumentoval sa plo\u0161n\u00fd rozsah najstar\u0161ej antropog\u00e9nnej vrstvy, ktor\u00e1 vznikla po\u010das v\u00fdstavby a\u00a0pou\u017e\u00edvania objektu, \u010di\u017ee je star\u0161ia, ne\u017e jeho de\u0161truk\u010dn\u00e9 vrstvy. V\u00a0zemine sa zriedkavo vyskytovali zvieracie kosti a\u00a0\u010drepy z\u00a0rozbit\u00fdch ve\u013ekomoravsk\u00fdch n\u00e1dob, na\u0161lo sa aj s\u00favek\u00e9 <strong>\u017eelezn\u00e9 zubadlo<\/strong>. V z\u00e1zem\u00ed br\u00e1ny, na svahu nad \u0148ou sa odkryli s\u00favrstvia obsahuj\u00face \u010drepy v\u0161etk\u00fdch troch dejinn\u00fdch epoch, po\u010das ktor\u00fdch bolo hradisko os\u00eddlen\u00e9. Zistilo sa v\u0161ak, \u017ee vrstvy vznikli zosuvom z\u00a0brala Mal\u00e9ho vrchu t\u00fd\u010diaceho sa nad svahom.<\/p>\n<p>&nbsp;<\/p>\n<p>Povrchov\u00fd prieskum<\/p>\n<p>\u00da\u010delom povrchov\u00fdch prieskumov bola verifik\u00e1cia lidarov\u00fdch anom\u00e1li\u00ed nameran\u00fdch na vybranom \u00fazem\u00ed Kys\u00fac. Na z\u00e1klade vybran\u00fdch toponomastick\u00fdch prame\u0148ov sa vyh\u013ead\u00e1vali relikty s\u00eddelnej, \u0165a\u017eobnej a\u00a0v\u00fdrobnej \u010dinnosti a\u00a0overoval sa aj s\u00fa\u010dasn\u00fd stav niektor\u00fdch zn\u00e1mych archeologick\u00fdch lokal\u00edt.<\/p>\n<p><strong>\u010cierne:<\/strong> rekognosk\u00e1cia ter\u00e9nu v\u00a0polohe Valy pod\u013ea lidarov\u00fdch z\u00e1berov, zdokumentovali sa nov\u00e9 prvky medzi redutou 1 a\u00a02.<\/p>\n<p><strong>O\u0161\u010dadnica:<\/strong> zisten\u00fd zaniknut\u00fd cestn\u00fd \u0165ah medzi osadou Rovn\u00e9 a\u00a0\u0160vanc\u00e1rovci.<\/p>\n<p><strong>Ochodnica:<\/strong> prieskum v\u00a0poloh\u00e1ch Belajov vrch (708 m n. m.) a Lazy (577 m n. m.).<\/p>\n<p><strong>O\u0161kerda\/Sne\u017enica<\/strong>: overenie valov\u00e9ho syst\u00e9mu v\u00a0polohe Mal\u00fd Vrete\u0148 (653 m n. m.), porovnanie s\u00a0lidarov\u00fdm zobrazen\u00edm.<\/p>\n<p><strong>Rado\u013ea:<\/strong> prieskum v\u00a0poloh\u00e1ch Koscelisko, Hradisko, Podhradisk\u00e1.<\/p>\n<p><strong>Horn\u00fd Vadi\u010dov:<\/strong> overenie lidarov\u00fdch anom\u00e1li\u00ed v polohe Diely, interpretovan\u00e9 ako relikty z\u00e1rubku.<\/p>\n<p><strong>Horn\u00fd Vadi\u010dov:<\/strong> overenie valov\u00e9ho syst\u00e9mu v\u00a0polohe \u013dadonhora (999 m n. m.), porovnanie s\u00a0lidarov\u00fdm zobrazen\u00edm.<\/p>\n<p><strong>Horn\u00fd Vadi\u010dov:<\/strong> polohy Vesel\u00e9 a\u00a0Uhlisko, zisten\u00e9 relikty s\u00eddeln\u00fdch ter\u00e1s, ide pravdepodobne o zaniknut\u00fa osadu.<\/p>\n<p><strong>Star\u00e1 Bystrica:<\/strong> vyh\u013ead\u00e1vanie reliktov novovek\u00e9ho h\u00e1mora v okol\u00ed rie\u010dky Bystrica pri odbo\u010dke do Rad\u00f4stky, zn\u00e1meho z\u00a0p\u00edsomn\u00fdch prame\u0148ov.<\/p>\n<p><strong>Rad\u00f4stka:<\/strong> osada Hul\u00e1kovci, vyh\u013ead\u00e1vanie reliktov \u017eelezit\u00fdch r\u00fad.<\/p>\n<p><strong>Nov\u00fd Bystrica:<\/strong> are\u00e1l skanzenu Vychylovka. Overovanie d\u00f4vodov pr\u00edtomnosti \u017eeleznej trosky. Zistilo sa, \u017ee sa nach\u00e1dza v\u00a0sekund\u00e1rnej polohe, dovezen\u00e1 bola po\u010das v\u00fdstavby a\u00a0\u00fapravy are\u00e1lu skanzenu. Pr\u00edtomnos\u0165 trosky sme identifikovali aj na viacer\u00fdch miestach \u00a0v\u00a0r\u00e1mci \u00fapravy lesn\u00fdch ciest a\u00a0na telese lesnej \u017eeleznice.<\/p>\n<p><strong>Tepli\u010dka nad V\u00e1hom:<\/strong> identifik\u00e1cia mohyln\u00edka v\u00a0polohe Kolianske, jeho geofyzik\u00e1lny prieskum pomocou georadara a\u00a0geodetick\u00e9 zameranie lokality. Pripraven\u00fd v\u00fdskum jednej z moh\u00fdl znemo\u017enil Krajsk\u00fd pamiatkov\u00fd \u00farad svoj\u00edm vecne nevyargumentovan\u00fdm byrokratick\u00fdm rozhodnut\u00edm.<\/p>\n<p>&nbsp;<\/p>\n","protected":false},"excerpt":{"rendered":"<p>\u010cinnos\u0165 v roku 2019 Teoretick\u00e1 pr\u00e1ca. V\u00a0prvom rade treba uvies\u0165 vydanie monografie \u201eMedieval archery equipment from the territory of Slovakia\u201c, v\u00a0ktorej v\u00a0nemalej miere figuruj\u00fa aj n\u00e1lezy zo \u0161tudovan\u00e9ho \u00fazemia. Do tla\u010de sa pripravilo a\u00a0aj vydalo druh\u00e9, opraven\u00e9 a\u00a0roz\u0161\u00edren\u00e9 vydanie monografie \u201eBudat\u00ednsky hrad\u201c, ktor\u00e9ho prv\u00e9 vydanie z\u00a0roku 2017 sa ve\u013emi r\u00fdchlo rozobralo. pokra\u010dovalo sa v p\u00edsan\u00ed &#8230; <a class=\"read-more\" href=\"https:\/\/archeol.sav.sk\/index.php\/sk\/clovek-a-krajina-na-kysuciach-a-prilahlom-povazi-v-stredoveku-a-na-zaciatku-novoveku\/cinnost-v-roku-2019\/\">\u010c\u00edtajte viac<\/a><\/p>\n","protected":false},"author":2,"featured_media":0,"parent":2021,"menu_order":0,"comment_status":"closed","ping_status":"closed","template":"","meta":[],"_links":{"self":[{"href":"https:\/\/archeol.sav.sk\/index.php\/wp-json\/wp\/v2\/pages\/5088"}],"collection":[{"href":"https:\/\/archeol.sav.sk\/index.php\/wp-json\/wp\/v2\/pages"}],"about":[{"href":"https:\/\/archeol.sav.sk\/index.php\/wp-json\/wp\/v2\/types\/page"}],"author":[{"embeddable":true,"href":"https:\/\/archeol.sav.sk\/index.php\/wp-json\/wp\/v2\/users\/2"}],"replies":[{"embeddable":true,"href":"https:\/\/archeol.sav.sk\/index.php\/wp-json\/wp\/v2\/comments?post=5088"}],"version-history":[{"count":1,"href":"https:\/\/archeol.sav.sk\/index.php\/wp-json\/wp\/v2\/pages\/5088\/revisions"}],"predecessor-version":[{"id":5099,"href":"https:\/\/archeol.sav.sk\/index.php\/wp-json\/wp\/v2\/pages\/5088\/revisions\/5099"}],"up":[{"embeddable":true,"href":"https:\/\/archeol.sav.sk\/index.php\/wp-json\/wp\/v2\/pages\/2021"}],"wp:attachment":[{"href":"https:\/\/archeol.sav.sk\/index.php\/wp-json\/wp\/v2\/media?parent=5088"}],"curies":[{"name":"wp","href":"https:\/\/api.w.org\/{rel}","templated":true}]}}