{"id":5050,"date":"2020-01-17T15:48:53","date_gmt":"2020-01-17T13:48:53","guid":{"rendered":"http:\/\/archeol.sav.sk\/?page_id=5050"},"modified":"2020-01-20T15:35:46","modified_gmt":"2020-01-20T13:35:46","slug":"expozicia-kniezacej-hrobky-z-popradu","status":"publish","type":"page","link":"https:\/\/archeol.sav.sk\/index.php\/sk\/expozicia-kniezacej-hrobky-z-popradu\/","title":{"rendered":"Expoz\u00edcia knie\u017eacej hrobky z Popradu"},"content":{"rendered":"<p>Podtatransk\u00e9 m\u00fazeum v Poprade vyhlasuje s\u00fa\u0165a\u017e n\u00e1vrhov na<\/p>\n<p>Architektonicko-v\u00fdtvarn\u00fd n\u00e1vrh expoz\u00edcie <strong>\u201eKnie\u017eacia hrobka z Popradu\u201c<\/strong><\/p>\n<p>&nbsp;<\/p>\n<p>Unik\u00e1tny knie\u017eac\u00ed hrob z Popradu-Matejoviec sa na\u0161iel v roku 2005 pri stavbe priemyseln\u00e9ho parku. Tento v\u00fdnimo\u010dn\u00fd archeologick\u00fd n\u00e1lez eur\u00f3pskeho v\u00fdznamu priniesol bohatstvo nielen v podobe neoby\u010dajne dobre zachovan\u00fdch dreven\u00fdch architekt\u00far a\u00a0\u010fal\u0161\u00edch organick\u00fdch zvy\u0161kov, ale najm\u00e4 nov\u00e9 poznatky o spolo\u010dnosti z konca 4. stor. po Kr., teda zo sklonku doby r\u00edmskej a po\u010diatku obdobia s\u0165ahovania n\u00e1rodov. Na projekte spolupracuj\u00fa odborn\u00edci z mnoh\u00fdch dom\u00e1cich i zahrani\u010dn\u00fdch in\u0161tit\u00faci\u00ed v oblasti konzervovania a re\u0161taurovania dreva, ko\u017ee a textilu, v oblasti pr\u00edrodovedn\u00e9ho datovania, antropol\u00f3gie, archeozool\u00f3gie, archeobotaniky a palynol\u00f3gie, ale aj \u0161pecialisti na 3D modelovanie, anal\u00fdzy DNA a izotopy stroncia, odborn\u00edci na pravek\u00fa metalurgiu, anal\u00fdzy skla alebo keramiku. Pl\u00e1novan\u00e1 expoz\u00edcia v priestoroch Podtatransk\u00e9ho m\u00fazea v Poprade bude venovan\u00e1 prezent\u00e1cii v\u00fdsledkov tejto spolupr\u00e1ce a komplexn\u00e9mu predstaveniu hrobky v kult\u00farnom a geografickom kontexte doby. Mimoriadna zachovalos\u0165 i historick\u00fd v\u00fdznam tohto objektu si vy\u017eaduje primerane n\u00e1ro\u010dn\u00fd pr\u00edstup k jeho dlhodob\u00e9mu prezentovaniu so zachovan\u00edm v\u0161etk\u00fdch jeho kval\u00edt v r\u00e1mci ochrany vz\u00e1cnej pamiatky. Z\u00e1rove\u0148 chceme hrobku spr\u00edstupni\u0165 odbornej i laickej verejnosti ako nov\u00fd prvok kult\u00farneho turizmu v \u0161ir\u0161om priestore Vysok\u00fdch Tatier i Slovenska.<\/p>\n<p>&nbsp;<\/p>\n<p><strong>\u010clenovia poroty:<\/strong><\/p>\n<ul>\n<li><strong> PhDr. Magdal\u00e9na Bekessov\u00e1<\/strong>, predsedky\u0148a poroty, z\u00e1visl\u00e1 na vyhlasovate\u013eovi<\/li>\n<li><strong> PhDr. Matej Ruttkay, CSc.<\/strong>, \u010dlen poroty, nez\u00e1visl\u00fd na vyhlasovate\u013eovi<\/li>\n<li><strong> Karol Pieta, DrSc.<\/strong>, \u010dlen poroty, nez\u00e1visl\u00fd na vyhlasovate\u013eovi<\/li>\n<li><strong> arch. Zuzana Ondrejkov\u00e1, PhD.<\/strong>, \u010dlenka poroty, nez\u00e1visl\u00e1 na vyhlasovate\u013eovi<\/li>\n<li><strong> arch. Pavol Pa\u0148\u00e1k<\/strong>, \u010dlen poroty, nez\u00e1visl\u00fd na vyhlasovate\u013eovi<\/li>\n<li><strong> arch. Eva Boreck\u00e1 PhD.<\/strong>, \u010dlenka poroty, nez\u00e1visl\u00e1 na vyhlasovate\u013eovi<\/li>\n<li><strong> arch. Jakub Kopec<\/strong>, \u010dlen poroty, nez\u00e1visl\u00fd na vyhlasovate\u013eovi<\/li>\n<\/ul>\n<p>&nbsp;<\/p>\n<p><strong>N\u00e1hradn\u00edci poroty:<\/strong><\/p>\n<ul>\n<li><strong> Tereza \u0160tolcov\u00e1, PhD.<\/strong>, n\u00e1hradn\u00ed\u010dka \u010dlena poroty, nez\u00e1visl\u00e1 na vyhlasovate\u013eovi<\/li>\n<li><strong> Samuel Neto\u010dn\u00fd<\/strong>, n\u00e1hradn\u00edk \u010dlena poroty, nez\u00e1visl\u00fd na vyhlasovate\u013eovi<\/li>\n<li><strong> art. et Mgr. Marek Ru\u017einsk\u00fd<\/strong>, n\u00e1hradn\u00edk \u010dlena poroty, z\u00e1visl\u00fd na vyhlasovate\u013eovi<\/li>\n<\/ul>\n<p>&nbsp;<\/p>\n<p><strong>Pomocn\u00e9 org\u00e1ny poroty:<\/strong><\/p>\n<ul>\n<li><strong> Elena Beke\u0161ov\u00e1<\/strong>, sekret\u00e1rka s\u00fa\u0165a\u017ee, z\u00e1visl\u00e1 na vyhlasovate\u013eovi<\/li>\n<li><strong> J\u00e1n Re\u013eovsk\u00fd<\/strong>, overovate\u013e n\u00e1vrhov, z\u00e1visl\u00fd na vyhlasovate\u013eovi<\/li>\n<\/ul>\n<p>&nbsp;<\/p>\n<p><strong>Expertka poroty:<\/strong><\/p>\n<ul>\n<li><strong> Dagmar Olek\u0161\u00e1kov\u00e1<\/strong>, n\u00e1hradn\u00ed\u010dka \u010dlena poroty, z\u00e1visl\u00e1 na vyhlasovate\u013eovi<\/li>\n<\/ul>\n<p>&nbsp;<\/p>\n<p>Ceny:<\/p>\n<ol>\n<li><strong>cena:\u00a03500 Eur<\/strong><\/li>\n<li><strong>cena: 2000 Eur<\/strong><\/li>\n<li><strong>cena: 1500 Eur<\/strong><\/li>\n<\/ol>\n<p>&nbsp;<\/p>\n<p><strong>D\u00f4le\u017eit\u00e9 term\u00edny:<\/strong><\/p>\n<ul>\n<li>Prevzatie s\u00fa\u0165a\u017en\u00fdch podmienok a s\u00fa\u0165a\u017en\u00fdch pom\u00f4cok: do 13. 3. 2020<\/li>\n<li>Predkladanie s\u00fa\u0165a\u017en\u00fdch n\u00e1vrhov: do 17. 3. do 14:00<\/li>\n<li>Predpokladan\u00fd term\u00edn vyhl\u00e1senia v\u00fdsledkov s\u00fa\u0165a\u017ee: 31. 3. 2020<\/li>\n<\/ul>\n<p>&nbsp;<\/p>\n<p>S\u00fa\u0165a\u017en\u00e9 podmienky (<a href=\"http:\/\/archeol.sav.sk\/files\/S\u00fa\u0165a\u017en\u00e9-podmienky-S\u00fa\u0165a\u017e-architektonicko-v\u00fdtvarn\u00fd-n\u00e1vrh-expoz\u00edcie-Knie\u017eacia-hrobka-z-Popradu.pdf\">Stiahnu\u0165 pdf tu<\/a>)<\/p>\n<p>V\u00fdzva na prekladanie n\u00e1vrhov (<a href=\"http:\/\/archeol.sav.sk\/files\/V\u00fdzva-na-predkladanie-n\u00e1vrhov-s\u00fa\u0165a\u017e-architektonicko-v\u00fdtvarn\u00fd-n\u00e1vrh-expoz\u00edcie-Knie\u017eacia-hrobka-z-Popradu.pdf\">Stiahnu\u0165 pdf tu<\/a>)<\/p>\n","protected":false},"excerpt":{"rendered":"<p>Podtatransk\u00e9 m\u00fazeum v Poprade vyhlasuje s\u00fa\u0165a\u017e n\u00e1vrhov na Architektonicko-v\u00fdtvarn\u00fd n\u00e1vrh expoz\u00edcie \u201eKnie\u017eacia hrobka z Popradu\u201c &nbsp; Unik\u00e1tny knie\u017eac\u00ed hrob z Popradu-Matejoviec sa na\u0161iel v roku 2005 pri stavbe priemyseln\u00e9ho parku. Tento v\u00fdnimo\u010dn\u00fd archeologick\u00fd n\u00e1lez eur\u00f3pskeho v\u00fdznamu priniesol bohatstvo nielen v podobe neoby\u010dajne dobre zachovan\u00fdch dreven\u00fdch architekt\u00far a\u00a0\u010fal\u0161\u00edch organick\u00fdch zvy\u0161kov, ale najm\u00e4 nov\u00e9 poznatky o spolo\u010dnosti &#8230; <a class=\"read-more\" href=\"https:\/\/archeol.sav.sk\/index.php\/sk\/expozicia-kniezacej-hrobky-z-popradu\/\">\u010c\u00edtajte viac<\/a><\/p>\n","protected":false},"author":2,"featured_media":0,"parent":0,"menu_order":0,"comment_status":"closed","ping_status":"closed","template":"","meta":[],"_links":{"self":[{"href":"https:\/\/archeol.sav.sk\/index.php\/wp-json\/wp\/v2\/pages\/5050"}],"collection":[{"href":"https:\/\/archeol.sav.sk\/index.php\/wp-json\/wp\/v2\/pages"}],"about":[{"href":"https:\/\/archeol.sav.sk\/index.php\/wp-json\/wp\/v2\/types\/page"}],"author":[{"embeddable":true,"href":"https:\/\/archeol.sav.sk\/index.php\/wp-json\/wp\/v2\/users\/2"}],"replies":[{"embeddable":true,"href":"https:\/\/archeol.sav.sk\/index.php\/wp-json\/wp\/v2\/comments?post=5050"}],"version-history":[{"count":4,"href":"https:\/\/archeol.sav.sk\/index.php\/wp-json\/wp\/v2\/pages\/5050\/revisions"}],"predecessor-version":[{"id":5068,"href":"https:\/\/archeol.sav.sk\/index.php\/wp-json\/wp\/v2\/pages\/5050\/revisions\/5068"}],"wp:attachment":[{"href":"https:\/\/archeol.sav.sk\/index.php\/wp-json\/wp\/v2\/media?parent=5050"}],"curies":[{"name":"wp","href":"https:\/\/api.w.org\/{rel}","templated":true}]}}