{"id":5029,"date":"2020-01-09T14:10:25","date_gmt":"2020-01-09T12:10:25","guid":{"rendered":"http:\/\/archeol.sav.sk\/?page_id=5029"},"modified":"2020-01-09T14:38:00","modified_gmt":"2020-01-09T12:38:00","slug":"projekty-a-studie","status":"publish","type":"page","link":"https:\/\/archeol.sav.sk\/index.php\/sk\/projekty-a-studie\/","title":{"rendered":"Projekty a \u0161t\u00fadie"},"content":{"rendered":"<p><strong>Archeologick\u00fd \u00fastav SAV<\/strong>\u00a0spr\u00edstup\u0148uje na verejn\u00e9 pripomienkovanie \u0161t\u00fadiu uskuto\u010dnite\u013enosti \u201e<strong>Mana\u017ement \u00fadajov. Anal\u00fdza d\u00e1t in\u0161tit\u00faci\u00ed verejnej spr\u00e1vy a\u00a0\u0161t\u00fadie uskuto\u010dnite\u013enosti pre oblas\u0165 \u201eCentr\u00e1lneho archeologick\u00e9ho registra Slovenskej republiky,<\/strong>\u201c aby sa k tomuto dokumentu mohli vyjadri\u0165 v\u0161etky odborn\u00e9 organiz\u00e1cie i ostatn\u00e9 subjekty, ktor\u00e9 sa venuj\u00fa informatiz\u00e1cii a digitaliz\u00e1cii syst\u00e9mov verejnej spr\u00e1vy, pr\u00edpadne sa ich to nejako t\u00fdka.<\/p>\n<p>\u0160t\u00fadia uskuto\u010dnite\u013enosti \u201e<strong>Mana\u017ement \u00fadajov. Anal\u00fdza d\u00e1t in\u0161tit\u00faci\u00ed verejnej spr\u00e1vy a\u00a0\u0161t\u00fadie uskuto\u010dnite\u013enosti pre oblas\u0165 \u201eCentr\u00e1lneho archeologick\u00e9ho registra Slovenskej republiky<\/strong>&#8221; posudzuje vybudovanie komplexn\u00e9ho projektu pre mana\u017ement \u00fadajov, ktor\u00fd zabezpe\u010d\u00ed konsolid\u00e1ciu a systematiz\u00e1ciu \u00fadajov a to nielen vytvoren\u00edm centr\u00e1lneho \u00fadajov\u00e9ho depozitu A\u00daSAV SAV, vytvoren\u00edm \u010d\u00edseln\u00edkov, odstr\u00e1nen\u00edm multiplic\u00edt, ale z\u00e1rove\u0148 vytvoren\u00edm n\u00e1strojov, ktor\u00e9 umo\u017enia udr\u017ea\u0165 nastaven\u00fa kvalitu \u00fadajov. \u010cas\u0165 z \u00fadajov bude vo forme registrov spr\u00edstupnen\u00e1 odbornej i laickej verejnosti. Spr\u00edstupnenie bude vo forme rozhran\u00ed a vybran\u00e9 z nich bud\u00fa publikovan\u00e9 vo forme datasetov aj ako open data<\/p>\n<p>D\u00f4vodom realiz\u00e1cie projektu je, aby \u00fadaje, ktor\u00e9 spravuje Archeologick\u00fa \u00fastav SAV v Nitre, boli mana\u017eovan\u00e9 systematicky, \u010d\u00edm sa prispeje ku komplexnej spr\u00e1ve \u00fadajov celej verejnej spr\u00e1vy. Znamen\u00e1 to, \u017ee bud\u00fa aplikovan\u00e9 jasn\u00e9 pravidl\u00e1 a metodiky pre pou\u017e\u00edvanie \u00fadajov; riadenie \u00fadajov a samotn\u00fa spr\u00e1vu \u00fadajov.<\/p>\n<p>Ka\u017ed\u00e1 z t\u00fdchto oblast\u00ed je v cie\u013eovom stave namodelovan\u00e1 v pr\u00edslu\u0161nej vrstve architekt\u00fary (d\u00e1tov\u00e1 architekt\u00fara, aplika\u010dn\u00e1 architekt\u00fara). Jednotliv\u00e9 pravidl\u00e1 a metodiky s\u00fa aplikovan\u00e9 aj na defin\u00edcie jednotliv\u00fdch d\u00e1tov\u00fdch prvkov, ich pou\u017eitie, sp\u00f4sob zdie\u013eania a vyu\u017e\u00edvania \u00fadajov.<\/p>\n<p>Pripomienky k \u0161t\u00fadii uskuto\u010dnite\u013enosti \u201e<strong>Mana\u017ement \u00fadajov. Anal\u00fdza d\u00e1t in\u0161tit\u00faci\u00ed verejnej spr\u00e1vy a\u00a0\u0161t\u00fadie uskuto\u010dnite\u013enosti pre oblas\u0165 \u201eCentr\u00e1lneho archeologick\u00e9ho registra Slovenskej republiky<\/strong> &#8221; zasielajte\u00a0<strong>do 17. janu\u00e1ra 2020<\/strong> prostredn\u00edctvom ni\u017e\u0161ie spr\u00edstupnen\u00e9ho formul\u00e1ra na adresu: <a href=\"mailto:peter.bednar@savba.sk\">peter.bednar@savba.sk<\/a>.<\/p>\n<p>&nbsp;<\/p>\n<p>\u0160t\u00fadia uskuto\u010dnite\u013enosti Mana\u017ement \u00fadajov Archeologick\u00e9ho \u00fastavu SAV v\u00a0Nitre. (<a href=\"http:\/\/archeol.sav.sk\/files\/Studia-uskutocnitelnosti-AU-SAV.pdf\">Stiahnu\u0165 pdf tu<\/a>)<\/p>\n<p>Pr\u00edlohy \u0161t\u00fadie uskuto\u010dnite\u013enosti Mana\u017ement \u00fadajov Archeologick\u00e9ho \u00fastavu SAV v\u00a0Nitre. (<a href=\"http:\/\/archeol.sav.sk\/files\/Priloha-c1.pdf\">Stiahnu\u0165 pdf tu<\/a>)<\/p>\n<p>D\u00e1tov\u00e1 \u0161trukt\u00fara Mana\u017ement \u00fadajov Archeologick\u00e9ho \u00fastavu SAV v\u00a0Nitre. (<a href=\"http:\/\/archeol.sav.sk\/files\/Priloha-c2-Datova-struktura.xlsx\">Stiahnu\u0165 xlsx tu<\/a>)<\/p>\n<p>CBA Mana\u017ement \u00fadajov Archeologick\u00e9ho \u00fastavu SAV v\u00a0Nitre. (<a href=\"http:\/\/archeol.sav.sk\/files\/Priloha-c3-CBA.xlsx\">Stiahnu\u0165 xlsx tu<\/a>)<\/p>\n<p>Formul\u00e1r na pripomienkovanie \u0160U Mana\u017ement \u00fadajov Archeologick\u00e9ho \u00fastavu SAV v\u00a0Nitre. (<a href=\"http:\/\/archeol.sav.sk\/files\/Formular-na-pripomienkovanie-AU-SAV.xlsx\">Stiahnu\u0165 xlsx tu<\/a>)<\/p>\n<p>&nbsp;<\/p>\n<p>&nbsp;<\/p>\n","protected":false},"excerpt":{"rendered":"<p>Archeologick\u00fd \u00fastav SAV\u00a0spr\u00edstup\u0148uje na verejn\u00e9 pripomienkovanie \u0161t\u00fadiu uskuto\u010dnite\u013enosti \u201eMana\u017ement \u00fadajov. Anal\u00fdza d\u00e1t in\u0161tit\u00faci\u00ed verejnej spr\u00e1vy a\u00a0\u0161t\u00fadie uskuto\u010dnite\u013enosti pre oblas\u0165 \u201eCentr\u00e1lneho archeologick\u00e9ho registra Slovenskej republiky,\u201c aby sa k tomuto dokumentu mohli vyjadri\u0165 v\u0161etky odborn\u00e9 organiz\u00e1cie i ostatn\u00e9 subjekty, ktor\u00e9 sa venuj\u00fa informatiz\u00e1cii a digitaliz\u00e1cii syst\u00e9mov verejnej spr\u00e1vy, pr\u00edpadne sa ich to nejako t\u00fdka. \u0160t\u00fadia uskuto\u010dnite\u013enosti \u201eMana\u017ement &#8230; <a class=\"read-more\" href=\"https:\/\/archeol.sav.sk\/index.php\/sk\/projekty-a-studie\/\">\u010c\u00edtajte viac<\/a><\/p>\n","protected":false},"author":2,"featured_media":0,"parent":0,"menu_order":0,"comment_status":"closed","ping_status":"closed","template":"","meta":[],"_links":{"self":[{"href":"https:\/\/archeol.sav.sk\/index.php\/wp-json\/wp\/v2\/pages\/5029"}],"collection":[{"href":"https:\/\/archeol.sav.sk\/index.php\/wp-json\/wp\/v2\/pages"}],"about":[{"href":"https:\/\/archeol.sav.sk\/index.php\/wp-json\/wp\/v2\/types\/page"}],"author":[{"embeddable":true,"href":"https:\/\/archeol.sav.sk\/index.php\/wp-json\/wp\/v2\/users\/2"}],"replies":[{"embeddable":true,"href":"https:\/\/archeol.sav.sk\/index.php\/wp-json\/wp\/v2\/comments?post=5029"}],"version-history":[{"count":3,"href":"https:\/\/archeol.sav.sk\/index.php\/wp-json\/wp\/v2\/pages\/5029\/revisions"}],"predecessor-version":[{"id":5043,"href":"https:\/\/archeol.sav.sk\/index.php\/wp-json\/wp\/v2\/pages\/5029\/revisions\/5043"}],"wp:attachment":[{"href":"https:\/\/archeol.sav.sk\/index.php\/wp-json\/wp\/v2\/media?parent=5029"}],"curies":[{"name":"wp","href":"https:\/\/api.w.org\/{rel}","templated":true}]}}