{"id":50,"date":"2015-05-02T23:10:38","date_gmt":"2015-05-02T21:10:38","guid":{"rendered":"http:\/\/chcemlego.sk\/?page_id=50"},"modified":"2015-06-26T08:13:44","modified_gmt":"2015-06-26T06:13:44","slug":"ocenenia-ausav","status":"publish","type":"page","link":"https:\/\/archeol.sav.sk\/index.php\/sk\/o-nas\/ocenenia-ausav\/","title":{"rendered":"Ocenenia A\u00daSAV"},"content":{"rendered":"<hr \/>\n<h2><strong>Zlat\u00e1 plaketa A\u00da SAV<\/strong><\/h2>\n<p><u>v kateg\u00f3rii <b>\u010cestn\u00fd \u010dlen A\u00da SAV<\/b><\/u><\/p>\n<p><b>Univ. Prof. dr. Herwig Friesinger, \u00d6sterreichische Akademie der Wissenschaften, Wien<\/b><br \/>\nDlhoro\u010dn\u00fd spolupracovn\u00edk \u00fastavu, ktor\u00fd sa zasl\u00fa\u017eil o \u00fazke kontakty medzi rak\u00faskou a slovenskou archeol\u00f3giou a tieto vedeck\u00e9 v\u00e4zby prin\u00e1\u0161aj\u00fa ovocie v podobe st\u00e1lej pomoci na\u0161im pracovisk\u00e1m i v podobe mnoh\u00fdch pozoruhodn\u00fdch vedeck\u00fdch projektov (napr. medzin\u00e1rodn\u00e9 konferencie \u201eGrundprobleme der fr\u00fchgeschichtlichen Entwicklung im Mitteldonauraum.<\/p>\n<p><b>Prof. dr. Siegmar von Schnurbein, R\u00f6misch-germanische Kommission des Deutschen Arch\u00e4ologischen Institut, Frankfurt am Main<\/b><br \/>\nPopredn\u00fd eur\u00f3psky odborn\u00edk a dlhoro\u010dn\u00fd riadite\u013e RGK des DAI systematicky podporoval rozvoj slovenskej archeol\u00f3gie a neoby\u010dajne sa zasl\u00fa\u017eil o za\u010dlenenie hlavne na\u0161ich mlad\u00fdch b\u00e1date\u013eov do medzin\u00e1rodnej spolupr\u00e1ce cestou podpory ich \u0161tudijn\u00fdch pobytov a zapojenia do eur\u00f3pskych vedeck\u00fdch projektov.<\/p>\n<p><b>PhDr. Titus Koln\u00edk, DrSc., Nitra<\/b><br \/>\nza skvel\u00e9 dlhoro\u010dn\u00e9 v\u00fdsledky v oblasti archeol\u00f3gie doby r\u00edmskej.<\/p>\n<p><u>v kateg\u00f3rii <b>Podporovate\u013e slovenskej archeol\u00f3gie<\/b><\/u><\/p>\n<p><b>Doc. JUDr. R\u00f3bert Fico, predseda Vl\u00e1dy Slovenskej republiky<\/b><br \/>\nR\u00f3bert Fico sa svoj\u00edm osobn\u00fdm i \u0161t\u00e1tnick\u00fdm z\u00e1ujmom podstatn\u00fdm sp\u00f4sobom anga\u017eoval v prospech rozvoja slovenskej vedy a v\u00fdskumu na\u0161ich najstar\u0161\u00edch dej\u00edn. Jeho z\u00e1sluhou bolo mo\u017en\u00e9 po rokoch op\u00e4tovne zah\u00e1ji\u0165 systematick\u00fd archeologick\u00fd v\u00fdskum na Slovensku.<\/p>\n<p><b>Prof. Ing. \u0160tefan Luby, DrSc., Fyzik\u00e1lny \u00fastav SAV Bratislava<\/b><br \/>\nDlhoro\u010dn\u00fd predseda Slovenskej akad\u00e9mie vied, ktor\u00fd v\u00fdznamne podporil \u010dinnos\u0165 A\u00da SAV a archeologick\u00fd v\u00fdskum na Slovensku.<\/p>\n<p>&nbsp;<\/p>\n<h2><strong>Strieborn\u00e1 plaketa A\u00da SAV<\/strong><\/h2>\n<p><u>v kateg\u00f3rii <b>Dopisuj\u00faci \u010dlen Archeologick\u00e9ho \u00fastavu<\/b><\/u><\/p>\n<p><b>Prof. Dr. Csan\u00e1d B\u00e1lint<\/b>, riadite\u013e R\u00e9geszeti Int\u00e9zete MTA, Budapest<br \/>\nza \u00fazku spolupr\u00e1cu medzi oboma \u00fastavmi<br \/>\n<b>PhDr. Darina Bialekov\u00e1, CSc.<\/b>, Nitra,<br \/>\nza pozoruhodn\u00e9 v\u00fdsledky v oblasti v\u00fdskumu v\u010dasn\u00e9ho stredoveku<br \/>\n<b>doc. PhDr. Du\u0161an \u010caplovi\u010d, DrSc.<\/b>, podpredseda Vl\u00e1dy SR<br \/>\nza dlhodob\u00fa pomoc a spolupr\u00e1cu<br \/>\n<b>PhDr. Zlatica \u010cilinsk\u00e1, DrSc.<\/b>, Ko\u0161ice,<br \/>\nza v\u00fdsledky pri v\u00fdskume obdobia avarsk\u00e9ho kagan\u00e1tu<br \/>\n<b>Prof. Dr. Falko Daim<\/b>, R\u00f6mische-Germanisches Zentralmuseum Mainz<br \/>\nza intenz\u00edvnu pomoc slovenskej archeol\u00f3gii<br \/>\n<b>Prof. Dr. Bernhard H\u00e4nsel<\/b>, Seminar f\u00fcr Fr\u00fchgeschichte, Berlin<br \/>\nza dlhoro\u010dn\u00fa podporu v\u00fdskumu doby bronzovej na Slovensku<br \/>\n<b>Prof. Dr. Joachim Henning<\/b>, Vor- und Fr\u00fchgeschichte Institut f\u00fcr Arch\u00e4ologische Wissenschaften Johann Wolfgang Goethe-Universit\u00e4t, Frankfurt am Main<br \/>\nza dlhodob\u00fa akt\u00edvnu spolupr\u00e1cu s Archeologick\u00fdm \u00fastavom<br \/>\n<b>PhDr. M\u00e1ria Lamiov\u00e1, CSc.<\/b>, Ko\u0161ice<br \/>\nza priekopn\u00edcku pr\u00e1cu pri v\u00fdskume doby r\u00edmskej na v\u00fdchodnom Slovensku<br \/>\n<b>Prof. Dr. Friedrich L\u00fcth<\/b>, Erster Direktor, RGK des DAI, Frankfurt am Main<br \/>\nza intenz\u00edvnu podporu spolo\u010dn\u00fdch slovensko-nemeck\u00fdch projektov<br \/>\n<b>Prof. PhDr. M\u00e1ria Novotn\u00e1, DrSc.<\/b>, Bratislava,<br \/>\nza z\u00e1slu\u017en\u00fa pedagogick\u00fa \u010dinnos\u0165 a za spolupr\u00e1cu pri v\u00fdskume doby bronzovej<br \/>\n<b>Dr. Shehab A. H. Shehab<\/b>, Department of Museums and Antique Director, National Council for Arts and Letters, Safat, Kuwait<br \/>\nza organiz\u00e1ciu Kuvajtsko-slovenskej misie<br \/>\n<b>Prof. PhDr. Tatiana \u0160tefanovi\u010dov\u00e1, CSc.<\/b>, Modra,<br \/>\nza z\u00e1slu\u017en\u00fa pedagogick\u00fa a vedeck\u00fa pr\u00e1cu<br \/>\n<b>Doc. PhDr. Jaroslav Tejral, DrSc.<\/b>, Archeologick\u00fd \u00fastav AV \u010cR, Brno<br \/>\nza realiz\u00e1ciu \u00faspe\u0161n\u00fdch \u010desko-slovensk\u00fdch vedeck\u00fdch projektov<br \/>\n<b>Doc,. PhDr. Pavel Kou\u0159il, CSc.<\/b>, Archeologick\u00fd \u00fastav AV \u010cR Brno<br \/>\nza dlhodob\u00fa akt\u00edvnu spolupr\u00e1cu s Archeologick\u00fdm \u00fastavom SAV<br \/>\n<b>Doc. PhDr. Lud\u011bk Galu\u0161ka, CSc.<\/b>, Moravsk\u00e9 zemsk\u00e9 muzeum Brno<br \/>\nza dlhodob\u00fa akt\u00edvnu spolupr\u00e1cu s Archeologick\u00fdm \u00fastavom SAV<br \/>\n<b>Doc. PhDr. Vratislav Jan\u00e1k, CSc.<\/b>, \u00dastav archeologie, Slezsk\u00e1 univerzita, Opava<br \/>\nza dlhodob\u00fa akt\u00edvnu spolupr\u00e1cu s Archeologick\u00fdm \u00fastavom SAV<br \/>\n<b>Dr. phil. Knut Rassmann<\/b>, R\u00f6misch-Germanische Kommission des DAI, Frankfurt am Main<br \/>\nza dlhodob\u00fa akt\u00edvnu spolupr\u00e1cu s Archeologick\u00fdm \u00fastavom SAV<br \/>\n<b>Prof. dr. hab. Michal Parczewski<\/b>, Instytut Archeologii, Rzes\u00f3w<br \/>\nza dlhodob\u00fa akt\u00edvnu spolupr\u00e1cu s Archeologick\u00fdm \u00fastavom SAV<br \/>\n<b>Prof. PhDr. Alexander Ruttkay, DrSc.<\/b>, Archeologick\u00fd \u00fastav SAV, Nitra<br \/>\nv\u00fdznamn\u00fd vedeck\u00fd pracovn\u00edk, popredn\u00fd odborn\u00edk na obdobie stredoveku, riadite\u013e \u00fastavu v rokoch 1991-2008<br \/>\n<b>Prof. PhDr. V\u00e1clav Furm\u00e1nek, DrSc.<\/b>, Archeologick\u00fd \u00fastav SAV, Nitra<br \/>\nv\u00fdznamn\u00fd vedeck\u00fd pracovn\u00edk, popredn\u00fd odborn\u00edk na dobu bronzov\u00fa, dlhoro\u010dn\u00fd ved\u00faci oddelenia a odborn\u00fd garant vzdel\u00e1vac\u00edch a hodnotiacich procesov<\/p>\n<p>&nbsp;<\/p>\n<h2><strong>Strieborn\u00e1 plaketa A\u00da SAV<\/strong><\/h2>\n<p><u>v kateg\u00f3rii <b>Priaznivec slovenskej archeol\u00f3gie<\/b><\/u><\/p>\n<p><b>Ing. akad. arch. Ladislav \u0160vihel<\/b>, Nitra,<br \/>\nza dlhoro\u010dn\u00fa podporu a propag\u00e1ciu slovenskej archeol\u00f3gie<br \/>\n<b>Ing. Radovan Majersk\u00fd<\/b>, gen. riadite\u013e sekcie rozpo\u010dt. politiky Ministerstvo financi\u00ed, Bratislava<br \/>\nza intenz\u00edvnu pomoc pri z\u00e1chrane archeologick\u00e9ho kult\u00farneho dedi\u010dstva<br \/>\n<b>Ing. Milo\u0161 Nos\u00e1l, CSc.<\/b>, riadite\u013e \u0161t. rozpo\u010dtu Ministerstva financi\u00ed, Bratislava<br \/>\nza \u00fa\u010dinn\u00fa podporu a pomoc slovenskej archeol\u00f3gii<\/p>\n<p>&nbsp;<\/p>\n<h2><strong>Bronzov\u00e1 plaketa A\u00da SAV<\/strong><\/h2>\n<p><u>V kateg\u00f3rii <b>V\u00fdznamn\u00fd pracovn\u00edk A\u00da SAV<\/b><\/u><\/p>\n<p><b>Prof. PhDr. Jozef B\u00e1tora, DrSc.<\/b>, ved\u00faci vedeck\u00fd pracovn\u00edk, odborn\u00edk na dobu bronzov\u00fa<br \/>\n<b>PhDr. J\u00falius B\u00e9re\u0161, CSc.<\/b>, dlhoro\u010dn\u00fd ved\u00faci vysunut\u00e9ho pracoviska v Ko\u0161iciach<br \/>\n<b>Prof. PhDr. V\u00e1clav Furm\u00e1nek, DrSc.<\/b>, ved\u00faci vedeck\u00fd pracovn\u00edk, popredn\u00fd odborn\u00edk na dobu bronzov\u00fa<br \/>\n<b>PhDr. Elena Miro\u0161\u0161ayov\u00e1, CSc.<\/b>, v\u00fdznamn\u00e1 vedeck\u00e1 pracovn\u00ed\u010dka, \u0161pecialistka na dobu \u017eelezn\u00fa<br \/>\n<b>Doc. PhDr. Juraj Pav\u00fak, DrSc.<\/b>, ved\u00faci vedeck\u00fd pracovn\u00edk, \u0161pecialista na mlad\u0161iu a neskor\u00fa dobu kamenn\u00fa<br \/>\n<b>Prof. PhDr. Alexander Ruttkay, DrSc.<\/b>, v\u00fdznamn\u00fd vedeck\u00fd pracovn\u00edk, popredn\u00fd odborn\u00edk na obdobie stredoveku, riadite\u013e \u00fastavu v rokoch 1991-2008<br \/>\n<b>PhDr. Ladislav Velia\u010dik, DrSc.<\/b>, ved\u00faci vedeck\u00fd pracovn\u00edk, \u0161pecialista na dobu bronzov\u00fa, dlhoro\u010dn\u00fd \u0161tatut\u00e1rny z\u00e1stupca riadite\u013ea<br \/>\n<b>Prof. PhDr. Jozef Vlad\u00e1r, DrSc.<\/b>, dlhoro\u010dn\u00fd popredn\u00fd vedeck\u00fd pracovn\u00edk a funkcion\u00e1r \u00fastavu, \u0161pecialista na dobu bronzov\u00fa<br \/>\n<b>PhDr. Ivan Cheben, CSc.<\/b>, samostatn\u00fd vedeck\u00fd pracovn\u00edk a I. z\u00e1stupca riadite\u013ea A\u00da SAV<br \/>\n<b>Doc. PhDr. Jozef Z\u00e1bojn\u00edk, CSc.<\/b>, samostatn\u00fd vedeck\u00fd pracovn\u00edk, odborn\u00edk na obdobie avarsk\u00e9ho kagan\u00e1tu<br \/>\n<b>PhDr. Milan Hanuliak, DrSc.<\/b>, ved\u00faci vedeck\u00fd pracovn\u00edk, ved\u00faci oddelenia a odborn\u00edk na obdobie stredoveku<br \/>\n<b>PhDr. Peter \u0160alkovsk\u00fd, DrSc.<\/b>, ved\u00faci vedeck\u00fd pracovn\u00edk, odborn\u00edk na obdobie stredoveku<br \/>\n<b>PhDr. Rudolf Kujovsk\u00fd, CSc.<\/b>, samostatn\u00fd vedeck\u00fd pracovn\u00edk, ved\u00faci oddelenia a dlhoro\u010dn\u00fd predseda OZ A\u00da SAV<br \/>\n<b>PhDr. Karol Pieta, DrSc.<\/b>, ved\u00faci vedeck\u00fd pracovn\u00edk, dlhoro\u010dn\u00fd ved\u00faci oddelenia a z\u00e1stupca riadite\u013ea A\u00da SAV<\/p>\n<p>&nbsp;<\/p>\n<h2><strong>Bronzov\u00e1 plaketa A\u00da SAV<\/strong><\/h2>\n<p><u>v kateg\u00f3rii <b>Spolupracovn\u00edk Archeologick\u00e9ho \u00fastavu SAV<\/b><\/u><\/p>\n<p><b>PhDr. Juraj Bart\u00edk, CSc.<\/b>, riadite\u013e Archeologick\u00e9ho m\u00fazea Slovensk\u00e9ho n\u00e1rodn\u00e9ho m\u00fazea<br \/>\n<b>Prof. Jozef Bujna, CSc.<\/b>, vysoko\u0161kolsk\u00fd pedag\u00f3g, b\u00fdval\u00fd dlhoro\u010dn\u00fd pracovn\u00edk i riadite\u013e \u00fastavu<br \/>\n<b>Prof. Janka He\u010dkov\u00e1, CSc.<\/b>, vysoko\u0161kolsk\u00e1 pedagogi\u010dka, b\u00fdval\u00e1 dlhoro\u010dn\u00e1 pracovn\u00ed\u010dka \u00fastavu<br \/>\n<b>Doc. PhDr. Kl\u00e1ra Kuzmov\u00e1, CSc.<\/b>, vysoko\u0161kolsk\u00e1 pedagogi\u010dka, b\u00fdval\u00e1 dlhoro\u010dn\u00e1 pracovn\u00ed\u010dka \u00fastavu<br \/>\n<b>PhDr. Jozef Morav\u010d\u00edk<\/b>, akt\u00edvny spolupracovn\u00edk \u00fastavu<br \/>\n<b>PhDr. Priska Ratimorsk\u00e1<\/b>, akt\u00edvna spolupracovn\u00ed\u010dka \u00fastavu<br \/>\n<b>PhDr. M\u00e1ria Rejholcov\u00e1<\/b>, dlhoro\u010dn\u00e1 odborn\u00e1 pracovn\u00ed\u010dka \u00fastavu, \u0161pecialistka na v\u00fdskum ranostredovek\u00fdch pohreb\u00edsk<br \/>\n<b>Prof. PhDr. Peter Romsauer, CSc.<\/b>, vysoko\u0161kolsk\u00fd pedag\u00f3g, b\u00fdval\u00fd dlhoro\u010dn\u00fd pracovn\u00edk \u00fastavu<br \/>\n<b>Ing. Jozef Zab\u00e1k<\/b>, dlhoro\u010dn\u00fd ved\u00faci ekon\u00f3m \u00fastavu<\/p>\n","protected":false},"excerpt":{"rendered":"<p>Zlat\u00e1 plaketa A\u00da SAV v kateg\u00f3rii \u010cestn\u00fd \u010dlen A\u00da SAV Univ. Prof. dr. Herwig Friesinger, \u00d6sterreichische Akademie der Wissenschaften, Wien Dlhoro\u010dn\u00fd spolupracovn\u00edk \u00fastavu, ktor\u00fd sa zasl\u00fa\u017eil o \u00fazke kontakty medzi rak\u00faskou a slovenskou archeol\u00f3giou a tieto vedeck\u00e9 v\u00e4zby prin\u00e1\u0161aj\u00fa ovocie v podobe st\u00e1lej pomoci na\u0161im pracovisk\u00e1m i v podobe mnoh\u00fdch pozoruhodn\u00fdch vedeck\u00fdch projektov (napr. medzin\u00e1rodn\u00e9 &#8230; <a class=\"read-more\" href=\"https:\/\/archeol.sav.sk\/index.php\/sk\/o-nas\/ocenenia-ausav\/\">\u010c\u00edtajte viac<\/a><\/p>\n","protected":false},"author":1,"featured_media":0,"parent":35,"menu_order":0,"comment_status":"closed","ping_status":"closed","template":"","meta":[],"_links":{"self":[{"href":"https:\/\/archeol.sav.sk\/index.php\/wp-json\/wp\/v2\/pages\/50"}],"collection":[{"href":"https:\/\/archeol.sav.sk\/index.php\/wp-json\/wp\/v2\/pages"}],"about":[{"href":"https:\/\/archeol.sav.sk\/index.php\/wp-json\/wp\/v2\/types\/page"}],"author":[{"embeddable":true,"href":"https:\/\/archeol.sav.sk\/index.php\/wp-json\/wp\/v2\/users\/1"}],"replies":[{"embeddable":true,"href":"https:\/\/archeol.sav.sk\/index.php\/wp-json\/wp\/v2\/comments?post=50"}],"version-history":[{"count":6,"href":"https:\/\/archeol.sav.sk\/index.php\/wp-json\/wp\/v2\/pages\/50\/revisions"}],"predecessor-version":[{"id":451,"href":"https:\/\/archeol.sav.sk\/index.php\/wp-json\/wp\/v2\/pages\/50\/revisions\/451"}],"up":[{"embeddable":true,"href":"https:\/\/archeol.sav.sk\/index.php\/wp-json\/wp\/v2\/pages\/35"}],"wp:attachment":[{"href":"https:\/\/archeol.sav.sk\/index.php\/wp-json\/wp\/v2\/media?parent=50"}],"curies":[{"name":"wp","href":"https:\/\/api.w.org\/{rel}","templated":true}]}}