{"id":4989,"date":"2019-12-19T11:49:39","date_gmt":"2019-12-19T09:49:39","guid":{"rendered":"http:\/\/archeol.sav.sk\/?page_id=4989"},"modified":"2020-01-20T16:41:16","modified_gmt":"2020-01-20T14:41:16","slug":"studijne-zvesti-no-suppl-1","status":"publish","type":"page","link":"https:\/\/archeol.sav.sk\/index.php\/sk\/studijne-zvesti-no-suppl-1\/","title":{"rendered":"\u0160tudijn\u00e9 zvesti, No. Suppl 1"},"content":{"rendered":"<h2 class=\"title\"><a href=\"http:\/\/archeol.sav.sk\/files\/Mirossayova_Kniha_web.pdf\">\u0160tudijn\u00e9 zvesti<\/a><\/h2>\n<p class=\"bold\">Volume 2019, 2019, No. Suppl 1<\/p>\n<div class=\"bold\">ISSN 0560-2793<\/div>\n<div>\n<p>Lucia Benedikov\u00e1 \u2013 Gertr\u00fada B\u0159ezinov\u00e1 \u2013 Eva Horv\u00e1thov\u00e1 \u2013 Susanne Stegmann-Rajt\u00e1r (editorky)<\/p>\n<p><a href=\"http:\/\/archeol.sav.sk\/files\/Mirossayova_Kniha_web.pdf\"><strong>Fragmenty \u010dasu : Venovan\u00e9 Elene Miro\u0161\u0161ayovej k 70. narodenin\u00e1m<\/strong><\/a><\/p>\n<p>\u0160tudijn\u00e9 zvesti Archeologick\u00e9ho \u00fastavu SAV \u2013 Supplementum 1, 2019<\/p>\n<p>&nbsp;<\/p>\n<\/div>\n<div>\n<p><em>Marianna B\u00e1lint \u2013 Alexandra Scard \u2013 Robert G. Scholtz<\/em><\/p>\n<p><a href=\"https:\/\/doi.org\/10.31577\/szausav.2019.suppl.1.1\">A Scythian Age sunken circular structure in the vicinity of Hajd\u00fab\u00f6sz\u00f6rm\u00e9ny (Hungary)<\/a><\/p>\n<p><a href=\"https:\/\/doi.org\/10.31577\/szausav.2019.suppl.1.1\">Zah\u013aben\u00e1 kruhov\u00e1 stavba zo sk\u00fdtskeho obdobia v okol\u00ed Hajd\u00fab\u00f6sz\u00f6rm\u00e9ny (Ma\u010farsko)<\/a><\/p>\n<p>DOI: <a href=\"https:\/\/doi.org\/10.31577\/szausav.2019.suppl.1.1\">https:\/\/doi.org\/10.31577\/szausav.2019.suppl.1.1<\/a><\/p>\n<p><strong>\u00a0<\/strong><\/p>\n<p><em>Lucia Benedikov\u00e1 \u2013 Martin Furman \u2013 Zora Bielichov\u00e1 \u2013 Jana Mih\u00e1lyiov\u00e1 \u2013 J\u00e1n Tirp\u00e1k<\/em><\/p>\n<p><a href=\"https:\/\/doi.org\/10.31577\/szausav.2019.suppl.1.2\">\u010co (staro)nov\u00e9ho pod Roha\u010dkou?<\/a><\/p>\n<p><a href=\"https:\/\/doi.org\/10.31577\/szausav.2019.suppl.1.2\">What\u00b4s (old)new below Roha\u010dka?<\/a><\/p>\n<p>DOI: <a href=\"https:\/\/doi.org\/10.31577\/szausav.2019.suppl.1.2\">https:\/\/doi.org\/10.31577\/szausav.2019.suppl.1.2<\/a><\/p>\n<p>&nbsp;<\/p>\n<p><em>Jan Bouzek<\/em><\/p>\n<p><a href=\"https:\/\/doi.org\/10.31577\/szausav.2019.suppl.1.3\">What inspired the Vekerzug pottery?<\/a><\/p>\n<p><a href=\"https:\/\/doi.org\/10.31577\/szausav.2019.suppl.1.3\">Co inspirovalo vekerzugskou keramiku?<\/a><\/p>\n<p>DOI: <a href=\"https:\/\/doi.org\/10.31577\/szausav.2019.suppl.1.3\">https:\/\/doi.org\/10.31577\/szausav.2019.suppl.1.3<\/a><\/p>\n<p>&nbsp;<\/p>\n<p><em>Gertr\u00fada B\u0159ezinov\u00e1<\/em><\/p>\n<p><a href=\"https:\/\/doi.org\/10.31577\/szausav.2019.suppl.1.4\">Drobn\u00e9 predmety z \u00fazemia juhoz\u00e1padn\u00e9ho Slovenska<\/a><\/p>\n<p><a href=\"https:\/\/doi.org\/10.31577\/szausav.2019.suppl.1.4\">Miniature artefacts from the territory of Southwestern Slovakia<\/a><\/p>\n<p>DOI: <a href=\"https:\/\/doi.org\/10.31577\/szausav.2019.suppl.1.4\">https:\/\/doi.org\/10.31577\/szausav.2019.suppl.1.4<\/a><\/p>\n<p>&nbsp;<\/p>\n<p><em>Mari\u00e1n \u010curn\u00fd<\/em><\/p>\n<p><a href=\"https:\/\/doi.org\/10.31577\/szausav.2019.suppl.1.5\">Nezn\u00e1ma bronzov\u00e1 ihlica z Ov\u010diarska pri \u017diline<\/a><\/p>\n<p><a href=\"https:\/\/doi.org\/10.31577\/szausav.2019.suppl.1.5\">Unknown bronze pin from Ov\u010diarsko near \u017dilina<\/a><\/p>\n<p>DOI: <a href=\"https:\/\/doi.org\/10.31577\/szausav.2019.suppl.1.5\">https:\/\/doi.org\/10.31577\/szausav.2019.suppl.1.5<\/a><\/p>\n<p>&nbsp;<\/p>\n<p><em>Marko Dizdar \u2013 Tomislav Hr\u0161ak \u2013 Daria Lo\u017enjak Dizdar<\/em><\/p>\n<p><a href=\"https:\/\/doi.org\/10.31577\/szausav.2019.suppl.1.6.\">On some pottery forms from the Batina-Sredno cemetery from the beginning of the Early Iron Age<\/a><\/p>\n<p><a href=\"https:\/\/doi.org\/10.31577\/szausav.2019.suppl.1.6.\">Niektor\u00e9 tvary keramiky z pohrebiska Batina-Sredno zo za\u010diatku star\u0161ej doby \u017eeleznej<\/a><\/p>\n<p>DOI:<a href=\"https:\/\/doi.org\/10.31577\/szausav.2019.suppl.1.6.\"> https:\/\/doi.org\/10.31577\/szausav.2019.suppl.1.6.<\/a><\/p>\n<p><strong>\u00a0<\/strong><\/p>\n<p><em>Karol Dzi\u0119gielewski \u2013 Aldona Garbacz-Klempka \u2013 Krzysztof Tunia<\/em><\/p>\n<p><a href=\"https:\/\/doi.org\/10.31577\/szausav.2019.suppl.1.7.\">Nietypowy okaz w nietypowym miejscu<\/a><\/p>\n<p><a href=\"https:\/\/doi.org\/10.31577\/szausav.2019.suppl.1.7.\">A strange specimen in an unusual place<\/a><\/p>\n<p>DOI: <a href=\"https:\/\/doi.org\/10.31577\/szausav.2019.suppl.1.7.\">https:\/\/doi.org\/10.31577\/szausav.2019.suppl.1.7.<\/a><\/p>\n<p>&nbsp;<\/p>\n<p><em>Michal Felcan \u2013 Susanne Stegmann-Rajt\u00e1r \u2013 J\u00e1n Tirp\u00e1k<\/em><\/p>\n<p><a href=\"https:\/\/doi.org\/10.31577\/szausav.2019.suppl.1.8.\">Nov\u00e9 poznatky ku kon\u0161trukci\u00e1m a technol\u00f3gi\u00e1m v\u00fdroby \u0161perku z doby hal\u0161tatskej zo Smolen\u00edc-Molp\u00edra<\/a><\/p>\n<p><a href=\"https:\/\/doi.org\/10.31577\/szausav.2019.suppl.1.8.\">New data on constructions and technologies of Hallstatt period jewellery production from Smolenice-Molp\u00edr<\/a><\/p>\n<p>DOI:<a href=\"https:\/\/doi.org\/10.31577\/szausav.2019.suppl.1.8.\"> https:\/\/doi.org\/10.31577\/szausav.2019.suppl.1.8.<\/a><\/p>\n<p>&nbsp;<\/p>\n<p><em>Jacek G\u00f3rski<\/em><\/p>\n<p><a href=\"https:\/\/doi.org\/10.31577\/szausav.2019.suppl.1.9.\">Aus den Studien zur Erforschung der Enklave der Lausitzer Kultur in der umgebung von Krakau<\/a><\/p>\n<p><a href=\"https:\/\/doi.org\/10.31577\/szausav.2019.suppl.1.9.\">Zo \u0161t\u00fadia enkl\u00e1v lu\u017eickej kult\u00fary v oblasti Krakova<\/a><\/p>\n<p>DOI: <a href=\"https:\/\/doi.org\/10.31577\/szausav.2019.suppl.1.9.\">https:\/\/doi.org\/10.31577\/szausav.2019.suppl.1.9.<\/a><\/p>\n<p>&nbsp;<\/p>\n<p><em>Szilvia Guba \u2013 K\u00e1roly Tank\u00f3<\/em><\/p>\n<p><a href=\"https:\/\/doi.org\/10.31577\/szausav.2019.suppl.1.10.\">Der eponyme Fundplatz von Piliny<\/a><\/p>\n<p><a href=\"https:\/\/doi.org\/10.31577\/szausav.2019.suppl.1.10.\">Eponymn\u00e9 archeologick\u00e9 n\u00e1lezisko Piliny<\/a><\/p>\n<p>DOI: <a href=\"https:\/\/doi.org\/10.31577\/szausav.2019.suppl.1.10.\">https:\/\/doi.org\/10.31577\/szausav.2019.suppl.1.10.<\/a><\/p>\n<p>&nbsp;<\/p>\n<p><em>Anja Hellmuth Kramberger \u2013 Radoslav \u010cambal<\/em><\/p>\n<p><a href=\"https:\/\/doi.org\/10.31577\/szausav.2019.suppl.1.11.\">Eine Schrift der Reiternomaden im 1. Jt. v. Chr.?<\/a><\/p>\n<p><a href=\"https:\/\/doi.org\/10.31577\/szausav.2019.suppl.1.11.\">P\u00edsmo jazdeck\u00fdch nom\u00e1dskych etn\u00edk v 1. tis\u00edcro\u010d\u00ed pred Kr.?<\/a><\/p>\n<p>DOI: <a href=\"https:\/\/doi.org\/10.31577\/szausav.2019.suppl.1.11.\">https:\/\/doi.org\/10.31577\/szausav.2019.suppl.1.11.<\/a><\/p>\n<p>&nbsp;<\/p>\n<p><em>Katar\u00edna Hlad\u00edkov\u00e1 \u2013 Petra Kme\u0165ov\u00e1<\/em><\/p>\n<p><a href=\"https:\/\/doi.org\/10.31577\/szausav.2019.suppl.1.12.\">Obilie, chlieb, ka\u0161a, ovocie a v\u00edno<\/a><\/p>\n<p><a href=\"https:\/\/doi.org\/10.31577\/szausav.2019.suppl.1.12.\">Getreide, Brot, Brei, Obst und Wein<\/a><\/p>\n<p>DOI: <a href=\"https:\/\/doi.org\/10.31577\/szausav.2019.suppl.1.12.\">https:\/\/doi.org\/10.31577\/szausav.2019.suppl.1.12.<\/a><\/p>\n<p>&nbsp;<\/p>\n<p><em>Eva Horv\u00e1thov\u00e1 \u2013 L\u00fddia Ga\u010dkov\u00e1<\/em><\/p>\n<p><a href=\"https:\/\/doi.org\/10.31577\/szausav.2019.suppl.1.13.\">Novoobjaven\u00e9 s\u00eddliskov\u00e9 n\u00e1lezy skupiny La\u017e\u0148any z Ruskej, okres Michalovce<\/a><\/p>\n<p><a href=\"https:\/\/doi.org\/10.31577\/szausav.2019.suppl.1.13.\">Newly discovered settlement finds of the La\u017e\u0148any group from Rusk\u00e1, Michalovce district<\/a><\/p>\n<p>DOI: <a href=\"https:\/\/doi.org\/10.31577\/szausav.2019.suppl.1.13.\">https:\/\/doi.org\/10.31577\/szausav.2019.suppl.1.13.<\/a><\/p>\n<p>&nbsp;<\/p>\n<p><em>G\u00e1bor Ilon<\/em><\/p>\n<p><a href=\"https:\/\/doi.org\/10.31577\/szausav.2019.suppl.1.14.\">Daten zur Frage der prehistorischen oder antiken goldenen Stimmarke und der keltischen Silberm\u00fcnzen: M\u00e9nf\u0151csanak, West-Transdanubien, Ungarn<\/a><\/p>\n<p><a href=\"https:\/\/doi.org\/10.31577\/szausav.2019.suppl.1.14.\">K ot\u00e1zke pravek\u00fdch alebo antick\u00fdch zlat\u00fdch ingotov a keltsk\u00fdch strieborn\u00fdch minc\u00ed: M\u00e9nf\u0151csanak, z\u00e1padn\u00e9 Zadunajsko, Ma\u010farsko<\/a><\/p>\n<p>DOI: <a href=\"https:\/\/doi.org\/10.31577\/szausav.2019.suppl.1.14.\">https:\/\/doi.org\/10.31577\/szausav.2019.suppl.1.14.<\/a><\/p>\n<p>&nbsp;<\/p>\n<p><em>Miriam Jakub\u010dinov\u00e1<\/em><\/p>\n<p><a href=\"https:\/\/doi.org\/10.31577\/szausav.2019.suppl.1.15.\">N\u00e1lez pravekej miniat\u00farnej n\u00e1doby v zemnici na v\u010dasnostredovekom hradisku Valy v Bojnej<\/a><\/p>\n<p><a href=\"https:\/\/doi.org\/10.31577\/szausav.2019.suppl.1.15.\">Finding of a prehistoric miniature vessel in the pit-house at the early medieval hillfort Valy in Bojn\u00e1<\/a><\/p>\n<p>DOI: <a href=\"https:\/\/doi.org\/10.31577\/szausav.2019.suppl.1.15.\">https:\/\/doi.org\/10.31577\/szausav.2019.suppl.1.15.<\/a><\/p>\n<p>&nbsp;<\/p>\n<p><em>Carol Kacs\u00f3<\/em><\/p>\n<p><a href=\"https:\/\/doi.org\/10.31577\/szausav.2019.suppl.1.16.\">Beitr\u00e4ge zur Kenntnis der Sp\u00e4tbronzezeit im Norden Transsilvaniens<\/a><\/p>\n<p><a href=\"https:\/\/doi.org\/10.31577\/szausav.2019.suppl.1.16.\">Pr\u00edspevky k poznaniu neskorej doby bronzovej v severnej Transylv\u00e1nii<\/a><\/p>\n<p>DOI: <a href=\"https:\/\/doi.org\/10.31577\/szausav.2019.suppl.1.16.\">https:\/\/doi.org\/10.31577\/szausav.2019.suppl.1.16.<\/a><\/p>\n<p>&nbsp;<\/p>\n<p><em>Marta Korczy\u0144ska \u2013 Maria Lity\u0144ska-Zaj\u0105c \u2013 Magdalena Moskal-del Hoyo<\/em><\/p>\n<p><a href=\"https:\/\/doi.org\/10.31577\/szausav.2019.suppl.1.17.\">Eig\u2018ner Herd ist goldes Wert<\/a><\/p>\n<p><a href=\"https:\/\/doi.org\/10.31577\/szausav.2019.suppl.1.17.\">Pec nad zlato<\/a><\/p>\n<p>DOI: <a href=\"https:\/\/doi.org\/10.31577\/szausav.2019.suppl.1.17.\">https:\/\/doi.org\/10.31577\/szausav.2019.suppl.1.17.<\/a><\/p>\n<p>&nbsp;<\/p>\n<p><em>Kl\u00e1ra Kuzmov\u00e1 \u2013 J\u00e1n R\u00e1ko\u0161<\/em><\/p>\n<p><a href=\"https:\/\/doi.org\/10.31577\/szausav.2019.suppl.1.18.\">Terra sigillata v kontexte s\u00eddliska przeworskej kult\u00fary v Trstenom pri Horn\u00e1de<\/a><\/p>\n<p><a href=\"https:\/\/doi.org\/10.31577\/szausav.2019.suppl.1.18.\">Terra sigillata in the context of a Przeworsk culture settlement at Trsten\u00e9 pri Horn\u00e1de<\/a><\/p>\n<p>DOI: <a href=\"https:\/\/doi.org\/10.31577\/szausav.2019.suppl.1.18.\">https:\/\/doi.org\/10.31577\/szausav.2019.suppl.1.18.<\/a><\/p>\n<p>&nbsp;<\/p>\n<p><em>Erika Makarov\u00e1<\/em><\/p>\n<p><a href=\"https:\/\/doi.org\/10.31577\/szausav.2019.suppl.1.19.\">Opasok z pohrebiska v Moravi\u010danoch ako doklad nadregion\u00e1lnych kontaktov plat\u011bnickej kult\u00fary<\/a><\/p>\n<p><a href=\"https:\/\/doi.org\/10.31577\/szausav.2019.suppl.1.19.\">Belt from the cemetery in Moravi\u010dany as an evidence of the supra-regional contacts of the Plat\u011bnice culture<\/a><\/p>\n<p>DOI: <a href=\"https:\/\/doi.org\/10.31577\/szausav.2019.suppl.1.19.\">https:\/\/doi.org\/10.31577\/szausav.2019.suppl.1.19.<\/a><\/p>\n<p><strong>\u00a0<\/strong><\/p>\n<p><em>Andrea N\u00e1merov\u00e1 \u2013 Marta Ku\u010derov\u00e1<\/em><\/p>\n<p><a href=\"https:\/\/doi.org\/10.31577\/szausav.2019.suppl.1.20.\">Predbe\u017en\u00e9 vyhodnotenie keramiky z Jeruzalemsk\u00e9ho vrchu v Ke\u017emarku<\/a><\/p>\n<p><a href=\"https:\/\/doi.org\/10.31577\/szausav.2019.suppl.1.20.\">Preliminary evaluation of ceramic collection from Jerusalem hill site in Ke\u017emarok<\/a><\/p>\n<p>DOI: <a href=\"https:\/\/doi.org\/10.31577\/szausav.2019.suppl.1.20.\">https:\/\/doi.org\/10.31577\/szausav.2019.suppl.1.20.<\/a><\/p>\n<p>&nbsp;<\/p>\n<p><em>Gabriel Neviz\u00e1nsky \u2013 P\u00e9ter Proh\u00e1szka<\/em><\/p>\n<p><a href=\"https:\/\/doi.org\/10.31577\/szausav.2019.suppl.1.21.\">Pr\u00edspevok k dejin\u00e1m v\u00fdskumu lokal\u00edt z doby bronzovej v Doman\u00edkoch a\u00a0Sebechleboch<\/a><\/p>\n<p><a href=\"https:\/\/doi.org\/10.31577\/szausav.2019.suppl.1.21.\">Beitrag zur Forschungsgeschichte bronzezeitlicher Fundorte in Doman\u00edky und Sebechleby<\/a><\/p>\n<p>DOI: <a href=\"https:\/\/doi.org\/10.31577\/szausav.2019.suppl.1.21.\">https:\/\/doi.org\/10.31577\/szausav.2019.suppl.1.21.<\/a><\/p>\n<p>&nbsp;<\/p>\n<p><em>David Parma \u2013 Susanne Stegmann-Rajt\u00e1r<\/em><\/p>\n<p><a href=\"https:\/\/doi.org\/10.31577\/szausav.2019.suppl.1.22.\">Unik\u00e1tny n\u00e1lez plutvovit\u00e9ho n\u00e1kon\u010dia po\u0161vy z Ivanov\u00edc na Han\u00e9, okr. Vy\u0161kov, v kontexte v\u00fdvoja doby popolnicov\u00fdch pol\u00ed na Morave<\/a><\/p>\n<p><a href=\"https:\/\/doi.org\/10.31577\/szausav.2019.suppl.1.22.\">A unique find of a fin-shaped chape from Ivanovice na Han\u00e9, Vy\u0161kov district, in the context of development of the Urnfield culture in Moravia<\/a><\/p>\n<p>DOI: <a href=\"https:\/\/doi.org\/10.31577\/szausav.2019.suppl.1.22.\">https:\/\/doi.org\/10.31577\/szausav.2019.suppl.1.22.<\/a><\/p>\n<p>&nbsp;<\/p>\n<p><em>Karol Pieta<\/em><\/p>\n<p><a href=\"https:\/\/doi.org\/10.31577\/szausav.2019.suppl.1.23.\">The Early La T\u00e8ne belt hook from Pra\u0161n\u00edk<\/a><\/p>\n<p><a href=\"https:\/\/doi.org\/10.31577\/szausav.2019.suppl.1.23.\">V\u010dasnolat\u00e9nska z\u00e1pona z Pra\u0161n\u00edka<\/a><\/p>\n<p>DOI: <a href=\"https:\/\/doi.org\/10.31577\/szausav.2019.suppl.1.23.\">https:\/\/doi.org\/10.31577\/szausav.2019.suppl.1.23.<\/a><\/p>\n<p><strong>\u00a0<\/strong><\/p>\n<p><em>Martin Prist\u00e1\u0161<\/em><\/p>\n<p><a href=\"https:\/\/doi.org\/10.31577\/szausav.2019.suppl.1.24.\">Dva s\u00fabory archeologick\u00fdch n\u00e1lezov z obce Zempl\u00edn<\/a><\/p>\n<p><a href=\"https:\/\/doi.org\/10.31577\/szausav.2019.suppl.1.24.\">Two assemblages of archaeological artefacts from the village of Zempl\u00edn<\/a><\/p>\n<p>DOI: <a href=\"https:\/\/doi.org\/10.31577\/szausav.2019.suppl.1.24.\">https:\/\/doi.org\/10.31577\/szausav.2019.suppl.1.24.<\/a><\/p>\n<p><strong>\u00a0<\/strong><\/p>\n<p><em>Aurel Rustoiu<\/em><\/p>\n<p><a href=\"https:\/\/doi.org\/10.31577\/szausav.2019.suppl.1.25.\">Evolution of environment and human habitation in Maramure\u015f from the Neolithic to the early Middle Age<\/a><\/p>\n<p><a href=\"https:\/\/doi.org\/10.31577\/szausav.2019.suppl.1.25.\">V\u00fdvoj pr\u00edrodn\u00e9ho prostredia a \u013eudsk\u00e9ho os\u00eddlenia v regi\u00f3ne Maramure\u015f od neolitu do ran\u00e9ho stredoveku<\/a><\/p>\n<p>DOI:<a href=\"https:\/\/doi.org\/10.31577\/szausav.2019.suppl.1.25.\"> https:\/\/doi.org\/10.31577\/szausav.2019.suppl.1.25.<\/a><\/p>\n<p>&nbsp;<\/p>\n<p><em>Andrea Slan\u00e1<\/em><\/p>\n<p><a href=\"https:\/\/doi.org\/10.31577\/szausav.2019.suppl.1.26.\">Bronzov\u00e9 s\u00fa\u010dasti sl\u00e1vnostn\u00e9ho kroja \u017eien stredodunajskej mohylovej kult\u00fary<\/a><\/p>\n<p><a href=\"https:\/\/doi.org\/10.31577\/szausav.2019.suppl.1.26.\">Bronze components of ceremonial female costume of the Middle-Danube Barrow culture<\/a><\/p>\n<p>DOI: <a href=\"https:\/\/doi.org\/10.31577\/szausav.2019.suppl.1.26.\">https:\/\/doi.org\/10.31577\/szausav.2019.suppl.1.26.<\/a><\/p>\n<p>&nbsp;<\/p>\n<p><em>Mari\u00e1n Soj\u00e1k \u2013 Peter Fecko<\/em><\/p>\n<p><a href=\"https:\/\/doi.org\/10.31577\/szausav.2019.suppl.1.27.\">K niektor\u00fdm nov\u00fdm n\u00e1lezom z doby lat\u00e9nskej na Spi\u0161i<\/a><\/p>\n<p><a href=\"https:\/\/doi.org\/10.31577\/szausav.2019.suppl.1.27.\">Contribution to new La T\u00e8ne Period archaeological findings from Spi\u0161 region<\/a><\/p>\n<p>DOI: <a href=\"https:\/\/doi.org\/10.31577\/szausav.2019.suppl.1.27.\">https:\/\/doi.org\/10.31577\/szausav.2019.suppl.1.27.<\/a><\/p>\n<p>&nbsp;<\/p>\n<p><em>Peter \u0160alkovsk\u00fd<\/em><\/p>\n<p><a href=\"https:\/\/doi.org\/10.31577\/szausav.2019.suppl.1.28.\">Kelti \u2013 klasick\u00e1 a\u00a0modern\u00e1 paradigma<\/a><\/p>\n<p><a href=\"https:\/\/doi.org\/10.31577\/szausav.2019.suppl.1.28.\">Die Kelten \u2013 das klassische und moderne Paradigma<\/a><\/p>\n<p>DOI: <a href=\"https:\/\/doi.org\/10.31577\/szausav.2019.suppl.1.28.\">https:\/\/doi.org\/10.31577\/szausav.2019.suppl.1.28.<\/a><\/p>\n<p><strong>\u00a0<\/strong><\/p>\n<p><em>Farkas M\u00e1rton T\u00f3th<\/em><\/p>\n<p><a href=\"https:\/\/doi.org\/10.31577\/szausav.2019.suppl.1.29.\">New sites from the Scythian Period on the right bank of the Danube<\/a><\/p>\n<p><a href=\"https:\/\/doi.org\/10.31577\/szausav.2019.suppl.1.29.\">Nov\u00e9 lokality zo sk\u00fdtskeho obdobia na pravom brehu Dunaja<\/a><\/p>\n<p>DOI: <a href=\"https:\/\/doi.org\/10.31577\/szausav.2019.suppl.1.29.\">https:\/\/doi.org\/10.31577\/szausav.2019.suppl.1.29.<\/a><\/p>\n<p><strong>\u00a0<\/strong><\/p>\n<p><em>Katarzyna Tryba\u0142a-Zawi\u015blak<\/em><\/p>\n<p><a href=\"https:\/\/doi.org\/10.31577\/szausav.2019.suppl.1.30.\">Gef\u00e4sse mit schr\u00e4gen und senkrechten plastischen Leisten im Fundmaterial der sp\u00e4ten Phase der Tarnobrzeg Lausitzer Kultur<\/a><\/p>\n<p><a href=\"https:\/\/doi.org\/10.31577\/szausav.2019.suppl.1.30.\">Vessels with diagonal and vertical plastic strips in the materials of the late phase of the Tarnobrzeg Lusatian culture<\/a><\/p>\n<p>DOI: <a href=\"https:\/\/doi.org\/10.31577\/szausav.2019.suppl.1.30.\">https:\/\/doi.org\/10.31577\/szausav.2019.suppl.1.30.<\/a><\/p>\n<p><strong>\u00a0<\/strong><\/p>\n<p><em>Mari\u00e1n Uli\u010dn\u00fd<\/em><\/p>\n<p><a href=\"https:\/\/doi.org\/10.31577\/szausav.2019.suppl.1.31.\">V\u010dasnostredovek\u00e9 os\u00eddlenie v Ruskej, okr. Michalovce<\/a><\/p>\n<p><a href=\"https:\/\/doi.org\/10.31577\/szausav.2019.suppl.1.31.\">The Early Middle Ages Settlement in Rusk\u00e1, Michalovce District<\/a><\/p>\n<p>DOI: <a href=\"https:\/\/doi.org\/10.31577\/szausav.2019.suppl.1.31.\">https:\/\/doi.org\/10.31577\/szausav.2019.suppl.1.31.<\/a><\/p>\n<p>&nbsp;<\/p>\n<\/div>\n","protected":false},"excerpt":{"rendered":"<p>\u0160tudijn\u00e9 zvesti Volume 2019, 2019, No. Suppl 1 ISSN 0560-2793 Lucia Benedikov\u00e1 \u2013 Gertr\u00fada B\u0159ezinov\u00e1 \u2013 Eva Horv\u00e1thov\u00e1 \u2013 Susanne Stegmann-Rajt\u00e1r (editorky) Fragmenty \u010dasu : Venovan\u00e9 Elene Miro\u0161\u0161ayovej k 70. narodenin\u00e1m \u0160tudijn\u00e9 zvesti Archeologick\u00e9ho \u00fastavu SAV \u2013 Supplementum 1, 2019 &nbsp; Marianna B\u00e1lint \u2013 Alexandra Scard \u2013 Robert G. Scholtz A Scythian Age sunken circular &#8230; <a class=\"read-more\" href=\"https:\/\/archeol.sav.sk\/index.php\/sk\/studijne-zvesti-no-suppl-1\/\">\u010c\u00edtajte viac<\/a><\/p>\n","protected":false},"author":2,"featured_media":0,"parent":0,"menu_order":0,"comment_status":"closed","ping_status":"closed","template":"","meta":[],"_links":{"self":[{"href":"https:\/\/archeol.sav.sk\/index.php\/wp-json\/wp\/v2\/pages\/4989"}],"collection":[{"href":"https:\/\/archeol.sav.sk\/index.php\/wp-json\/wp\/v2\/pages"}],"about":[{"href":"https:\/\/archeol.sav.sk\/index.php\/wp-json\/wp\/v2\/types\/page"}],"author":[{"embeddable":true,"href":"https:\/\/archeol.sav.sk\/index.php\/wp-json\/wp\/v2\/users\/2"}],"replies":[{"embeddable":true,"href":"https:\/\/archeol.sav.sk\/index.php\/wp-json\/wp\/v2\/comments?post=4989"}],"version-history":[{"count":6,"href":"https:\/\/archeol.sav.sk\/index.php\/wp-json\/wp\/v2\/pages\/4989\/revisions"}],"predecessor-version":[{"id":5076,"href":"https:\/\/archeol.sav.sk\/index.php\/wp-json\/wp\/v2\/pages\/4989\/revisions\/5076"}],"wp:attachment":[{"href":"https:\/\/archeol.sav.sk\/index.php\/wp-json\/wp\/v2\/media?parent=4989"}],"curies":[{"name":"wp","href":"https:\/\/api.w.org\/{rel}","templated":true}]}}