{"id":4956,"date":"2019-12-06T16:23:37","date_gmt":"2019-12-06T14:23:37","guid":{"rendered":"http:\/\/archeol.sav.sk\/?page_id=4956"},"modified":"2019-12-06T16:27:30","modified_gmt":"2019-12-06T14:27:30","slug":"aktivity-projektu-apvv-16-0441-v-rokoch-2017-2019","status":"publish","type":"page","link":"https:\/\/archeol.sav.sk\/index.php\/sk\/prinos-slovenska-pre-hospodarsky-a-spolocensky-rozvoj-stredoeuropskych-popolnicovych-poli\/aktivity-projektu-apvv-16-0441-v-rokoch-2017-2019\/","title":{"rendered":"Aktivity projektu APVV-16-0441 v rokoch 2017 \u2013 2019"},"content":{"rendered":"<p><strong>V\u00fdberov\u00fd preh\u013ead aktiv\u00edt projektu<\/strong> <em>Pr\u00ednos Slovenska k\u00a0hospod\u00e1rskemu a\u00a0spolo\u010densk\u00e9mu rozvoju stredoeur\u00f3pskych popolnicov\u00fdch pol\u00ed<\/em> (\u010falej len projektu) od druhej polovice roka 2017 a\u017e po z\u00e1ver roka 2019 <strong>odzrkad\u013euje<\/strong> a re\u0161pektuje v\u00e4zby v\u00a0harmonograme projektu, t. j. <strong>chronologick\u00fa prepojenos\u0165 a\u00a0obsahov\u00fa nadv\u00e4znos\u0165 projektov\u00fdch et\u00e1p 1. (2017 \u2013 2018) a\u00a02. (2018 \u2013 2019)<\/strong>. Tento preh\u013ead je z\u00e1rove\u0148 n\u00e1\u010drtom komplexnosti kontinu\u00e1lne rie\u0161en\u00fdch \u00faloh. Priebe\u017en\u00fd a detailn\u00fd opis ro\u010dn\u00fdch aktiv\u00edt je s\u00fa\u010das\u0165ou <em>Ro\u010dn\u00fdch spr\u00e1v o\u00a0rie\u0161en\u00ed projektu za roky 2017<\/em>, <em>2018<\/em> i\u00a0<em>2019<\/em>, ktor\u00e9 s\u00fa archivovan\u00e9 v\u00a0Archeologickom \u00fastave SAV v\u00a0Nitre i v\u00a0Agent\u00fare na podporu v\u00fdskumu a\u00a0v\u00fdvoja v\u00a0Bratislave.<\/p>\n<p>&nbsp;<\/p>\n<p><strong>Etapa 1.<\/strong><\/p>\n<p><strong>Slovensko a\u00a0stredoeur\u00f3pske popolnicov\u00e9 polia \u2013 s\u00eddlisk\u00e1, pohrebisk\u00e1, in\u00e9 typy n\u00e1lez\u00edsk (do 31. 12. 2018)<\/strong><\/p>\n<ul>\n<li style=\"list-style-type: none;\">\n<ul>\n<li>\n<figure id=\"attachment_4959\" aria-describedby=\"caption-attachment-4959\" style=\"width: 290px\" class=\"wp-caption alignright\"><a href=\"http:\/\/archeol.sav.sk\/files\/Obr_01_kri\u0161t\u00e1\u013e.jpg\"><img decoding=\"async\" loading=\"lazy\" class=\"wp-image-4959 size-medium\" src=\"http:\/\/archeol.sav.sk\/files\/Obr_01_kri\u0161t\u00e1\u013e-300x98.jpg\" alt=\"\" width=\"300\" height=\"98\" srcset=\"https:\/\/archeol.sav.sk\/files\/Obr_01_kri\u0161t\u00e1\u013e-300x98.jpg 300w, https:\/\/archeol.sav.sk\/files\/Obr_01_kri\u0161t\u00e1\u013e-768x252.jpg 768w, https:\/\/archeol.sav.sk\/files\/Obr_01_kri\u0161t\u00e1\u013e-1024x335.jpg 1024w\" sizes=\"(max-width: 300px) 100vw, 300px\" \/><\/a><figcaption id=\"caption-attachment-4959\" class=\"wp-caption-text\">Pozoruhodn\u00fd miner\u00e1l \u2013 hrobov\u00fd n\u00e1lez kri\u0161t\u00e1\u013eu z Cinobane.<\/figcaption><\/figure>\n<p>anal\u00fdza archeologick\u00e9ho materi\u00e1lu z charakteristick\u00fdch lokal\u00edt kult\u00far popolnicov\u00fdch pol\u00ed (napr. Cinoba\u0148a, Lovinoba\u0148a, Miku\u0161ovce, Radzovce, \u0160irkovce, Tren\u010d\u00edn, Zohor)<\/li>\n<\/ul>\n<\/li>\n<\/ul>\n<ul>\n<li>teoretick\u00e9 b\u00e1danie a\u00a0\u0161t\u00fadium problematiky doby popolnicov\u00fdch pol\u00ed (rie\u0161enie ot\u00e1zok s\u00eddliskovej \u0161trukt\u00fary, pohrebn\u00e9ho r\u00edtu, paleodemografie kult\u00far juhov\u00fdchodn\u00fdch popolnicov\u00fdch pol\u00ed, systematiz\u00e1cia vybran\u00fdch typov\/s\u00faborov bronzovej industrie, ojedinel\u00fdch n\u00e1lezov bronzov\u00fdch predmetov a\u00a0pod.)<\/li>\n<li>venovanie pozornosti dosia\u013e marginalizovan\u00fdm t\u00e9mam ako napr. pr\u00edtomnos\u0165 pr\u00edrodn\u00edn (fos\u00edli\u00ed \u2013 \u017eralo\u010d\u00edch zubov, ale i\u00a0miner\u00e1lov \u2013 odr\u00f4d SiO2) v\u00a0archeologick\u00fdch kontextoch z doby popolnicov\u00fdch pol\u00ed<\/li>\n<li>realiz\u00e1cia nede\u0161trukt\u00edvnej prospekcie\/povrchov\u00e9ho zberu na juhu stredn\u00e9ho Slovenska (\u0165a\u017eiskovo regi\u00f3ny Gemer, povodie Rimavy, ale aj Novohrad, povodie Ip\u013ea), pr\u00edpadne na z\u00e1padnom Slovensku (horn\u00e9 Ponitrie)<\/li>\n<li>objavenie viacer\u00fdch doposia\u013e nezn\u00e1mych archeologick\u00fdch n\u00e1lez\u00edsk z\u00a0praveku (vr\u00e1tane s\u00eddlisk z doby popolnicov\u00fdch pol\u00ed) ako napr. \u0160irkovce, okr. Rimavsk\u00e1 Sobota \u2013 \u201ePri jel\u0161in\u00e1ch\u201c, Lovinoba\u0148a-Uderin\u00e1\/Podre\u010dany, okr. Lu\u010denec \u2013 \u201eSuch\u00fd potok\u201c alebo Kl\u00e1tova Nov\u00e1 Ves, okr. Partiz\u00e1nske \u2013 \u201eL\u00faky, \u0160ariny\u201c\n<p><figure id=\"attachment_4961\" aria-describedby=\"caption-attachment-4961\" style=\"width: 290px\" class=\"wp-caption alignright\"><a href=\"http:\/\/archeol.sav.sk\/files\/Obr_03B.jpg\"><img decoding=\"async\" loading=\"lazy\" class=\"wp-image-4961 size-medium\" src=\"http:\/\/archeol.sav.sk\/files\/Obr_03B-300x200.jpg\" alt=\"\" width=\"300\" height=\"200\" srcset=\"https:\/\/archeol.sav.sk\/files\/Obr_03B-300x200.jpg 300w, https:\/\/archeol.sav.sk\/files\/Obr_03B-768x512.jpg 768w, https:\/\/archeol.sav.sk\/files\/Obr_03B-1024x683.jpg 1024w\" sizes=\"(max-width: 300px) 100vw, 300px\" \/><\/a><figcaption id=\"caption-attachment-4961\" class=\"wp-caption-text\">\u00da\u010dastn\u00edci medzin\u00e1rodnej konferencie Doba popolnicov\u00fdch pol\u00ed a doba hal\u0161tatsk\u00e1, Smolenice 2018.<\/figcaption><\/figure><\/li>\n<li>organiz\u00e1cia XV. medzin\u00e1rodnej konferencie Doba popolnicov\u00fdch pol\u00ed a doba hal\u0161tatsk\u00e1 (Kongresov\u00e9 centrum SAV \u2013 Smolenick\u00fd z\u00e1mok, Smolenice, okr. Trnava, 15. \u2013 19. 10. 2018) v spolupr\u00e1ci s Katedrou archeol\u00f3gie FiF Univerzity Komensk\u00e9ho v Bratislave a so Slovenskou archeologickou spolo\u010dnos\u0165ou pri SAV, ako aj akt\u00edvna \u00fa\u010das\u0165 rie\u0161ite\u013eov projektu s refer\u00e1tmi na uvedenom podujat\u00ed<\/li>\n<li>populariz\u00e1cia v\u00fdsledkov b\u00e1dania v\u00a0Nitre (napr. De\u0148 otvoren\u00fdch dver\u00ed A\u00da SAV), eventu\u00e1lne v\u00a0sk\u00faman\u00fdch regi\u00f3noch (na podujat\u00ed v\u00a0Hradi\u0161ti, okr. Polt\u00e1r, alebo v\u00a0Gemersko-malohontskom m\u00fazeu v\u00a0Rimavskej Sobote)<\/li>\n<li>ukon\u010denie a\u00a0\u00faspe\u0161n\u00e1 obhajoba z\u00e1vere\u010dn\u00fdch PhD. pr\u00e1c dvojice rie\u0161ite\u013eov<\/li>\n<li>kompletn\u00fd zoznam publik\u00e1ci\u00ed rie\u0161ite\u013eov v\u00a0etape 1. mo\u017eno n\u00e1js\u0165 v\u00a0<em>Ro\u010dn\u00fdch spr\u00e1vach o\u00a0rie\u0161en\u00ed projektu<\/em><\/li>\n<\/ul>\n<p>&nbsp;<\/p>\n<p>&nbsp;<\/p>\n<p><strong>Etapa 2.<\/strong><\/p>\n<p><strong>Slovensko a\u00a0stredoeur\u00f3pske popolnicov\u00e9 polia \u2013 technol\u00f3gie, kontakty, vz\u0165ahy, identity, environment (do 31. 12. 2019)<\/strong><\/p>\n<ul>\n<li>\n<figure id=\"attachment_4962\" aria-describedby=\"caption-attachment-4962\" style=\"width: 93px\" class=\"wp-caption alignright\"><img decoding=\"async\" loading=\"lazy\" class=\"wp-image-4962\" src=\"http:\/\/archeol.sav.sk\/files\/Obr_06-59x300.jpg\" alt=\"\" width=\"103\" height=\"524\" \/><figcaption id=\"caption-attachment-4962\" class=\"wp-caption-text\">Jeden z archeometricky sk\u00faman\u00fdch hrotov kopij\u00ed<\/figcaption><\/figure>\n<p>kontinu\u00e1lna anal\u00fdza materi\u00e1lu zo s\u00eddlisk, pohreb\u00edsk a\u00a0hromadn\u00fdch n\u00e1lezov z\u00a0doby popolnicov\u00fdch pol\u00ed (Cinoba\u0148a, Kyjatice, Radzovce, Ladice, Nitra at\u010f.)<\/li>\n<li>katal\u00f3gov\u00e9 spracovanie n\u00e1lezov\u00fdch s\u00faborov zo s\u00eddliska v\u00a0Radzovciach (okr. Lu\u010denec) a\u00a0pohrebiska v\u00a0Kyjaticiach (okr. Rimavsk\u00e1 Sobota)<\/li>\n<li>pokra\u010dovanie v teoretickom b\u00e1dan\u00ed a \u0161t\u00fadiu problematiky doby popolnicov\u00fdch pol\u00ed, ale aj rev\u00edzia d\u00e1vnej\u0161ie z\u00edskan\u00fdch n\u00e1lezov\u00fdch s\u00faborov (napr. zberov\u00fdch n\u00e1lezov z\u00a0obce Lovinoba\u0148a a Lovinoba\u0148a-Uderin\u00e1)<\/li>\n<li>u\u017e\u0161ia intern\u00e1\/extern\u00e1 interdisciplin\u00e1rna spolupr\u00e1ca s\u00a0antropol\u00f3gom, archeobotanikom, geol\u00f3gom \u2013 vyhotovenie anal\u00fdz osteologick\u00e9ho, archeobotanick\u00e9ho materi\u00e1lu \u010di vybran\u00fdch kamenn\u00fdch predmetov zo \u017eiarov\u00fdch pohreb\u00edsk, z\u00edskanie archeometrick\u00fdch d\u00e1t k\u00a0vybran\u00fdm bronzov\u00fdm predmetom (napr. k\u00a0hrotom kopij\u00ed\/o\u0161tepov z\u00a0Vlastivedn\u00e9ho m\u00fazea v Hlohovci)<\/li>\n<li>\u00favahy o environmente mlad\u0161ej a\u00a0neskorej doby bronzovej vo svetle archeobotanick\u00fdch n\u00e1lezov z\u00a0pohrebiska v\u00a0Cinobani, okr. Polt\u00e1r<\/li>\n<li>archeolingvistick\u00e9 b\u00e1danie \u2013 h\u013eadanie kult\u00farno-historickej motiv\u00e1cie pomenovania vybran\u00fdch archeologick\u00fdch n\u00e1lez\u00edsk slovn\u00fdm spojen\u00edm Pohansk\u00fd hrad (Pohansk\u00fd vrch) v\u00a0oblasti pilinskej kult\u00fary a\u00a0kyjatickej kult\u00fary na juhu stredn\u00e9ho a\u00a0v\u00fdchodn\u00e9ho Slovenska a\u00a0na severe Ma\u010farska<\/li>\n<li>sledovanie technologick\u00fdch ot\u00e1zok v\u00fdroby keramiky a\u00a0identity pochovan\u00fdch vo vybran\u00fdch hroboch z\u00a0doby popolnicov\u00fdch pol\u00ed (Cinoba\u0148a, Radzovce)<\/li>\n<li>anal\u00fdza chronologick\u00fdch sekvenci\u00ed a\u00a0vz\u0165ahov os\u00eddlenia na vybran\u00fdch miestach (napr. Lovinoba\u0148a so\u00a0\u0161ir\u0161\u00edm okol\u00edm)<\/li>\n<li>pokra\u010dovanie ter\u00e9nneho prieskumu\/povrchov\u00fdch zberov na z\u00e1padnom Slovensku a\u00a0na juhu stredn\u00e9ho Slovenska (povodie Nitry a\u00a0Ip\u013ea), objavy \u010fal\u0161\u00edch doposia\u013e nezn\u00e1mych n\u00e1lez\u00edsk napr. v\u00a0Kl\u00e1tovej Novej Vsi, okr. Partiz\u00e1nske<\/li>\n<li>zostavovanie recenzovan\u00e9ho zborn\u00edka vedeck\u00fdch pr\u00edspevkov z\u00a0vy\u0161\u0161ie spomenutej XV. konferencie Doba popolnicov\u00fdch pol\u00ed a\u00a0doba hal\u0161tatsk\u00e1, Smolenice 2018 (editori \u2013 rie\u0161itelia projektu Vladim\u00edr Mit\u00e1\u0161 a\u00a0Ondrej O\u017e\u010f\u00e1ni; publik\u00e1cia vyjde s\u00a0vro\u010den\u00edm 2020)<\/li>\n<li>pr\u00edprava popul\u00e1rno-n\u00e1u\u010dnej publik\u00e1cie o\u00a0eponymnej lokalite kyjatickej kult\u00fary \u2013 Kyjaticiach, ktor\u00e1 je pripravovan\u00e1 v duchu ed\u00edcie A\u00da SAV Archeologick\u00e9 pam\u00e4tn\u00edky Slovenska (APS)<\/li>\n<li>populariz\u00e1cia archeol\u00f3gie doby popolnicov\u00fdch pol\u00ed formou pr\u00edspevkov a\u00a0predn\u00e1\u0161ok<\/li>\n<li>kompletn\u00fd zoznam publik\u00e1ci\u00ed rie\u0161ite\u013eov v\u00a0etape 2. mo\u017eno n\u00e1js\u0165 v\u00a0<em>Ro\u010dn\u00fdch spr\u00e1vach o\u00a0rie\u0161en\u00ed projektu<\/em><\/li>\n<\/ul>\n<p>&nbsp;<\/p>\n<p>Projekt sa bude \u010falej nap\u013a\u0148a\u0165 v\u00a0zmysle deklarovanej koncepcie a\u00a0harmonogramu.<\/p>\n<p>&nbsp;<\/p>\n<p><em>Vladim\u00edr Mit\u00e1\u0161<\/em><\/p>\n<p>&nbsp;<\/p>\n","protected":false},"excerpt":{"rendered":"<p>V\u00fdberov\u00fd preh\u013ead aktiv\u00edt projektu Pr\u00ednos Slovenska k\u00a0hospod\u00e1rskemu a\u00a0spolo\u010densk\u00e9mu rozvoju stredoeur\u00f3pskych popolnicov\u00fdch pol\u00ed (\u010falej len projektu) od druhej polovice roka 2017 a\u017e po z\u00e1ver roka 2019 odzrkad\u013euje a re\u0161pektuje v\u00e4zby v\u00a0harmonograme projektu, t. j. chronologick\u00fa prepojenos\u0165 a\u00a0obsahov\u00fa nadv\u00e4znos\u0165 projektov\u00fdch et\u00e1p 1. (2017 \u2013 2018) a\u00a02. (2018 \u2013 2019). Tento preh\u013ead je z\u00e1rove\u0148 n\u00e1\u010drtom komplexnosti kontinu\u00e1lne rie\u0161en\u00fdch &#8230; <a class=\"read-more\" href=\"https:\/\/archeol.sav.sk\/index.php\/sk\/prinos-slovenska-pre-hospodarsky-a-spolocensky-rozvoj-stredoeuropskych-popolnicovych-poli\/aktivity-projektu-apvv-16-0441-v-rokoch-2017-2019\/\">\u010c\u00edtajte viac<\/a><\/p>\n","protected":false},"author":2,"featured_media":0,"parent":2815,"menu_order":0,"comment_status":"closed","ping_status":"closed","template":"","meta":[],"_links":{"self":[{"href":"https:\/\/archeol.sav.sk\/index.php\/wp-json\/wp\/v2\/pages\/4956"}],"collection":[{"href":"https:\/\/archeol.sav.sk\/index.php\/wp-json\/wp\/v2\/pages"}],"about":[{"href":"https:\/\/archeol.sav.sk\/index.php\/wp-json\/wp\/v2\/types\/page"}],"author":[{"embeddable":true,"href":"https:\/\/archeol.sav.sk\/index.php\/wp-json\/wp\/v2\/users\/2"}],"replies":[{"embeddable":true,"href":"https:\/\/archeol.sav.sk\/index.php\/wp-json\/wp\/v2\/comments?post=4956"}],"version-history":[{"count":4,"href":"https:\/\/archeol.sav.sk\/index.php\/wp-json\/wp\/v2\/pages\/4956\/revisions"}],"predecessor-version":[{"id":4966,"href":"https:\/\/archeol.sav.sk\/index.php\/wp-json\/wp\/v2\/pages\/4956\/revisions\/4966"}],"up":[{"embeddable":true,"href":"https:\/\/archeol.sav.sk\/index.php\/wp-json\/wp\/v2\/pages\/2815"}],"wp:attachment":[{"href":"https:\/\/archeol.sav.sk\/index.php\/wp-json\/wp\/v2\/media?parent=4956"}],"curies":[{"name":"wp","href":"https:\/\/api.w.org\/{rel}","templated":true}]}}