{"id":4892,"date":"2019-10-30T14:32:04","date_gmt":"2019-10-30T12:32:04","guid":{"rendered":"http:\/\/archeol.sav.sk\/?page_id=4892"},"modified":"2019-10-30T14:32:04","modified_gmt":"2019-10-30T12:32:04","slug":"verejne-obstaravanie-2019","status":"publish","type":"page","link":"https:\/\/archeol.sav.sk\/index.php\/sk\/zakony-a-normy\/verejne-obstaravanie\/verejne-obstaravanie-2019\/","title":{"rendered":"Verejn\u00e9 obstar\u00e1vanie 2019"},"content":{"rendered":"<p>Archeologick\u00fd \u00fastav SAV ako verejn\u00fd obstar\u00e1vate\u013e si V\u00e1s v r\u00e1mci zad\u00e1vania z\u00e1kazky s n\u00edzkou hodnotou pod\u013ea \u00a7 117 z\u00e1kona \u010d. 343\/2015 Z. z. o verejnom obstar\u00e1van\u00ed a o zmene a doplnen\u00ed niektor\u00fdch z\u00e1konov v znen\u00ed neskor\u0161\u00edch predpisov (\u010falej len \u201ez\u00e1kon\u201c), dovo\u013euje vyzva\u0165 na predlo\u017eenie cenovej ponuky.<\/p>\n<p><a href=\"http:\/\/archeol.sav.sk\/files\/PHZ-vyzva_na_predkladanie_ponuk-\u00faprava-3D.pdf\">Dokument 1<\/a><\/p>\n<p><a href=\"http:\/\/archeol.sav.sk\/files\/PHZ-vyzva_na_predkladanie_ponuk.pdf\">Dokument 2<\/a><\/p>\n<p>&nbsp;<\/p>\n","protected":false},"excerpt":{"rendered":"<p>Archeologick\u00fd \u00fastav SAV ako verejn\u00fd obstar\u00e1vate\u013e si V\u00e1s v r\u00e1mci zad\u00e1vania z\u00e1kazky s n\u00edzkou hodnotou pod\u013ea \u00a7 117 z\u00e1kona \u010d. 343\/2015 Z. z. o verejnom obstar\u00e1van\u00ed a o zmene a doplnen\u00ed niektor\u00fdch z\u00e1konov v znen\u00ed neskor\u0161\u00edch predpisov (\u010falej len \u201ez\u00e1kon\u201c), dovo\u013euje vyzva\u0165 na predlo\u017eenie cenovej ponuky. Dokument 1 Dokument 2 &nbsp;<\/p>\n","protected":false},"author":2,"featured_media":0,"parent":121,"menu_order":0,"comment_status":"closed","ping_status":"closed","template":"","meta":[],"_links":{"self":[{"href":"https:\/\/archeol.sav.sk\/index.php\/wp-json\/wp\/v2\/pages\/4892"}],"collection":[{"href":"https:\/\/archeol.sav.sk\/index.php\/wp-json\/wp\/v2\/pages"}],"about":[{"href":"https:\/\/archeol.sav.sk\/index.php\/wp-json\/wp\/v2\/types\/page"}],"author":[{"embeddable":true,"href":"https:\/\/archeol.sav.sk\/index.php\/wp-json\/wp\/v2\/users\/2"}],"replies":[{"embeddable":true,"href":"https:\/\/archeol.sav.sk\/index.php\/wp-json\/wp\/v2\/comments?post=4892"}],"version-history":[{"count":1,"href":"https:\/\/archeol.sav.sk\/index.php\/wp-json\/wp\/v2\/pages\/4892\/revisions"}],"predecessor-version":[{"id":4893,"href":"https:\/\/archeol.sav.sk\/index.php\/wp-json\/wp\/v2\/pages\/4892\/revisions\/4893"}],"up":[{"embeddable":true,"href":"https:\/\/archeol.sav.sk\/index.php\/wp-json\/wp\/v2\/pages\/121"}],"wp:attachment":[{"href":"https:\/\/archeol.sav.sk\/index.php\/wp-json\/wp\/v2\/media?parent=4892"}],"curies":[{"name":"wp","href":"https:\/\/api.w.org\/{rel}","templated":true}]}}