{"id":4838,"date":"2019-10-02T23:13:15","date_gmt":"2019-10-02T21:13:15","guid":{"rendered":"http:\/\/archeol.sav.sk\/?page_id=4838"},"modified":"2022-07-29T13:50:56","modified_gmt":"2022-07-29T11:50:56","slug":"publikacie-2011","status":"publish","type":"page","link":"https:\/\/archeol.sav.sk\/index.php\/sk\/publikacie-2011\/","title":{"rendered":"Publik\u00e1cie 2011"},"content":{"rendered":"<p>Objedn\u00e1vky: 037\/6943209, e-mail: <a href=\"mailto:gabriela.holkova@savba.sk\">gabriela.holkova@savba.sk<\/a><\/p>\n<p><br clear=\"ALL\" \/><img decoding=\"async\" loading=\"lazy\" src=\"http:\/\/archeol.sav.sk\/pics_knihy\/2011_salkovsky.jpg\" alt=\"kniha\" width=\"150\" height=\"200\" align=\"left\" hspace=\"10\" \/><b>Slovensko vo v\u010dasnom stredoveku<\/b><\/p>\n<p>Autor: <b>\u0160alkovsk\u00fd Peter<\/b><br \/>\nVydal: <b>Archeologick\u00fd \u00fastav SAV<\/b><br \/>\nRok vydania: <b>2011<\/b><br \/>\nPo\u010det str\u00e1n: <b>144<\/b><br \/>\nISBN 978-80-89315-39-0 (viaz.)<br \/>\nCena: <b>22,50 Eur<\/b><\/p>\n<p>&nbsp;<\/p>\n<p><br clear=\"ALL\" \/><img decoding=\"async\" loading=\"lazy\" src=\"http:\/\/archeol.sav.sk\/pics_knihy\/2011_brezinova_pazinova.jpg\" alt=\"kniha\" width=\"150\" height=\"200\" align=\"left\" hspace=\"10\" \/><b>Neolitick\u00e1 osada Hurbanovo-Bohat\u00e1<\/b><\/p>\n<p>Autor: <b>Gertr\u00fada B\u0159ezinov\u00e1, No\u00e9mi Pa\u017einov\u00e1<\/b><br \/>\nVydal: <b>Archeologick\u00fd \u00fastav SAV<\/b><br \/>\nRok vydania: <b>2011<\/b><br \/>\nPo\u010det str\u00e1n: <b>271<\/b><br \/>\nISBN 978-80-89315-37-6 (bro\u017e.)<br \/>\nCena: <b>38,50 Eur<\/b><\/p>\n<p>&nbsp;<\/p>\n<p><br clear=\"ALL\" \/><img decoding=\"async\" loading=\"lazy\" src=\"http:\/\/archeol.sav.sk\/pics_knihy\/2011_varsik.jpg\" alt=\"kniha\" width=\"150\" height=\"200\" align=\"left\" hspace=\"10\" \/><b>Germ\u00e1nske os\u00eddlenie na v\u00fdchodnom predpol\u00ed Bratislavy. S\u00eddlisk\u00e1 z doby r\u00edmskej v Bratislave-Trn\u00e1vke a v okol\u00ed<\/b><\/p>\n<p>Autor: <b>Vladim\u00edr Varsik<\/b><br \/>\nVydal: <b>Archeologick\u00fd \u00fastav SAV<\/b><br \/>\nRok vydania: <b>2011<\/b><br \/>\nPo\u010det str\u00e1n: <b>404<\/b><br \/>\nISBN 978-80-89315-34-5 (viaz.)<br \/>\nCena: <b>31 Eur<\/b><\/p>\n<p>&nbsp;<\/p>\n<p><br clear=\"ALL\" \/><img decoding=\"async\" loading=\"lazy\" src=\"http:\/\/archeol.sav.sk\/pics_knihy\/2011_koliska.jpg\" alt=\"kniha\" width=\"150\" height=\"200\" align=\"left\" hspace=\"10\" \/><b><a href=\"http:\/\/archeol.sav.sk\/kniha_koliska_krestanstva_na_svk_2011.php\" target=\"_self\" rel=\"noopener noreferrer\">Kol\u00edska kres\u0165anstva na Slovensku. Nitriansky hrad a katedr\u00e1la sv. Emer\u00e1ma v premen\u00e1ch \u010dasu<\/a><\/b><\/p>\n<p>Autor: <b>Viliam Jud\u00e1k, Peter Bedn\u00e1r, Jozef Medveck\u00fd (zost.)<\/b><br \/>\nVydal: <b>Biskupsk\u00fd \u00farad v Nitre v spolupr\u00e1ci s Archeologick\u00fdm \u00fastavom SAV<\/b><br \/>\nRok vydania: <b>2011<\/b><br \/>\nPo\u010det str\u00e1n: <b>490<\/b><br \/>\nISBN 978-80-970809-8-3 (viaz.)<br \/>\nCena: <b>98 Eur<\/b><\/p>\n","protected":false},"excerpt":{"rendered":"<p>Objedn\u00e1vky: 037\/6943209, e-mail: gabriela.holkova@savba.sk Slovensko vo v\u010dasnom stredoveku Autor: \u0160alkovsk\u00fd Peter Vydal: Archeologick\u00fd \u00fastav SAV Rok vydania: 2011 Po\u010det str\u00e1n: 144 ISBN 978-80-89315-39-0 (viaz.) Cena: 22,50 Eur &nbsp; Neolitick\u00e1 osada Hurbanovo-Bohat\u00e1 Autor: Gertr\u00fada B\u0159ezinov\u00e1, No\u00e9mi Pa\u017einov\u00e1 Vydal: Archeologick\u00fd \u00fastav SAV Rok vydania: 2011 Po\u010det str\u00e1n: 271 ISBN 978-80-89315-37-6 (bro\u017e.) Cena: 38,50 Eur &nbsp; Germ\u00e1nske os\u00eddlenie &#8230; <a class=\"read-more\" href=\"https:\/\/archeol.sav.sk\/index.php\/sk\/publikacie-2011\/\">\u010c\u00edtajte viac<\/a><\/p>\n","protected":false},"author":2,"featured_media":0,"parent":0,"menu_order":0,"comment_status":"closed","ping_status":"closed","template":"","meta":[],"_links":{"self":[{"href":"https:\/\/archeol.sav.sk\/index.php\/wp-json\/wp\/v2\/pages\/4838"}],"collection":[{"href":"https:\/\/archeol.sav.sk\/index.php\/wp-json\/wp\/v2\/pages"}],"about":[{"href":"https:\/\/archeol.sav.sk\/index.php\/wp-json\/wp\/v2\/types\/page"}],"author":[{"embeddable":true,"href":"https:\/\/archeol.sav.sk\/index.php\/wp-json\/wp\/v2\/users\/2"}],"replies":[{"embeddable":true,"href":"https:\/\/archeol.sav.sk\/index.php\/wp-json\/wp\/v2\/comments?post=4838"}],"version-history":[{"count":2,"href":"https:\/\/archeol.sav.sk\/index.php\/wp-json\/wp\/v2\/pages\/4838\/revisions"}],"predecessor-version":[{"id":4844,"href":"https:\/\/archeol.sav.sk\/index.php\/wp-json\/wp\/v2\/pages\/4838\/revisions\/4844"}],"wp:attachment":[{"href":"https:\/\/archeol.sav.sk\/index.php\/wp-json\/wp\/v2\/media?parent=4838"}],"curies":[{"name":"wp","href":"https:\/\/api.w.org\/{rel}","templated":true}]}}