{"id":4835,"date":"2019-10-02T23:12:03","date_gmt":"2019-10-02T21:12:03","guid":{"rendered":"http:\/\/archeol.sav.sk\/?page_id=4835"},"modified":"2022-07-29T13:51:17","modified_gmt":"2022-07-29T11:51:17","slug":"publikacie-2012","status":"publish","type":"page","link":"https:\/\/archeol.sav.sk\/index.php\/sk\/publikacie-2012\/","title":{"rendered":"Publik\u00e1cie 2012"},"content":{"rendered":"<p>Objedn\u00e1vky: 037\/6943209, e-mail: <a href=\"mailto:gabriela.holkova@savba.sk\">gabriela.holkova@savba.sk<\/a><\/p>\n<p>&nbsp;<\/p>\n<p><img decoding=\"async\" loading=\"lazy\" src=\"http:\/\/archeol.sav.sk\/pics_knihy\/2012_pieta.jpg\" alt=\"kniha\" width=\"150\" height=\"200\" align=\"left\" hspace=\"10\" \/><b>Archeol\u00f3gia na prahu hist\u00f3rie \u2013 K \u017eivotn\u00e9mu jubileu Karola Pietu<\/b><\/p>\n<p>Autor: <b>Gertr\u00fada B\u0159ezinov\u00e1, Vladim\u00edr Varsik (eds.)<\/b><br \/>\nVydal: <b>Archeologick\u00fd \u00fastav SAV<\/b><br \/>\nRok vydania: <b>2012<\/b><br \/>\nPo\u010det str\u00e1n: <b>460<\/b><br \/>\nISBN 978-80-89315-42-0 (viaz.)<br \/>\nCena: <b>80 Eur<\/b><\/p>\n<p>&nbsp;<\/p>\n<p><br clear=\"ALL\" \/><img decoding=\"async\" loading=\"lazy\" src=\"http:\/\/archeol.sav.sk\/pics_knihy\/2012_konstantin_metod.jpg\" alt=\"kniha\" width=\"150\" height=\"200\" align=\"left\" hspace=\"10\" \/><b>Bratia, ktor\u00ed menili svet \u2013 Kon\u0161tant\u00edn a Metod. Pr\u00edspevky z konferencie<\/b><\/p>\n<p>Autor: <b>Branislav Panis, Matej Ruttkay, Vladim\u00edr Tur\u010dan (zost.)<\/b><br \/>\nVydal: <b>Archeologick\u00fd \u00fastav SAV, SNM Bratislava<\/b><br \/>\nRok vydania: <b>2012<\/b><br \/>\nPo\u010det str\u00e1n: <b>248<\/b><br \/>\nISBN 978-80-8060-304-5 (viaz.)<br \/>\nCena: <b>15 Eur<\/b><\/p>\n<p>&nbsp;<\/p>\n<p>&nbsp;<\/p>\n<p><br clear=\"ALL\" \/><img decoding=\"async\" loading=\"lazy\" src=\"http:\/\/archeol.sav.sk\/pics_knihy\/2012_furmanek.jpg\" alt=\"kniha\" width=\"150\" height=\"200\" align=\"left\" hspace=\"10\" \/><b>V\u00e1clav Furm\u00e1nek a doba bronzov\u00e1 \u2013 Zborn\u00edk k 70. narodenin\u00e1m<\/b><\/p>\n<p>Autor: <b>Rudolf Kujovsk\u00fd, Vladim\u00edr Mit\u00e1\u0161 (eds.)<\/b><br \/>\nVydal: <b>Archeologick\u00fd \u00fastav SAV<\/b><br \/>\nRok vydania: <b>2012<\/b><br \/>\nPo\u010det str\u00e1n: <b>429<\/b><br \/>\nISBN 978-80-89315-41-3 (viaz.)<br \/>\nCena: <b>82 Eur<\/b><\/p>\n<p>&nbsp;<\/p>\n","protected":false},"excerpt":{"rendered":"<p>Objedn\u00e1vky: 037\/6943209, e-mail: gabriela.holkova@savba.sk &nbsp; Archeol\u00f3gia na prahu hist\u00f3rie \u2013 K \u017eivotn\u00e9mu jubileu Karola Pietu Autor: Gertr\u00fada B\u0159ezinov\u00e1, Vladim\u00edr Varsik (eds.) Vydal: Archeologick\u00fd \u00fastav SAV Rok vydania: 2012 Po\u010det str\u00e1n: 460 ISBN 978-80-89315-42-0 (viaz.) Cena: 80 Eur &nbsp; Bratia, ktor\u00ed menili svet \u2013 Kon\u0161tant\u00edn a Metod. Pr\u00edspevky z konferencie Autor: Branislav Panis, Matej Ruttkay, Vladim\u00edr &#8230; <a class=\"read-more\" href=\"https:\/\/archeol.sav.sk\/index.php\/sk\/publikacie-2012\/\">\u010c\u00edtajte viac<\/a><\/p>\n","protected":false},"author":2,"featured_media":0,"parent":0,"menu_order":0,"comment_status":"closed","ping_status":"closed","template":"","meta":[],"_links":{"self":[{"href":"https:\/\/archeol.sav.sk\/index.php\/wp-json\/wp\/v2\/pages\/4835"}],"collection":[{"href":"https:\/\/archeol.sav.sk\/index.php\/wp-json\/wp\/v2\/pages"}],"about":[{"href":"https:\/\/archeol.sav.sk\/index.php\/wp-json\/wp\/v2\/types\/page"}],"author":[{"embeddable":true,"href":"https:\/\/archeol.sav.sk\/index.php\/wp-json\/wp\/v2\/users\/2"}],"replies":[{"embeddable":true,"href":"https:\/\/archeol.sav.sk\/index.php\/wp-json\/wp\/v2\/comments?post=4835"}],"version-history":[{"count":2,"href":"https:\/\/archeol.sav.sk\/index.php\/wp-json\/wp\/v2\/pages\/4835\/revisions"}],"predecessor-version":[{"id":4845,"href":"https:\/\/archeol.sav.sk\/index.php\/wp-json\/wp\/v2\/pages\/4835\/revisions\/4845"}],"wp:attachment":[{"href":"https:\/\/archeol.sav.sk\/index.php\/wp-json\/wp\/v2\/media?parent=4835"}],"curies":[{"name":"wp","href":"https:\/\/api.w.org\/{rel}","templated":true}]}}