{"id":4823,"date":"2019-10-02T23:06:01","date_gmt":"2019-10-02T21:06:01","guid":{"rendered":"http:\/\/archeol.sav.sk\/?page_id=4823"},"modified":"2019-10-02T23:19:14","modified_gmt":"2019-10-02T21:19:14","slug":"publikacie-2015","status":"publish","type":"page","link":"https:\/\/archeol.sav.sk\/index.php\/sk\/publikacie-2015\/","title":{"rendered":"Publik\u00e1cie 2015"},"content":{"rendered":"<div>\n<div style=\"text-align: left;\">\n<div>\n<div class=\"KRQuhe\">Objedn\u00e1vky: 037\/6943209, e-mail:\u00a0<a href=\"mailto:gabriela.holkova@savba.sk\">gabriela.holkova@savba.sk<\/a><\/div>\n<div><\/div>\n<div id=\":41a.co\" class=\"JL\">\n<div id=\":41q.ma\" class=\"Mu SP\" data-tooltip=\"2. okt\u00f3bra 2019, 23:16:40 UTC+2\"><\/div>\n<\/div>\n<\/div>\n<div style=\"text-align: left;\"><img decoding=\"async\" loading=\"lazy\" class=\" wp-image-1221 alignleft\" src=\"http:\/\/archeol.sav.sk\/files\/Str_001-1-211x300.jpg\" sizes=\"(max-width: 151px) 100vw, 151px\" srcset=\"http:\/\/archeol.sav.sk\/files\/Str_001-1-211x300.jpg 211w, http:\/\/archeol.sav.sk\/files\/Str_001-1-768x1090.jpg 768w, http:\/\/archeol.sav.sk\/files\/Str_001-1-721x1024.jpg 721w\" alt=\"Str_001\" width=\"151\" height=\"215\" \/><strong>Pohrebisko zo star\u0161ej doby bronzovej v\u00a0Ni\u017enej My\u0161li. Katal\u00f3g II.<\/strong><\/div>\n<div style=\"text-align: left;\">\n<p>Autor: <strong>Ladislav Olexa \u2013 Tom\u00e1\u0161 Nov\u00e1\u010dek<\/strong><br \/>\nVydal:\u00a0<strong>Archeologick\u00fd \u00fastav SAV<\/strong><br \/>\nISBN 978-80-89315-91-8<br \/>\nPo\u010det str\u00e1n: 287<br \/>\nCena: <strong>84 Eur<\/strong><\/p>\n<\/div>\n<\/div>\n<\/div>\n<p>&nbsp;<\/p>\n<p>&nbsp;<\/p>\n<div>\n<div style=\"text-align: left;\">\n<div style=\"text-align: left;\">\n<p style=\"text-align: left;\"><a href=\"http:\/\/archeol.sav.sk\/files\/Str_0019.jpg\"><img decoding=\"async\" loading=\"lazy\" class=\"\" src=\"http:\/\/archeol.sav.sk\/files\/Str_0019.jpg\" alt=\"kniha\" width=\"150\" height=\"216\" align=\"left\" hspace=\"10\" \/><\/a><\/p>\n<p style=\"text-align: left;\"><b>Slovensk\u00e1 numizmatika XX<\/b><\/p>\n<p style=\"text-align: left;\">Autor: <strong>J\u00e1n Hunka (zost.)<\/strong><br \/>\nVydal: <strong>Spolo\u010dnos\u0165 Antona To\u010d\u00edka, Archeologick\u00fd \u00fastav SAV, N\u00e1rodn\u00fd numizmatick\u00fd komit\u00e9t<\/strong><br \/>\nRok vydania: <b>2015<\/b><br \/>\nISBN 978-80-89315-94-9<br \/>\nCena: 12 Eur<\/p>\n<p><a href=\"http:\/\/archeol.sav.sk\/files\/Str_0021.jpg\">Obsah 1<\/a>, <a href=\"http:\/\/archeol.sav.sk\/files\/Str_0031.jpg\">Obsah 2<\/a>, <a href=\"http:\/\/archeol.sav.sk\/files\/Str_0041.jpg\">Obsah 3<\/a><\/p>\n<\/div>\n<\/div>\n<\/div>\n<p>&nbsp;<\/p>\n<div>\n<div style=\"text-align: left;\">\n<div style=\"text-align: left;\">\n<p style=\"text-align: left;\"><a href=\"http:\/\/archeol.sav.sk\/files\/Str_0018.jpg\"><img decoding=\"async\" loading=\"lazy\" class=\"\" src=\"http:\/\/archeol.sav.sk\/files\/Str_0018.jpg\" alt=\"kniha\" width=\"150\" height=\"216\" align=\"left\" hspace=\"10\" \/><\/a><b>Pohrebisko v \u017ddani v kontexte v\u00fdvoja severn\u00e9ho Pot\u00edsia v dobe hal\u0161tatskej<\/b><\/p>\n<p style=\"text-align: left;\">Autor: <strong>Elena Miro\u0161\u0161ayov\u00e1<\/strong><br \/>\nVydal: <b>Archeologick\u00fd \u00fastav SAV<\/b><br \/>\nRok vydania: <b>2015<\/b><br \/>\nISBN 978-80-89315-62-8<br \/>\n<a href=\"http:\/\/archeol.sav.sk\/files\/Zdana-1.pdf\">Obsah 1<\/a>, <a href=\"http:\/\/archeol.sav.sk\/files\/Zdana-2.pdf\">Obsah 2<\/a><\/p>\n<\/div>\n<\/div>\n<\/div>\n<p>&nbsp;<\/p>\n<p>&nbsp;<\/p>\n<div>\n<div style=\"text-align: left;\">\n<div style=\"text-align: left;\">\n<p style=\"text-align: left;\"><img decoding=\"async\" loading=\"lazy\" class=\"\" src=\"http:\/\/archeol.sav.sk\/files\/Str_0017.jpg\" alt=\"kniha\" width=\"150\" height=\"216\" align=\"left\" hspace=\"10\" \/><b>Star\u00e9 Slovensko 4<\/b><br \/>\n<b>Doba bronzov\u00e1<\/b><\/p>\n<p style=\"text-align: left;\">Zostavovate\u013e: <strong>V\u00e1clav Furm\u00e1nek<\/strong><br \/>\nVydal: <b>Archeologick\u00fd \u00fastav SAV<\/b><br \/>\nRok vydania: <b>2015<\/b><br \/>\nISBN 978-80-89315-87-1<br \/>\n<a href=\"http:\/\/archeol.sav.sk\/files\/Str_003.jpg\">Obsah 1<\/a>, <a href=\"http:\/\/archeol.sav.sk\/files\/Str_004.jpg\">Obsah 2<\/a>, <a href=\"http:\/\/archeol.sav.sk\/files\/Str_005.jpg\">Obsah 3<\/a><\/p>\n<\/div>\n<\/div>\n<\/div>\n<p>&nbsp;<\/p>\n<div>\n<div style=\"text-align: left;\">\n<div style=\"text-align: left;\">\n<p style=\"text-align: left;\"><img decoding=\"async\" loading=\"lazy\" class=\"\" src=\"http:\/\/archeol.sav.sk\/files\/Str_0016.jpg\" alt=\"kniha\" width=\"150\" height=\"216\" align=\"left\" hspace=\"10\" \/><b>Bukovohorsk\u00e1 kult\u00fara na Slovensku vo svetle v\u00fdskumov v \u0160ari\u0161sk\u00fdch Micha\u013eanoch a Zempl\u00ednskych Kop\u010danoch<\/b><\/p>\n<p style=\"text-align: left;\">Autor: <b>Rastislav Hreha, Stanislav \u0160i\u0161ka <\/b><br \/>\nVydal: <b>Archeologick\u00fd \u00fastav SAV<\/b><br \/>\nRok vydania: <b>2015, <\/b>Cena: <strong>81 Eur<\/strong><br \/>\nISBN 978-80-89315-61-1<br \/>\n<a href=\"http:\/\/archeol.sav.sk\/files\/Obsah-1.jpg\">Obsah 1<\/a>, <a href=\"http:\/\/archeol.sav.sk\/files\/Obsah-2.jpg\">Obsah 2<\/a><\/p>\n<\/div>\n<\/div>\n<\/div>\n<p>&nbsp;<\/p>\n<p>&nbsp;<\/p>\n<div>\n<div style=\"text-align: left;\">\n<div style=\"text-align: left;\">\n<p><img decoding=\"async\" loading=\"lazy\" class=\"\" src=\"http:\/\/archeol.sav.sk\/files\/Poiplie.jpg\" alt=\"kniha\" width=\"240\" height=\"216\" align=\"left\" hspace=\"10\" \/><\/p>\n<p><b>Stredn\u00e9 a horn\u00e9 Poiplie. Svedectvo archeol\u00f3gie<br \/>\n<\/b><br \/>\nAutor: <b>J\u00e1n Beljak, No\u00e9mi Beljak Pa\u017einova, Vladim\u00edr Mit\u00e1\u0161 <\/b><br \/>\nVydal: <b>Archeologick\u00fd \u00fastav SAV<\/b><br \/>\nRok vydania: <b>2015<\/b><br \/>\nPo\u010det str\u00e1n: <b>192<\/b> ISBN 978-80-89315-64-2<\/p>\n<\/div>\n<p>&nbsp;<\/p>\n<div style=\"text-align: left;\">\n<p><img decoding=\"async\" loading=\"lazy\" class=\"\" src=\"http:\/\/archeol.sav.sk\/files\/Str_0015.jpg\" alt=\"kniha\" width=\"240\" height=\"216\" align=\"left\" hspace=\"10\" \/><b>Doln\u00fd Zempl\u00edn \u2013 Svedectvo archeol\u00f3gie<br \/>\n<\/b><\/p>\n<p>Autor: <b>Eva Horv\u00e1thov\u00e1, Rastislav Hreha <\/b><br \/>\nVydal: <b>Archeologick\u00fd \u00fastav SAV<\/b><br \/>\nRok vydania: <b>2015<\/b><br \/>\nPo\u010det str\u00e1n: <b>140<\/b><br \/>\nISBN 978-80-89315-66-6<\/p>\n<p>&nbsp;<\/p>\n<p><img decoding=\"async\" loading=\"lazy\" class=\"\" src=\"http:\/\/archeol.sav.sk\/files\/Str_0014.jpg\" alt=\"kniha\" width=\"240\" height=\"216\" align=\"left\" hspace=\"10\" \/><b>Spi\u0161 \u2013 Svedectvo archeol\u00f3gie<br \/>\n<\/b><\/p>\n<p>Autor: <b>Mari\u00e1n Soj\u00e1k<\/b><br \/>\nVydal: <b>Archeologick\u00fd \u00fastav SAV<\/b><br \/>\nRok vydania: <b>2015<\/b><br \/>\nPo\u010det str\u00e1n: <b>168<\/b><br \/>\nISBN 978-80-89315-67-3<\/p>\n<p>&nbsp;<\/p>\n<\/div>\n<p><img decoding=\"async\" loading=\"lazy\" class=\"\" src=\"http:\/\/archeol.sav.sk\/files\/Str_0013.jpg\" alt=\"kniha\" width=\"150\" height=\"216\" align=\"left\" hspace=\"10\" \/><b>Grabfunde der fr\u00fchen und der beginnenden mittleren Bronzezeit in der Westslowakei : Teil 1<\/b><\/p>\n<p>Autor: <b>Zoja Benkovky-Pivovarov\u00e1, Bohuslav Chropovsk\u00fd<\/b><br \/>\nVydal: <b>Archeologick\u00fd \u00fastav SAV<\/b><br \/>\nRok vydania: <b>2015<\/b><br \/>\nPo\u010det str\u00e1n: <b>264<\/b><br \/>\nISBN 978-80-89315-71-0<\/p>\n<\/div>\n<\/div>\n<p>&nbsp;<\/p>\n<p>&nbsp;<\/p>\n<div>\n<div style=\"text-align: left;\">\n<div>\n<p><img decoding=\"async\" loading=\"lazy\" class=\"\" src=\"http:\/\/archeol.sav.sk\/files\/Str_002.jpg\" alt=\"kniha\" width=\"150\" height=\"216\" align=\"left\" hspace=\"10\" \/><b>Grabfunde der fr\u00fchen und der beginnenden mittleren Bronzezeit in der Westslowakei : Teil 2<\/b><\/p>\n<p>Autor: <b>Zoja Benkovky-Pivovarov\u00e1, Bohuslav Chropovsk\u00fd<\/b><br \/>\nVydal: <b>Archeologick\u00fd \u00fastav SAV<\/b><br \/>\nRok vydania: <b>2015<\/b><br \/>\nPo\u010det str\u00e1n: <b>168<\/b><br \/>\nISBN 978-80-89315-73-4<\/p>\n<\/div>\n<\/div>\n<\/div>\n<p>&nbsp;<\/p>\n<p>&nbsp;<\/p>\n<div>\n<div style=\"text-align: left;\">\n<div>\n<p><img decoding=\"async\" loading=\"lazy\" src=\"http:\/\/archeol.sav.sk\/files\/SZ-58_OBALKA.jpg\" alt=\"kniha\" width=\"150\" height=\"216\" align=\"left\" hspace=\"10\" \/><b><a href=\"http:\/\/archeol.sav.sk\/files\/SZ-58_obsah.pdf\">\u0160tudijn\u00e9 Zvesti 58<\/a><\/b><\/p>\n<p>Autor: <b>Gertr\u00fada B\u0159ezinov\u00e1, Alena Bist\u00e1kov\u00e1 (zost.)<\/b><br \/>\nVydal: <b>Archeologick\u00fd \u00fastav SAV<\/b><br \/>\nRok vydania: <b>2015<\/b><br \/>\nPo\u010det str\u00e1n: <b>188<\/b><\/p>\n<\/div>\n<\/div>\n<\/div>\n<p>&nbsp;<\/p>\n<p>&nbsp;<\/p>\n<p>&nbsp;<\/p>\n<div>\n<div style=\"text-align: left;\">\n<div>\n<p><img decoding=\"async\" loading=\"lazy\" class=\"\" src=\"http:\/\/archeol.sav.sk\/files\/Popolnicove-polia1.jpg\" alt=\"kniha\" width=\"150\" height=\"216\" align=\"left\" hspace=\"10\" \/><\/p>\n<p><b>Popolnicov\u00e9 polia a doba hal\u0161tatsk\u00e1<\/b><\/p>\n<p>Autor: <b>Ondrej O\u017e\u010f\u00e1ni<\/b><br \/>\nVydal: <b>Archeologick\u00fd \u00fastav SAV<\/b><br \/>\nRok vydania: <b>2015<\/b><br \/>\nPo\u010det str\u00e1n: <b>291<\/b><br \/>\nISBN 978-80-89315-85-7<\/p>\n<\/div>\n<\/div>\n<\/div>\n<p>&nbsp;<\/p>\n<p>&nbsp;<\/p>\n<div>\n<div style=\"text-align: left;\">\n<div>\n<p><img decoding=\"async\" loading=\"lazy\" class=\"\" src=\"http:\/\/archeol.sav.sk\/files\/Str_0012.jpg\" alt=\"kniha\" width=\"150\" height=\"216\" align=\"left\" hspace=\"10\" \/><\/p>\n<p><b>Architekt\u00fara domu mlad\u0161ej a neskorej doby kamennej na juhoz\u00e1padnom Slovensku na z\u00e1klade anal\u00fdzy mazanice<\/b><\/p>\n<p>Autor: <b>Jozef \u010euri\u0161<\/b><br \/>\nVydal: <b>Archeologick\u00fd \u00fastav SAV<\/b><br \/>\nRok vydania: <b>2015<\/b><br \/>\nPo\u010det str\u00e1n: <b>299<\/b><\/p>\n<\/div>\n<\/div>\n<\/div>\n<p>&nbsp;<\/p>\n<p>&nbsp;<\/p>\n<p>&nbsp;<\/p>\n<div>\n<div style=\"text-align: left;\">\n<div>\n<p><img decoding=\"async\" loading=\"lazy\" src=\"http:\/\/archeol.sav.sk\/files\/SZ-57.jpg\" alt=\"kniha\" width=\"150\" height=\"216\" align=\"left\" hspace=\"10\" \/><b><a href=\"http:\/\/archeol.sav.sk\/files\/%C5%A0t%C3%BAdijne-zvesti-57.pdf\">\u0160tudijn\u00e9 Zvesti 57<\/a><\/b><\/p>\n<p>Autor: <b>Gertr\u00fada B\u0159ezinov\u00e1, Alena Bist\u00e1kov\u00e1 (zost.)<\/b><br \/>\nVydal: <b>Archeologick\u00fd \u00fastav SAV<\/b><br \/>\nRok vydania: <b>2015<\/b><br \/>\nPo\u010det str\u00e1n: <b>185<\/b><\/p>\n<\/div>\n<\/div>\n<\/div>\n<p>&nbsp;<\/p>\n<p>&nbsp;<\/p>\n<div>\n<div style=\"text-align: left;\">\n<div>\n<p><b><br \/>\n<\/b><br \/>\n<img decoding=\"async\" loading=\"lazy\" class=\"\" src=\"http:\/\/archeol.sav.sk\/files\/Str_001.jpg\" alt=\"kniha\" width=\"150\" height=\"216\" align=\"left\" hspace=\"10\" \/><\/p>\n<p><b>Castrum Bene<\/b><\/p>\n<p>Autori: <b>Peter Bedn\u00e1r, Klaudia Da\u0148ov\u00e1, Marek Vojte\u010dek<\/b><br \/>\nVydal: <b>Archeologick\u00fd \u00fastav SAV<\/b><br \/>\nRok vydania: <b>2015<\/b><br \/>\nPo\u010det str\u00e1n: <b>50<\/b><br \/>\nISBN 978-80-89315-84-0<\/p>\n<\/div>\n<\/div>\n<\/div>\n","protected":false},"excerpt":{"rendered":"<p>Objedn\u00e1vky: 037\/6943209, e-mail:\u00a0gabriela.holkova@savba.sk Pohrebisko zo star\u0161ej doby bronzovej v\u00a0Ni\u017enej My\u0161li. Katal\u00f3g II. Autor: Ladislav Olexa \u2013 Tom\u00e1\u0161 Nov\u00e1\u010dek Vydal:\u00a0Archeologick\u00fd \u00fastav SAV ISBN 978-80-89315-91-8 Po\u010det str\u00e1n: 287 Cena: 84 Eur &nbsp; &nbsp; Slovensk\u00e1 numizmatika XX Autor: J\u00e1n Hunka (zost.) Vydal: Spolo\u010dnos\u0165 Antona To\u010d\u00edka, Archeologick\u00fd \u00fastav SAV, N\u00e1rodn\u00fd numizmatick\u00fd komit\u00e9t Rok vydania: 2015 ISBN 978-80-89315-94-9 Cena: 12 &#8230; <a class=\"read-more\" href=\"https:\/\/archeol.sav.sk\/index.php\/sk\/publikacie-2015\/\">\u010c\u00edtajte viac<\/a><\/p>\n","protected":false},"author":2,"featured_media":0,"parent":0,"menu_order":0,"comment_status":"closed","ping_status":"closed","template":"","meta":[],"_links":{"self":[{"href":"https:\/\/archeol.sav.sk\/index.php\/wp-json\/wp\/v2\/pages\/4823"}],"collection":[{"href":"https:\/\/archeol.sav.sk\/index.php\/wp-json\/wp\/v2\/pages"}],"about":[{"href":"https:\/\/archeol.sav.sk\/index.php\/wp-json\/wp\/v2\/types\/page"}],"author":[{"embeddable":true,"href":"https:\/\/archeol.sav.sk\/index.php\/wp-json\/wp\/v2\/users\/2"}],"replies":[{"embeddable":true,"href":"https:\/\/archeol.sav.sk\/index.php\/wp-json\/wp\/v2\/comments?post=4823"}],"version-history":[{"count":2,"href":"https:\/\/archeol.sav.sk\/index.php\/wp-json\/wp\/v2\/pages\/4823\/revisions"}],"predecessor-version":[{"id":4848,"href":"https:\/\/archeol.sav.sk\/index.php\/wp-json\/wp\/v2\/pages\/4823\/revisions\/4848"}],"wp:attachment":[{"href":"https:\/\/archeol.sav.sk\/index.php\/wp-json\/wp\/v2\/media?parent=4823"}],"curies":[{"name":"wp","href":"https:\/\/api.w.org\/{rel}","templated":true}]}}